{"id":191,"date":"2020-08-19T05:13:16","date_gmt":"2020-08-19T05:13:16","guid":{"rendered":"https:\/\/www.nbrea.ca\/?page_id=191"},"modified":"2025-12-18T17:08:00","modified_gmt":"2025-12-18T20:08:00","slug":"home","status":"publish","type":"page","link":"https:\/\/www.nbrea.ca\/fr\/","title":{"rendered":"Page d&rsquo;accueil"},"content":{"rendered":"\n\t<div class=\"carousel-block slick-slider\">\n\t\t\t\t\t<div>\n\t\t\t\t\t\t\t\t\t<div class=\"img-holder\">\n\t\t\t\t\t\t<img decoding=\"async\" src=\"https:\/\/www.nbrea.ca\/wp-content\/uploads\/2025\/02\/PMB-NEW-2025-BANNER.jpg\" alt=\"\" >\n\t\t\t\t\t<\/div>\n\t\t\t\t\t\t\t\t\t\t\t\t\t<div class=\"text-holder\">\n\t\t\t\t\t\t<div class=\"holder\">\n\t\t\t\t\t\t\t\t\t\t\t\t\t\t\t<h2>Le Podcast de l&rsquo;AAINB \u00ab\u00a0Little Blue House\u00a0\u00bb<\/h2>\n\t\t\t\t\t\t\t\t\t\t\t\t\t\t<p>Bienvenue \u00e0 \u00abLittle Blue House\u00bb, la balado officielle de l&rsquo;Association des agents immobiliers du Nouveau-Brunswick. Ici, nous abordons les sujets, les id\u00e9es et les probl\u00e8mes qui sont pertinents et \u00e9ducatifs pour les agents immobiliers et l&rsquo;industrie immobili\u00e8re au Nouveau-Brunswick. Pour \u00e9couter, cliquez sur ce lien ou recherchez \u00ab\u00a0Little Blue House\u00a0\u00bb sur votre service de diffusion pr\u00e9f\u00e9r\u00e9!<\/p>\n\t\t\t\t\t\t\t\t\t\t\t\t\t\t\t<a href=\"https:\/\/www.nbrea.ca\/media-inquiries\/nbrea-news-podcast\/\" class=\"btn btn-blue-light\">Cliquez pour les d\u00e9tails<\/a>\n\t\t\t\t\t\t\t\t\t\t\t\t\t<\/div>\n\t\t\t\t\t<\/div>\n\t\t\t\t\t\t\t<\/div>\n\t\t\t\t\t<div>\n\t\t\t\t\t\t\t\t\t<div class=\"img-holder\">\n\t\t\t\t\t\t<img decoding=\"async\" src=\"https:\/\/www.nbrea.ca\/wp-content\/uploads\/2022\/10\/legislative-assembly.jpeg\" alt=\"\" >\n\t\t\t\t\t<\/div>\n\t\t\t\t\t\t\t\t\t\t\t\t\t<div class=\"text-holder\">\n\t\t\t\t\t\t<div class=\"holder\">\n\t\t\t\t\t\t\t\t\t\t\t\t\t\t\t<h2>Les initiatives des relations gouvernementales de l&rsquo;AAINB<\/h2>\n\t\t\t\t\t\t\t\t\t\t\t\t\t\t<p>Visitez la page des relations gouvernementales de l&rsquo;AAINB pour savoir comment l&rsquo;Association d\u00e9fend les enjeux immobiliers.<\/p>\n\t\t\t\t\t\t\t\t\t\t\t\t\t\t\t<a href=\"https:\/\/www.nbrea.ca\/fr\/government-relations\/\" class=\"btn btn-blue-light\">Cliquez pour les d\u00e9tails<\/a>\n\t\t\t\t\t\t\t\t\t\t\t\t\t<\/div>\n\t\t\t\t\t<\/div>\n\t\t\t\t\t\t\t<\/div>\n\t\t\t\t\t<div>\n\t\t\t\t\t\t\t\t\t<div class=\"img-holder\">\n\t\t\t\t\t\t<img decoding=\"async\" src=\"https:\/\/www.nbrea.ca\/wp-content\/uploads\/2023\/10\/shutterstock_1316359571-scaled.jpg\" alt=\"FAQ\" >\n\t\t\t\t\t<\/div>\n\t\t\t\t\t\t\t\t\t\t\t\t\t<div class=\"text-holder\">\n\t\t\t\t\t\t<div class=\"holder\">\n\t\t\t\t\t\t\t\t\t\t\t\t\t\t\t<h2>L&rsquo;AGA de l&rsquo;AAINB 2026<\/h2>\n\t\t\t\t\t\t\t\t\t\t\t\t\t\t<p>Cliquez ci-dessous pour en savoir plus sur l&rsquo;AGA 2026 et les journ\u00e9es de formation.<\/p>\n\t\t\t\t\t\t\t\t\t\t\t\t\t\t\t<a href=\"https:\/\/www.nbrea.ca\/fr\/about-nbrea-fr\/agm-2025\/\" target=\"_blank\" rel=\"noreferrer noopener\" class=\"btn btn-blue-light\">Cliquez pour \u00e9couter<\/a>\n\t\t\t\t\t\t\t\t\t\t\t\t\t<\/div>\n\t\t\t\t\t<\/div>\n\t\t\t\t\t\t\t<\/div>\n\t\t\t<\/div>\n\n\n<div class=\"base-section\"><div class=\"container\">\n<h1 class=\"wp-block-heading has-text-align-center home-title\">Bienvenue \u00e0 la AAINB<\/h1>\n<\/div><\/div>\n\n<div class=\"base-section\"><div class=\"container\">\n<p class=\"has-text-align-center\">L\u2019Association des agents immobiliers du Nouveau-Brunswick (AAINB) est une association provinciale d\u2019AGENTS IMMOBILIERS qui, ensemble, travaillent au renforcement et \u00e0 la promotion des normes de leur profession. Nous prot\u00e9geons, en collaboration avec la Commission des services financiers et des services aux consommateurs (CSFSC), les int\u00e9r\u00eats des individus <br>en mati\u00e8re d\u2019immobilier.<\/p>\n<\/div><\/div>\n\n\n\t<div class=\"container\">\n\t\t<div class=\"cards-block\">\n\t\t\t\t\t\t\t<div class=\"card-item\">\n\t\t\t\t\t\t\t\t\t\t\t<img decoding=\"async\" src=\"https:\/\/www.nbrea.ca\/wp-content\/uploads\/2020\/08\/shutterstock_267766277-550x550.jpg\" alt=\"\" >\n\t\t\t\t\t\t\t\t\t\t<div class=\"text-holder\">\n\t\t\t\t\t\t\t\t\t\t\t\t\t<h2>Devenir un agent immobilier<\/h2>\n\t\t\t\t\t\t\t\t\t\t\t<\/div>\n\t\t\t\t\t\t\t\t\t\t\t<a href=\"https:\/\/www.nbrea.ca\/fr\/etapes-a-suivre-pour-devenir-agent-immobilier-agree-au-nouveau-brunswick\/\"><\/a>\n\t\t\t\t\t\t\t\t\t<\/div>\n\t\t\t\t\t\t\t<div class=\"card-item\">\n\t\t\t\t\t\t\t\t\t\t\t<img decoding=\"async\" src=\"https:\/\/www.nbrea.ca\/wp-content\/uploads\/2020\/08\/shutterstock_376152052-550x550.jpg\" alt=\"\" >\n\t\t\t\t\t\t\t\t\t\t<div class=\"text-holder\">\n\t\t\t\t\t\t\t\t\t\t\t\t\t<h2>Requ\u00eates m\u00e9diatiques<\/h2>\n\t\t\t\t\t\t\t\t\t\t\t<\/div>\n\t\t\t\t\t\t\t\t\t\t\t<a href=\"https:\/\/www.nbrea.ca\/media-inquiries\/\"><\/a>\n\t\t\t\t\t\t\t\t\t<\/div>\n\t\t\t\t\t\t\t<div class=\"card-item\">\n\t\t\t\t\t\t\t\t\t\t\t<img decoding=\"async\" src=\"https:\/\/www.nbrea.ca\/wp-content\/uploads\/2020\/08\/shutterstock_595379084-550x550.jpg\" alt=\"\" >\n\t\t\t\t\t\t\t\t\t\t<div class=\"text-holder\">\n\t\t\t\t\t\t\t\t\t\t\t\t\t<h2>\u00c0 propos de l&rsquo;AAINB<\/h2>\n\t\t\t\t\t\t\t\t\t\t\t<\/div>\n\t\t\t\t\t\t\t\t\t\t\t<a href=\"https:\/\/www.nbrea.ca\/about-nbrea\/\"><\/a>\n\t\t\t\t\t\t\t\t\t<\/div>\n\t\t\t\t\t\t\t<div class=\"card-item\">\n\t\t\t\t\t\t\t\t\t\t\t<img decoding=\"async\" src=\"https:\/\/www.nbrea.ca\/wp-content\/uploads\/2020\/08\/shutterstock_654526639-550x550.jpg\" alt=\"\" >\n\t\t\t\t\t\t\t\t\t\t<div class=\"text-holder\">\n\t\t\t\t\t\t\t\t\t\t\t\t\t<h2>Vendre ou acheter une maison<\/h2>\n\t\t\t\t\t\t\t\t\t\t\t<\/div>\n\t\t\t\t\t\t\t\t\t\t\t<a href=\"https:\/\/www.nbrea.ca\/buying-or-selling-a-home\/\"><\/a>\n\t\t\t\t\t\t\t\t\t<\/div>\n\t\t\t\t\t\t\t<div class=\"card-item\">\n\t\t\t\t\t\t\t\t\t\t\t<img decoding=\"async\" src=\"https:\/\/www.nbrea.ca\/wp-content\/uploads\/2020\/08\/shutterstock_358977299-550x550.jpg\" alt=\"\" >\n\t\t\t\t\t\t\t\t\t\t<div class=\"text-holder\">\n\t\t\t\t\t\t\t\t\t\t\t\t\t<h2>Formation obligatoire<\/h2>\n\t\t\t\t\t\t\t\t\t\t\t<\/div>\n\t\t\t\t\t\t\t\t\t\t\t<a href=\"https:\/\/www.nbrea.ca\/fr\/2020-mcpd-requirements\/\"><\/a>\n\t\t\t\t\t\t\t\t\t<\/div>\n\t\t\t\t\t\t\t<div class=\"card-item\">\n\t\t\t\t\t\t\t\t\t\t\t<img decoding=\"async\" src=\"https:\/\/www.nbrea.ca\/wp-content\/uploads\/2020\/08\/shutterstock_243995698-550x550.jpg\" alt=\"\" >\n\t\t\t\t\t\t\t\t\t\t<div class=\"text-holder\">\n\t\t\t\t\t\t\t\t\t\t\t\t\t<h2>Vous avez une plainte?<\/h2>\n\t\t\t\t\t\t\t\t\t\t\t<\/div>\n\t\t\t\t\t\t\t\t\t\t\t<a href=\"https:\/\/www.nbrea.ca\/fr\/fr-about-the-office-of-the-registrar\/\"><\/a>\n\t\t\t\t\t\t\t\t\t<\/div>\n\t\t\t\t\t<\/div>\n\t<\/div>\n","protected":false},"excerpt":{"rendered":"<p>Bienvenue \u00e0 la AAINB L\u2019Association des agents immobiliers du Nouveau-Brunswick (AAINB) est une association provinciale d\u2019AGENTS IMMOBILIERS qui, ensemble, travaillent au renforcement et \u00e0 la promotion des normes de leur profession. Nous prot\u00e9geons, en collaboration avec la Commission des services financiers et des services aux consommateurs (CSFSC), les int\u00e9r\u00eats des individus en mati\u00e8re d\u2019immobilier.<\/p>\n","protected":false},"author":2,"featured_media":0,"parent":0,"menu_order":0,"comment_status":"closed","ping_status":"closed","template":"","meta":{"_acf_changed":false,"inline_featured_image":false,"footnotes":""},"class_list":["post-191","page","type-page","status-publish","hentry"],"acf":[],"yoast_head":"<!-- This site is optimized with the Yoast SEO plugin v24.3 - https:\/\/yoast.com\/wordpress\/plugins\/seo\/ -->\n<title>Page d&#039;accueil | AAINB | L\u2019Association des agents immobiliers du Nouveau-Brunswick<\/title>\n<meta name=\"description\" content=\"L\u2019Association des agents immobiliers du Nouveau-Brunswick (AAINB) est une association provinciale d\u2019AGENTS IMMOBILIERS qui, ensemble, travaillent au renforcement et \u00e0 la promotion des normes de leur profession\" \/>\n<meta name=\"robots\" content=\"index, follow, max-snippet:-1, max-image-preview:large, max-video-preview:-1\" \/>\n<link rel=\"canonical\" href=\"https:\/\/www.nbrea.ca\/fr\/\" \/>\n<meta property=\"og:locale\" content=\"fr_FR\" \/>\n<meta property=\"og:type\" content=\"article\" \/>\n<meta property=\"og:title\" content=\"Page d&#039;accueil | AAINB | L\u2019Association des agents immobiliers du Nouveau-Brunswick\" \/>\n<meta property=\"og:description\" content=\"L\u2019Association des agents immobiliers du Nouveau-Brunswick (AAINB) est une association provinciale d\u2019AGENTS IMMOBILIERS qui, ensemble, travaillent au renforcement et \u00e0 la promotion des normes de leur profession\" \/>\n<meta property=\"og:url\" content=\"https:\/\/www.nbrea.ca\/fr\/\" \/>\n<meta property=\"og:site_name\" content=\"AAINB | L\u2019Association des agents immobiliers du Nouveau-Brunswick\" \/>\n<meta property=\"article:publisher\" content=\"https:\/\/www.facebook.com\/NBREALTORS\" \/>\n<meta property=\"article:modified_time\" content=\"2025-12-18T20:08:00+00:00\" \/>\n<meta property=\"og:image\" content=\"https:\/\/www.nbrea.ca\/wp-content\/uploads\/2020\/11\/NBREA-SocialGraphic.jpg\" \/>\n\t<meta property=\"og:image:width\" content=\"1200\" \/>\n\t<meta property=\"og:image:height\" content=\"928\" \/>\n\t<meta property=\"og:image:type\" content=\"image\/jpeg\" \/>\n<meta name=\"twitter:card\" content=\"summary_large_image\" \/>\n<meta name=\"twitter:site\" content=\"@NBREALTORS\" \/>\n<meta name=\"twitter:label1\" content=\"Dur\u00e9e de lecture estim\u00e9e\" \/>\n\t<meta name=\"twitter:data1\" content=\"1 minute\" \/>\n<script type=\"application\/ld+json\" class=\"yoast-schema-graph\">{\"@context\":\"https:\/\/schema.org\",\"@graph\":[{\"@type\":\"WebPage\",\"@id\":\"https:\/\/www.nbrea.ca\/fr\/\",\"url\":\"https:\/\/www.nbrea.ca\/fr\/\",\"name\":\"Page d'accueil | AAINB | L\u2019Association des agents immobiliers du Nouveau-Brunswick\",\"isPartOf\":{\"@id\":\"https:\/\/www.nbrea.ca\/fr\/#website\"},\"datePublished\":\"2020-08-19T05:13:16+00:00\",\"dateModified\":\"2025-12-18T20:08:00+00:00\",\"description\":\"L\u2019Association des agents immobiliers du Nouveau-Brunswick (AAINB) est une association provinciale d\u2019AGENTS IMMOBILIERS qui, ensemble, travaillent au renforcement et \u00e0 la promotion des normes de leur profession\",\"breadcrumb\":{\"@id\":\"https:\/\/www.nbrea.ca\/fr\/#breadcrumb\"},\"inLanguage\":\"fr-FR\",\"potentialAction\":[{\"@type\":\"ReadAction\",\"target\":[\"https:\/\/www.nbrea.ca\/fr\/\"]}]},{\"@type\":\"BreadcrumbList\",\"@id\":\"https:\/\/www.nbrea.ca\/fr\/#breadcrumb\",\"itemListElement\":[{\"@type\":\"ListItem\",\"position\":1,\"name\":\"Home\",\"item\":\"https:\/\/www.nbrea.ca\/fr\/\"},{\"@type\":\"ListItem\",\"position\":2,\"name\":\"Page d&#8217;accueil\"}]},{\"@type\":\"WebSite\",\"@id\":\"https:\/\/www.nbrea.ca\/fr\/#website\",\"url\":\"https:\/\/www.nbrea.ca\/fr\/\",\"name\":\"AAINB | L\u2019Association des agents immobiliers du Nouveau-Brunswick\",\"description\":\"\",\"publisher\":{\"@id\":\"https:\/\/www.nbrea.ca\/fr\/#organization\"},\"potentialAction\":[{\"@type\":\"SearchAction\",\"target\":{\"@type\":\"EntryPoint\",\"urlTemplate\":\"https:\/\/www.nbrea.ca\/fr\/?s={search_term_string}\"},\"query-input\":{\"@type\":\"PropertyValueSpecification\",\"valueRequired\":true,\"valueName\":\"search_term_string\"}}],\"inLanguage\":\"fr-FR\"},{\"@type\":\"Organization\",\"@id\":\"https:\/\/www.nbrea.ca\/fr\/#organization\",\"name\":\"NBREA - New Brunswick Real Estate Association\",\"url\":\"https:\/\/www.nbrea.ca\/fr\/\",\"logo\":{\"@type\":\"ImageObject\",\"inLanguage\":\"fr-FR\",\"@id\":\"https:\/\/www.nbrea.ca\/fr\/#\/schema\/logo\/image\/\",\"url\":\"https:\/\/www.nbrea.ca\/wp-content\/uploads\/2020\/10\/NBREA_logo_version1.png\",\"contentUrl\":\"https:\/\/www.nbrea.ca\/wp-content\/uploads\/2020\/10\/NBREA_logo_version1.png\",\"width\":2040,\"height\":657,\"caption\":\"NBREA - New Brunswick Real Estate Association\"},\"image\":{\"@id\":\"https:\/\/www.nbrea.ca\/fr\/#\/schema\/logo\/image\/\"},\"sameAs\":[\"https:\/\/www.facebook.com\/NBREALTORS\",\"https:\/\/x.com\/NBREALTORS\",\"https:\/\/www.instagram.com\/nbrea1\/\",\"https:\/\/www.youtube.com\/channel\/UCcYr6HJ8LADBhtE_O6pxEZQ\/\"]}]}<\/script>\n<!-- \/ Yoast SEO plugin. -->","yoast_head_json":{"title":"Page d'accueil | AAINB | L\u2019Association des agents immobiliers du Nouveau-Brunswick","description":"L\u2019Association des agents immobiliers du Nouveau-Brunswick (AAINB) est une association provinciale d\u2019AGENTS IMMOBILIERS qui, ensemble, travaillent au renforcement et \u00e0 la promotion des normes de leur profession","robots":{"index":"index","follow":"follow","max-snippet":"max-snippet:-1","max-image-preview":"max-image-preview:large","max-video-preview":"max-video-preview:-1"},"canonical":"https:\/\/www.nbrea.ca\/fr\/","og_locale":"fr_FR","og_type":"article","og_title":"Page d'accueil | AAINB | L\u2019Association des agents immobiliers du Nouveau-Brunswick","og_description":"L\u2019Association des agents immobiliers du Nouveau-Brunswick (AAINB) est une association provinciale d\u2019AGENTS IMMOBILIERS qui, ensemble, travaillent au renforcement et \u00e0 la promotion des normes de leur profession","og_url":"https:\/\/www.nbrea.ca\/fr\/","og_site_name":"AAINB | L\u2019Association des agents immobiliers du Nouveau-Brunswick","article_publisher":"https:\/\/www.facebook.com\/NBREALTORS","article_modified_time":"2025-12-18T20:08:00+00:00","og_image":[{"width":1200,"height":928,"url":"https:\/\/www.nbrea.ca\/wp-content\/uploads\/2020\/11\/NBREA-SocialGraphic.jpg","type":"image\/jpeg"}],"twitter_card":"summary_large_image","twitter_site":"@NBREALTORS","twitter_misc":{"Dur\u00e9e de lecture estim\u00e9e":"1 minute"},"schema":{"@context":"https:\/\/schema.org","@graph":[{"@type":"WebPage","@id":"https:\/\/www.nbrea.ca\/fr\/","url":"https:\/\/www.nbrea.ca\/fr\/","name":"Page d'accueil | AAINB | L\u2019Association des agents immobiliers du Nouveau-Brunswick","isPartOf":{"@id":"https:\/\/www.nbrea.ca\/fr\/#website"},"datePublished":"2020-08-19T05:13:16+00:00","dateModified":"2025-12-18T20:08:00+00:00","description":"L\u2019Association des agents immobiliers du Nouveau-Brunswick (AAINB) est une association provinciale d\u2019AGENTS IMMOBILIERS qui, ensemble, travaillent au renforcement et \u00e0 la promotion des normes de leur profession","breadcrumb":{"@id":"https:\/\/www.nbrea.ca\/fr\/#breadcrumb"},"inLanguage":"fr-FR","potentialAction":[{"@type":"ReadAction","target":["https:\/\/www.nbrea.ca\/fr\/"]}]},{"@type":"BreadcrumbList","@id":"https:\/\/www.nbrea.ca\/fr\/#breadcrumb","itemListElement":[{"@type":"ListItem","position":1,"name":"Home","item":"https:\/\/www.nbrea.ca\/fr\/"},{"@type":"ListItem","position":2,"name":"Page d&#8217;accueil"}]},{"@type":"WebSite","@id":"https:\/\/www.nbrea.ca\/fr\/#website","url":"https:\/\/www.nbrea.ca\/fr\/","name":"AAINB | L\u2019Association des agents immobiliers du Nouveau-Brunswick","description":"","publisher":{"@id":"https:\/\/www.nbrea.ca\/fr\/#organization"},"potentialAction":[{"@type":"SearchAction","target":{"@type":"EntryPoint","urlTemplate":"https:\/\/www.nbrea.ca\/fr\/?s={search_term_string}"},"query-input":{"@type":"PropertyValueSpecification","valueRequired":true,"valueName":"search_term_string"}}],"inLanguage":"fr-FR"},{"@type":"Organization","@id":"https:\/\/www.nbrea.ca\/fr\/#organization","name":"NBREA - New Brunswick Real Estate Association","url":"https:\/\/www.nbrea.ca\/fr\/","logo":{"@type":"ImageObject","inLanguage":"fr-FR","@id":"https:\/\/www.nbrea.ca\/fr\/#\/schema\/logo\/image\/","url":"https:\/\/www.nbrea.ca\/wp-content\/uploads\/2020\/10\/NBREA_logo_version1.png","contentUrl":"https:\/\/www.nbrea.ca\/wp-content\/uploads\/2020\/10\/NBREA_logo_version1.png","width":2040,"height":657,"caption":"NBREA - New Brunswick Real Estate Association"},"image":{"@id":"https:\/\/www.nbrea.ca\/fr\/#\/schema\/logo\/image\/"},"sameAs":["https:\/\/www.facebook.com\/NBREALTORS","https:\/\/x.com\/NBREALTORS","https:\/\/www.instagram.com\/nbrea1\/","https:\/\/www.youtube.com\/channel\/UCcYr6HJ8LADBhtE_O6pxEZQ\/"]}]}},"_links":{"self":[{"href":"https:\/\/www.nbrea.ca\/fr\/wp-json\/wp\/v2\/pages\/191","targetHints":{"allow":["GET"]}}],"collection":[{"href":"https:\/\/www.nbrea.ca\/fr\/wp-json\/wp\/v2\/pages"}],"about":[{"href":"https:\/\/www.nbrea.ca\/fr\/wp-json\/wp\/v2\/types\/page"}],"author":[{"embeddable":true,"href":"https:\/\/www.nbrea.ca\/fr\/wp-json\/wp\/v2\/users\/2"}],"replies":[{"embeddable":true,"href":"https:\/\/www.nbrea.ca\/fr\/wp-json\/wp\/v2\/comments?post=191"}],"version-history":[{"count":76,"href":"https:\/\/www.nbrea.ca\/fr\/wp-json\/wp\/v2\/pages\/191\/revisions"}],"predecessor-version":[{"id":7467,"href":"https:\/\/www.nbrea.ca\/fr\/wp-json\/wp\/v2\/pages\/191\/revisions\/7467"}],"wp:attachment":[{"href":"https:\/\/www.nbrea.ca\/fr\/wp-json\/wp\/v2\/media?parent=191"}],"curies":[{"name":"wp","href":"https:\/\/api.w.org\/{rel}","templated":true}]}}