{"id":1951,"date":"2020-10-06T15:45:05","date_gmt":"2020-10-06T18:45:05","guid":{"rendered":"https:\/\/www.nbrea.ca\/?page_id=1951"},"modified":"2021-10-06T09:19:08","modified_gmt":"2021-10-06T12:19:08","slug":"la-valeur-dun-agent-immobilier","status":"publish","type":"page","link":"https:\/\/www.nbrea.ca\/fr\/media-inquiries\/la-valeur-dun-agent-immobilier\/","title":{"rendered":"La valeur d&rsquo;un agent immobilier"},"content":{"rendered":"<div class=\"base-section\"><div class=\"container\">\n<h2 class=\"has-vivid-cyan-blue-color has-text-color wp-block-heading\">La valeur d&rsquo;un agent immobilier<\/h2>\n<\/div><\/div>\n\n<div class=\"base-section\"><div class=\"container\">\n<figure class=\"wp-block-embed-youtube wp-block-embed is-type-video is-provider-youtube wp-embed-aspect-16-9 wp-has-aspect-ratio\"><div class=\"wp-block-embed__wrapper\">\n<iframe title=\"AAINB Valeur d&#039;un agent immobilier- Devoirs\" width=\"900\" height=\"506\" src=\"https:\/\/www.youtube.com\/embed\/fxeZRiSQ8PU?feature=oembed\" frameborder=\"0\" allow=\"accelerometer; autoplay; clipboard-write; encrypted-media; gyroscope; picture-in-picture\" allowfullscreen><\/iframe>\n<\/div><\/figure>\n<\/div><\/div>\n\n<div class=\"base-section\"><div class=\"container\">\n<figure class=\"wp-block-image size-large\"><img decoding=\"async\" width=\"1024\" height=\"1024\" src=\"https:\/\/www.nbrea.ca\/wp-content\/uploads\/2021\/10\/Homework-FR-1024x1024.png\" alt=\"\" class=\"wp-image-4191\" srcset=\"https:\/\/www.nbrea.ca\/wp-content\/uploads\/2021\/10\/Homework-FR-1024x1024.png 1024w, https:\/\/www.nbrea.ca\/wp-content\/uploads\/2021\/10\/Homework-FR-300x300.png 300w, https:\/\/www.nbrea.ca\/wp-content\/uploads\/2021\/10\/Homework-FR-150x150.png 150w, https:\/\/www.nbrea.ca\/wp-content\/uploads\/2021\/10\/Homework-FR-768x768.png 768w, https:\/\/www.nbrea.ca\/wp-content\/uploads\/2021\/10\/Homework-FR-50x50.png 50w, https:\/\/www.nbrea.ca\/wp-content\/uploads\/2021\/10\/Homework-FR-550x550.png 550w, https:\/\/www.nbrea.ca\/wp-content\/uploads\/2021\/10\/Homework-FR.png 1080w\" sizes=\"(max-width: 1024px) 100vw, 1024px\" \/><\/figure>\n<\/div><\/div>\n\n<div class=\"base-section\"><div class=\"container\">\n<h1 class=\"wp-block-heading\">Pourquoi faire appel \u00e0 un agent immobilier ?<\/h1>\n<\/div><\/div>\n\n<div class=\"base-section\"><div class=\"container\">\n<figure class=\"wp-block-video\"><video controls src=\"https:\/\/www.nbrea.ca\/wp-content\/uploads\/2020\/10\/1603805409.mp4\"><\/video><\/figure>\n<\/div><\/div>\n\n\n\t<div class=\"container\">\n\t\t<div class=\"cards-block\">\n\t\t\t\t\t\t\t<div class=\"card-item\">\n\t\t\t\t\t\t\t\t\t\t\t<img decoding=\"async\" src=\"https:\/\/www.nbrea.ca\/wp-content\/uploads\/2020\/09\/austin-distel-jpHw8ndwJ_Q-unsplash-550x550.jpg\" alt=\"\" >\n\t\t\t\t\t\t\t\t\t\t<div class=\"text-holder\">\n\t\t\t\t\t\t\t\t\t\t\t\t\t<h2>Valeur d&rsquo;un agent immobilier: Code d&rsquo;\u00e9thique<\/h2>\n\t\t\t\t\t\t\t\t\t\t\t<\/div>\n\t\t\t\t\t\t\t\t\t\t\t<a href=\"https:\/\/www.nbrea.ca\/fr\/media-inquiries\/la-valeur-dun-agent-immobilier\/value-of-a-realtor-code-of-ethics\/\"><\/a>\n\t\t\t\t\t\t\t\t\t<\/div>\n\t\t\t\t\t\t\t<div class=\"card-item\">\n\t\t\t\t\t\t\t\t\t\t\t<img decoding=\"async\" src=\"https:\/\/www.nbrea.ca\/wp-content\/uploads\/2020\/09\/img-5.jpg\" alt=\"\" >\n\t\t\t\t\t\t\t\t\t\t<div class=\"text-holder\">\n\t\t\t\t\t\t\t\t\t\t\t\t\t<h2>Valeur d&rsquo;un agent immobilier: Pourquoi devrais-je utiliser un agent immobilier?<\/h2>\n\t\t\t\t\t\t\t\t\t\t\t<\/div>\n\t\t\t\t\t\t\t\t\t\t\t<a href=\"https:\/\/www.nbrea.ca\/fr\/media-inquiries\/la-valeur-dun-agent-immobilier\/fr-value-of-a-realtor-why-should-i-use-a-realtor\/\"><\/a>\n\t\t\t\t\t\t\t\t\t<\/div>\n\t\t\t\t\t<\/div>\n\t<\/div>\n\n\n\n<div style=\"height:20px\" aria-hidden=\"true\" class=\"wp-block-spacer\"><\/div>\n","protected":false},"excerpt":{"rendered":"<p>La valeur d&rsquo;un agent immobilier Pourquoi faire appel \u00e0 un agent immobilier ?<\/p>\n","protected":false},"author":2,"featured_media":1953,"parent":2655,"menu_order":0,"comment_status":"closed","ping_status":"closed","template":"","meta":{"_acf_changed":false,"inline_featured_image":false,"footnotes":""},"class_list":["post-1951","page","type-page","status-publish","has-post-thumbnail","hentry"],"acf":[],"yoast_head":"<!-- This site is optimized with the Yoast SEO plugin v24.3 - https:\/\/yoast.com\/wordpress\/plugins\/seo\/ -->\n<title>La valeur d&#039;un agent immobilier | AAINB | L\u2019Association des agents immobiliers du Nouveau-Brunswick<\/title>\n<meta name=\"description\" content=\"Regardez ce t\u00e9moignage et d\u00e9couvrez comment un agent immobilier peut \u00eatre indispensable pour les acheteurs d&#039;une premi\u00e8re maison ainsi que les vendeurs.\" \/>\n<meta name=\"robots\" content=\"index, follow, max-snippet:-1, max-image-preview:large, max-video-preview:-1\" \/>\n<link rel=\"canonical\" href=\"https:\/\/www.nbrea.ca\/fr\/media-inquiries\/la-valeur-dun-agent-immobilier\/\" \/>\n<meta property=\"og:locale\" content=\"fr_FR\" \/>\n<meta property=\"og:type\" content=\"article\" \/>\n<meta property=\"og:title\" content=\"La valeur d&#039;un agent immobilier | AAINB | L\u2019Association des agents immobiliers du Nouveau-Brunswick\" \/>\n<meta property=\"og:description\" content=\"Regardez ce t\u00e9moignage et d\u00e9couvrez comment un agent immobilier peut \u00eatre indispensable pour les acheteurs d&#039;une premi\u00e8re maison ainsi que les vendeurs.\" \/>\n<meta property=\"og:url\" content=\"https:\/\/www.nbrea.ca\/fr\/media-inquiries\/la-valeur-dun-agent-immobilier\/\" \/>\n<meta property=\"og:site_name\" content=\"AAINB | L\u2019Association des agents immobiliers du Nouveau-Brunswick\" \/>\n<meta property=\"article:publisher\" content=\"https:\/\/www.facebook.com\/NBREALTORS\" \/>\n<meta property=\"article:modified_time\" content=\"2021-10-06T12:19:08+00:00\" \/>\n<meta property=\"og:image\" content=\"https:\/\/www.nbrea.ca\/wp-content\/uploads\/2020\/08\/shutterstock_267766277-scaled-e1597738125192.jpg\" \/>\n\t<meta property=\"og:image:width\" content=\"1000\" \/>\n\t<meta property=\"og:image:height\" content=\"677\" \/>\n\t<meta property=\"og:image:type\" content=\"image\/jpeg\" \/>\n<meta name=\"twitter:card\" content=\"summary_large_image\" \/>\n<meta name=\"twitter:site\" content=\"@NBREALTORS\" \/>\n<script type=\"application\/ld+json\" class=\"yoast-schema-graph\">{\"@context\":\"https:\/\/schema.org\",\"@graph\":[{\"@type\":\"WebPage\",\"@id\":\"https:\/\/www.nbrea.ca\/fr\/media-inquiries\/la-valeur-dun-agent-immobilier\/\",\"url\":\"https:\/\/www.nbrea.ca\/fr\/media-inquiries\/la-valeur-dun-agent-immobilier\/\",\"name\":\"La valeur d'un agent immobilier | AAINB | L\u2019Association des agents immobiliers du Nouveau-Brunswick\",\"isPartOf\":{\"@id\":\"https:\/\/www.nbrea.ca\/fr\/#website\"},\"primaryImageOfPage\":{\"@id\":\"https:\/\/www.nbrea.ca\/fr\/media-inquiries\/la-valeur-dun-agent-immobilier\/#primaryimage\"},\"image\":{\"@id\":\"https:\/\/www.nbrea.ca\/fr\/media-inquiries\/la-valeur-dun-agent-immobilier\/#primaryimage\"},\"thumbnailUrl\":\"https:\/\/www.nbrea.ca\/wp-content\/uploads\/2020\/08\/shutterstock_267766277-scaled-e1597738125192.jpg\",\"datePublished\":\"2020-10-06T18:45:05+00:00\",\"dateModified\":\"2021-10-06T12:19:08+00:00\",\"description\":\"Regardez ce t\u00e9moignage et d\u00e9couvrez comment un agent immobilier peut \u00eatre indispensable pour les acheteurs d'une premi\u00e8re maison ainsi que les vendeurs.\",\"breadcrumb\":{\"@id\":\"https:\/\/www.nbrea.ca\/fr\/media-inquiries\/la-valeur-dun-agent-immobilier\/#breadcrumb\"},\"inLanguage\":\"fr-FR\",\"potentialAction\":[{\"@type\":\"ReadAction\",\"target\":[\"https:\/\/www.nbrea.ca\/fr\/media-inquiries\/la-valeur-dun-agent-immobilier\/\"]}]},{\"@type\":\"ImageObject\",\"inLanguage\":\"fr-FR\",\"@id\":\"https:\/\/www.nbrea.ca\/fr\/media-inquiries\/la-valeur-dun-agent-immobilier\/#primaryimage\",\"url\":\"https:\/\/www.nbrea.ca\/wp-content\/uploads\/2020\/08\/shutterstock_267766277-scaled-e1597738125192.jpg\",\"contentUrl\":\"https:\/\/www.nbrea.ca\/wp-content\/uploads\/2020\/08\/shutterstock_267766277-scaled-e1597738125192.jpg\",\"width\":1000,\"height\":677},{\"@type\":\"BreadcrumbList\",\"@id\":\"https:\/\/www.nbrea.ca\/fr\/media-inquiries\/la-valeur-dun-agent-immobilier\/#breadcrumb\",\"itemListElement\":[{\"@type\":\"ListItem\",\"position\":1,\"name\":\"Home\",\"item\":\"https:\/\/www.nbrea.ca\/fr\/\"},{\"@type\":\"ListItem\",\"position\":2,\"name\":\"Requ\u00eates m\u00e9diatiques\",\"item\":\"https:\/\/www.nbrea.ca\/fr\/media-inquiries\/\"},{\"@type\":\"ListItem\",\"position\":3,\"name\":\"La valeur d&rsquo;un agent immobilier\"}]},{\"@type\":\"WebSite\",\"@id\":\"https:\/\/www.nbrea.ca\/fr\/#website\",\"url\":\"https:\/\/www.nbrea.ca\/fr\/\",\"name\":\"AAINB | L\u2019Association des agents immobiliers du Nouveau-Brunswick\",\"description\":\"\",\"publisher\":{\"@id\":\"https:\/\/www.nbrea.ca\/fr\/#organization\"},\"potentialAction\":[{\"@type\":\"SearchAction\",\"target\":{\"@type\":\"EntryPoint\",\"urlTemplate\":\"https:\/\/www.nbrea.ca\/fr\/?s={search_term_string}\"},\"query-input\":{\"@type\":\"PropertyValueSpecification\",\"valueRequired\":true,\"valueName\":\"search_term_string\"}}],\"inLanguage\":\"fr-FR\"},{\"@type\":\"Organization\",\"@id\":\"https:\/\/www.nbrea.ca\/fr\/#organization\",\"name\":\"NBREA - New Brunswick Real Estate Association\",\"url\":\"https:\/\/www.nbrea.ca\/fr\/\",\"logo\":{\"@type\":\"ImageObject\",\"inLanguage\":\"fr-FR\",\"@id\":\"https:\/\/www.nbrea.ca\/fr\/#\/schema\/logo\/image\/\",\"url\":\"https:\/\/www.nbrea.ca\/wp-content\/uploads\/2020\/10\/NBREA_logo_version1.png\",\"contentUrl\":\"https:\/\/www.nbrea.ca\/wp-content\/uploads\/2020\/10\/NBREA_logo_version1.png\",\"width\":2040,\"height\":657,\"caption\":\"NBREA - New Brunswick Real Estate Association\"},\"image\":{\"@id\":\"https:\/\/www.nbrea.ca\/fr\/#\/schema\/logo\/image\/\"},\"sameAs\":[\"https:\/\/www.facebook.com\/NBREALTORS\",\"https:\/\/x.com\/NBREALTORS\",\"https:\/\/www.instagram.com\/nbrea1\/\",\"https:\/\/www.youtube.com\/channel\/UCcYr6HJ8LADBhtE_O6pxEZQ\/\"]}]}<\/script>\n<!-- \/ Yoast SEO plugin. -->","yoast_head_json":{"title":"La valeur d'un agent immobilier | AAINB | L\u2019Association des agents immobiliers du Nouveau-Brunswick","description":"Regardez ce t\u00e9moignage et d\u00e9couvrez comment un agent immobilier peut \u00eatre indispensable pour les acheteurs d'une premi\u00e8re maison ainsi que les vendeurs.","robots":{"index":"index","follow":"follow","max-snippet":"max-snippet:-1","max-image-preview":"max-image-preview:large","max-video-preview":"max-video-preview:-1"},"canonical":"https:\/\/www.nbrea.ca\/fr\/media-inquiries\/la-valeur-dun-agent-immobilier\/","og_locale":"fr_FR","og_type":"article","og_title":"La valeur d'un agent immobilier | AAINB | L\u2019Association des agents immobiliers du Nouveau-Brunswick","og_description":"Regardez ce t\u00e9moignage et d\u00e9couvrez comment un agent immobilier peut \u00eatre indispensable pour les acheteurs d'une premi\u00e8re maison ainsi que les vendeurs.","og_url":"https:\/\/www.nbrea.ca\/fr\/media-inquiries\/la-valeur-dun-agent-immobilier\/","og_site_name":"AAINB | L\u2019Association des agents immobiliers du Nouveau-Brunswick","article_publisher":"https:\/\/www.facebook.com\/NBREALTORS","article_modified_time":"2021-10-06T12:19:08+00:00","og_image":[{"width":1000,"height":677,"url":"https:\/\/www.nbrea.ca\/wp-content\/uploads\/2020\/08\/shutterstock_267766277-scaled-e1597738125192.jpg","type":"image\/jpeg"}],"twitter_card":"summary_large_image","twitter_site":"@NBREALTORS","schema":{"@context":"https:\/\/schema.org","@graph":[{"@type":"WebPage","@id":"https:\/\/www.nbrea.ca\/fr\/media-inquiries\/la-valeur-dun-agent-immobilier\/","url":"https:\/\/www.nbrea.ca\/fr\/media-inquiries\/la-valeur-dun-agent-immobilier\/","name":"La valeur d'un agent immobilier | AAINB | L\u2019Association des agents immobiliers du Nouveau-Brunswick","isPartOf":{"@id":"https:\/\/www.nbrea.ca\/fr\/#website"},"primaryImageOfPage":{"@id":"https:\/\/www.nbrea.ca\/fr\/media-inquiries\/la-valeur-dun-agent-immobilier\/#primaryimage"},"image":{"@id":"https:\/\/www.nbrea.ca\/fr\/media-inquiries\/la-valeur-dun-agent-immobilier\/#primaryimage"},"thumbnailUrl":"https:\/\/www.nbrea.ca\/wp-content\/uploads\/2020\/08\/shutterstock_267766277-scaled-e1597738125192.jpg","datePublished":"2020-10-06T18:45:05+00:00","dateModified":"2021-10-06T12:19:08+00:00","description":"Regardez ce t\u00e9moignage et d\u00e9couvrez comment un agent immobilier peut \u00eatre indispensable pour les acheteurs d'une premi\u00e8re maison ainsi que les vendeurs.","breadcrumb":{"@id":"https:\/\/www.nbrea.ca\/fr\/media-inquiries\/la-valeur-dun-agent-immobilier\/#breadcrumb"},"inLanguage":"fr-FR","potentialAction":[{"@type":"ReadAction","target":["https:\/\/www.nbrea.ca\/fr\/media-inquiries\/la-valeur-dun-agent-immobilier\/"]}]},{"@type":"ImageObject","inLanguage":"fr-FR","@id":"https:\/\/www.nbrea.ca\/fr\/media-inquiries\/la-valeur-dun-agent-immobilier\/#primaryimage","url":"https:\/\/www.nbrea.ca\/wp-content\/uploads\/2020\/08\/shutterstock_267766277-scaled-e1597738125192.jpg","contentUrl":"https:\/\/www.nbrea.ca\/wp-content\/uploads\/2020\/08\/shutterstock_267766277-scaled-e1597738125192.jpg","width":1000,"height":677},{"@type":"BreadcrumbList","@id":"https:\/\/www.nbrea.ca\/fr\/media-inquiries\/la-valeur-dun-agent-immobilier\/#breadcrumb","itemListElement":[{"@type":"ListItem","position":1,"name":"Home","item":"https:\/\/www.nbrea.ca\/fr\/"},{"@type":"ListItem","position":2,"name":"Requ\u00eates m\u00e9diatiques","item":"https:\/\/www.nbrea.ca\/fr\/media-inquiries\/"},{"@type":"ListItem","position":3,"name":"La valeur d&rsquo;un agent immobilier"}]},{"@type":"WebSite","@id":"https:\/\/www.nbrea.ca\/fr\/#website","url":"https:\/\/www.nbrea.ca\/fr\/","name":"AAINB | L\u2019Association des agents immobiliers du Nouveau-Brunswick","description":"","publisher":{"@id":"https:\/\/www.nbrea.ca\/fr\/#organization"},"potentialAction":[{"@type":"SearchAction","target":{"@type":"EntryPoint","urlTemplate":"https:\/\/www.nbrea.ca\/fr\/?s={search_term_string}"},"query-input":{"@type":"PropertyValueSpecification","valueRequired":true,"valueName":"search_term_string"}}],"inLanguage":"fr-FR"},{"@type":"Organization","@id":"https:\/\/www.nbrea.ca\/fr\/#organization","name":"NBREA - New Brunswick Real Estate Association","url":"https:\/\/www.nbrea.ca\/fr\/","logo":{"@type":"ImageObject","inLanguage":"fr-FR","@id":"https:\/\/www.nbrea.ca\/fr\/#\/schema\/logo\/image\/","url":"https:\/\/www.nbrea.ca\/wp-content\/uploads\/2020\/10\/NBREA_logo_version1.png","contentUrl":"https:\/\/www.nbrea.ca\/wp-content\/uploads\/2020\/10\/NBREA_logo_version1.png","width":2040,"height":657,"caption":"NBREA - New Brunswick Real Estate Association"},"image":{"@id":"https:\/\/www.nbrea.ca\/fr\/#\/schema\/logo\/image\/"},"sameAs":["https:\/\/www.facebook.com\/NBREALTORS","https:\/\/x.com\/NBREALTORS","https:\/\/www.instagram.com\/nbrea1\/","https:\/\/www.youtube.com\/channel\/UCcYr6HJ8LADBhtE_O6pxEZQ\/"]}]}},"_links":{"self":[{"href":"https:\/\/www.nbrea.ca\/fr\/wp-json\/wp\/v2\/pages\/1951","targetHints":{"allow":["GET"]}}],"collection":[{"href":"https:\/\/www.nbrea.ca\/fr\/wp-json\/wp\/v2\/pages"}],"about":[{"href":"https:\/\/www.nbrea.ca\/fr\/wp-json\/wp\/v2\/types\/page"}],"author":[{"embeddable":true,"href":"https:\/\/www.nbrea.ca\/fr\/wp-json\/wp\/v2\/users\/2"}],"replies":[{"embeddable":true,"href":"https:\/\/www.nbrea.ca\/fr\/wp-json\/wp\/v2\/comments?post=1951"}],"version-history":[{"count":11,"href":"https:\/\/www.nbrea.ca\/fr\/wp-json\/wp\/v2\/pages\/1951\/revisions"}],"predecessor-version":[{"id":4193,"href":"https:\/\/www.nbrea.ca\/fr\/wp-json\/wp\/v2\/pages\/1951\/revisions\/4193"}],"up":[{"embeddable":true,"href":"https:\/\/www.nbrea.ca\/fr\/wp-json\/wp\/v2\/pages\/2655"}],"wp:featuredmedia":[{"embeddable":true,"href":"https:\/\/www.nbrea.ca\/fr\/wp-json\/wp\/v2\/media\/1953"}],"wp:attachment":[{"href":"https:\/\/www.nbrea.ca\/fr\/wp-json\/wp\/v2\/media?parent=1951"}],"curies":[{"name":"wp","href":"https:\/\/api.w.org\/{rel}","templated":true}]}}