{"id":2000,"date":"2020-10-08T10:08:03","date_gmt":"2020-10-08T13:08:03","guid":{"rendered":"https:\/\/www.nbrea.ca\/?page_id=2000"},"modified":"2026-02-26T10:50:10","modified_gmt":"2026-02-26T13:50:10","slug":"nbrea-news-podcast-fr","status":"publish","type":"page","link":"https:\/\/www.nbrea.ca\/fr\/media-inquiries\/nbrea-news-podcast-fr\/","title":{"rendered":"Le Podcast de l&rsquo;AAINB:"},"content":{"rendered":"<div class=\"base-section\"><div class=\"container\">\n<h2 class=\"wp-block-heading has-text-color\" style=\"color:#204c8f\">Saison 3, \u00c9pisode 2FR: 68e AGA et Conf\u00e9rence de formation obligatoire : \u00e0 ne pas manquer!<\/h2>\n<\/div><\/div>\n\n<div class=\"base-section\"><div class=\"container\">\n<p><\/p>\n<\/div><\/div>\n\n<div class=\"base-section\"><div class=\"container\">\n<p><\/p>\n<\/div><\/div>\n\n<div class=\"base-section\"><div class=\"container\">\n<p><em>26 f\u00e9vrier 2026\u00a0<\/em> \u2013 Le plus grand \u00e9v\u00e9nement de l\u2019ann\u00e9e de l\u2019AAINB est de retour \u2014 et on vous dit tout! Dans cet \u00e9pisode de <em>La petite maison bleue<\/em>, H\u00e9l\u00e8ne et Dwayne r\u00e9pondent \u00e0 vos principales questions au sujet de la conf\u00e9rence de cette ann\u00e9e, notamment sur le contenu de votre formation obligatoire et les activit\u00e9s sociales au programme \u2014 incluant l\u2019Uptown Dine Around et les Cowboy Cocktails. Apprenez-en plus \u00e9galement sur notre conf\u00e9rencier principal, Neville MacKay! Pr\u00eat \u00e0 vous inscrire? <strong><a href=\"https:\/\/members.nbrea.ca\/mpower\/event\/loadevent.action?e=230\" target=\"_blank\" rel=\"noreferrer noopener\">CLIQUEZ ICI!<\/a><\/strong><\/p>\n<\/div><\/div>\n\n<div class=\"base-section\"><div class=\"container\">\n<p><\/p>\n<\/div><\/div>\n\n<div class=\"base-section\"><div class=\"container\">\n<p><\/p>\n<\/div><\/div>\n\n<div class=\"base-section\"><div class=\"container\">\n<p id=\"tw-target-text\"><strong>Voulez-vous revoir un \u00e9pisode pass\u00e9 de La Petite Maison Bleue&nbsp;? Retrouvez-les tous sur votre service de streaming pr\u00e9f\u00e9r\u00e9, ou <a href=\"https:\/\/nbrea.podbean.com\/\">cliquez ici<\/a> pour notre catalogue complet sur Podbean !<\/strong><\/p>\n<\/div><\/div>\n\n<div class=\"base-section\"><div class=\"container\">\n<p><\/p>\n<\/div><\/div>\n\n<div class=\"base-section\"><div class=\"container\"><p><iframe title=\"S3EP2: 68e AGA et Conf\u00e9rence de formation obligatoire : \u00e0 ne pas manquer!\" allowtransparency=\"true\" height=\"300\" width=\"100%\" style=\"border: none; min-width: min(100%, 430px);height:300px;\" scrolling=\"no\" data-name=\"pb-iframe-player\" src=\"https:\/\/www.podbean.com\/player-v2\/?i=du9t3-1a57bae-pb&#038;from=pb6admin&#038;square=1&#038;share=1&#038;download=1&#038;rtl=0&#038;fonts=Verdana&#038;skin=3267a3&#038;font-color=auto&#038;logo_link=episode_page&#038;btn-skin=60a0c8&#038;size=300\" loading=\"lazy\" allowfullscreen=\"\"><\/iframe><\/p>\n<\/div><\/div>\n\n<div class=\"base-section\"><div class=\"container\">\n<p><\/p>\n<\/div><\/div>\n\n<div class=\"base-section\"><div class=\"container\">\n<p><\/p>\n<\/div><\/div>","protected":false},"excerpt":{"rendered":"<p>Saison 3, \u00c9pisode 2FR: 68e AGA et Conf\u00e9rence de formation obligatoire : \u00e0 ne pas manquer! 26 f\u00e9vrier 2026\u00a0 \u2013 Le plus grand \u00e9v\u00e9nement de l\u2019ann\u00e9e de l\u2019AAINB est de retour \u2014 et on vous dit tout! Dans cet \u00e9pisode de La petite maison bleue, H\u00e9l\u00e8ne et Dwayne r\u00e9pondent \u00e0 vos principales questions au sujet [&hellip;]<\/p>\n","protected":false},"author":2,"featured_media":6824,"parent":2655,"menu_order":0,"comment_status":"closed","ping_status":"closed","template":"","meta":{"_acf_changed":false,"inline_featured_image":false,"footnotes":""},"class_list":["post-2000","page","type-page","status-publish","has-post-thumbnail","hentry"],"acf":[],"yoast_head":"<!-- This site is optimized with the Yoast SEO plugin v24.3 - https:\/\/yoast.com\/wordpress\/plugins\/seo\/ -->\n<title>Le Podcast de l&#039;AAINB: | AAINB | L\u2019Association des agents immobiliers du Nouveau-Brunswick<\/title>\n<meta name=\"description\" content=\"Recevez vos actualit\u00e9s lors de vos d\u00e9placements gr\u00e2ce \u00e0 notre podcast,\u2019\u2019 NBREA News\u2019&#039;. Vous trouverez des mises \u00e0 jour mensuelles, des informations sur l&#039;\u00e9ducation, des interviews et plus encore!\" \/>\n<meta name=\"robots\" content=\"index, follow, max-snippet:-1, max-image-preview:large, max-video-preview:-1\" \/>\n<link rel=\"canonical\" href=\"https:\/\/www.nbrea.ca\/fr\/media-inquiries\/nbrea-news-podcast-fr\/\" \/>\n<meta property=\"og:locale\" content=\"fr_FR\" \/>\n<meta property=\"og:type\" content=\"article\" \/>\n<meta property=\"og:title\" content=\"Le Podcast de l&#039;AAINB: | AAINB | L\u2019Association des agents immobiliers du Nouveau-Brunswick\" \/>\n<meta property=\"og:description\" content=\"Recevez vos actualit\u00e9s lors de vos d\u00e9placements gr\u00e2ce \u00e0 notre podcast,\u2019\u2019 NBREA News\u2019&#039;. Vous trouverez des mises \u00e0 jour mensuelles, des informations sur l&#039;\u00e9ducation, des interviews et plus encore!\" \/>\n<meta property=\"og:url\" content=\"https:\/\/www.nbrea.ca\/fr\/media-inquiries\/nbrea-news-podcast-fr\/\" \/>\n<meta property=\"og:site_name\" content=\"AAINB | L\u2019Association des agents immobiliers du Nouveau-Brunswick\" \/>\n<meta property=\"article:publisher\" content=\"https:\/\/www.facebook.com\/NBREALTORS\" \/>\n<meta property=\"article:modified_time\" content=\"2026-02-26T13:50:10+00:00\" \/>\n<meta property=\"og:image\" content=\"https:\/\/www.nbrea.ca\/wp-content\/uploads\/2025\/02\/XXS-PMB-NEW-2025-BANNER-copy.png\" \/>\n\t<meta property=\"og:image:width\" content=\"1546\" \/>\n\t<meta property=\"og:image:height\" content=\"390\" \/>\n\t<meta property=\"og:image:type\" content=\"image\/png\" \/>\n<meta name=\"twitter:card\" content=\"summary_large_image\" \/>\n<meta name=\"twitter:site\" content=\"@NBREALTORS\" \/>\n<meta name=\"twitter:label1\" content=\"Dur\u00e9e de lecture estim\u00e9e\" \/>\n\t<meta name=\"twitter:data1\" content=\"1 minute\" \/>\n<script type=\"application\/ld+json\" class=\"yoast-schema-graph\">{\"@context\":\"https:\/\/schema.org\",\"@graph\":[{\"@type\":\"WebPage\",\"@id\":\"https:\/\/www.nbrea.ca\/fr\/media-inquiries\/nbrea-news-podcast-fr\/\",\"url\":\"https:\/\/www.nbrea.ca\/fr\/media-inquiries\/nbrea-news-podcast-fr\/\",\"name\":\"Le Podcast de l'AAINB: | AAINB | L\u2019Association des agents immobiliers du Nouveau-Brunswick\",\"isPartOf\":{\"@id\":\"https:\/\/www.nbrea.ca\/fr\/#website\"},\"primaryImageOfPage\":{\"@id\":\"https:\/\/www.nbrea.ca\/fr\/media-inquiries\/nbrea-news-podcast-fr\/#primaryimage\"},\"image\":{\"@id\":\"https:\/\/www.nbrea.ca\/fr\/media-inquiries\/nbrea-news-podcast-fr\/#primaryimage\"},\"thumbnailUrl\":\"https:\/\/www.nbrea.ca\/wp-content\/uploads\/2025\/02\/XXS-PMB-NEW-2025-BANNER-copy.png\",\"datePublished\":\"2020-10-08T13:08:03+00:00\",\"dateModified\":\"2026-02-26T13:50:10+00:00\",\"description\":\"Recevez vos actualit\u00e9s lors de vos d\u00e9placements gr\u00e2ce \u00e0 notre podcast,\u2019\u2019 NBREA News\u2019'. Vous trouverez des mises \u00e0 jour mensuelles, des informations sur l'\u00e9ducation, des interviews et plus encore!\",\"breadcrumb\":{\"@id\":\"https:\/\/www.nbrea.ca\/fr\/media-inquiries\/nbrea-news-podcast-fr\/#breadcrumb\"},\"inLanguage\":\"fr-FR\",\"potentialAction\":[{\"@type\":\"ReadAction\",\"target\":[\"https:\/\/www.nbrea.ca\/fr\/media-inquiries\/nbrea-news-podcast-fr\/\"]}]},{\"@type\":\"ImageObject\",\"inLanguage\":\"fr-FR\",\"@id\":\"https:\/\/www.nbrea.ca\/fr\/media-inquiries\/nbrea-news-podcast-fr\/#primaryimage\",\"url\":\"https:\/\/www.nbrea.ca\/wp-content\/uploads\/2025\/02\/XXS-PMB-NEW-2025-BANNER-copy.png\",\"contentUrl\":\"https:\/\/www.nbrea.ca\/wp-content\/uploads\/2025\/02\/XXS-PMB-NEW-2025-BANNER-copy.png\",\"width\":1546,\"height\":390},{\"@type\":\"BreadcrumbList\",\"@id\":\"https:\/\/www.nbrea.ca\/fr\/media-inquiries\/nbrea-news-podcast-fr\/#breadcrumb\",\"itemListElement\":[{\"@type\":\"ListItem\",\"position\":1,\"name\":\"Home\",\"item\":\"https:\/\/www.nbrea.ca\/fr\/\"},{\"@type\":\"ListItem\",\"position\":2,\"name\":\"Requ\u00eates m\u00e9diatiques\",\"item\":\"https:\/\/www.nbrea.ca\/fr\/media-inquiries\/\"},{\"@type\":\"ListItem\",\"position\":3,\"name\":\"Le Podcast de l&#8217;AAINB:\"}]},{\"@type\":\"WebSite\",\"@id\":\"https:\/\/www.nbrea.ca\/fr\/#website\",\"url\":\"https:\/\/www.nbrea.ca\/fr\/\",\"name\":\"AAINB | L\u2019Association des agents immobiliers du Nouveau-Brunswick\",\"description\":\"\",\"publisher\":{\"@id\":\"https:\/\/www.nbrea.ca\/fr\/#organization\"},\"potentialAction\":[{\"@type\":\"SearchAction\",\"target\":{\"@type\":\"EntryPoint\",\"urlTemplate\":\"https:\/\/www.nbrea.ca\/fr\/?s={search_term_string}\"},\"query-input\":{\"@type\":\"PropertyValueSpecification\",\"valueRequired\":true,\"valueName\":\"search_term_string\"}}],\"inLanguage\":\"fr-FR\"},{\"@type\":\"Organization\",\"@id\":\"https:\/\/www.nbrea.ca\/fr\/#organization\",\"name\":\"NBREA - New Brunswick Real Estate Association\",\"url\":\"https:\/\/www.nbrea.ca\/fr\/\",\"logo\":{\"@type\":\"ImageObject\",\"inLanguage\":\"fr-FR\",\"@id\":\"https:\/\/www.nbrea.ca\/fr\/#\/schema\/logo\/image\/\",\"url\":\"https:\/\/www.nbrea.ca\/wp-content\/uploads\/2020\/10\/NBREA_logo_version1.png\",\"contentUrl\":\"https:\/\/www.nbrea.ca\/wp-content\/uploads\/2020\/10\/NBREA_logo_version1.png\",\"width\":2040,\"height\":657,\"caption\":\"NBREA - New Brunswick Real Estate Association\"},\"image\":{\"@id\":\"https:\/\/www.nbrea.ca\/fr\/#\/schema\/logo\/image\/\"},\"sameAs\":[\"https:\/\/www.facebook.com\/NBREALTORS\",\"https:\/\/x.com\/NBREALTORS\",\"https:\/\/www.instagram.com\/nbrea1\/\",\"https:\/\/www.youtube.com\/channel\/UCcYr6HJ8LADBhtE_O6pxEZQ\/\"]}]}<\/script>\n<!-- \/ Yoast SEO plugin. -->","yoast_head_json":{"title":"Le Podcast de l'AAINB: | AAINB | L\u2019Association des agents immobiliers du Nouveau-Brunswick","description":"Recevez vos actualit\u00e9s lors de vos d\u00e9placements gr\u00e2ce \u00e0 notre podcast,\u2019\u2019 NBREA News\u2019'. Vous trouverez des mises \u00e0 jour mensuelles, des informations sur l'\u00e9ducation, des interviews et plus encore!","robots":{"index":"index","follow":"follow","max-snippet":"max-snippet:-1","max-image-preview":"max-image-preview:large","max-video-preview":"max-video-preview:-1"},"canonical":"https:\/\/www.nbrea.ca\/fr\/media-inquiries\/nbrea-news-podcast-fr\/","og_locale":"fr_FR","og_type":"article","og_title":"Le Podcast de l'AAINB: | AAINB | L\u2019Association des agents immobiliers du Nouveau-Brunswick","og_description":"Recevez vos actualit\u00e9s lors de vos d\u00e9placements gr\u00e2ce \u00e0 notre podcast,\u2019\u2019 NBREA News\u2019'. Vous trouverez des mises \u00e0 jour mensuelles, des informations sur l'\u00e9ducation, des interviews et plus encore!","og_url":"https:\/\/www.nbrea.ca\/fr\/media-inquiries\/nbrea-news-podcast-fr\/","og_site_name":"AAINB | L\u2019Association des agents immobiliers du Nouveau-Brunswick","article_publisher":"https:\/\/www.facebook.com\/NBREALTORS","article_modified_time":"2026-02-26T13:50:10+00:00","og_image":[{"width":1546,"height":390,"url":"https:\/\/www.nbrea.ca\/wp-content\/uploads\/2025\/02\/XXS-PMB-NEW-2025-BANNER-copy.png","type":"image\/png"}],"twitter_card":"summary_large_image","twitter_site":"@NBREALTORS","twitter_misc":{"Dur\u00e9e de lecture estim\u00e9e":"1 minute"},"schema":{"@context":"https:\/\/schema.org","@graph":[{"@type":"WebPage","@id":"https:\/\/www.nbrea.ca\/fr\/media-inquiries\/nbrea-news-podcast-fr\/","url":"https:\/\/www.nbrea.ca\/fr\/media-inquiries\/nbrea-news-podcast-fr\/","name":"Le Podcast de l'AAINB: | AAINB | L\u2019Association des agents immobiliers du Nouveau-Brunswick","isPartOf":{"@id":"https:\/\/www.nbrea.ca\/fr\/#website"},"primaryImageOfPage":{"@id":"https:\/\/www.nbrea.ca\/fr\/media-inquiries\/nbrea-news-podcast-fr\/#primaryimage"},"image":{"@id":"https:\/\/www.nbrea.ca\/fr\/media-inquiries\/nbrea-news-podcast-fr\/#primaryimage"},"thumbnailUrl":"https:\/\/www.nbrea.ca\/wp-content\/uploads\/2025\/02\/XXS-PMB-NEW-2025-BANNER-copy.png","datePublished":"2020-10-08T13:08:03+00:00","dateModified":"2026-02-26T13:50:10+00:00","description":"Recevez vos actualit\u00e9s lors de vos d\u00e9placements gr\u00e2ce \u00e0 notre podcast,\u2019\u2019 NBREA News\u2019'. Vous trouverez des mises \u00e0 jour mensuelles, des informations sur l'\u00e9ducation, des interviews et plus encore!","breadcrumb":{"@id":"https:\/\/www.nbrea.ca\/fr\/media-inquiries\/nbrea-news-podcast-fr\/#breadcrumb"},"inLanguage":"fr-FR","potentialAction":[{"@type":"ReadAction","target":["https:\/\/www.nbrea.ca\/fr\/media-inquiries\/nbrea-news-podcast-fr\/"]}]},{"@type":"ImageObject","inLanguage":"fr-FR","@id":"https:\/\/www.nbrea.ca\/fr\/media-inquiries\/nbrea-news-podcast-fr\/#primaryimage","url":"https:\/\/www.nbrea.ca\/wp-content\/uploads\/2025\/02\/XXS-PMB-NEW-2025-BANNER-copy.png","contentUrl":"https:\/\/www.nbrea.ca\/wp-content\/uploads\/2025\/02\/XXS-PMB-NEW-2025-BANNER-copy.png","width":1546,"height":390},{"@type":"BreadcrumbList","@id":"https:\/\/www.nbrea.ca\/fr\/media-inquiries\/nbrea-news-podcast-fr\/#breadcrumb","itemListElement":[{"@type":"ListItem","position":1,"name":"Home","item":"https:\/\/www.nbrea.ca\/fr\/"},{"@type":"ListItem","position":2,"name":"Requ\u00eates m\u00e9diatiques","item":"https:\/\/www.nbrea.ca\/fr\/media-inquiries\/"},{"@type":"ListItem","position":3,"name":"Le Podcast de l&#8217;AAINB:"}]},{"@type":"WebSite","@id":"https:\/\/www.nbrea.ca\/fr\/#website","url":"https:\/\/www.nbrea.ca\/fr\/","name":"AAINB | L\u2019Association des agents immobiliers du Nouveau-Brunswick","description":"","publisher":{"@id":"https:\/\/www.nbrea.ca\/fr\/#organization"},"potentialAction":[{"@type":"SearchAction","target":{"@type":"EntryPoint","urlTemplate":"https:\/\/www.nbrea.ca\/fr\/?s={search_term_string}"},"query-input":{"@type":"PropertyValueSpecification","valueRequired":true,"valueName":"search_term_string"}}],"inLanguage":"fr-FR"},{"@type":"Organization","@id":"https:\/\/www.nbrea.ca\/fr\/#organization","name":"NBREA - New Brunswick Real Estate Association","url":"https:\/\/www.nbrea.ca\/fr\/","logo":{"@type":"ImageObject","inLanguage":"fr-FR","@id":"https:\/\/www.nbrea.ca\/fr\/#\/schema\/logo\/image\/","url":"https:\/\/www.nbrea.ca\/wp-content\/uploads\/2020\/10\/NBREA_logo_version1.png","contentUrl":"https:\/\/www.nbrea.ca\/wp-content\/uploads\/2020\/10\/NBREA_logo_version1.png","width":2040,"height":657,"caption":"NBREA - New Brunswick Real Estate Association"},"image":{"@id":"https:\/\/www.nbrea.ca\/fr\/#\/schema\/logo\/image\/"},"sameAs":["https:\/\/www.facebook.com\/NBREALTORS","https:\/\/x.com\/NBREALTORS","https:\/\/www.instagram.com\/nbrea1\/","https:\/\/www.youtube.com\/channel\/UCcYr6HJ8LADBhtE_O6pxEZQ\/"]}]}},"_links":{"self":[{"href":"https:\/\/www.nbrea.ca\/fr\/wp-json\/wp\/v2\/pages\/2000","targetHints":{"allow":["GET"]}}],"collection":[{"href":"https:\/\/www.nbrea.ca\/fr\/wp-json\/wp\/v2\/pages"}],"about":[{"href":"https:\/\/www.nbrea.ca\/fr\/wp-json\/wp\/v2\/types\/page"}],"author":[{"embeddable":true,"href":"https:\/\/www.nbrea.ca\/fr\/wp-json\/wp\/v2\/users\/2"}],"replies":[{"embeddable":true,"href":"https:\/\/www.nbrea.ca\/fr\/wp-json\/wp\/v2\/comments?post=2000"}],"version-history":[{"count":30,"href":"https:\/\/www.nbrea.ca\/fr\/wp-json\/wp\/v2\/pages\/2000\/revisions"}],"predecessor-version":[{"id":7552,"href":"https:\/\/www.nbrea.ca\/fr\/wp-json\/wp\/v2\/pages\/2000\/revisions\/7552"}],"up":[{"embeddable":true,"href":"https:\/\/www.nbrea.ca\/fr\/wp-json\/wp\/v2\/pages\/2655"}],"wp:featuredmedia":[{"embeddable":true,"href":"https:\/\/www.nbrea.ca\/fr\/wp-json\/wp\/v2\/media\/6824"}],"wp:attachment":[{"href":"https:\/\/www.nbrea.ca\/fr\/wp-json\/wp\/v2\/media?parent=2000"}],"curies":[{"name":"wp","href":"https:\/\/api.w.org\/{rel}","templated":true}]}}