{"id":2906,"date":"2020-11-02T15:03:22","date_gmt":"2020-11-02T18:03:22","guid":{"rendered":"https:\/\/www.nbrea.ca\/?page_id=2906"},"modified":"2026-02-27T12:32:35","modified_gmt":"2026-02-27T15:32:35","slug":"register-to-ple-practicum-and-exam-fr","status":"publish","type":"page","link":"https:\/\/www.nbrea.ca\/fr\/register-to-ple-practicum-and-exam-fr\/","title":{"rendered":"Register to PLE Practicum and Exam-FR"},"content":{"rendered":"<div class=\"base-section\"><div class=\"container\">\n<h1 class=\"wp-block-heading\">Inscrivez-vous au stage ou \u00e0 l&rsquo;examen pr\u00e9alable \u00e0 l&rsquo;obtention d&rsquo;une license<\/h1>\n<\/div><\/div>\n\n\n<div style=\"height:20px\" aria-hidden=\"true\" class=\"wp-block-spacer\"><\/div>\n\n\n<div class=\"base-section\"><div class=\"container\">\n<p>Le stage est soumis \u00e0 une pr\u00e9-inscription.<\/p>\n<\/div><\/div>\n\n<div class=\"base-section\"><div class=\"container\">\n<ul class=\"wp-block-list\">\n<li>L\u2019inscription au stage pratique et \u00e0 l\u2019examen est assujettie \u00e0 la confirmation de l\u2019inscription au cours pr\u00e9alable \u00e0 l\u2019obtention du permis ou au cours d\u2019agent\/gestionnaire.<\/li>\n\n\n\n<li>L\u2019inscription doit se faire au moins un mois avant le d\u00e9but de chaque stage en raison du nombre de places limit\u00e9.<\/li>\n\n\n\n<li>Les stages pratiques se d\u00e9roulent uniquement en ligne, tandis que les examens ont lieu en personne \u00e0 Fredericton.<\/li>\n\n\n\n<li>Pour vous inscrire \u00e0 un stage pratique ou pour planifier votre examen, veuillez communiquer par courriel ou par t\u00e9l\u00e9phone au 506-459-8055, poste 109, ou <a>educationassistant@nbrea.ca<\/a>.<\/li>\n\n\n\n<li>Les stages pratiques seront offerts en format virtuel sur demande, \u00e0 l\u2019exception du mois de d\u00e9cembre.<\/li>\n<\/ul>\n<\/div><\/div>\n\n<div class=\"base-section\"><div class=\"container\">\n<p style=\"font-size:26px\"><strong>&nbsp;<\/strong><\/p>\n<\/div><\/div>\n\n\n<div class=\"wp-block-group\"><div class=\"wp-block-group__inner-container is-layout-flow wp-block-group-is-layout-flow\">\n<div class=\"wp-block-columns is-layout-flex wp-container-core-columns-is-layout-1 wp-block-columns-is-layout-flex\">\n<div class=\"wp-block-column is-vertically-aligned-top is-layout-flow wp-block-column-is-layout-flow\" style=\"flex-basis:100%\"><\/div>\n<\/div>\n<\/div><\/div>\n\n\n<div class=\"base-section\"><div class=\"container\">\n<p><\/p>\n<\/div><\/div>\n\n\n<div style=\"height:79px\" aria-hidden=\"true\" class=\"wp-block-spacer\"><\/div>\n","protected":false},"excerpt":{"rendered":"<p>Inscrivez-vous au stage ou \u00e0 l&rsquo;examen pr\u00e9alable \u00e0 l&rsquo;obtention d&rsquo;une license Le stage est soumis \u00e0 une pr\u00e9-inscription. &nbsp;<\/p>\n","protected":false},"author":2,"featured_media":1610,"parent":0,"menu_order":0,"comment_status":"closed","ping_status":"closed","template":"","meta":{"_acf_changed":false,"inline_featured_image":false,"footnotes":""},"class_list":["post-2906","page","type-page","status-publish","has-post-thumbnail","hentry"],"acf":[],"yoast_head":"<!-- This site is optimized with the Yoast SEO plugin v24.3 - https:\/\/yoast.com\/wordpress\/plugins\/seo\/ -->\n<title>Register to PLE Practicum and Exam-FR | AAINB | L\u2019Association des agents immobiliers du Nouveau-Brunswick<\/title>\n<meta name=\"description\" content=\"Inscrivez-vous au stage ou \u00e0 l&#039;examen pr\u00e9alable \u00e8 l\u2019obtention de la licence. Le stage est sujet \u00e0 une pr\u00e9-inscription. Pour plus d&#039;informations, envoyez un courriel \u00e0 info@nbrea.ca\" \/>\n<meta name=\"robots\" content=\"index, follow, max-snippet:-1, max-image-preview:large, max-video-preview:-1\" \/>\n<link rel=\"canonical\" href=\"https:\/\/www.nbrea.ca\/fr\/register-to-ple-practicum-and-exam-fr\/\" \/>\n<meta property=\"og:locale\" content=\"fr_FR\" \/>\n<meta property=\"og:type\" content=\"article\" \/>\n<meta property=\"og:title\" content=\"Register to PLE Practicum and Exam-FR | AAINB | L\u2019Association des agents immobiliers du Nouveau-Brunswick\" \/>\n<meta property=\"og:description\" content=\"Inscrivez-vous au stage ou \u00e0 l&#039;examen pr\u00e9alable \u00e8 l\u2019obtention de la licence. Le stage est sujet \u00e0 une pr\u00e9-inscription. Pour plus d&#039;informations, envoyez un courriel \u00e0 info@nbrea.ca\" \/>\n<meta property=\"og:url\" content=\"https:\/\/www.nbrea.ca\/fr\/register-to-ple-practicum-and-exam-fr\/\" \/>\n<meta property=\"og:site_name\" content=\"AAINB | L\u2019Association des agents immobiliers du Nouveau-Brunswick\" \/>\n<meta property=\"article:publisher\" content=\"https:\/\/www.facebook.com\/NBREALTORS\" \/>\n<meta property=\"article:modified_time\" content=\"2026-02-27T15:32:35+00:00\" \/>\n<meta property=\"og:image\" content=\"https:\/\/www.nbrea.ca\/wp-content\/uploads\/2020\/10\/tyler-franta-iusJ25iYu1c-unsplash.jpg\" \/>\n\t<meta property=\"og:image:width\" content=\"2048\" \/>\n\t<meta property=\"og:image:height\" content=\"1368\" \/>\n\t<meta property=\"og:image:type\" content=\"image\/jpeg\" \/>\n<meta name=\"twitter:card\" content=\"summary_large_image\" \/>\n<meta name=\"twitter:site\" content=\"@NBREALTORS\" \/>\n<meta name=\"twitter:label1\" content=\"Dur\u00e9e de lecture estim\u00e9e\" \/>\n\t<meta name=\"twitter:data1\" content=\"1 minute\" \/>\n<script type=\"application\/ld+json\" class=\"yoast-schema-graph\">{\"@context\":\"https:\/\/schema.org\",\"@graph\":[{\"@type\":\"WebPage\",\"@id\":\"https:\/\/www.nbrea.ca\/fr\/register-to-ple-practicum-and-exam-fr\/\",\"url\":\"https:\/\/www.nbrea.ca\/fr\/register-to-ple-practicum-and-exam-fr\/\",\"name\":\"Register to PLE Practicum and Exam-FR | AAINB | L\u2019Association des agents immobiliers du Nouveau-Brunswick\",\"isPartOf\":{\"@id\":\"https:\/\/www.nbrea.ca\/fr\/#website\"},\"primaryImageOfPage\":{\"@id\":\"https:\/\/www.nbrea.ca\/fr\/register-to-ple-practicum-and-exam-fr\/#primaryimage\"},\"image\":{\"@id\":\"https:\/\/www.nbrea.ca\/fr\/register-to-ple-practicum-and-exam-fr\/#primaryimage\"},\"thumbnailUrl\":\"https:\/\/www.nbrea.ca\/wp-content\/uploads\/2020\/10\/tyler-franta-iusJ25iYu1c-unsplash.jpg\",\"datePublished\":\"2020-11-02T18:03:22+00:00\",\"dateModified\":\"2026-02-27T15:32:35+00:00\",\"description\":\"Inscrivez-vous au stage ou \u00e0 l'examen pr\u00e9alable \u00e8 l\u2019obtention de la licence. Le stage est sujet \u00e0 une pr\u00e9-inscription. Pour plus d'informations, envoyez un courriel \u00e0 info@nbrea.ca\",\"breadcrumb\":{\"@id\":\"https:\/\/www.nbrea.ca\/fr\/register-to-ple-practicum-and-exam-fr\/#breadcrumb\"},\"inLanguage\":\"fr-FR\",\"potentialAction\":[{\"@type\":\"ReadAction\",\"target\":[\"https:\/\/www.nbrea.ca\/fr\/register-to-ple-practicum-and-exam-fr\/\"]}]},{\"@type\":\"ImageObject\",\"inLanguage\":\"fr-FR\",\"@id\":\"https:\/\/www.nbrea.ca\/fr\/register-to-ple-practicum-and-exam-fr\/#primaryimage\",\"url\":\"https:\/\/www.nbrea.ca\/wp-content\/uploads\/2020\/10\/tyler-franta-iusJ25iYu1c-unsplash.jpg\",\"contentUrl\":\"https:\/\/www.nbrea.ca\/wp-content\/uploads\/2020\/10\/tyler-franta-iusJ25iYu1c-unsplash.jpg\",\"width\":2048,\"height\":1368},{\"@type\":\"BreadcrumbList\",\"@id\":\"https:\/\/www.nbrea.ca\/fr\/register-to-ple-practicum-and-exam-fr\/#breadcrumb\",\"itemListElement\":[{\"@type\":\"ListItem\",\"position\":1,\"name\":\"Home\",\"item\":\"https:\/\/www.nbrea.ca\/fr\/\"},{\"@type\":\"ListItem\",\"position\":2,\"name\":\"Register to PLE Practicum and Exam-FR\"}]},{\"@type\":\"WebSite\",\"@id\":\"https:\/\/www.nbrea.ca\/fr\/#website\",\"url\":\"https:\/\/www.nbrea.ca\/fr\/\",\"name\":\"AAINB | L\u2019Association des agents immobiliers du Nouveau-Brunswick\",\"description\":\"\",\"publisher\":{\"@id\":\"https:\/\/www.nbrea.ca\/fr\/#organization\"},\"potentialAction\":[{\"@type\":\"SearchAction\",\"target\":{\"@type\":\"EntryPoint\",\"urlTemplate\":\"https:\/\/www.nbrea.ca\/fr\/?s={search_term_string}\"},\"query-input\":{\"@type\":\"PropertyValueSpecification\",\"valueRequired\":true,\"valueName\":\"search_term_string\"}}],\"inLanguage\":\"fr-FR\"},{\"@type\":\"Organization\",\"@id\":\"https:\/\/www.nbrea.ca\/fr\/#organization\",\"name\":\"NBREA - New Brunswick Real Estate Association\",\"url\":\"https:\/\/www.nbrea.ca\/fr\/\",\"logo\":{\"@type\":\"ImageObject\",\"inLanguage\":\"fr-FR\",\"@id\":\"https:\/\/www.nbrea.ca\/fr\/#\/schema\/logo\/image\/\",\"url\":\"https:\/\/www.nbrea.ca\/wp-content\/uploads\/2020\/10\/NBREA_logo_version1.png\",\"contentUrl\":\"https:\/\/www.nbrea.ca\/wp-content\/uploads\/2020\/10\/NBREA_logo_version1.png\",\"width\":2040,\"height\":657,\"caption\":\"NBREA - New Brunswick Real Estate Association\"},\"image\":{\"@id\":\"https:\/\/www.nbrea.ca\/fr\/#\/schema\/logo\/image\/\"},\"sameAs\":[\"https:\/\/www.facebook.com\/NBREALTORS\",\"https:\/\/x.com\/NBREALTORS\",\"https:\/\/www.instagram.com\/nbrea1\/\",\"https:\/\/www.youtube.com\/channel\/UCcYr6HJ8LADBhtE_O6pxEZQ\/\"]}]}<\/script>\n<!-- \/ Yoast SEO plugin. -->","yoast_head_json":{"title":"Register to PLE Practicum and Exam-FR | AAINB | L\u2019Association des agents immobiliers du Nouveau-Brunswick","description":"Inscrivez-vous au stage ou \u00e0 l'examen pr\u00e9alable \u00e8 l\u2019obtention de la licence. Le stage est sujet \u00e0 une pr\u00e9-inscription. Pour plus d'informations, envoyez un courriel \u00e0 info@nbrea.ca","robots":{"index":"index","follow":"follow","max-snippet":"max-snippet:-1","max-image-preview":"max-image-preview:large","max-video-preview":"max-video-preview:-1"},"canonical":"https:\/\/www.nbrea.ca\/fr\/register-to-ple-practicum-and-exam-fr\/","og_locale":"fr_FR","og_type":"article","og_title":"Register to PLE Practicum and Exam-FR | AAINB | L\u2019Association des agents immobiliers du Nouveau-Brunswick","og_description":"Inscrivez-vous au stage ou \u00e0 l'examen pr\u00e9alable \u00e8 l\u2019obtention de la licence. Le stage est sujet \u00e0 une pr\u00e9-inscription. Pour plus d'informations, envoyez un courriel \u00e0 info@nbrea.ca","og_url":"https:\/\/www.nbrea.ca\/fr\/register-to-ple-practicum-and-exam-fr\/","og_site_name":"AAINB | L\u2019Association des agents immobiliers du Nouveau-Brunswick","article_publisher":"https:\/\/www.facebook.com\/NBREALTORS","article_modified_time":"2026-02-27T15:32:35+00:00","og_image":[{"width":2048,"height":1368,"url":"https:\/\/www.nbrea.ca\/wp-content\/uploads\/2020\/10\/tyler-franta-iusJ25iYu1c-unsplash.jpg","type":"image\/jpeg"}],"twitter_card":"summary_large_image","twitter_site":"@NBREALTORS","twitter_misc":{"Dur\u00e9e de lecture estim\u00e9e":"1 minute"},"schema":{"@context":"https:\/\/schema.org","@graph":[{"@type":"WebPage","@id":"https:\/\/www.nbrea.ca\/fr\/register-to-ple-practicum-and-exam-fr\/","url":"https:\/\/www.nbrea.ca\/fr\/register-to-ple-practicum-and-exam-fr\/","name":"Register to PLE Practicum and Exam-FR | AAINB | L\u2019Association des agents immobiliers du Nouveau-Brunswick","isPartOf":{"@id":"https:\/\/www.nbrea.ca\/fr\/#website"},"primaryImageOfPage":{"@id":"https:\/\/www.nbrea.ca\/fr\/register-to-ple-practicum-and-exam-fr\/#primaryimage"},"image":{"@id":"https:\/\/www.nbrea.ca\/fr\/register-to-ple-practicum-and-exam-fr\/#primaryimage"},"thumbnailUrl":"https:\/\/www.nbrea.ca\/wp-content\/uploads\/2020\/10\/tyler-franta-iusJ25iYu1c-unsplash.jpg","datePublished":"2020-11-02T18:03:22+00:00","dateModified":"2026-02-27T15:32:35+00:00","description":"Inscrivez-vous au stage ou \u00e0 l'examen pr\u00e9alable \u00e8 l\u2019obtention de la licence. Le stage est sujet \u00e0 une pr\u00e9-inscription. Pour plus d'informations, envoyez un courriel \u00e0 info@nbrea.ca","breadcrumb":{"@id":"https:\/\/www.nbrea.ca\/fr\/register-to-ple-practicum-and-exam-fr\/#breadcrumb"},"inLanguage":"fr-FR","potentialAction":[{"@type":"ReadAction","target":["https:\/\/www.nbrea.ca\/fr\/register-to-ple-practicum-and-exam-fr\/"]}]},{"@type":"ImageObject","inLanguage":"fr-FR","@id":"https:\/\/www.nbrea.ca\/fr\/register-to-ple-practicum-and-exam-fr\/#primaryimage","url":"https:\/\/www.nbrea.ca\/wp-content\/uploads\/2020\/10\/tyler-franta-iusJ25iYu1c-unsplash.jpg","contentUrl":"https:\/\/www.nbrea.ca\/wp-content\/uploads\/2020\/10\/tyler-franta-iusJ25iYu1c-unsplash.jpg","width":2048,"height":1368},{"@type":"BreadcrumbList","@id":"https:\/\/www.nbrea.ca\/fr\/register-to-ple-practicum-and-exam-fr\/#breadcrumb","itemListElement":[{"@type":"ListItem","position":1,"name":"Home","item":"https:\/\/www.nbrea.ca\/fr\/"},{"@type":"ListItem","position":2,"name":"Register to PLE Practicum and Exam-FR"}]},{"@type":"WebSite","@id":"https:\/\/www.nbrea.ca\/fr\/#website","url":"https:\/\/www.nbrea.ca\/fr\/","name":"AAINB | L\u2019Association des agents immobiliers du Nouveau-Brunswick","description":"","publisher":{"@id":"https:\/\/www.nbrea.ca\/fr\/#organization"},"potentialAction":[{"@type":"SearchAction","target":{"@type":"EntryPoint","urlTemplate":"https:\/\/www.nbrea.ca\/fr\/?s={search_term_string}"},"query-input":{"@type":"PropertyValueSpecification","valueRequired":true,"valueName":"search_term_string"}}],"inLanguage":"fr-FR"},{"@type":"Organization","@id":"https:\/\/www.nbrea.ca\/fr\/#organization","name":"NBREA - New Brunswick Real Estate Association","url":"https:\/\/www.nbrea.ca\/fr\/","logo":{"@type":"ImageObject","inLanguage":"fr-FR","@id":"https:\/\/www.nbrea.ca\/fr\/#\/schema\/logo\/image\/","url":"https:\/\/www.nbrea.ca\/wp-content\/uploads\/2020\/10\/NBREA_logo_version1.png","contentUrl":"https:\/\/www.nbrea.ca\/wp-content\/uploads\/2020\/10\/NBREA_logo_version1.png","width":2040,"height":657,"caption":"NBREA - New Brunswick Real Estate Association"},"image":{"@id":"https:\/\/www.nbrea.ca\/fr\/#\/schema\/logo\/image\/"},"sameAs":["https:\/\/www.facebook.com\/NBREALTORS","https:\/\/x.com\/NBREALTORS","https:\/\/www.instagram.com\/nbrea1\/","https:\/\/www.youtube.com\/channel\/UCcYr6HJ8LADBhtE_O6pxEZQ\/"]}]}},"_links":{"self":[{"href":"https:\/\/www.nbrea.ca\/fr\/wp-json\/wp\/v2\/pages\/2906","targetHints":{"allow":["GET"]}}],"collection":[{"href":"https:\/\/www.nbrea.ca\/fr\/wp-json\/wp\/v2\/pages"}],"about":[{"href":"https:\/\/www.nbrea.ca\/fr\/wp-json\/wp\/v2\/types\/page"}],"author":[{"embeddable":true,"href":"https:\/\/www.nbrea.ca\/fr\/wp-json\/wp\/v2\/users\/2"}],"replies":[{"embeddable":true,"href":"https:\/\/www.nbrea.ca\/fr\/wp-json\/wp\/v2\/comments?post=2906"}],"version-history":[{"count":27,"href":"https:\/\/www.nbrea.ca\/fr\/wp-json\/wp\/v2\/pages\/2906\/revisions"}],"predecessor-version":[{"id":7563,"href":"https:\/\/www.nbrea.ca\/fr\/wp-json\/wp\/v2\/pages\/2906\/revisions\/7563"}],"wp:featuredmedia":[{"embeddable":true,"href":"https:\/\/www.nbrea.ca\/fr\/wp-json\/wp\/v2\/media\/1610"}],"wp:attachment":[{"href":"https:\/\/www.nbrea.ca\/fr\/wp-json\/wp\/v2\/media?parent=2906"}],"curies":[{"name":"wp","href":"https:\/\/api.w.org\/{rel}","templated":true}]}}