{"id":2994,"date":"2020-11-03T12:59:00","date_gmt":"2020-11-03T15:59:00","guid":{"rendered":"https:\/\/www.nbrea.ca\/?page_id=2994"},"modified":"2025-02-11T12:03:06","modified_gmt":"2025-02-11T15:03:06","slug":"fr-about-the-office-of-the-registrar","status":"publish","type":"page","link":"https:\/\/www.nbrea.ca\/fr\/fr-about-the-office-of-the-registrar\/","title":{"rendered":"\u00c0 propos du Bureau du Registraire"},"content":{"rendered":"<div class=\"base-section\"><div class=\"container\">\n<figure class=\"wp-block-image aligncenter size-large is-resized\"><img decoding=\"async\" width=\"1024\" height=\"263\" src=\"https:\/\/www.nbrea.ca\/wp-content\/uploads\/2025\/02\/XS-CROP-NBREA-logosF_02-1024x263.jpg\" alt=\"\" class=\"wp-image-6775\" style=\"width:435px;height:127px\" srcset=\"https:\/\/www.nbrea.ca\/wp-content\/uploads\/2025\/02\/XS-CROP-NBREA-logosF_02-1024x263.jpg 1024w, https:\/\/www.nbrea.ca\/wp-content\/uploads\/2025\/02\/XS-CROP-NBREA-logosF_02-300x77.jpg 300w, https:\/\/www.nbrea.ca\/wp-content\/uploads\/2025\/02\/XS-CROP-NBREA-logosF_02-768x197.jpg 768w, https:\/\/www.nbrea.ca\/wp-content\/uploads\/2025\/02\/XS-CROP-NBREA-logosF_02.jpg 1056w\" sizes=\"(max-width: 1024px) 100vw, 1024px\" \/><\/figure>\n<\/div><\/div>\n\n\n<div style=\"height:68px\" aria-hidden=\"true\" class=\"wp-block-spacer\"><\/div>\n\n\n<div class=\"base-section\"><div class=\"container\">\n<h1 class=\"wp-block-heading has-text-color\" style=\"color:#681411\">\u00c0 propos du Bureau du Registraire<\/h1>\n<\/div><\/div>\n\n\n<div style=\"height:20px\" aria-hidden=\"true\" class=\"wp-block-spacer\"><\/div>\n\n\n<div class=\"base-section\"><div class=\"container\">\n<p class=\"has-text-align-left\">Le Nouveau-Brunswick a un mod\u00e8le de cor\u00e9glementation pour superviser le secteur de l&rsquo;immobilier. Le r\u00f4le de r\u00e9glementation est rempli par le bureau du registraire de l&rsquo;AAINB en collaboration avec la Commission des services financiers et des services aux consommateurs.<br><\/p>\n<\/div><\/div>\n\n<div class=\"base-section\"><div class=\"container\">\n<h3 class=\"wp-block-heading has-text-color\" style=\"color:#681411\">Vous avez une plainte?<\/h3>\n<\/div><\/div>\n\n\n<div style=\"height:20px\" aria-hidden=\"true\" class=\"wp-block-spacer\"><\/div>\n\n\n<div class=\"base-section\"><div class=\"container\">\n<p>Toute personne peut d\u00e9poser une plainte pour faute professionnelle ou incomp\u00e9tence contre un membre de l\u2019Association des agents immobiliers du Nouveau-Brunswick (AAINB). Il n\u2019y a pas de frais pour d\u00e9poser une plainte, mais pour \u00eatre examin\u00e9e, celle-ci doit \u00eatre faite par \u00e9crit en remplissant un formulaire qu\u2019il faut signer. <\/p>\n<\/div><\/div>\n\n<div class=\"base-section\"><div class=\"container\">\n<p>Pour en savoir plus sur le d\u00e9p\u00f4t d\u2019une plainte et la proc\u00e9dure correspondante, <a href=\"https:\/\/www.nbrea.ca\/wp-content\/uploads\/2025\/01\/CDBrochure_FRE-2025.pdf\" target=\"_blank\" rel=\"noreferrer noopener\">cliquez sur ce lien<\/a> ou communiquez avec le registraire pour prendre connaissance de vos options.<strong> <\/strong><\/p>\n<\/div><\/div>\n\n<div class=\"base-section\"><div class=\"container\">\n<p id=\"tw-target-text\">Bureau du registraire <br>22 rue Durelle, unit\u00e9 1 <br>Fredericton, N-B  E3C 0G2 <br>T\u00e9l\u00e9phone: (506) 459-8055 or 1-800-762-1677 <br><a href=\"mailto:complaints-plaintes@nbrea.ca\">complaints-plaintes@nbrea.ca<\/a><\/p>\n<\/div><\/div>\n\n<div class=\"base-section\"><div class=\"container\">\n<p><em><em>Les comp\u00e9tences de l\u2019AAINB se limitent aux questions disciplinaires relatives \u00e0 une faute professionnelle et \u00e0 l\u2019incomp\u00e9tence, conform\u00e9ment \u00e0 la <a href=\"https:\/\/www.nbrea.ca\/wp-content\/uploads\/2020\/11\/Act-to-Incorporate-NBREA-English-and-French.pdf\" target=\"_blank\" rel=\"noreferrer noopener\">Loi<\/a>, et l\u2019Association doit se conformer \u00e0 ce cadre l\u00e9gislatif.<\/em><\/em><\/p>\n<\/div><\/div>\n\n<div class=\"base-section\"><div class=\"container\">\n<h3 class=\"wp-block-heading has-text-color\" style=\"color:#681411\">R\u00e9sultats possibles<\/h3>\n<\/div><\/div>\n\n\n<div style=\"height:20px\" aria-hidden=\"true\" class=\"wp-block-spacer\"><\/div>\n\n\n<div class=\"base-section\"><div class=\"container\">\n<p>Si le comit\u00e9 de discipline d\u00e9termine qu\u2019il y a eu faute professionnelle ou incomp\u00e9tence, il a le pouvoir d\u2019imposer des mesures disciplinaires, y compris&nbsp;:<\/p>\n<\/div><\/div>\n\n<div class=\"base-section\"><div class=\"container\">\n<ul class=\"wp-block-list\">\n<li>Suspension ou r\u00e9vocation de l\u2019adh\u00e9sion \u00e0 l\u2019AAINB<\/li>\n\n\n\n<li>Amendes allant jusqu\u2019\u00e0 5&nbsp;000&nbsp;$<\/li>\n\n\n\n<li>Recouvrement des co\u00fbts associ\u00e9s \u00e0 l\u2019enqu\u00eate et \u00e0 la poursuite de la plainte<\/li>\n\n\n\n<li>Exigences en mati\u00e8re de formation<\/li>\n<\/ul>\n<\/div><\/div>\n\n\n\t<div class=\"container\">\n\t\t<div class=\"cards-block\">\n\t\t\t\t\t\t\t<div class=\"card-item\">\n\t\t\t\t\t\t\t\t\t\t\t<img decoding=\"async\" src=\"https:\/\/www.nbrea.ca\/wp-content\/uploads\/2020\/10\/alvaro-serrano-hjwKMkehBco-unsplash-550x550.jpg\" alt=\"\" >\n\t\t\t\t\t\t\t\t\t\t<div class=\"text-holder\">\n\t\t\t\t\t\t\t\t\t\t\t\t\t<h2>Cliquez pour t\u00e9l\u00e9charger le formulaire de plainte<\/h2>\n\t\t\t\t\t\t\t\t\t\t\t<\/div>\n\t\t\t\t\t\t\t\t\t\t\t<a href=\"https:\/\/www.nbrea.ca\/wp-content\/uploads\/2024\/10\/Formulaire-de-Plainte-lAAINB.pdf\"><\/a>\n\t\t\t\t\t\t\t\t\t<\/div>\n\t\t\t\t\t\t\t<div class=\"card-item\">\n\t\t\t\t\t\t\t\t\t\t\t<img decoding=\"async\" src=\"https:\/\/www.nbrea.ca\/wp-content\/uploads\/2020\/09\/nick-morrison-FHnnjk1Yj7Y-unsplash-550x550.jpg\" alt=\"\" >\n\t\t\t\t\t\t\t\t\t\t<div class=\"text-holder\">\n\t\t\t\t\t\t\t\t\t\t\t\t\t<h2>En savoir plus sur le traitement des plaintes<\/h2>\n\t\t\t\t\t\t\t\t\t\t\t<\/div>\n\t\t\t\t\t\t\t\t\t\t\t<a href=\"https:\/\/www.nbrea.ca\/fr\/complaint-form-fr\/\"><\/a>\n\t\t\t\t\t\t\t\t\t<\/div>\n\t\t\t\t\t\t\t<div class=\"card-item\">\n\t\t\t\t\t\t\t\t\t\t\t<img decoding=\"async\" src=\"https:\/\/www.nbrea.ca\/wp-content\/uploads\/2020\/08\/img-6.jpg\" alt=\"\" >\n\t\t\t\t\t\t\t\t\t\t<div class=\"text-holder\">\n\t\t\t\t\t\t\t\t\t\t\t\t\t<h2>En savoir plus sur la proc\u00e9dure de plainte et de discipline<\/h2>\n\t\t\t\t\t\t\t\t\t\t\t<\/div>\n\t\t\t\t\t\t\t\t\t\t\t<a href=\"https:\/\/www.nbrea.ca\/fr\/complaint-and-discipline-procedure\/\"><\/a>\n\t\t\t\t\t\t\t\t\t<\/div>\n\t\t\t\t\t<\/div>\n\t<\/div>\n\n\n<div class=\"base-section\"><div class=\"container\">\n<p><\/p>\n<\/div><\/div>","protected":false},"excerpt":{"rendered":"<p>\u00c0 propos du Bureau du Registraire Le Nouveau-Brunswick a un mod\u00e8le de cor\u00e9glementation pour superviser le secteur de l&rsquo;immobilier. Le r\u00f4le de r\u00e9glementation est rempli par le bureau du registraire de l&rsquo;AAINB en collaboration avec la Commission des services financiers et des services aux consommateurs. Vous avez une plainte? Toute personne peut d\u00e9poser une plainte [&hellip;]<\/p>\n","protected":false},"author":2,"featured_media":1348,"parent":0,"menu_order":0,"comment_status":"closed","ping_status":"closed","template":"","meta":{"_acf_changed":false,"inline_featured_image":false,"footnotes":""},"class_list":["post-2994","page","type-page","status-publish","has-post-thumbnail","hentry"],"acf":[],"yoast_head":"<!-- This site is optimized with the Yoast SEO plugin v24.3 - https:\/\/yoast.com\/wordpress\/plugins\/seo\/ -->\n<title>\u00c0 propos du Bureau du Registraire | AAINB | L\u2019Association des agents immobiliers du Nouveau-Brunswick<\/title>\n<meta name=\"description\" content=\"Le Bureau du registraire de l\u2019AAINB remplit la fonction de r\u00e9glementation en collaboration avec la Commission des services financiers et des services aux consommateurs.\" \/>\n<meta name=\"robots\" content=\"index, follow, max-snippet:-1, max-image-preview:large, max-video-preview:-1\" \/>\n<link rel=\"canonical\" href=\"https:\/\/www.nbrea.ca\/fr\/fr-about-the-office-of-the-registrar\/\" \/>\n<meta property=\"og:locale\" content=\"fr_FR\" \/>\n<meta property=\"og:type\" content=\"article\" \/>\n<meta property=\"og:title\" content=\"\u00c0 propos du Bureau du Registraire | AAINB | L\u2019Association des agents immobiliers du Nouveau-Brunswick\" \/>\n<meta property=\"og:description\" content=\"Le Bureau du registraire de l\u2019AAINB remplit la fonction de r\u00e9glementation en collaboration avec la Commission des services financiers et des services aux consommateurs.\" \/>\n<meta property=\"og:url\" content=\"https:\/\/www.nbrea.ca\/fr\/fr-about-the-office-of-the-registrar\/\" \/>\n<meta property=\"og:site_name\" content=\"AAINB | L\u2019Association des agents immobiliers du Nouveau-Brunswick\" \/>\n<meta property=\"article:publisher\" content=\"https:\/\/www.facebook.com\/NBREALTORS\" \/>\n<meta property=\"article:modified_time\" content=\"2025-02-11T15:03:06+00:00\" \/>\n<meta property=\"og:image\" content=\"https:\/\/www.nbrea.ca\/wp-content\/uploads\/2020\/09\/jonas-jacobsson-0FRJ2SCuY4k-unsplash.jpg\" \/>\n\t<meta property=\"og:image:width\" content=\"2048\" \/>\n\t<meta property=\"og:image:height\" content=\"1366\" \/>\n\t<meta property=\"og:image:type\" content=\"image\/jpeg\" \/>\n<meta name=\"twitter:card\" content=\"summary_large_image\" \/>\n<meta name=\"twitter:site\" content=\"@NBREALTORS\" \/>\n<meta name=\"twitter:label1\" content=\"Dur\u00e9e de lecture estim\u00e9e\" \/>\n\t<meta name=\"twitter:data1\" content=\"2 minutes\" \/>\n<script type=\"application\/ld+json\" class=\"yoast-schema-graph\">{\"@context\":\"https:\/\/schema.org\",\"@graph\":[{\"@type\":\"WebPage\",\"@id\":\"https:\/\/www.nbrea.ca\/fr\/fr-about-the-office-of-the-registrar\/\",\"url\":\"https:\/\/www.nbrea.ca\/fr\/fr-about-the-office-of-the-registrar\/\",\"name\":\"\u00c0 propos du Bureau du Registraire | AAINB | L\u2019Association des agents immobiliers du Nouveau-Brunswick\",\"isPartOf\":{\"@id\":\"https:\/\/www.nbrea.ca\/fr\/#website\"},\"primaryImageOfPage\":{\"@id\":\"https:\/\/www.nbrea.ca\/fr\/fr-about-the-office-of-the-registrar\/#primaryimage\"},\"image\":{\"@id\":\"https:\/\/www.nbrea.ca\/fr\/fr-about-the-office-of-the-registrar\/#primaryimage\"},\"thumbnailUrl\":\"https:\/\/www.nbrea.ca\/wp-content\/uploads\/2020\/09\/jonas-jacobsson-0FRJ2SCuY4k-unsplash.jpg\",\"datePublished\":\"2020-11-03T15:59:00+00:00\",\"dateModified\":\"2025-02-11T15:03:06+00:00\",\"description\":\"Le Bureau du registraire de l\u2019AAINB remplit la fonction de r\u00e9glementation en collaboration avec la Commission des services financiers et des services aux consommateurs.\",\"breadcrumb\":{\"@id\":\"https:\/\/www.nbrea.ca\/fr\/fr-about-the-office-of-the-registrar\/#breadcrumb\"},\"inLanguage\":\"fr-FR\",\"potentialAction\":[{\"@type\":\"ReadAction\",\"target\":[\"https:\/\/www.nbrea.ca\/fr\/fr-about-the-office-of-the-registrar\/\"]}]},{\"@type\":\"ImageObject\",\"inLanguage\":\"fr-FR\",\"@id\":\"https:\/\/www.nbrea.ca\/fr\/fr-about-the-office-of-the-registrar\/#primaryimage\",\"url\":\"https:\/\/www.nbrea.ca\/wp-content\/uploads\/2020\/09\/jonas-jacobsson-0FRJ2SCuY4k-unsplash.jpg\",\"contentUrl\":\"https:\/\/www.nbrea.ca\/wp-content\/uploads\/2020\/09\/jonas-jacobsson-0FRJ2SCuY4k-unsplash.jpg\",\"width\":2048,\"height\":1366},{\"@type\":\"BreadcrumbList\",\"@id\":\"https:\/\/www.nbrea.ca\/fr\/fr-about-the-office-of-the-registrar\/#breadcrumb\",\"itemListElement\":[{\"@type\":\"ListItem\",\"position\":1,\"name\":\"Home\",\"item\":\"https:\/\/www.nbrea.ca\/fr\/\"},{\"@type\":\"ListItem\",\"position\":2,\"name\":\"\u00c0 propos du Bureau du Registraire\"}]},{\"@type\":\"WebSite\",\"@id\":\"https:\/\/www.nbrea.ca\/fr\/#website\",\"url\":\"https:\/\/www.nbrea.ca\/fr\/\",\"name\":\"AAINB | L\u2019Association des agents immobiliers du Nouveau-Brunswick\",\"description\":\"\",\"publisher\":{\"@id\":\"https:\/\/www.nbrea.ca\/fr\/#organization\"},\"potentialAction\":[{\"@type\":\"SearchAction\",\"target\":{\"@type\":\"EntryPoint\",\"urlTemplate\":\"https:\/\/www.nbrea.ca\/fr\/?s={search_term_string}\"},\"query-input\":{\"@type\":\"PropertyValueSpecification\",\"valueRequired\":true,\"valueName\":\"search_term_string\"}}],\"inLanguage\":\"fr-FR\"},{\"@type\":\"Organization\",\"@id\":\"https:\/\/www.nbrea.ca\/fr\/#organization\",\"name\":\"NBREA - New Brunswick Real Estate Association\",\"url\":\"https:\/\/www.nbrea.ca\/fr\/\",\"logo\":{\"@type\":\"ImageObject\",\"inLanguage\":\"fr-FR\",\"@id\":\"https:\/\/www.nbrea.ca\/fr\/#\/schema\/logo\/image\/\",\"url\":\"https:\/\/www.nbrea.ca\/wp-content\/uploads\/2020\/10\/NBREA_logo_version1.png\",\"contentUrl\":\"https:\/\/www.nbrea.ca\/wp-content\/uploads\/2020\/10\/NBREA_logo_version1.png\",\"width\":2040,\"height\":657,\"caption\":\"NBREA - New Brunswick Real Estate Association\"},\"image\":{\"@id\":\"https:\/\/www.nbrea.ca\/fr\/#\/schema\/logo\/image\/\"},\"sameAs\":[\"https:\/\/www.facebook.com\/NBREALTORS\",\"https:\/\/x.com\/NBREALTORS\",\"https:\/\/www.instagram.com\/nbrea1\/\",\"https:\/\/www.youtube.com\/channel\/UCcYr6HJ8LADBhtE_O6pxEZQ\/\"]}]}<\/script>\n<!-- \/ Yoast SEO plugin. -->","yoast_head_json":{"title":"\u00c0 propos du Bureau du Registraire | AAINB | L\u2019Association des agents immobiliers du Nouveau-Brunswick","description":"Le Bureau du registraire de l\u2019AAINB remplit la fonction de r\u00e9glementation en collaboration avec la Commission des services financiers et des services aux consommateurs.","robots":{"index":"index","follow":"follow","max-snippet":"max-snippet:-1","max-image-preview":"max-image-preview:large","max-video-preview":"max-video-preview:-1"},"canonical":"https:\/\/www.nbrea.ca\/fr\/fr-about-the-office-of-the-registrar\/","og_locale":"fr_FR","og_type":"article","og_title":"\u00c0 propos du Bureau du Registraire | AAINB | L\u2019Association des agents immobiliers du Nouveau-Brunswick","og_description":"Le Bureau du registraire de l\u2019AAINB remplit la fonction de r\u00e9glementation en collaboration avec la Commission des services financiers et des services aux consommateurs.","og_url":"https:\/\/www.nbrea.ca\/fr\/fr-about-the-office-of-the-registrar\/","og_site_name":"AAINB | L\u2019Association des agents immobiliers du Nouveau-Brunswick","article_publisher":"https:\/\/www.facebook.com\/NBREALTORS","article_modified_time":"2025-02-11T15:03:06+00:00","og_image":[{"width":2048,"height":1366,"url":"https:\/\/www.nbrea.ca\/wp-content\/uploads\/2020\/09\/jonas-jacobsson-0FRJ2SCuY4k-unsplash.jpg","type":"image\/jpeg"}],"twitter_card":"summary_large_image","twitter_site":"@NBREALTORS","twitter_misc":{"Dur\u00e9e de lecture estim\u00e9e":"2 minutes"},"schema":{"@context":"https:\/\/schema.org","@graph":[{"@type":"WebPage","@id":"https:\/\/www.nbrea.ca\/fr\/fr-about-the-office-of-the-registrar\/","url":"https:\/\/www.nbrea.ca\/fr\/fr-about-the-office-of-the-registrar\/","name":"\u00c0 propos du Bureau du Registraire | AAINB | L\u2019Association des agents immobiliers du Nouveau-Brunswick","isPartOf":{"@id":"https:\/\/www.nbrea.ca\/fr\/#website"},"primaryImageOfPage":{"@id":"https:\/\/www.nbrea.ca\/fr\/fr-about-the-office-of-the-registrar\/#primaryimage"},"image":{"@id":"https:\/\/www.nbrea.ca\/fr\/fr-about-the-office-of-the-registrar\/#primaryimage"},"thumbnailUrl":"https:\/\/www.nbrea.ca\/wp-content\/uploads\/2020\/09\/jonas-jacobsson-0FRJ2SCuY4k-unsplash.jpg","datePublished":"2020-11-03T15:59:00+00:00","dateModified":"2025-02-11T15:03:06+00:00","description":"Le Bureau du registraire de l\u2019AAINB remplit la fonction de r\u00e9glementation en collaboration avec la Commission des services financiers et des services aux consommateurs.","breadcrumb":{"@id":"https:\/\/www.nbrea.ca\/fr\/fr-about-the-office-of-the-registrar\/#breadcrumb"},"inLanguage":"fr-FR","potentialAction":[{"@type":"ReadAction","target":["https:\/\/www.nbrea.ca\/fr\/fr-about-the-office-of-the-registrar\/"]}]},{"@type":"ImageObject","inLanguage":"fr-FR","@id":"https:\/\/www.nbrea.ca\/fr\/fr-about-the-office-of-the-registrar\/#primaryimage","url":"https:\/\/www.nbrea.ca\/wp-content\/uploads\/2020\/09\/jonas-jacobsson-0FRJ2SCuY4k-unsplash.jpg","contentUrl":"https:\/\/www.nbrea.ca\/wp-content\/uploads\/2020\/09\/jonas-jacobsson-0FRJ2SCuY4k-unsplash.jpg","width":2048,"height":1366},{"@type":"BreadcrumbList","@id":"https:\/\/www.nbrea.ca\/fr\/fr-about-the-office-of-the-registrar\/#breadcrumb","itemListElement":[{"@type":"ListItem","position":1,"name":"Home","item":"https:\/\/www.nbrea.ca\/fr\/"},{"@type":"ListItem","position":2,"name":"\u00c0 propos du Bureau du Registraire"}]},{"@type":"WebSite","@id":"https:\/\/www.nbrea.ca\/fr\/#website","url":"https:\/\/www.nbrea.ca\/fr\/","name":"AAINB | L\u2019Association des agents immobiliers du Nouveau-Brunswick","description":"","publisher":{"@id":"https:\/\/www.nbrea.ca\/fr\/#organization"},"potentialAction":[{"@type":"SearchAction","target":{"@type":"EntryPoint","urlTemplate":"https:\/\/www.nbrea.ca\/fr\/?s={search_term_string}"},"query-input":{"@type":"PropertyValueSpecification","valueRequired":true,"valueName":"search_term_string"}}],"inLanguage":"fr-FR"},{"@type":"Organization","@id":"https:\/\/www.nbrea.ca\/fr\/#organization","name":"NBREA - New Brunswick Real Estate Association","url":"https:\/\/www.nbrea.ca\/fr\/","logo":{"@type":"ImageObject","inLanguage":"fr-FR","@id":"https:\/\/www.nbrea.ca\/fr\/#\/schema\/logo\/image\/","url":"https:\/\/www.nbrea.ca\/wp-content\/uploads\/2020\/10\/NBREA_logo_version1.png","contentUrl":"https:\/\/www.nbrea.ca\/wp-content\/uploads\/2020\/10\/NBREA_logo_version1.png","width":2040,"height":657,"caption":"NBREA - New Brunswick Real Estate Association"},"image":{"@id":"https:\/\/www.nbrea.ca\/fr\/#\/schema\/logo\/image\/"},"sameAs":["https:\/\/www.facebook.com\/NBREALTORS","https:\/\/x.com\/NBREALTORS","https:\/\/www.instagram.com\/nbrea1\/","https:\/\/www.youtube.com\/channel\/UCcYr6HJ8LADBhtE_O6pxEZQ\/"]}]}},"_links":{"self":[{"href":"https:\/\/www.nbrea.ca\/fr\/wp-json\/wp\/v2\/pages\/2994","targetHints":{"allow":["GET"]}}],"collection":[{"href":"https:\/\/www.nbrea.ca\/fr\/wp-json\/wp\/v2\/pages"}],"about":[{"href":"https:\/\/www.nbrea.ca\/fr\/wp-json\/wp\/v2\/types\/page"}],"author":[{"embeddable":true,"href":"https:\/\/www.nbrea.ca\/fr\/wp-json\/wp\/v2\/users\/2"}],"replies":[{"embeddable":true,"href":"https:\/\/www.nbrea.ca\/fr\/wp-json\/wp\/v2\/comments?post=2994"}],"version-history":[{"count":26,"href":"https:\/\/www.nbrea.ca\/fr\/wp-json\/wp\/v2\/pages\/2994\/revisions"}],"predecessor-version":[{"id":6780,"href":"https:\/\/www.nbrea.ca\/fr\/wp-json\/wp\/v2\/pages\/2994\/revisions\/6780"}],"wp:featuredmedia":[{"embeddable":true,"href":"https:\/\/www.nbrea.ca\/fr\/wp-json\/wp\/v2\/media\/1348"}],"wp:attachment":[{"href":"https:\/\/www.nbrea.ca\/fr\/wp-json\/wp\/v2\/media?parent=2994"}],"curies":[{"name":"wp","href":"https:\/\/api.w.org\/{rel}","templated":true}]}}