{"id":3261,"date":"2020-11-19T11:33:40","date_gmt":"2020-11-19T14:33:40","guid":{"rendered":"https:\/\/www.nbrea.ca\/?page_id=3261"},"modified":"2021-05-27T10:52:48","modified_gmt":"2021-05-27T13:52:48","slug":"le-reseau-pour-nouveaux-professionnels","status":"publish","type":"page","link":"https:\/\/www.nbrea.ca\/fr\/le-reseau-pour-nouveaux-professionnels\/","title":{"rendered":"R\u00e9seau pour Nouveaux Professionnels"},"content":{"rendered":"<div class=\"base-section\"><div class=\"container\">\n<h1 class=\"wp-block-heading\">R\u00e9seau pour Nouveaux Professionnels <\/h1>\n<\/div><\/div>\n\n\n<div style=\"height:20px\" aria-hidden=\"true\" class=\"wp-block-spacer\"><\/div>\n\n\n<div class=\"base-section\"><div class=\"container\">\n<figure class=\"wp-block-embed-youtube wp-block-embed is-type-video is-provider-youtube wp-embed-aspect-16-9 wp-has-aspect-ratio\"><div class=\"wp-block-embed__wrapper\">\n<iframe title=\"R\u00e9seau pour Nouveaux Professionnels (RNP) - AAINB\" width=\"900\" height=\"506\" src=\"https:\/\/www.youtube.com\/embed\/G4Ft7xx_Bks?feature=oembed\" frameborder=\"0\" allow=\"accelerometer; autoplay; clipboard-write; encrypted-media; gyroscope; picture-in-picture\" allowfullscreen><\/iframe>\n<\/div><\/figure>\n<\/div><\/div>\n\n<div class=\"base-section\"><div class=\"container\">\n<p><em>Avertissement : La vid\u00e9o a \u00e9t\u00e9 cr\u00e9\u00e9e avant la mise en place du port obligatoire du masque et des pratiques d&rsquo;\u00e9loignement physique. La NBREA se conforme \u00e0 l&rsquo;utilisation obligatoire des masques et a mis en place des mesures de distanciation physique pour assurer la s\u00e9curit\u00e9 de ses membres.<\/em><\/p>\n<\/div><\/div>\n\n<div class=\"base-section\"><div class=\"container\">\n<p>Le r\u00e9seau pour nouveaux professionnels (RNP) est con\u00e7u pour connecter et engager de nouveaux agents immobiliers \u00e0 nos membres ayant plus d&rsquo;ann\u00e9es d&rsquo;exp\u00e9rience et d&rsquo;expertise dans une vari\u00e9t\u00e9 de domaines de l&rsquo;immobilier. Le RNP vise \u00e0 favoriser la relation entre les nouveaux agents immobiliers du futur et nos membres actuels afin de d\u00e9velopper leurs comp\u00e9tences professionnelles et leur passion pour le leadership et le b\u00e9n\u00e9volat.<\/p>\n<\/div><\/div>\n\n<div class=\"base-section\"><div class=\"container\">\n<p>Identifier et engager de nouveaux agents immobiliers au d\u00e9but de leur carri\u00e8re fournit aux conseils locaux et \u00e0 l&rsquo;association un plus grand bassin de leaders potentiels qui seront capables de contribuer \u00e0 long terme.<\/p>\n<\/div><\/div>\n\n<div class=\"base-section\"><div class=\"container\">\n<p>Le r\u00e9seau pour nouveaux professionnels de l\u2019immobilier au Nouveau-Brunswick r\u00e9pond \u00e0 la demande des nouveaux membres de pouvoir cr\u00e9er des contacts avec des agents exp\u00e9riment\u00e9s dans le domaine afin de recevoir des conseils qui les aideront \u00e0 d\u00e9velopper leur carri\u00e8re professionnelle. Le RNP offre un espace aux membres exp\u00e9riment\u00e9s et aux nouveaux agents immobiliers pour prendre contact, partager des informations sur des ressources pr\u00e9cieuses, et se soutenir mutuellement dans le domaine de l&rsquo;immobilier.<\/p>\n<\/div><\/div>\n\n<div class=\"base-section\"><div class=\"container\">\n<p>Les \u00e9v\u00e9nements organis\u00e9s par le Comit\u00e9 RNP sont ouverts \u00e0 tous les membres de l\u2019AAINB.<\/p>\n<\/div><\/div>\n\n<div class=\"base-section\"><div class=\"container\">\n<p>Int\u00e9ress\u00e9? <strong>Tous les membres sont invit\u00e9s \u00e0 s&rsquo;inscrire \u00e0 la liste de diffusion du r\u00e9seau pour nouveaux professionnels.<\/strong><\/p>\n<\/div><\/div>\n\n<div class=\"base-section\"><div class=\"container\"><div class=\"wpforms-container wpforms-container-full\" id=\"wpforms-3260\"><form id=\"wpforms-form-3260\" class=\"wpforms-validate wpforms-form\" data-formid=\"3260\" method=\"post\" enctype=\"multipart\/form-data\" action=\"\/fr\/wp-json\/wp\/v2\/pages\/3261\" data-token=\"3381e63e0269aa81072d3c2420e21d4a\" data-token-time=\"1776501440\"><noscript class=\"wpforms-error-noscript\">Veuillez activer JavaScript dans votre navigateur pour remplir ce formulaire.<\/noscript><div class=\"wpforms-field-container\"><div id=\"wpforms-3260-field_0-container\" class=\"wpforms-field wpforms-field-name\" data-field-id=\"0\"><label class=\"wpforms-field-label\">Name <span class=\"wpforms-required-label\">*<\/span><\/label><div class=\"wpforms-field-row wpforms-field-medium\"><div class=\"wpforms-field-row-block wpforms-first wpforms-one-half\"><input type=\"text\" id=\"wpforms-3260-field_0\" class=\"wpforms-field-name-first wpforms-field-required\" name=\"wpforms[fields][0][first]\" required><label for=\"wpforms-3260-field_0\" class=\"wpforms-field-sublabel after\">Pr\u00e9nom<\/label><\/div><div class=\"wpforms-field-row-block wpforms-one-half\"><input type=\"text\" id=\"wpforms-3260-field_0-last\" class=\"wpforms-field-name-last wpforms-field-required\" name=\"wpforms[fields][0][last]\" required><label for=\"wpforms-3260-field_0-last\" class=\"wpforms-field-sublabel after\">Nom<\/label><\/div><\/div><\/div><div id=\"wpforms-3260-field_1-container\" class=\"wpforms-field wpforms-field-email\" data-field-id=\"1\"><label class=\"wpforms-field-label\" for=\"wpforms-3260-field_1\">Email <span class=\"wpforms-required-label\">*<\/span><\/label><input type=\"email\" id=\"wpforms-3260-field_1\" class=\"wpforms-field-medium wpforms-field-required\" name=\"wpforms[fields][1]\" spellcheck=\"false\" required><\/div><div id=\"wpforms-3260-field_3-container\" class=\"wpforms-field wpforms-field-select wpforms-field-select-style-classic\" data-field-id=\"3\"><label class=\"wpforms-field-label\" for=\"wpforms-3260-field_3\">Area in NB<\/label><select id=\"wpforms-3260-field_3\" class=\"wpforms-field-medium\" name=\"wpforms[fields][3]\"><option value=\"Saint John Area\" >Saint John Area<\/option><option value=\"Fredericton Area\" >Fredericton Area<\/option><option value=\"Northern and Valley Area\" >Northern and Valley Area<\/option><option value=\"Moncton Area\" >Moncton Area<\/option><\/select><\/div><\/div><!-- .wpforms-field-container --><div class=\"wpforms-submit-container\" ><input type=\"hidden\" name=\"wpforms[id]\" value=\"3260\"><input type=\"hidden\" name=\"page_title\" value=\"\"><input type=\"hidden\" name=\"page_url\" value=\"https:\/\/www.nbrea.ca\/fr\/wp-json\/wp\/v2\/pages\/3261\"><button type=\"submit\" name=\"wpforms[submit]\" id=\"wpforms-submit-3260\" class=\"wpforms-submit\" data-alt-text=\"Sending...\" data-submit-text=\"Submit\" aria-live=\"assertive\" value=\"wpforms-submit\">Submit<\/button><\/div><\/form><\/div>  <!-- .wpforms-container -->\n<\/div><\/div>\n\n<div class=\"base-section\"><div class=\"container\">\n<p><\/p>\n<\/div><\/div>","protected":false},"excerpt":{"rendered":"<p>R\u00e9seau pour Nouveaux Professionnels Avertissement : La vid\u00e9o a \u00e9t\u00e9 cr\u00e9\u00e9e avant la mise en place du port obligatoire du masque et des pratiques d&rsquo;\u00e9loignement physique. La NBREA se conforme \u00e0 l&rsquo;utilisation obligatoire des masques et a mis en place des mesures de distanciation physique pour assurer la s\u00e9curit\u00e9 de ses membres. Le r\u00e9seau pour [&hellip;]<\/p>\n","protected":false},"author":2,"featured_media":3280,"parent":0,"menu_order":0,"comment_status":"closed","ping_status":"closed","template":"","meta":{"_acf_changed":false,"inline_featured_image":false,"footnotes":""},"class_list":["post-3261","page","type-page","status-publish","has-post-thumbnail","hentry"],"acf":[],"yoast_head":"<!-- This site is optimized with the Yoast SEO plugin v24.3 - https:\/\/yoast.com\/wordpress\/plugins\/seo\/ -->\n<title>R\u00e9seau pour Nouveaux Professionnels | AAINB | L\u2019Association des agents immobiliers du Nouveau-Brunswick<\/title>\n<meta name=\"description\" content=\"The New Brunswick Real Estate Association (NBREA) is a provincial association for REALTORS\u00ae workingtogether to strengthen and promote standards of professionalism in the industry. We are also partners inprotecting the public\u2019s interest within Real Estate in cooperation with our co-regulating partners The Financialand Consumer Services Commission (FCNB)\" \/>\n<meta name=\"robots\" content=\"index, follow, max-snippet:-1, max-image-preview:large, max-video-preview:-1\" \/>\n<link rel=\"canonical\" href=\"https:\/\/www.nbrea.ca\/fr\/le-reseau-pour-nouveaux-professionnels\/\" \/>\n<meta property=\"og:locale\" content=\"fr_FR\" \/>\n<meta property=\"og:type\" content=\"article\" \/>\n<meta property=\"og:title\" content=\"R\u00e9seau pour Nouveaux Professionnels | AAINB | L\u2019Association des agents immobiliers du Nouveau-Brunswick\" \/>\n<meta property=\"og:description\" content=\"The New Brunswick Real Estate Association (NBREA) is a provincial association for REALTORS\u00ae workingtogether to strengthen and promote standards of professionalism in the industry. We are also partners inprotecting the public\u2019s interest within Real Estate in cooperation with our co-regulating partners The Financialand Consumer Services Commission (FCNB)\" \/>\n<meta property=\"og:url\" content=\"https:\/\/www.nbrea.ca\/fr\/le-reseau-pour-nouveaux-professionnels\/\" \/>\n<meta property=\"og:site_name\" content=\"AAINB | L\u2019Association des agents immobiliers du Nouveau-Brunswick\" \/>\n<meta property=\"article:publisher\" content=\"https:\/\/www.facebook.com\/NBREALTORS\" \/>\n<meta property=\"article:modified_time\" content=\"2021-05-27T13:52:48+00:00\" \/>\n<meta property=\"og:image\" content=\"https:\/\/www.nbrea.ca\/wp-content\/uploads\/2020\/11\/charles-forerunner-3fPXt37X6UQ-unsplash-scaled.jpg\" \/>\n\t<meta property=\"og:image:width\" content=\"2048\" \/>\n\t<meta property=\"og:image:height\" content=\"1365\" \/>\n\t<meta property=\"og:image:type\" content=\"image\/jpeg\" \/>\n<meta name=\"twitter:card\" content=\"summary_large_image\" \/>\n<meta name=\"twitter:site\" content=\"@NBREALTORS\" \/>\n<meta name=\"twitter:label1\" content=\"Dur\u00e9e de lecture estim\u00e9e\" \/>\n\t<meta name=\"twitter:data1\" content=\"1 minute\" \/>\n<script type=\"application\/ld+json\" class=\"yoast-schema-graph\">{\"@context\":\"https:\/\/schema.org\",\"@graph\":[{\"@type\":\"WebPage\",\"@id\":\"https:\/\/www.nbrea.ca\/fr\/le-reseau-pour-nouveaux-professionnels\/\",\"url\":\"https:\/\/www.nbrea.ca\/fr\/le-reseau-pour-nouveaux-professionnels\/\",\"name\":\"R\u00e9seau pour Nouveaux Professionnels | AAINB | L\u2019Association des agents immobiliers du Nouveau-Brunswick\",\"isPartOf\":{\"@id\":\"https:\/\/www.nbrea.ca\/fr\/#website\"},\"primaryImageOfPage\":{\"@id\":\"https:\/\/www.nbrea.ca\/fr\/le-reseau-pour-nouveaux-professionnels\/#primaryimage\"},\"image\":{\"@id\":\"https:\/\/www.nbrea.ca\/fr\/le-reseau-pour-nouveaux-professionnels\/#primaryimage\"},\"thumbnailUrl\":\"https:\/\/www.nbrea.ca\/wp-content\/uploads\/2020\/11\/charles-forerunner-3fPXt37X6UQ-unsplash-scaled.jpg\",\"datePublished\":\"2020-11-19T14:33:40+00:00\",\"dateModified\":\"2021-05-27T13:52:48+00:00\",\"description\":\"The New Brunswick Real Estate Association (NBREA) is a provincial association for REALTORS\u00ae workingtogether to strengthen and promote standards of professionalism in the industry. We are also partners inprotecting the public\u2019s interest within Real Estate in cooperation with our co-regulating partners The Financialand Consumer Services Commission (FCNB)\",\"breadcrumb\":{\"@id\":\"https:\/\/www.nbrea.ca\/fr\/le-reseau-pour-nouveaux-professionnels\/#breadcrumb\"},\"inLanguage\":\"fr-FR\",\"potentialAction\":[{\"@type\":\"ReadAction\",\"target\":[\"https:\/\/www.nbrea.ca\/fr\/le-reseau-pour-nouveaux-professionnels\/\"]}]},{\"@type\":\"ImageObject\",\"inLanguage\":\"fr-FR\",\"@id\":\"https:\/\/www.nbrea.ca\/fr\/le-reseau-pour-nouveaux-professionnels\/#primaryimage\",\"url\":\"https:\/\/www.nbrea.ca\/wp-content\/uploads\/2020\/11\/charles-forerunner-3fPXt37X6UQ-unsplash-scaled.jpg\",\"contentUrl\":\"https:\/\/www.nbrea.ca\/wp-content\/uploads\/2020\/11\/charles-forerunner-3fPXt37X6UQ-unsplash-scaled.jpg\",\"width\":2048,\"height\":1365},{\"@type\":\"BreadcrumbList\",\"@id\":\"https:\/\/www.nbrea.ca\/fr\/le-reseau-pour-nouveaux-professionnels\/#breadcrumb\",\"itemListElement\":[{\"@type\":\"ListItem\",\"position\":1,\"name\":\"Home\",\"item\":\"https:\/\/www.nbrea.ca\/fr\/\"},{\"@type\":\"ListItem\",\"position\":2,\"name\":\"R\u00e9seau pour Nouveaux Professionnels\"}]},{\"@type\":\"WebSite\",\"@id\":\"https:\/\/www.nbrea.ca\/fr\/#website\",\"url\":\"https:\/\/www.nbrea.ca\/fr\/\",\"name\":\"AAINB | L\u2019Association des agents immobiliers du Nouveau-Brunswick\",\"description\":\"\",\"publisher\":{\"@id\":\"https:\/\/www.nbrea.ca\/fr\/#organization\"},\"potentialAction\":[{\"@type\":\"SearchAction\",\"target\":{\"@type\":\"EntryPoint\",\"urlTemplate\":\"https:\/\/www.nbrea.ca\/fr\/?s={search_term_string}\"},\"query-input\":{\"@type\":\"PropertyValueSpecification\",\"valueRequired\":true,\"valueName\":\"search_term_string\"}}],\"inLanguage\":\"fr-FR\"},{\"@type\":\"Organization\",\"@id\":\"https:\/\/www.nbrea.ca\/fr\/#organization\",\"name\":\"NBREA - New Brunswick Real Estate Association\",\"url\":\"https:\/\/www.nbrea.ca\/fr\/\",\"logo\":{\"@type\":\"ImageObject\",\"inLanguage\":\"fr-FR\",\"@id\":\"https:\/\/www.nbrea.ca\/fr\/#\/schema\/logo\/image\/\",\"url\":\"https:\/\/www.nbrea.ca\/wp-content\/uploads\/2020\/10\/NBREA_logo_version1.png\",\"contentUrl\":\"https:\/\/www.nbrea.ca\/wp-content\/uploads\/2020\/10\/NBREA_logo_version1.png\",\"width\":2040,\"height\":657,\"caption\":\"NBREA - New Brunswick Real Estate Association\"},\"image\":{\"@id\":\"https:\/\/www.nbrea.ca\/fr\/#\/schema\/logo\/image\/\"},\"sameAs\":[\"https:\/\/www.facebook.com\/NBREALTORS\",\"https:\/\/x.com\/NBREALTORS\",\"https:\/\/www.instagram.com\/nbrea1\/\",\"https:\/\/www.youtube.com\/channel\/UCcYr6HJ8LADBhtE_O6pxEZQ\/\"]}]}<\/script>\n<!-- \/ Yoast SEO plugin. -->","yoast_head_json":{"title":"R\u00e9seau pour Nouveaux Professionnels | AAINB | L\u2019Association des agents immobiliers du Nouveau-Brunswick","description":"The New Brunswick Real Estate Association (NBREA) is a provincial association for REALTORS\u00ae workingtogether to strengthen and promote standards of professionalism in the industry. We are also partners inprotecting the public\u2019s interest within Real Estate in cooperation with our co-regulating partners The Financialand Consumer Services Commission (FCNB)","robots":{"index":"index","follow":"follow","max-snippet":"max-snippet:-1","max-image-preview":"max-image-preview:large","max-video-preview":"max-video-preview:-1"},"canonical":"https:\/\/www.nbrea.ca\/fr\/le-reseau-pour-nouveaux-professionnels\/","og_locale":"fr_FR","og_type":"article","og_title":"R\u00e9seau pour Nouveaux Professionnels | AAINB | L\u2019Association des agents immobiliers du Nouveau-Brunswick","og_description":"The New Brunswick Real Estate Association (NBREA) is a provincial association for REALTORS\u00ae workingtogether to strengthen and promote standards of professionalism in the industry. We are also partners inprotecting the public\u2019s interest within Real Estate in cooperation with our co-regulating partners The Financialand Consumer Services Commission (FCNB)","og_url":"https:\/\/www.nbrea.ca\/fr\/le-reseau-pour-nouveaux-professionnels\/","og_site_name":"AAINB | L\u2019Association des agents immobiliers du Nouveau-Brunswick","article_publisher":"https:\/\/www.facebook.com\/NBREALTORS","article_modified_time":"2021-05-27T13:52:48+00:00","og_image":[{"width":2048,"height":1365,"url":"https:\/\/www.nbrea.ca\/wp-content\/uploads\/2020\/11\/charles-forerunner-3fPXt37X6UQ-unsplash-scaled.jpg","type":"image\/jpeg"}],"twitter_card":"summary_large_image","twitter_site":"@NBREALTORS","twitter_misc":{"Dur\u00e9e de lecture estim\u00e9e":"1 minute"},"schema":{"@context":"https:\/\/schema.org","@graph":[{"@type":"WebPage","@id":"https:\/\/www.nbrea.ca\/fr\/le-reseau-pour-nouveaux-professionnels\/","url":"https:\/\/www.nbrea.ca\/fr\/le-reseau-pour-nouveaux-professionnels\/","name":"R\u00e9seau pour Nouveaux Professionnels | AAINB | L\u2019Association des agents immobiliers du Nouveau-Brunswick","isPartOf":{"@id":"https:\/\/www.nbrea.ca\/fr\/#website"},"primaryImageOfPage":{"@id":"https:\/\/www.nbrea.ca\/fr\/le-reseau-pour-nouveaux-professionnels\/#primaryimage"},"image":{"@id":"https:\/\/www.nbrea.ca\/fr\/le-reseau-pour-nouveaux-professionnels\/#primaryimage"},"thumbnailUrl":"https:\/\/www.nbrea.ca\/wp-content\/uploads\/2020\/11\/charles-forerunner-3fPXt37X6UQ-unsplash-scaled.jpg","datePublished":"2020-11-19T14:33:40+00:00","dateModified":"2021-05-27T13:52:48+00:00","description":"The New Brunswick Real Estate Association (NBREA) is a provincial association for REALTORS\u00ae workingtogether to strengthen and promote standards of professionalism in the industry. We are also partners inprotecting the public\u2019s interest within Real Estate in cooperation with our co-regulating partners The Financialand Consumer Services Commission (FCNB)","breadcrumb":{"@id":"https:\/\/www.nbrea.ca\/fr\/le-reseau-pour-nouveaux-professionnels\/#breadcrumb"},"inLanguage":"fr-FR","potentialAction":[{"@type":"ReadAction","target":["https:\/\/www.nbrea.ca\/fr\/le-reseau-pour-nouveaux-professionnels\/"]}]},{"@type":"ImageObject","inLanguage":"fr-FR","@id":"https:\/\/www.nbrea.ca\/fr\/le-reseau-pour-nouveaux-professionnels\/#primaryimage","url":"https:\/\/www.nbrea.ca\/wp-content\/uploads\/2020\/11\/charles-forerunner-3fPXt37X6UQ-unsplash-scaled.jpg","contentUrl":"https:\/\/www.nbrea.ca\/wp-content\/uploads\/2020\/11\/charles-forerunner-3fPXt37X6UQ-unsplash-scaled.jpg","width":2048,"height":1365},{"@type":"BreadcrumbList","@id":"https:\/\/www.nbrea.ca\/fr\/le-reseau-pour-nouveaux-professionnels\/#breadcrumb","itemListElement":[{"@type":"ListItem","position":1,"name":"Home","item":"https:\/\/www.nbrea.ca\/fr\/"},{"@type":"ListItem","position":2,"name":"R\u00e9seau pour Nouveaux Professionnels"}]},{"@type":"WebSite","@id":"https:\/\/www.nbrea.ca\/fr\/#website","url":"https:\/\/www.nbrea.ca\/fr\/","name":"AAINB | L\u2019Association des agents immobiliers du Nouveau-Brunswick","description":"","publisher":{"@id":"https:\/\/www.nbrea.ca\/fr\/#organization"},"potentialAction":[{"@type":"SearchAction","target":{"@type":"EntryPoint","urlTemplate":"https:\/\/www.nbrea.ca\/fr\/?s={search_term_string}"},"query-input":{"@type":"PropertyValueSpecification","valueRequired":true,"valueName":"search_term_string"}}],"inLanguage":"fr-FR"},{"@type":"Organization","@id":"https:\/\/www.nbrea.ca\/fr\/#organization","name":"NBREA - New Brunswick Real Estate Association","url":"https:\/\/www.nbrea.ca\/fr\/","logo":{"@type":"ImageObject","inLanguage":"fr-FR","@id":"https:\/\/www.nbrea.ca\/fr\/#\/schema\/logo\/image\/","url":"https:\/\/www.nbrea.ca\/wp-content\/uploads\/2020\/10\/NBREA_logo_version1.png","contentUrl":"https:\/\/www.nbrea.ca\/wp-content\/uploads\/2020\/10\/NBREA_logo_version1.png","width":2040,"height":657,"caption":"NBREA - New Brunswick Real Estate Association"},"image":{"@id":"https:\/\/www.nbrea.ca\/fr\/#\/schema\/logo\/image\/"},"sameAs":["https:\/\/www.facebook.com\/NBREALTORS","https:\/\/x.com\/NBREALTORS","https:\/\/www.instagram.com\/nbrea1\/","https:\/\/www.youtube.com\/channel\/UCcYr6HJ8LADBhtE_O6pxEZQ\/"]}]}},"_links":{"self":[{"href":"https:\/\/www.nbrea.ca\/fr\/wp-json\/wp\/v2\/pages\/3261","targetHints":{"allow":["GET"]}}],"collection":[{"href":"https:\/\/www.nbrea.ca\/fr\/wp-json\/wp\/v2\/pages"}],"about":[{"href":"https:\/\/www.nbrea.ca\/fr\/wp-json\/wp\/v2\/types\/page"}],"author":[{"embeddable":true,"href":"https:\/\/www.nbrea.ca\/fr\/wp-json\/wp\/v2\/users\/2"}],"replies":[{"embeddable":true,"href":"https:\/\/www.nbrea.ca\/fr\/wp-json\/wp\/v2\/comments?post=3261"}],"version-history":[{"count":10,"href":"https:\/\/www.nbrea.ca\/fr\/wp-json\/wp\/v2\/pages\/3261\/revisions"}],"predecessor-version":[{"id":3891,"href":"https:\/\/www.nbrea.ca\/fr\/wp-json\/wp\/v2\/pages\/3261\/revisions\/3891"}],"wp:featuredmedia":[{"embeddable":true,"href":"https:\/\/www.nbrea.ca\/fr\/wp-json\/wp\/v2\/media\/3280"}],"wp:attachment":[{"href":"https:\/\/www.nbrea.ca\/fr\/wp-json\/wp\/v2\/media?parent=3261"}],"curies":[{"name":"wp","href":"https:\/\/api.w.org\/{rel}","templated":true}]}}