{"id":349,"date":"2020-08-17T06:57:01","date_gmt":"2020-08-17T06:57:01","guid":{"rendered":"https:\/\/www.nbrea.ca\/?page_id=349"},"modified":"2023-08-09T14:19:46","modified_gmt":"2023-08-09T17:19:46","slug":"2020-mcpd-requirements","status":"publish","type":"page","link":"https:\/\/www.nbrea.ca\/fr\/2020-mcpd-requirements\/","title":{"rendered":"Exigences annuelles du DPCO\u00a0pour les membres"},"content":{"rendered":"<div class=\"base-section\"><div class=\"container\">\n<h1 class=\"wp-block-heading\">Exigences annuelles du DPCO pour les membres<\/h1>\n<\/div><\/div>\n\n\n<div style=\"height:65px\" aria-hidden=\"true\" class=\"wp-block-spacer\"><\/div>\n\n\n<div class=\"base-section\"><div class=\"container\">\n<h3 class=\"wp-block-heading\">Inscription<br><\/h3>\n<\/div><\/div>\n\n<div class=\"base-section\"><div class=\"container\">\n<p>Le cours de d\u00e9veloppement professionnel continu obligatoire (DPCO) est propos\u00e9 au printemps de chaque ann\u00e9e lors de la conf\u00e9rence annuelle de l\u2019AAINB. <strong>Les membres qui ne participent pas \u00e0 la conf\u00e9rence doivent suivre le cours DPCO en ligne avant le 31&nbsp;janvier de l\u2019ann\u00e9e suivante.<\/strong>&nbsp;<\/p>\n<\/div><\/div>\n\n<div class=\"base-section\"><div class=\"container\">\n<p><strong>Si les dossiers de l\u2019AAINB indiquent que vous n\u2019avez pas assist\u00e9 et particip\u00e9 \u00e0 la conf\u00e9rence annuelle, vous serez automatiquement inscrit au cours en ligne.<\/strong><\/p>\n<\/div><\/div>\n\n<div class=\"base-section\"><div class=\"container\">\n<h3 class=\"wp-block-heading\">Courriel de confirmation et d\u00e9but du cours<\/h3>\n<\/div><\/div>\n\n<div class=\"base-section\"><div class=\"container\">\n<p>\u00c0 partir du mois de septembre de chaque ann\u00e9e, tous les membres qui doivent suivre le cours en ligne recevront <strong>automatiquement un courriel de confirmation indiquant qu\u2019ils ont \u00e9t\u00e9 inscrits<\/strong>. Un lien vers le cours suivra ce message d\u00e8s que le cours en ligne sera disponible. Il vous suffit de cliquer sur le lien vers le cours et d\u2019utiliser vos identifiants Matrix pour vous connecter et commencer.<\/p>\n<\/div><\/div>\n\n<div class=\"base-section\"><div class=\"container\">\n<h4 class=\"wp-block-heading\"><\/h4>\n<\/div><\/div>\n\n<div class=\"base-section\"><div class=\"container\">\n<p><\/p>\n<\/div><\/div>\n\n<div class=\"base-section\"><div class=\"container\">\n<h3 class=\"wp-block-heading\">Date limite pour le cours&nbsp;<\/h3>\n<\/div><\/div>\n\n<div class=\"base-section\"><div class=\"container\">\n<p>Conform\u00e9ment aux instructions du comit\u00e9 d\u2019examen, l<strong>a date limite annuelle pour l\u2019ach\u00e8vement de la formation obligatoire est le 31&nbsp;janvier de l\u2019ann\u00e9e suivante<\/strong>.&nbsp;&nbsp;<\/p>\n<\/div><\/div>\n\n<div class=\"base-section\"><div class=\"container\">\n<p>Les membres qui n\u2019ont pas termin\u00e9 leur formation DPCO seront renvoy\u00e9s au bureau du registraire et recevront un avis d\u2019intention de suspension de l\u2019adh\u00e9sion \u00e0 l\u2019AAINB.&nbsp;<\/p>\n<\/div><\/div>\n\n<div class=\"base-section\"><div class=\"container\">\n<h3 class=\"wp-block-heading\">Avez-vous assist\u00e9 \u00e0 la conf\u00e8rence annuelle de l&rsquo;AAINB??&nbsp;<\/h3>\n<\/div><\/div>\n\n<div class=\"base-section\"><div class=\"container\">\n<p><br>Les membres qui assistent et participent \u00e0 la conf\u00e9rence annuelle de l\u2019AAINB, o\u00f9 le cours DPCO est propos\u00e9, <strong>ne sont PAS tenus <\/strong>de suivre le cours en ligne.&nbsp;<\/p>\n<\/div><\/div>\n\n<div class=\"base-section\"><div class=\"container\">\n<h3 class=\"wp-block-heading\">\u00cates-vous devenu un nouveau membre cette ann\u00e9e\u2009?&nbsp;&nbsp;<\/h3>\n<\/div><\/div>\n\n<div class=\"base-section\"><div class=\"container\">\n<p>\u00c9tant donn\u00e9 qu\u2019ils viennent de terminer leur formation pr\u00e9alable \u00e0 l\u2019obtention de la licence, <strong>les nouveaux membres de l\u2019ann\u00e9e ne sont pas tenus de suivre le cours DPCO<\/strong>. Toutefois, si vous \u00eates un nouveau membre et que vous souhaitez suivre le cours annuel, il vous suffit de <a href=\"mailto:education@nbrea.ca\">contacter le directeur de l\u2019\u00e9ducation<\/a> pour obtenir une inscription gratuite.<\/p>\n<\/div><\/div>\n\n\n<div style=\"height:34px\" aria-hidden=\"true\" class=\"wp-block-spacer\"><\/div>\n\n\n<div class=\"base-section\"><div class=\"container\">\n<p><\/p>\n<\/div><\/div>","protected":false},"excerpt":{"rendered":"<p>Exigences annuelles du DPCO pour les membres Inscription Le cours de d\u00e9veloppement professionnel continu obligatoire (DPCO) est propos\u00e9 au printemps de chaque ann\u00e9e lors de la conf\u00e9rence annuelle de l\u2019AAINB. Les membres qui ne participent pas \u00e0 la conf\u00e9rence doivent suivre le cours DPCO en ligne avant le 31&nbsp;janvier de l\u2019ann\u00e9e suivante.&nbsp; Si les dossiers [&hellip;]<\/p>\n","protected":false},"author":2,"featured_media":1984,"parent":0,"menu_order":0,"comment_status":"closed","ping_status":"closed","template":"","meta":{"_acf_changed":false,"inline_featured_image":false,"footnotes":""},"class_list":["post-349","page","type-page","status-publish","has-post-thumbnail","hentry"],"acf":[],"yoast_head":"<!-- This site is optimized with the Yoast SEO plugin v24.3 - https:\/\/yoast.com\/wordpress\/plugins\/seo\/ -->\n<title>Exigences annuelles du DPCO\u00a0pour les membres | AAINB | L\u2019Association des agents immobiliers du Nouveau-Brunswick<\/title>\n<meta name=\"description\" content=\"Inscrivez-vous ici pour les exigences annuelles de formation obligatoire pour les membres vendeurs et les membres agents \/ gestionnaires.\" \/>\n<meta name=\"robots\" content=\"index, follow, max-snippet:-1, max-image-preview:large, max-video-preview:-1\" \/>\n<link rel=\"canonical\" href=\"https:\/\/www.nbrea.ca\/fr\/2020-mcpd-requirements\/\" \/>\n<meta property=\"og:locale\" content=\"fr_FR\" \/>\n<meta property=\"og:type\" content=\"article\" \/>\n<meta property=\"og:title\" content=\"Exigences annuelles du DPCO\u00a0pour les membres | AAINB | L\u2019Association des agents immobiliers du Nouveau-Brunswick\" \/>\n<meta property=\"og:description\" content=\"Inscrivez-vous ici pour les exigences annuelles de formation obligatoire pour les membres vendeurs et les membres agents \/ gestionnaires.\" \/>\n<meta property=\"og:url\" content=\"https:\/\/www.nbrea.ca\/fr\/2020-mcpd-requirements\/\" \/>\n<meta property=\"og:site_name\" content=\"AAINB | L\u2019Association des agents immobiliers du Nouveau-Brunswick\" \/>\n<meta property=\"article:publisher\" content=\"https:\/\/www.facebook.com\/NBREALTORS\" \/>\n<meta property=\"article:modified_time\" content=\"2023-08-09T17:19:46+00:00\" \/>\n<meta property=\"og:image\" content=\"https:\/\/www.nbrea.ca\/wp-content\/uploads\/2020\/08\/img-3.jpg\" \/>\n\t<meta property=\"og:image:width\" content=\"1900\" \/>\n\t<meta property=\"og:image:height\" content=\"909\" \/>\n\t<meta property=\"og:image:type\" content=\"image\/jpeg\" \/>\n<meta name=\"twitter:card\" content=\"summary_large_image\" \/>\n<meta name=\"twitter:site\" content=\"@NBREALTORS\" \/>\n<meta name=\"twitter:label1\" content=\"Dur\u00e9e de lecture estim\u00e9e\" \/>\n\t<meta name=\"twitter:data1\" content=\"2 minutes\" \/>\n<script type=\"application\/ld+json\" class=\"yoast-schema-graph\">{\"@context\":\"https:\/\/schema.org\",\"@graph\":[{\"@type\":\"WebPage\",\"@id\":\"https:\/\/www.nbrea.ca\/fr\/2020-mcpd-requirements\/\",\"url\":\"https:\/\/www.nbrea.ca\/fr\/2020-mcpd-requirements\/\",\"name\":\"Exigences annuelles du DPCO\u00a0pour les membres | AAINB | L\u2019Association des agents immobiliers du Nouveau-Brunswick\",\"isPartOf\":{\"@id\":\"https:\/\/www.nbrea.ca\/fr\/#website\"},\"primaryImageOfPage\":{\"@id\":\"https:\/\/www.nbrea.ca\/fr\/2020-mcpd-requirements\/#primaryimage\"},\"image\":{\"@id\":\"https:\/\/www.nbrea.ca\/fr\/2020-mcpd-requirements\/#primaryimage\"},\"thumbnailUrl\":\"https:\/\/www.nbrea.ca\/wp-content\/uploads\/2020\/08\/img-3.jpg\",\"datePublished\":\"2020-08-17T06:57:01+00:00\",\"dateModified\":\"2023-08-09T17:19:46+00:00\",\"description\":\"Inscrivez-vous ici pour les exigences annuelles de formation obligatoire pour les membres vendeurs et les membres agents \/ gestionnaires.\",\"breadcrumb\":{\"@id\":\"https:\/\/www.nbrea.ca\/fr\/2020-mcpd-requirements\/#breadcrumb\"},\"inLanguage\":\"fr-FR\",\"potentialAction\":[{\"@type\":\"ReadAction\",\"target\":[\"https:\/\/www.nbrea.ca\/fr\/2020-mcpd-requirements\/\"]}]},{\"@type\":\"ImageObject\",\"inLanguage\":\"fr-FR\",\"@id\":\"https:\/\/www.nbrea.ca\/fr\/2020-mcpd-requirements\/#primaryimage\",\"url\":\"https:\/\/www.nbrea.ca\/wp-content\/uploads\/2020\/08\/img-3.jpg\",\"contentUrl\":\"https:\/\/www.nbrea.ca\/wp-content\/uploads\/2020\/08\/img-3.jpg\",\"width\":1900,\"height\":909},{\"@type\":\"BreadcrumbList\",\"@id\":\"https:\/\/www.nbrea.ca\/fr\/2020-mcpd-requirements\/#breadcrumb\",\"itemListElement\":[{\"@type\":\"ListItem\",\"position\":1,\"name\":\"Home\",\"item\":\"https:\/\/www.nbrea.ca\/fr\/\"},{\"@type\":\"ListItem\",\"position\":2,\"name\":\"Exigences annuelles du DPCO\u00a0pour les membres\"}]},{\"@type\":\"WebSite\",\"@id\":\"https:\/\/www.nbrea.ca\/fr\/#website\",\"url\":\"https:\/\/www.nbrea.ca\/fr\/\",\"name\":\"AAINB | L\u2019Association des agents immobiliers du Nouveau-Brunswick\",\"description\":\"\",\"publisher\":{\"@id\":\"https:\/\/www.nbrea.ca\/fr\/#organization\"},\"potentialAction\":[{\"@type\":\"SearchAction\",\"target\":{\"@type\":\"EntryPoint\",\"urlTemplate\":\"https:\/\/www.nbrea.ca\/fr\/?s={search_term_string}\"},\"query-input\":{\"@type\":\"PropertyValueSpecification\",\"valueRequired\":true,\"valueName\":\"search_term_string\"}}],\"inLanguage\":\"fr-FR\"},{\"@type\":\"Organization\",\"@id\":\"https:\/\/www.nbrea.ca\/fr\/#organization\",\"name\":\"NBREA - New Brunswick Real Estate Association\",\"url\":\"https:\/\/www.nbrea.ca\/fr\/\",\"logo\":{\"@type\":\"ImageObject\",\"inLanguage\":\"fr-FR\",\"@id\":\"https:\/\/www.nbrea.ca\/fr\/#\/schema\/logo\/image\/\",\"url\":\"https:\/\/www.nbrea.ca\/wp-content\/uploads\/2020\/10\/NBREA_logo_version1.png\",\"contentUrl\":\"https:\/\/www.nbrea.ca\/wp-content\/uploads\/2020\/10\/NBREA_logo_version1.png\",\"width\":2040,\"height\":657,\"caption\":\"NBREA - New Brunswick Real Estate Association\"},\"image\":{\"@id\":\"https:\/\/www.nbrea.ca\/fr\/#\/schema\/logo\/image\/\"},\"sameAs\":[\"https:\/\/www.facebook.com\/NBREALTORS\",\"https:\/\/x.com\/NBREALTORS\",\"https:\/\/www.instagram.com\/nbrea1\/\",\"https:\/\/www.youtube.com\/channel\/UCcYr6HJ8LADBhtE_O6pxEZQ\/\"]}]}<\/script>\n<!-- \/ Yoast SEO plugin. -->","yoast_head_json":{"title":"Exigences annuelles du DPCO\u00a0pour les membres | AAINB | L\u2019Association des agents immobiliers du Nouveau-Brunswick","description":"Inscrivez-vous ici pour les exigences annuelles de formation obligatoire pour les membres vendeurs et les membres agents \/ gestionnaires.","robots":{"index":"index","follow":"follow","max-snippet":"max-snippet:-1","max-image-preview":"max-image-preview:large","max-video-preview":"max-video-preview:-1"},"canonical":"https:\/\/www.nbrea.ca\/fr\/2020-mcpd-requirements\/","og_locale":"fr_FR","og_type":"article","og_title":"Exigences annuelles du DPCO\u00a0pour les membres | AAINB | L\u2019Association des agents immobiliers du Nouveau-Brunswick","og_description":"Inscrivez-vous ici pour les exigences annuelles de formation obligatoire pour les membres vendeurs et les membres agents \/ gestionnaires.","og_url":"https:\/\/www.nbrea.ca\/fr\/2020-mcpd-requirements\/","og_site_name":"AAINB | L\u2019Association des agents immobiliers du Nouveau-Brunswick","article_publisher":"https:\/\/www.facebook.com\/NBREALTORS","article_modified_time":"2023-08-09T17:19:46+00:00","og_image":[{"width":1900,"height":909,"url":"https:\/\/www.nbrea.ca\/wp-content\/uploads\/2020\/08\/img-3.jpg","type":"image\/jpeg"}],"twitter_card":"summary_large_image","twitter_site":"@NBREALTORS","twitter_misc":{"Dur\u00e9e de lecture estim\u00e9e":"2 minutes"},"schema":{"@context":"https:\/\/schema.org","@graph":[{"@type":"WebPage","@id":"https:\/\/www.nbrea.ca\/fr\/2020-mcpd-requirements\/","url":"https:\/\/www.nbrea.ca\/fr\/2020-mcpd-requirements\/","name":"Exigences annuelles du DPCO\u00a0pour les membres | AAINB | L\u2019Association des agents immobiliers du Nouveau-Brunswick","isPartOf":{"@id":"https:\/\/www.nbrea.ca\/fr\/#website"},"primaryImageOfPage":{"@id":"https:\/\/www.nbrea.ca\/fr\/2020-mcpd-requirements\/#primaryimage"},"image":{"@id":"https:\/\/www.nbrea.ca\/fr\/2020-mcpd-requirements\/#primaryimage"},"thumbnailUrl":"https:\/\/www.nbrea.ca\/wp-content\/uploads\/2020\/08\/img-3.jpg","datePublished":"2020-08-17T06:57:01+00:00","dateModified":"2023-08-09T17:19:46+00:00","description":"Inscrivez-vous ici pour les exigences annuelles de formation obligatoire pour les membres vendeurs et les membres agents \/ gestionnaires.","breadcrumb":{"@id":"https:\/\/www.nbrea.ca\/fr\/2020-mcpd-requirements\/#breadcrumb"},"inLanguage":"fr-FR","potentialAction":[{"@type":"ReadAction","target":["https:\/\/www.nbrea.ca\/fr\/2020-mcpd-requirements\/"]}]},{"@type":"ImageObject","inLanguage":"fr-FR","@id":"https:\/\/www.nbrea.ca\/fr\/2020-mcpd-requirements\/#primaryimage","url":"https:\/\/www.nbrea.ca\/wp-content\/uploads\/2020\/08\/img-3.jpg","contentUrl":"https:\/\/www.nbrea.ca\/wp-content\/uploads\/2020\/08\/img-3.jpg","width":1900,"height":909},{"@type":"BreadcrumbList","@id":"https:\/\/www.nbrea.ca\/fr\/2020-mcpd-requirements\/#breadcrumb","itemListElement":[{"@type":"ListItem","position":1,"name":"Home","item":"https:\/\/www.nbrea.ca\/fr\/"},{"@type":"ListItem","position":2,"name":"Exigences annuelles du DPCO\u00a0pour les membres"}]},{"@type":"WebSite","@id":"https:\/\/www.nbrea.ca\/fr\/#website","url":"https:\/\/www.nbrea.ca\/fr\/","name":"AAINB | L\u2019Association des agents immobiliers du Nouveau-Brunswick","description":"","publisher":{"@id":"https:\/\/www.nbrea.ca\/fr\/#organization"},"potentialAction":[{"@type":"SearchAction","target":{"@type":"EntryPoint","urlTemplate":"https:\/\/www.nbrea.ca\/fr\/?s={search_term_string}"},"query-input":{"@type":"PropertyValueSpecification","valueRequired":true,"valueName":"search_term_string"}}],"inLanguage":"fr-FR"},{"@type":"Organization","@id":"https:\/\/www.nbrea.ca\/fr\/#organization","name":"NBREA - New Brunswick Real Estate Association","url":"https:\/\/www.nbrea.ca\/fr\/","logo":{"@type":"ImageObject","inLanguage":"fr-FR","@id":"https:\/\/www.nbrea.ca\/fr\/#\/schema\/logo\/image\/","url":"https:\/\/www.nbrea.ca\/wp-content\/uploads\/2020\/10\/NBREA_logo_version1.png","contentUrl":"https:\/\/www.nbrea.ca\/wp-content\/uploads\/2020\/10\/NBREA_logo_version1.png","width":2040,"height":657,"caption":"NBREA - New Brunswick Real Estate Association"},"image":{"@id":"https:\/\/www.nbrea.ca\/fr\/#\/schema\/logo\/image\/"},"sameAs":["https:\/\/www.facebook.com\/NBREALTORS","https:\/\/x.com\/NBREALTORS","https:\/\/www.instagram.com\/nbrea1\/","https:\/\/www.youtube.com\/channel\/UCcYr6HJ8LADBhtE_O6pxEZQ\/"]}]}},"_links":{"self":[{"href":"https:\/\/www.nbrea.ca\/fr\/wp-json\/wp\/v2\/pages\/349","targetHints":{"allow":["GET"]}}],"collection":[{"href":"https:\/\/www.nbrea.ca\/fr\/wp-json\/wp\/v2\/pages"}],"about":[{"href":"https:\/\/www.nbrea.ca\/fr\/wp-json\/wp\/v2\/types\/page"}],"author":[{"embeddable":true,"href":"https:\/\/www.nbrea.ca\/fr\/wp-json\/wp\/v2\/users\/2"}],"replies":[{"embeddable":true,"href":"https:\/\/www.nbrea.ca\/fr\/wp-json\/wp\/v2\/comments?post=349"}],"version-history":[{"count":20,"href":"https:\/\/www.nbrea.ca\/fr\/wp-json\/wp\/v2\/pages\/349\/revisions"}],"predecessor-version":[{"id":5239,"href":"https:\/\/www.nbrea.ca\/fr\/wp-json\/wp\/v2\/pages\/349\/revisions\/5239"}],"wp:featuredmedia":[{"embeddable":true,"href":"https:\/\/www.nbrea.ca\/fr\/wp-json\/wp\/v2\/media\/1984"}],"wp:attachment":[{"href":"https:\/\/www.nbrea.ca\/fr\/wp-json\/wp\/v2\/media?parent=349"}],"curies":[{"name":"wp","href":"https:\/\/api.w.org\/{rel}","templated":true}]}}