{"id":4739,"date":"2022-10-06T16:12:36","date_gmt":"2022-10-06T19:12:36","guid":{"rendered":"https:\/\/www.nbrea.ca\/?page_id=4739"},"modified":"2022-10-06T16:30:26","modified_gmt":"2022-10-06T19:30:26","slug":"prix-des-proprietes","status":"publish","type":"page","link":"https:\/\/www.nbrea.ca\/fr\/prix-des-proprietes\/","title":{"rendered":"Prix des propri\u00e9t\u00e9s"},"content":{"rendered":"<div class=\"base-section\"><div class=\"container\">\n<h1 class=\"wp-block-heading\">Prix des propri\u00e9t\u00e9s<\/h1>\n<\/div><\/div>\n\n<div class=\"base-section\"><div class=\"container\">\n<p><strong><strong>L\u2019Indice des prix des propri\u00e9t\u00e9s MLS\u00ae (IPP MLS\u00ae) est l\u2019outil le plus moderne et pr\u00e9cis pour \u00e9valuer les prix des propri\u00e9t\u00e9s et les tendances. Il s\u2019agit d\u2019un ensemble d\u2019outils logiciels configur\u00e9s de mani\u00e8re \u00e0 fournir des indices temporels \u00e0 propos des march\u00e9s r\u00e9sidentiels des chambres immobili\u00e8res de Nouveau Brunswick. Faites-en l\u2019essai pour mieux comprendre comment l\u2019utiliser.&nbsp;<\/strong><\/strong>Essayez l\u2019outil IPP MLS\u00ae et&nbsp;<a class=\"\" rel=\"noreferrer noopener\" href=\"https:\/\/www.nbrea.ca\/fr\/find-a-realtor\/\" target=\"_blank\">demandez<\/a>&nbsp;\u00e0 votre courtier ou agent de vous fournir des renseignements d\u00e9taill\u00e9s de l\u2019IPP MLS\u00ae \u00e0 propos du march\u00e9 de votre quartier de r\u00e9sidence actuel ou \u00e9ventuel.<\/p>\n<\/div><\/div>\n\n\n<div style=\"height:20px\" aria-hidden=\"true\" class=\"wp-block-spacer\"><\/div>\n\n\n<div class=\"base-section\"><div class=\"container\">\n<hr class=\"wp-block-separator\"\/>\n<\/div><\/div>\n\n\n<div style=\"height:30px\" aria-hidden=\"true\" class=\"wp-block-spacer\"><\/div>\n\n\n\n<div class=\"tableauPlaceholder\" id=\"viz1665065396581\" style=\"position: relative\"><noscript><a href=\"#\"><img decoding=\"async\" alt=\" \" src=\"https:\/\/public.tableau.com\/static\/images\/Ne\/NewBrunswickHPIDashboard-publicFRauto\/Rend_surpr_gr_lin_\/1_rss.png\" style=\"border: none\"><\/a><\/noscript><object class=\"tableauViz\" style=\"display:none;\"><param name=\"host_url\" value=\"https%3A%2F%2Fpublic.tableau.com%2F\"> <param name=\"embed_code_version\" value=\"3\"> <param name=\"site_root\" value=\"\"><param name=\"name\" value=\"NewBrunswickHPIDashboard-publicFRauto\/Rend_surpr_gr_lin_\"><param name=\"tabs\" value=\"yes\"><param name=\"toolbar\" value=\"yes\"><param name=\"showShareOptions\" value=\"false\"><param name=\"static_image\" value=\"https:\/\/public.tableau.com\/static\/images\/Ne\/NewBrunswickHPIDashboard-publicFRauto\/Rend_surpr_gr_lin_\/1.png\"> <param name=\"animate_transition\" value=\"yes\"><param name=\"display_static_image\" value=\"yes\"><param name=\"display_spinner\" value=\"yes\"><param name=\"display_overlay\" value=\"yes\"><param name=\"display_count\" value=\"no\"><param name=\"language\" value=\"en-US\"><\/object><\/div>                <script type=\"text\/javascript\">                    var divElement = document.getElementById('viz1665065396581');                    var vizElement = divElement.getElementsByTagName('object')[0];                    vizElement.style.width='100%';vizElement.style.height=(divElement.offsetWidth*0.75)+'px';                    var scriptElement = document.createElement('script');                    scriptElement.src = 'https:\/\/public.tableau.com\/javascripts\/api\/viz_v1.js';                    vizElement.parentNode.insertBefore(scriptElement, vizElement);                <\/script>\n\n\n\n<div style=\"height:80px\" aria-hidden=\"true\" class=\"wp-block-spacer\"><\/div>\n\n\n<div class=\"base-section\"><div class=\"container\">\n<p><\/p>\n<\/div><\/div>","protected":false},"excerpt":{"rendered":"<p>Prix des propri\u00e9t\u00e9s L\u2019Indice des prix des propri\u00e9t\u00e9s MLS\u00ae (IPP MLS\u00ae) est l\u2019outil le plus moderne et pr\u00e9cis pour \u00e9valuer les prix des propri\u00e9t\u00e9s et les tendances. Il s\u2019agit d\u2019un ensemble d\u2019outils logiciels configur\u00e9s de mani\u00e8re \u00e0 fournir des indices temporels \u00e0 propos des march\u00e9s r\u00e9sidentiels des chambres immobili\u00e8res de Nouveau Brunswick. Faites-en l\u2019essai pour [&hellip;]<\/p>\n","protected":false},"author":2,"featured_media":0,"parent":0,"menu_order":0,"comment_status":"closed","ping_status":"closed","template":"","meta":{"_acf_changed":false,"inline_featured_image":false,"footnotes":""},"class_list":["post-4739","page","type-page","status-publish","hentry"],"acf":[],"yoast_head":"<!-- This site is optimized with the Yoast SEO plugin v24.3 - https:\/\/yoast.com\/wordpress\/plugins\/seo\/ -->\n<title>Prix des propri\u00e9t\u00e9s | AAINB | L\u2019Association des agents immobiliers du Nouveau-Brunswick<\/title>\n<meta name=\"description\" content=\"The New Brunswick Real Estate Association (NBREA) is a provincial association for REALTORS\u00ae workingtogether to strengthen and promote standards of professionalism in the industry. We are also partners inprotecting the public\u2019s interest within Real Estate in cooperation with our co-regulating partners The Financialand Consumer Services Commission (FCNB)\" \/>\n<meta name=\"robots\" content=\"index, follow, max-snippet:-1, max-image-preview:large, max-video-preview:-1\" \/>\n<link rel=\"canonical\" href=\"https:\/\/www.nbrea.ca\/fr\/prix-des-proprietes\/\" \/>\n<meta property=\"og:locale\" content=\"fr_FR\" \/>\n<meta property=\"og:type\" content=\"article\" \/>\n<meta property=\"og:title\" content=\"Prix des propri\u00e9t\u00e9s | AAINB | L\u2019Association des agents immobiliers du Nouveau-Brunswick\" \/>\n<meta property=\"og:description\" content=\"The New Brunswick Real Estate Association (NBREA) is a provincial association for REALTORS\u00ae workingtogether to strengthen and promote standards of professionalism in the industry. We are also partners inprotecting the public\u2019s interest within Real Estate in cooperation with our co-regulating partners The Financialand Consumer Services Commission (FCNB)\" \/>\n<meta property=\"og:url\" content=\"https:\/\/www.nbrea.ca\/fr\/prix-des-proprietes\/\" \/>\n<meta property=\"og:site_name\" content=\"AAINB | L\u2019Association des agents immobiliers du Nouveau-Brunswick\" \/>\n<meta property=\"article:publisher\" content=\"https:\/\/www.facebook.com\/NBREALTORS\" \/>\n<meta property=\"article:modified_time\" content=\"2022-10-06T19:30:26+00:00\" \/>\n<meta property=\"og:image\" content=\"https:\/\/public.tableau.com\/static\/images\/Ne\/NewBrunswickHPIDashboard-publicFRauto\/Rend_surpr_gr_lin_\/1_rss.png\" \/>\n<meta name=\"twitter:card\" content=\"summary_large_image\" \/>\n<meta name=\"twitter:site\" content=\"@NBREALTORS\" \/>\n<meta name=\"twitter:label1\" content=\"Dur\u00e9e de lecture estim\u00e9e\" \/>\n\t<meta name=\"twitter:data1\" content=\"1 minute\" \/>\n<script type=\"application\/ld+json\" class=\"yoast-schema-graph\">{\"@context\":\"https:\/\/schema.org\",\"@graph\":[{\"@type\":\"WebPage\",\"@id\":\"https:\/\/www.nbrea.ca\/fr\/prix-des-proprietes\/\",\"url\":\"https:\/\/www.nbrea.ca\/fr\/prix-des-proprietes\/\",\"name\":\"Prix des propri\u00e9t\u00e9s | AAINB | L\u2019Association des agents immobiliers du Nouveau-Brunswick\",\"isPartOf\":{\"@id\":\"https:\/\/www.nbrea.ca\/fr\/#website\"},\"primaryImageOfPage\":{\"@id\":\"https:\/\/www.nbrea.ca\/fr\/prix-des-proprietes\/#primaryimage\"},\"image\":{\"@id\":\"https:\/\/www.nbrea.ca\/fr\/prix-des-proprietes\/#primaryimage\"},\"thumbnailUrl\":\"https:\/\/public.tableau.com\/static\/images\/Ne\/NewBrunswickHPIDashboard-publicFRauto\/Rend_surpr_gr_lin_\/1_rss.png\",\"datePublished\":\"2022-10-06T19:12:36+00:00\",\"dateModified\":\"2022-10-06T19:30:26+00:00\",\"description\":\"The New Brunswick Real Estate Association (NBREA) is a provincial association for REALTORS\u00ae workingtogether to strengthen and promote standards of professionalism in the industry. We are also partners inprotecting the public\u2019s interest within Real Estate in cooperation with our co-regulating partners The Financialand Consumer Services Commission (FCNB)\",\"breadcrumb\":{\"@id\":\"https:\/\/www.nbrea.ca\/fr\/prix-des-proprietes\/#breadcrumb\"},\"inLanguage\":\"fr-FR\",\"potentialAction\":[{\"@type\":\"ReadAction\",\"target\":[\"https:\/\/www.nbrea.ca\/fr\/prix-des-proprietes\/\"]}]},{\"@type\":\"ImageObject\",\"inLanguage\":\"fr-FR\",\"@id\":\"https:\/\/www.nbrea.ca\/fr\/prix-des-proprietes\/#primaryimage\",\"url\":\"https:\/\/public.tableau.com\/static\/images\/Ne\/NewBrunswickHPIDashboard-publicFRauto\/Rend_surpr_gr_lin_\/1_rss.png\",\"contentUrl\":\"https:\/\/public.tableau.com\/static\/images\/Ne\/NewBrunswickHPIDashboard-publicFRauto\/Rend_surpr_gr_lin_\/1_rss.png\"},{\"@type\":\"BreadcrumbList\",\"@id\":\"https:\/\/www.nbrea.ca\/fr\/prix-des-proprietes\/#breadcrumb\",\"itemListElement\":[{\"@type\":\"ListItem\",\"position\":1,\"name\":\"Home\",\"item\":\"https:\/\/www.nbrea.ca\/fr\/\"},{\"@type\":\"ListItem\",\"position\":2,\"name\":\"Prix des propri\u00e9t\u00e9s\"}]},{\"@type\":\"WebSite\",\"@id\":\"https:\/\/www.nbrea.ca\/fr\/#website\",\"url\":\"https:\/\/www.nbrea.ca\/fr\/\",\"name\":\"AAINB | L\u2019Association des agents immobiliers du Nouveau-Brunswick\",\"description\":\"\",\"publisher\":{\"@id\":\"https:\/\/www.nbrea.ca\/fr\/#organization\"},\"potentialAction\":[{\"@type\":\"SearchAction\",\"target\":{\"@type\":\"EntryPoint\",\"urlTemplate\":\"https:\/\/www.nbrea.ca\/fr\/?s={search_term_string}\"},\"query-input\":{\"@type\":\"PropertyValueSpecification\",\"valueRequired\":true,\"valueName\":\"search_term_string\"}}],\"inLanguage\":\"fr-FR\"},{\"@type\":\"Organization\",\"@id\":\"https:\/\/www.nbrea.ca\/fr\/#organization\",\"name\":\"NBREA - New Brunswick Real Estate Association\",\"url\":\"https:\/\/www.nbrea.ca\/fr\/\",\"logo\":{\"@type\":\"ImageObject\",\"inLanguage\":\"fr-FR\",\"@id\":\"https:\/\/www.nbrea.ca\/fr\/#\/schema\/logo\/image\/\",\"url\":\"https:\/\/www.nbrea.ca\/wp-content\/uploads\/2020\/10\/NBREA_logo_version1.png\",\"contentUrl\":\"https:\/\/www.nbrea.ca\/wp-content\/uploads\/2020\/10\/NBREA_logo_version1.png\",\"width\":2040,\"height\":657,\"caption\":\"NBREA - New Brunswick Real Estate Association\"},\"image\":{\"@id\":\"https:\/\/www.nbrea.ca\/fr\/#\/schema\/logo\/image\/\"},\"sameAs\":[\"https:\/\/www.facebook.com\/NBREALTORS\",\"https:\/\/x.com\/NBREALTORS\",\"https:\/\/www.instagram.com\/nbrea1\/\",\"https:\/\/www.youtube.com\/channel\/UCcYr6HJ8LADBhtE_O6pxEZQ\/\"]}]}<\/script>\n<!-- \/ Yoast SEO plugin. -->","yoast_head_json":{"title":"Prix des propri\u00e9t\u00e9s | AAINB | L\u2019Association des agents immobiliers du Nouveau-Brunswick","description":"The New Brunswick Real Estate Association (NBREA) is a provincial association for REALTORS\u00ae workingtogether to strengthen and promote standards of professionalism in the industry. We are also partners inprotecting the public\u2019s interest within Real Estate in cooperation with our co-regulating partners The Financialand Consumer Services Commission (FCNB)","robots":{"index":"index","follow":"follow","max-snippet":"max-snippet:-1","max-image-preview":"max-image-preview:large","max-video-preview":"max-video-preview:-1"},"canonical":"https:\/\/www.nbrea.ca\/fr\/prix-des-proprietes\/","og_locale":"fr_FR","og_type":"article","og_title":"Prix des propri\u00e9t\u00e9s | AAINB | L\u2019Association des agents immobiliers du Nouveau-Brunswick","og_description":"The New Brunswick Real Estate Association (NBREA) is a provincial association for REALTORS\u00ae workingtogether to strengthen and promote standards of professionalism in the industry. We are also partners inprotecting the public\u2019s interest within Real Estate in cooperation with our co-regulating partners The Financialand Consumer Services Commission (FCNB)","og_url":"https:\/\/www.nbrea.ca\/fr\/prix-des-proprietes\/","og_site_name":"AAINB | L\u2019Association des agents immobiliers du Nouveau-Brunswick","article_publisher":"https:\/\/www.facebook.com\/NBREALTORS","article_modified_time":"2022-10-06T19:30:26+00:00","og_image":[{"url":"https:\/\/public.tableau.com\/static\/images\/Ne\/NewBrunswickHPIDashboard-publicFRauto\/Rend_surpr_gr_lin_\/1_rss.png","type":"","width":"","height":""}],"twitter_card":"summary_large_image","twitter_site":"@NBREALTORS","twitter_misc":{"Dur\u00e9e de lecture estim\u00e9e":"1 minute"},"schema":{"@context":"https:\/\/schema.org","@graph":[{"@type":"WebPage","@id":"https:\/\/www.nbrea.ca\/fr\/prix-des-proprietes\/","url":"https:\/\/www.nbrea.ca\/fr\/prix-des-proprietes\/","name":"Prix des propri\u00e9t\u00e9s | AAINB | L\u2019Association des agents immobiliers du Nouveau-Brunswick","isPartOf":{"@id":"https:\/\/www.nbrea.ca\/fr\/#website"},"primaryImageOfPage":{"@id":"https:\/\/www.nbrea.ca\/fr\/prix-des-proprietes\/#primaryimage"},"image":{"@id":"https:\/\/www.nbrea.ca\/fr\/prix-des-proprietes\/#primaryimage"},"thumbnailUrl":"https:\/\/public.tableau.com\/static\/images\/Ne\/NewBrunswickHPIDashboard-publicFRauto\/Rend_surpr_gr_lin_\/1_rss.png","datePublished":"2022-10-06T19:12:36+00:00","dateModified":"2022-10-06T19:30:26+00:00","description":"The New Brunswick Real Estate Association (NBREA) is a provincial association for REALTORS\u00ae workingtogether to strengthen and promote standards of professionalism in the industry. We are also partners inprotecting the public\u2019s interest within Real Estate in cooperation with our co-regulating partners The Financialand Consumer Services Commission (FCNB)","breadcrumb":{"@id":"https:\/\/www.nbrea.ca\/fr\/prix-des-proprietes\/#breadcrumb"},"inLanguage":"fr-FR","potentialAction":[{"@type":"ReadAction","target":["https:\/\/www.nbrea.ca\/fr\/prix-des-proprietes\/"]}]},{"@type":"ImageObject","inLanguage":"fr-FR","@id":"https:\/\/www.nbrea.ca\/fr\/prix-des-proprietes\/#primaryimage","url":"https:\/\/public.tableau.com\/static\/images\/Ne\/NewBrunswickHPIDashboard-publicFRauto\/Rend_surpr_gr_lin_\/1_rss.png","contentUrl":"https:\/\/public.tableau.com\/static\/images\/Ne\/NewBrunswickHPIDashboard-publicFRauto\/Rend_surpr_gr_lin_\/1_rss.png"},{"@type":"BreadcrumbList","@id":"https:\/\/www.nbrea.ca\/fr\/prix-des-proprietes\/#breadcrumb","itemListElement":[{"@type":"ListItem","position":1,"name":"Home","item":"https:\/\/www.nbrea.ca\/fr\/"},{"@type":"ListItem","position":2,"name":"Prix des propri\u00e9t\u00e9s"}]},{"@type":"WebSite","@id":"https:\/\/www.nbrea.ca\/fr\/#website","url":"https:\/\/www.nbrea.ca\/fr\/","name":"AAINB | L\u2019Association des agents immobiliers du Nouveau-Brunswick","description":"","publisher":{"@id":"https:\/\/www.nbrea.ca\/fr\/#organization"},"potentialAction":[{"@type":"SearchAction","target":{"@type":"EntryPoint","urlTemplate":"https:\/\/www.nbrea.ca\/fr\/?s={search_term_string}"},"query-input":{"@type":"PropertyValueSpecification","valueRequired":true,"valueName":"search_term_string"}}],"inLanguage":"fr-FR"},{"@type":"Organization","@id":"https:\/\/www.nbrea.ca\/fr\/#organization","name":"NBREA - New Brunswick Real Estate Association","url":"https:\/\/www.nbrea.ca\/fr\/","logo":{"@type":"ImageObject","inLanguage":"fr-FR","@id":"https:\/\/www.nbrea.ca\/fr\/#\/schema\/logo\/image\/","url":"https:\/\/www.nbrea.ca\/wp-content\/uploads\/2020\/10\/NBREA_logo_version1.png","contentUrl":"https:\/\/www.nbrea.ca\/wp-content\/uploads\/2020\/10\/NBREA_logo_version1.png","width":2040,"height":657,"caption":"NBREA - New Brunswick Real Estate Association"},"image":{"@id":"https:\/\/www.nbrea.ca\/fr\/#\/schema\/logo\/image\/"},"sameAs":["https:\/\/www.facebook.com\/NBREALTORS","https:\/\/x.com\/NBREALTORS","https:\/\/www.instagram.com\/nbrea1\/","https:\/\/www.youtube.com\/channel\/UCcYr6HJ8LADBhtE_O6pxEZQ\/"]}]}},"_links":{"self":[{"href":"https:\/\/www.nbrea.ca\/fr\/wp-json\/wp\/v2\/pages\/4739","targetHints":{"allow":["GET"]}}],"collection":[{"href":"https:\/\/www.nbrea.ca\/fr\/wp-json\/wp\/v2\/pages"}],"about":[{"href":"https:\/\/www.nbrea.ca\/fr\/wp-json\/wp\/v2\/types\/page"}],"author":[{"embeddable":true,"href":"https:\/\/www.nbrea.ca\/fr\/wp-json\/wp\/v2\/users\/2"}],"replies":[{"embeddable":true,"href":"https:\/\/www.nbrea.ca\/fr\/wp-json\/wp\/v2\/comments?post=4739"}],"version-history":[{"count":10,"href":"https:\/\/www.nbrea.ca\/fr\/wp-json\/wp\/v2\/pages\/4739\/revisions"}],"predecessor-version":[{"id":4760,"href":"https:\/\/www.nbrea.ca\/fr\/wp-json\/wp\/v2\/pages\/4739\/revisions\/4760"}],"wp:attachment":[{"href":"https:\/\/www.nbrea.ca\/fr\/wp-json\/wp\/v2\/media?parent=4739"}],"curies":[{"name":"wp","href":"https:\/\/api.w.org\/{rel}","templated":true}]}}