{"id":507,"date":"2020-09-14T12:56:24","date_gmt":"2020-09-14T12:56:24","guid":{"rendered":"https:\/\/www.nbrea.ca\/?page_id=507"},"modified":"2026-01-12T12:28:08","modified_gmt":"2026-01-12T15:28:08","slug":"candidats-a-la-mobilite-de-la-main-doeuvre-de-lexterieur-du-nouveau-brunswick","status":"publish","type":"page","link":"https:\/\/www.nbrea.ca\/fr\/candidats-a-la-mobilite-de-la-main-doeuvre-de-lexterieur-du-nouveau-brunswick\/","title":{"rendered":"Candidats \u00e0 la mobilit\u00e9 de la main-d\u2019\u0153uvre (de l\u2019ext\u00e9rieur du Nouveau-Brunswick)"},"content":{"rendered":"<div class=\"base-section\"><div class=\"container\">\n<h1 class=\"wp-block-heading\">Candidats \u00e0 la mobilit\u00e9 de la main-d\u2019\u0153uvre (de l\u2019ext\u00e9rieur du Nouveau-Brunswick)<\/h1>\n<\/div><\/div>\n\n<div class=\"base-section\"><div class=\"container\">\n<p>Afin de pouvoir effectuer des op\u00e9rations immobili\u00e8res au Nouveau-Brunswick, il faut \u00eatre \u00e0 la fois membre de l\u2019AAINB et d\u00e9tenir un permis d\u2019agent immobilier en r\u00e8gle de la Commission des services financiers et des services aux consommateurs. Le chapitre de l\u2019Accord sur le commerce int\u00e9rieur (ACI), portant sur la mobilit\u00e9 de la main-d\u2019\u0153uvre stipule que la reconnaissance professionnelle doit \u00eatre reconnue par l\u2019organisme de r\u00e9glementation d\u2019une autre province ou d\u2019un autre territoire canadien lorsqu\u2019une demande est d\u00e9pos\u00e9e. Afin d\u2019\u00eatre admissible \u00e0 un permis en vertu de cet accord, il faut poss\u00e9der&nbsp;un permis d\u2019agent immobilier en r\u00e8gle d\u00e9livr\u00e9 par une autre province et pr\u00e9senter une demande \u00e0 l\u2019AAINB en passant par le proc\u00e9ssus sur la mobilit\u00e9 de la main-d\u2019\u0153uvre. En tant que membre en r\u00e8gle, le demandeur doit ensuite demander une licence immobili\u00e8re aupr\u00e8s de la Commission des services financiers et des services aux consommateurs. Pour pr\u00e9senter une demande de permis immobilier, remplissez une demande, payez les frais de demande et soumettez une v\u00e9rification de casier judiciaire sur <a href=\"https:\/\/portal.fcnb.ca\/fr\/login\/\">le portail de la FCNB<\/a>. Les d\u00e9tails sur les exigences en mati\u00e8re de permis se trouvent sur le site <a href=\"https:\/\/fcnb.ca\/fr\/immobilier\/agents-immobiliers\">Web de la FCNB \u00e0 Agents immobiliers | Commission des services financiers<\/a> et des services aux consommateurs du Nouveau-Brunswick (FCNB) Veuillez communiquer avec la FCNB \u00e0 <a href=\"mailto:consumer.licensing@fcnb.ca\">consumer.licensing@fcnb.ca<\/a> ou au 1-866-933-2222 pour toute question. Avant de commencer le processus de demande aupr\u00e8s de l\u2019AAINB, toute demande de clarification concernant les exigences d\u2019octroi de permis doit \u00eatre adress\u00e9e \u00e0 la Commission. Nous vous prions de lire la politique a la mobilit\u00e9 de la main-d\u2019oeuvre:<\/p>\n<\/div><\/div>\n\n<div class=\"base-section\"><div class=\"container\">\n<p><a href=\"https:\/\/www.nbrea.ca\/wp-content\/uploads\/2026\/01\/Receprocite-en-matiere-demploi-2023.pdf\" target=\"_blank\" rel=\"noreferrer noopener\">R\u00e9ciprocit\u00e9 \u00e0 la main-d\u2019oeuvre<\/a>. Veuillez nous fournir vos coordonn\u00e9es \u00e0 l\u2019aide de ce formulaire:\u00a0<a class=\"\" href=\"https:\/\/members.nbrea.ca\/mpower\/membership\/labour-form.action\">\u00a0<\/a><a href=\"https:\/\/members.nbrea.ca\/mpower\/membership\/labour-form.action\" target=\"_blank\" rel=\"noreferrer noopener\">Formulaire mobilit\u00e9 de la main-d\u2019oeuvre<\/a>.<\/p>\n<\/div><\/div>\n\n<div class=\"base-section\"><div class=\"container\">\n<p>Une fois que vos ant\u00e9c\u00e9dents de sanction et d\u2019\u00e9ducation seront examin\u00e9s et approuv\u00e9s, nous vous contacterons pour vous guider \u00e0 travers la prochaine phase de la demande.Pour plus d\u2019informations sur FCNB, s\u2019il vous pla\u00eet visitez leur site Web \u00e0&nbsp;<a href=\"https:\/\/fcnb.ca\/fr\/immobilier\/travailler-avec-un-agent-immobilier\" target=\"_blank\" rel=\"noreferrer noopener\">www.fcnb.ca\/real-estate-agents<\/a>. Si vous avez des questions, vous pouvez nous rejoindre par t\u00e9l\u00e9phone au: 506-459-8055 ext 104 ou par courriel&nbsp;<a href=\"mailto:registrar@nbrea.ca\" target=\"_blank\" rel=\"noreferrer noopener\">ici<\/a>.<\/p>\n<\/div><\/div>\n\n\n<div style=\"height:100px\" aria-hidden=\"true\" class=\"wp-block-spacer\"><\/div>\n\n\n<div class=\"base-section\"><div class=\"container\">\n<p><a href=\"https:\/\/www.nbrea.ca\/fr\/candidats-a-la-mobilite-de-la-main-doeuvre-de-lexterieur-du-nouveau-brunswick\/\">View Page<\/a><\/p>\n<\/div><\/div>","protected":false},"excerpt":{"rendered":"<p>Candidats \u00e0 la mobilit\u00e9 de la main-d\u2019\u0153uvre (de l\u2019ext\u00e9rieur du Nouveau-Brunswick) Afin de pouvoir effectuer des op\u00e9rations immobili\u00e8res au Nouveau-Brunswick, il faut \u00eatre \u00e0 la fois membre de l\u2019AAINB et d\u00e9tenir un permis d\u2019agent immobilier en r\u00e8gle de la Commission des services financiers et des services aux consommateurs. Le chapitre de l\u2019Accord sur le commerce [&hellip;]<\/p>\n","protected":false},"author":2,"featured_media":511,"parent":0,"menu_order":0,"comment_status":"closed","ping_status":"closed","template":"","meta":{"_acf_changed":false,"inline_featured_image":false,"footnotes":""},"class_list":["post-507","page","type-page","status-publish","has-post-thumbnail","hentry"],"acf":[],"yoast_head":"<!-- This site is optimized with the Yoast SEO plugin v24.3 - https:\/\/yoast.com\/wordpress\/plugins\/seo\/ -->\n<title>Candidats \u00e0 la mobilit\u00e9 de la main-d\u2019\u0153uvre (de l\u2019ext\u00e9rieur du Nouveau-Brunswick) | AAINB | L\u2019Association des agents immobiliers du Nouveau-Brunswick<\/title>\n<meta name=\"description\" content=\"Pour faire des affaires dans le domaine de l\u2019immobilier au Nouveau-Brunswick, il faut \u00eatre \u00e0 la fois membre de l&#039;AAINB et d\u00e9tenir un permis immobilier valide d\u00e9livr\u00e9 par la FCNB. Pour \u00eatre admissible, il faut d\u00e9tenir un permis immobilier en vigueur d\u00e9livr\u00e9 par une autre province et pr\u00e9senter une demande \u00e0 l&#039;AAINB par le biais du processus de mobilit\u00e9 de la main-d&#039;\u0153uvre.\" \/>\n<meta name=\"robots\" content=\"index, follow, max-snippet:-1, max-image-preview:large, max-video-preview:-1\" \/>\n<link rel=\"canonical\" href=\"https:\/\/www.nbrea.ca\/fr\/candidats-a-la-mobilite-de-la-main-doeuvre-de-lexterieur-du-nouveau-brunswick\/\" \/>\n<meta property=\"og:locale\" content=\"fr_FR\" \/>\n<meta property=\"og:type\" content=\"article\" \/>\n<meta property=\"og:title\" content=\"Candidats \u00e0 la mobilit\u00e9 de la main-d\u2019\u0153uvre (de l\u2019ext\u00e9rieur du Nouveau-Brunswick) | AAINB | L\u2019Association des agents immobiliers du Nouveau-Brunswick\" \/>\n<meta property=\"og:description\" content=\"Pour faire des affaires dans le domaine de l\u2019immobilier au Nouveau-Brunswick, il faut \u00eatre \u00e0 la fois membre de l&#039;AAINB et d\u00e9tenir un permis immobilier valide d\u00e9livr\u00e9 par la FCNB. Pour \u00eatre admissible, il faut d\u00e9tenir un permis immobilier en vigueur d\u00e9livr\u00e9 par une autre province et pr\u00e9senter une demande \u00e0 l&#039;AAINB par le biais du processus de mobilit\u00e9 de la main-d&#039;\u0153uvre.\" \/>\n<meta property=\"og:url\" content=\"https:\/\/www.nbrea.ca\/fr\/candidats-a-la-mobilite-de-la-main-doeuvre-de-lexterieur-du-nouveau-brunswick\/\" \/>\n<meta property=\"og:site_name\" content=\"AAINB | L\u2019Association des agents immobiliers du Nouveau-Brunswick\" \/>\n<meta property=\"article:publisher\" content=\"https:\/\/www.facebook.com\/NBREALTORS\" \/>\n<meta property=\"article:modified_time\" content=\"2026-01-12T15:28:08+00:00\" \/>\n<meta property=\"og:image\" content=\"https:\/\/www.nbrea.ca\/wp-content\/uploads\/2020\/09\/shutterstock_1432087025-e1599218060712-1.jpg\" \/>\n\t<meta property=\"og:image:width\" content=\"1800\" \/>\n\t<meta property=\"og:image:height\" content=\"625\" \/>\n\t<meta property=\"og:image:type\" content=\"image\/jpeg\" \/>\n<meta name=\"twitter:card\" content=\"summary_large_image\" \/>\n<meta name=\"twitter:site\" content=\"@NBREALTORS\" \/>\n<meta name=\"twitter:label1\" content=\"Dur\u00e9e de lecture estim\u00e9e\" \/>\n\t<meta name=\"twitter:data1\" content=\"2 minutes\" \/>\n<script type=\"application\/ld+json\" class=\"yoast-schema-graph\">{\"@context\":\"https:\/\/schema.org\",\"@graph\":[{\"@type\":\"WebPage\",\"@id\":\"https:\/\/www.nbrea.ca\/fr\/candidats-a-la-mobilite-de-la-main-doeuvre-de-lexterieur-du-nouveau-brunswick\/\",\"url\":\"https:\/\/www.nbrea.ca\/fr\/candidats-a-la-mobilite-de-la-main-doeuvre-de-lexterieur-du-nouveau-brunswick\/\",\"name\":\"Candidats \u00e0 la mobilit\u00e9 de la main-d\u2019\u0153uvre (de l\u2019ext\u00e9rieur du Nouveau-Brunswick) | AAINB | L\u2019Association des agents immobiliers du Nouveau-Brunswick\",\"isPartOf\":{\"@id\":\"https:\/\/www.nbrea.ca\/fr\/#website\"},\"primaryImageOfPage\":{\"@id\":\"https:\/\/www.nbrea.ca\/fr\/candidats-a-la-mobilite-de-la-main-doeuvre-de-lexterieur-du-nouveau-brunswick\/#primaryimage\"},\"image\":{\"@id\":\"https:\/\/www.nbrea.ca\/fr\/candidats-a-la-mobilite-de-la-main-doeuvre-de-lexterieur-du-nouveau-brunswick\/#primaryimage\"},\"thumbnailUrl\":\"https:\/\/www.nbrea.ca\/wp-content\/uploads\/2020\/09\/shutterstock_1432087025-e1599218060712-1.jpg\",\"datePublished\":\"2020-09-14T12:56:24+00:00\",\"dateModified\":\"2026-01-12T15:28:08+00:00\",\"description\":\"Pour faire des affaires dans le domaine de l\u2019immobilier au Nouveau-Brunswick, il faut \u00eatre \u00e0 la fois membre de l'AAINB et d\u00e9tenir un permis immobilier valide d\u00e9livr\u00e9 par la FCNB. Pour \u00eatre admissible, il faut d\u00e9tenir un permis immobilier en vigueur d\u00e9livr\u00e9 par une autre province et pr\u00e9senter une demande \u00e0 l'AAINB par le biais du processus de mobilit\u00e9 de la main-d'\u0153uvre.\",\"breadcrumb\":{\"@id\":\"https:\/\/www.nbrea.ca\/fr\/candidats-a-la-mobilite-de-la-main-doeuvre-de-lexterieur-du-nouveau-brunswick\/#breadcrumb\"},\"inLanguage\":\"fr-FR\",\"potentialAction\":[{\"@type\":\"ReadAction\",\"target\":[\"https:\/\/www.nbrea.ca\/fr\/candidats-a-la-mobilite-de-la-main-doeuvre-de-lexterieur-du-nouveau-brunswick\/\"]}]},{\"@type\":\"ImageObject\",\"inLanguage\":\"fr-FR\",\"@id\":\"https:\/\/www.nbrea.ca\/fr\/candidats-a-la-mobilite-de-la-main-doeuvre-de-lexterieur-du-nouveau-brunswick\/#primaryimage\",\"url\":\"https:\/\/www.nbrea.ca\/wp-content\/uploads\/2020\/09\/shutterstock_1432087025-e1599218060712-1.jpg\",\"contentUrl\":\"https:\/\/www.nbrea.ca\/wp-content\/uploads\/2020\/09\/shutterstock_1432087025-e1599218060712-1.jpg\",\"width\":1800,\"height\":625},{\"@type\":\"BreadcrumbList\",\"@id\":\"https:\/\/www.nbrea.ca\/fr\/candidats-a-la-mobilite-de-la-main-doeuvre-de-lexterieur-du-nouveau-brunswick\/#breadcrumb\",\"itemListElement\":[{\"@type\":\"ListItem\",\"position\":1,\"name\":\"Home\",\"item\":\"https:\/\/www.nbrea.ca\/fr\/\"},{\"@type\":\"ListItem\",\"position\":2,\"name\":\"Candidats \u00e0 la mobilit\u00e9 de la main-d\u2019\u0153uvre (de l\u2019ext\u00e9rieur du Nouveau-Brunswick)\"}]},{\"@type\":\"WebSite\",\"@id\":\"https:\/\/www.nbrea.ca\/fr\/#website\",\"url\":\"https:\/\/www.nbrea.ca\/fr\/\",\"name\":\"AAINB | L\u2019Association des agents immobiliers du Nouveau-Brunswick\",\"description\":\"\",\"publisher\":{\"@id\":\"https:\/\/www.nbrea.ca\/fr\/#organization\"},\"potentialAction\":[{\"@type\":\"SearchAction\",\"target\":{\"@type\":\"EntryPoint\",\"urlTemplate\":\"https:\/\/www.nbrea.ca\/fr\/?s={search_term_string}\"},\"query-input\":{\"@type\":\"PropertyValueSpecification\",\"valueRequired\":true,\"valueName\":\"search_term_string\"}}],\"inLanguage\":\"fr-FR\"},{\"@type\":\"Organization\",\"@id\":\"https:\/\/www.nbrea.ca\/fr\/#organization\",\"name\":\"NBREA - New Brunswick Real Estate Association\",\"url\":\"https:\/\/www.nbrea.ca\/fr\/\",\"logo\":{\"@type\":\"ImageObject\",\"inLanguage\":\"fr-FR\",\"@id\":\"https:\/\/www.nbrea.ca\/fr\/#\/schema\/logo\/image\/\",\"url\":\"https:\/\/www.nbrea.ca\/wp-content\/uploads\/2020\/10\/NBREA_logo_version1.png\",\"contentUrl\":\"https:\/\/www.nbrea.ca\/wp-content\/uploads\/2020\/10\/NBREA_logo_version1.png\",\"width\":2040,\"height\":657,\"caption\":\"NBREA - New Brunswick Real Estate Association\"},\"image\":{\"@id\":\"https:\/\/www.nbrea.ca\/fr\/#\/schema\/logo\/image\/\"},\"sameAs\":[\"https:\/\/www.facebook.com\/NBREALTORS\",\"https:\/\/x.com\/NBREALTORS\",\"https:\/\/www.instagram.com\/nbrea1\/\",\"https:\/\/www.youtube.com\/channel\/UCcYr6HJ8LADBhtE_O6pxEZQ\/\"]}]}<\/script>\n<!-- \/ Yoast SEO plugin. -->","yoast_head_json":{"title":"Candidats \u00e0 la mobilit\u00e9 de la main-d\u2019\u0153uvre (de l\u2019ext\u00e9rieur du Nouveau-Brunswick) | AAINB | L\u2019Association des agents immobiliers du Nouveau-Brunswick","description":"Pour faire des affaires dans le domaine de l\u2019immobilier au Nouveau-Brunswick, il faut \u00eatre \u00e0 la fois membre de l'AAINB et d\u00e9tenir un permis immobilier valide d\u00e9livr\u00e9 par la FCNB. Pour \u00eatre admissible, il faut d\u00e9tenir un permis immobilier en vigueur d\u00e9livr\u00e9 par une autre province et pr\u00e9senter une demande \u00e0 l'AAINB par le biais du processus de mobilit\u00e9 de la main-d'\u0153uvre.","robots":{"index":"index","follow":"follow","max-snippet":"max-snippet:-1","max-image-preview":"max-image-preview:large","max-video-preview":"max-video-preview:-1"},"canonical":"https:\/\/www.nbrea.ca\/fr\/candidats-a-la-mobilite-de-la-main-doeuvre-de-lexterieur-du-nouveau-brunswick\/","og_locale":"fr_FR","og_type":"article","og_title":"Candidats \u00e0 la mobilit\u00e9 de la main-d\u2019\u0153uvre (de l\u2019ext\u00e9rieur du Nouveau-Brunswick) | AAINB | L\u2019Association des agents immobiliers du Nouveau-Brunswick","og_description":"Pour faire des affaires dans le domaine de l\u2019immobilier au Nouveau-Brunswick, il faut \u00eatre \u00e0 la fois membre de l'AAINB et d\u00e9tenir un permis immobilier valide d\u00e9livr\u00e9 par la FCNB. Pour \u00eatre admissible, il faut d\u00e9tenir un permis immobilier en vigueur d\u00e9livr\u00e9 par une autre province et pr\u00e9senter une demande \u00e0 l'AAINB par le biais du processus de mobilit\u00e9 de la main-d'\u0153uvre.","og_url":"https:\/\/www.nbrea.ca\/fr\/candidats-a-la-mobilite-de-la-main-doeuvre-de-lexterieur-du-nouveau-brunswick\/","og_site_name":"AAINB | L\u2019Association des agents immobiliers du Nouveau-Brunswick","article_publisher":"https:\/\/www.facebook.com\/NBREALTORS","article_modified_time":"2026-01-12T15:28:08+00:00","og_image":[{"width":1800,"height":625,"url":"https:\/\/www.nbrea.ca\/wp-content\/uploads\/2020\/09\/shutterstock_1432087025-e1599218060712-1.jpg","type":"image\/jpeg"}],"twitter_card":"summary_large_image","twitter_site":"@NBREALTORS","twitter_misc":{"Dur\u00e9e de lecture estim\u00e9e":"2 minutes"},"schema":{"@context":"https:\/\/schema.org","@graph":[{"@type":"WebPage","@id":"https:\/\/www.nbrea.ca\/fr\/candidats-a-la-mobilite-de-la-main-doeuvre-de-lexterieur-du-nouveau-brunswick\/","url":"https:\/\/www.nbrea.ca\/fr\/candidats-a-la-mobilite-de-la-main-doeuvre-de-lexterieur-du-nouveau-brunswick\/","name":"Candidats \u00e0 la mobilit\u00e9 de la main-d\u2019\u0153uvre (de l\u2019ext\u00e9rieur du Nouveau-Brunswick) | AAINB | L\u2019Association des agents immobiliers du Nouveau-Brunswick","isPartOf":{"@id":"https:\/\/www.nbrea.ca\/fr\/#website"},"primaryImageOfPage":{"@id":"https:\/\/www.nbrea.ca\/fr\/candidats-a-la-mobilite-de-la-main-doeuvre-de-lexterieur-du-nouveau-brunswick\/#primaryimage"},"image":{"@id":"https:\/\/www.nbrea.ca\/fr\/candidats-a-la-mobilite-de-la-main-doeuvre-de-lexterieur-du-nouveau-brunswick\/#primaryimage"},"thumbnailUrl":"https:\/\/www.nbrea.ca\/wp-content\/uploads\/2020\/09\/shutterstock_1432087025-e1599218060712-1.jpg","datePublished":"2020-09-14T12:56:24+00:00","dateModified":"2026-01-12T15:28:08+00:00","description":"Pour faire des affaires dans le domaine de l\u2019immobilier au Nouveau-Brunswick, il faut \u00eatre \u00e0 la fois membre de l'AAINB et d\u00e9tenir un permis immobilier valide d\u00e9livr\u00e9 par la FCNB. Pour \u00eatre admissible, il faut d\u00e9tenir un permis immobilier en vigueur d\u00e9livr\u00e9 par une autre province et pr\u00e9senter une demande \u00e0 l'AAINB par le biais du processus de mobilit\u00e9 de la main-d'\u0153uvre.","breadcrumb":{"@id":"https:\/\/www.nbrea.ca\/fr\/candidats-a-la-mobilite-de-la-main-doeuvre-de-lexterieur-du-nouveau-brunswick\/#breadcrumb"},"inLanguage":"fr-FR","potentialAction":[{"@type":"ReadAction","target":["https:\/\/www.nbrea.ca\/fr\/candidats-a-la-mobilite-de-la-main-doeuvre-de-lexterieur-du-nouveau-brunswick\/"]}]},{"@type":"ImageObject","inLanguage":"fr-FR","@id":"https:\/\/www.nbrea.ca\/fr\/candidats-a-la-mobilite-de-la-main-doeuvre-de-lexterieur-du-nouveau-brunswick\/#primaryimage","url":"https:\/\/www.nbrea.ca\/wp-content\/uploads\/2020\/09\/shutterstock_1432087025-e1599218060712-1.jpg","contentUrl":"https:\/\/www.nbrea.ca\/wp-content\/uploads\/2020\/09\/shutterstock_1432087025-e1599218060712-1.jpg","width":1800,"height":625},{"@type":"BreadcrumbList","@id":"https:\/\/www.nbrea.ca\/fr\/candidats-a-la-mobilite-de-la-main-doeuvre-de-lexterieur-du-nouveau-brunswick\/#breadcrumb","itemListElement":[{"@type":"ListItem","position":1,"name":"Home","item":"https:\/\/www.nbrea.ca\/fr\/"},{"@type":"ListItem","position":2,"name":"Candidats \u00e0 la mobilit\u00e9 de la main-d\u2019\u0153uvre (de l\u2019ext\u00e9rieur du Nouveau-Brunswick)"}]},{"@type":"WebSite","@id":"https:\/\/www.nbrea.ca\/fr\/#website","url":"https:\/\/www.nbrea.ca\/fr\/","name":"AAINB | L\u2019Association des agents immobiliers du Nouveau-Brunswick","description":"","publisher":{"@id":"https:\/\/www.nbrea.ca\/fr\/#organization"},"potentialAction":[{"@type":"SearchAction","target":{"@type":"EntryPoint","urlTemplate":"https:\/\/www.nbrea.ca\/fr\/?s={search_term_string}"},"query-input":{"@type":"PropertyValueSpecification","valueRequired":true,"valueName":"search_term_string"}}],"inLanguage":"fr-FR"},{"@type":"Organization","@id":"https:\/\/www.nbrea.ca\/fr\/#organization","name":"NBREA - New Brunswick Real Estate Association","url":"https:\/\/www.nbrea.ca\/fr\/","logo":{"@type":"ImageObject","inLanguage":"fr-FR","@id":"https:\/\/www.nbrea.ca\/fr\/#\/schema\/logo\/image\/","url":"https:\/\/www.nbrea.ca\/wp-content\/uploads\/2020\/10\/NBREA_logo_version1.png","contentUrl":"https:\/\/www.nbrea.ca\/wp-content\/uploads\/2020\/10\/NBREA_logo_version1.png","width":2040,"height":657,"caption":"NBREA - New Brunswick Real Estate Association"},"image":{"@id":"https:\/\/www.nbrea.ca\/fr\/#\/schema\/logo\/image\/"},"sameAs":["https:\/\/www.facebook.com\/NBREALTORS","https:\/\/x.com\/NBREALTORS","https:\/\/www.instagram.com\/nbrea1\/","https:\/\/www.youtube.com\/channel\/UCcYr6HJ8LADBhtE_O6pxEZQ\/"]}]}},"_links":{"self":[{"href":"https:\/\/www.nbrea.ca\/fr\/wp-json\/wp\/v2\/pages\/507","targetHints":{"allow":["GET"]}}],"collection":[{"href":"https:\/\/www.nbrea.ca\/fr\/wp-json\/wp\/v2\/pages"}],"about":[{"href":"https:\/\/www.nbrea.ca\/fr\/wp-json\/wp\/v2\/types\/page"}],"author":[{"embeddable":true,"href":"https:\/\/www.nbrea.ca\/fr\/wp-json\/wp\/v2\/users\/2"}],"replies":[{"embeddable":true,"href":"https:\/\/www.nbrea.ca\/fr\/wp-json\/wp\/v2\/comments?post=507"}],"version-history":[{"count":15,"href":"https:\/\/www.nbrea.ca\/fr\/wp-json\/wp\/v2\/pages\/507\/revisions"}],"predecessor-version":[{"id":7490,"href":"https:\/\/www.nbrea.ca\/fr\/wp-json\/wp\/v2\/pages\/507\/revisions\/7490"}],"wp:featuredmedia":[{"embeddable":true,"href":"https:\/\/www.nbrea.ca\/fr\/wp-json\/wp\/v2\/media\/511"}],"wp:attachment":[{"href":"https:\/\/www.nbrea.ca\/fr\/wp-json\/wp\/v2\/media?parent=507"}],"curies":[{"name":"wp","href":"https:\/\/api.w.org\/{rel}","templated":true}]}}