{"id":640,"date":"2020-08-17T06:43:40","date_gmt":"2020-08-17T06:43:40","guid":{"rendered":"https:\/\/www.nbrea.ca\/?page_id=640"},"modified":"2024-07-11T11:37:38","modified_gmt":"2024-07-11T14:37:38","slug":"buying-real-estate-in-canada","status":"publish","type":"page","link":"https:\/\/www.nbrea.ca\/fr\/buying-real-estate-in-canada\/","title":{"rendered":"Acheter une maison au Canada"},"content":{"rendered":"<div class=\"base-section\"><div class=\"container\">\n<h1 class=\"wp-block-heading has-vivid-cyan-blue-color has-text-color\">Acheter une maison au Canada<\/h1>\n<\/div><\/div>\n\n\n<div style=\"height:30px\" aria-hidden=\"true\" class=\"wp-block-spacer\"><\/div>\n\n\n<div class=\"base-section\"><div class=\"container\">\n<h3 class=\"wp-block-heading\">Ressources pour les non-r\u00e9sidents qui ach\u00e8tent des biens immobilier canadien<\/h3>\n<\/div><\/div>\n\n<div class=\"base-section\"><div class=\"container\">\n<p>Entr\u00e9e en vigueur le 1er janvier 2023, la\u00a0<em>Loi sur l\u2019interdiction d\u2019achat d\u2019immeubles r\u00e9sidentiels par des non-Canadiens<\/em>\u00a0emp\u00eache les non-Canadiens d\u2019acheter des immeubles r\u00e9sidentiels au Canada pendant 2 ans. Pour plus d&rsquo;informations sur cette l\u00e9gislation, <a href=\"https:\/\/www.cmhc-schl.gc.ca\/professionnels\/marche-du-logement-donnees-et-recherche\/recherche-sur-le-logement\/consultations\/loi-interdiction-achat-immeubles-residentiels-non-canadiens\" target=\"_blank\" rel=\"noreferrer noopener\">cliquez ici<\/a>. Vous trouverez ci-dessous des ressources suppl\u00e9mentaires pour les non-r\u00e9sidents:<\/p>\n<\/div><\/div>\n\n\n\t<div class=\"container\">\n\t\t<div class=\"cards-block\">\n\t\t\t\t\t\t\t<div class=\"card-item\">\n\t\t\t\t\t\t\t\t\t\t\t<img decoding=\"async\" src=\"https:\/\/www.nbrea.ca\/wp-content\/uploads\/2020\/09\/img-5.jpg\" alt=\"\" >\n\t\t\t\t\t\t\t\t\t\t<div class=\"text-holder\">\n\t\t\t\t\t\t\t\t\t\t\t\t\t<h2>Feuille de route de l&rsquo;ACI<\/h2>\n\t\t\t\t\t\t\t\t\t\t\t<\/div>\n\t\t\t\t\t\t\t\t\t\t\t<a href=\"https:\/\/www.crea.ca\/fr\/roadmap\/\"><\/a>\n\t\t\t\t\t\t\t\t\t<\/div>\n\t\t\t\t\t\t\t<div class=\"card-item\">\n\t\t\t\t\t\t\t\t\t\t\t<img decoding=\"async\" src=\"https:\/\/www.nbrea.ca\/wp-content\/uploads\/2020\/08\/img-4.jpg\" alt=\"\" >\n\t\t\t\t\t\t\t\t\t\t<div class=\"text-holder\">\n\t\t\t\t\t\t\t\t\t\t\t\t\t<h2>Acheter une maison au Canada<\/h2>\n\t\t\t\t\t\t\t\t\t\t\t<\/div>\n\t\t\t\t\t\t\t\t\t\t\t<a href=\"https:\/\/www.canada.ca\/fr\/immigration-refugies-citoyennete\/services\/nouveaux-immigrants\/nouvelle-vie-canada\/logement\/acheter.html\"><\/a>\n\t\t\t\t\t\t\t\t\t<\/div>\n\t\t\t\t\t\t\t<div class=\"card-item\">\n\t\t\t\t\t\t\t\t\t\t\t<img decoding=\"async\" src=\"https:\/\/www.nbrea.ca\/wp-content\/uploads\/2020\/09\/img-7.jpg\" alt=\"\" >\n\t\t\t\t\t\t\t\t\t\t<div class=\"text-holder\">\n\t\t\t\t\t\t\t\t\t\t\t\t\t<h2>L&rsquo;Achat de votre premi\u00e8re maison au Canada<\/h2>\n\t\t\t\t\t\t\t\t\t\t\t<\/div>\n\t\t\t\t\t\t\t\t\t\t\t<a href=\"https:\/\/assets.cmhc-schl.gc.ca\/sf\/project\/cmhc\/pubsandreports\/pdf\/66145.pdf?rev=780eecc3-f870-4e2d-baaf-8275c07f1674\"><\/a>\n\t\t\t\t\t\t\t\t\t<\/div>\n\t\t\t\t\t\t\t<div class=\"card-item\">\n\t\t\t\t\t\t\t\t\t\t\t<img decoding=\"async\" src=\"https:\/\/www.nbrea.ca\/wp-content\/uploads\/2020\/09\/tierra-mallorca-rgJ1J8SDEAY-unsplash-550x550.jpg\" alt=\"\" >\n\t\t\t\t\t\t\t\t\t\t<div class=\"text-holder\">\n\t\t\t\t\t\t\t\t\t\t\t\t\t<h2>Aide-m\u00e9moire sur l&rsquo;achat d&rsquo;une maison au Canada<\/h2>\n\t\t\t\t\t\t\t\t\t\t\t<\/div>\n\t\t\t\t\t\t\t\t\t\t\t<a href=\"https:\/\/www.nbrea.ca\/wp-content\/uploads\/2020\/10\/Homebuyer-checklist-French.pdf\"><\/a>\n\t\t\t\t\t\t\t\t\t<\/div>\n\t\t\t\t\t\t\t<div class=\"card-item\">\n\t\t\t\t\t\t\t\t\t\t\t<img decoding=\"async\" src=\"https:\/\/www.nbrea.ca\/wp-content\/uploads\/2020\/09\/john-schnobrich-yFbyvpEGHFQ-unsplash-550x550.jpg\" alt=\"\" >\n\t\t\t\t\t\t\t\t\t\t<div class=\"text-holder\">\n\t\t\t\t\t\t\t\t\t\t\t\t\t<h2>Calculateurs pour l&rsquo;achat d&rsquo;une habitation<\/h2>\n\t\t\t\t\t\t\t\t\t\t\t<\/div>\n\t\t\t\t\t\t\t\t\t\t\t<a href=\"https:\/\/www.cmhc-schl.gc.ca\/fr\/finance-and-investing\/mortgage-loan-insurance\/homebuying-calculators\"><\/a>\n\t\t\t\t\t\t\t\t\t<\/div>\n\t\t\t\t\t\t\t<div class=\"card-item\">\n\t\t\t\t\t\t\t\t\t\t\t<img decoding=\"async\" src=\"https:\/\/www.nbrea.ca\/wp-content\/uploads\/2020\/08\/shutterstock_376152052-550x550.jpg\" alt=\"\" >\n\t\t\t\t\t\t\t\t\t\t<div class=\"text-holder\">\n\t\t\t\t\t\t\t\t\t\t\t\t\t<h2>Agence du Revenu Canada- Imp\u00f4ts<\/h2>\n\t\t\t\t\t\t\t\t\t\t\t<\/div>\n\t\t\t\t\t\t\t\t\t\t\t<a href=\"https:\/\/www.canada.ca\/fr\/services\/impots.html\"><\/a>\n\t\t\t\t\t\t\t\t\t<\/div>\n\t\t\t\t\t<\/div>\n\t<\/div>\n\n\n<div class=\"base-section\"><div class=\"container\">\n<p>Nous vous fournissons des informations sur l&rsquo;habitation pour vous aider \u00e0 prendre des d\u00e9cisions et \u00e0 trouver une maison s\u00fbre et abordable pour votre famille. <a href=\"https:\/\/www.cmhc-schl.gc.ca\/\">La Soci\u00e9t\u00e9 canadienne d\u2019hypoth\u00e8ques et de logement <\/a>(SCHL) est l\u2019agence nationale du logement du gouvernement du Canada et la ressource incontournable pour vous aider \u00e0 vous \u00e9tablir au Canada. Pour plus d&rsquo;informations, visitez leur site Web.<br><\/p>\n<\/div><\/div>","protected":false},"excerpt":{"rendered":"<p>Acheter une maison au Canada Ressources pour les non-r\u00e9sidents qui ach\u00e8tent des biens immobilier canadien Entr\u00e9e en vigueur le 1er janvier 2023, la\u00a0Loi sur l\u2019interdiction d\u2019achat d\u2019immeubles r\u00e9sidentiels par des non-Canadiens\u00a0emp\u00eache les non-Canadiens d\u2019acheter des immeubles r\u00e9sidentiels au Canada pendant 2 ans. Pour plus d&rsquo;informations sur cette l\u00e9gislation, cliquez ici. Vous trouverez ci-dessous des ressources [&hellip;]<\/p>\n","protected":false},"author":2,"featured_media":0,"parent":0,"menu_order":0,"comment_status":"closed","ping_status":"closed","template":"","meta":{"_acf_changed":false,"inline_featured_image":false,"footnotes":""},"class_list":["post-640","page","type-page","status-publish","hentry"],"acf":[],"yoast_head":"<!-- This site is optimized with the Yoast SEO plugin v24.3 - https:\/\/yoast.com\/wordpress\/plugins\/seo\/ -->\n<title>Acheter une maison au Canada | AAINB | L\u2019Association des agents immobiliers du Nouveau-Brunswick<\/title>\n<meta name=\"description\" content=\"Il n&#039;y a aucune restriction pour les non-r\u00e9sidents qui ach\u00e8tent des biens immobiliers au Canada, mais ils peuvent devenir assujettis aux lois fiscales canadiennes. Voici des ressources pour les non-r\u00e9sidents qui ach\u00e8tent un bien immobilier au Canada.\" \/>\n<meta name=\"robots\" content=\"index, follow, max-snippet:-1, max-image-preview:large, max-video-preview:-1\" \/>\n<link rel=\"canonical\" href=\"https:\/\/www.nbrea.ca\/fr\/buying-real-estate-in-canada\/\" \/>\n<meta property=\"og:locale\" content=\"fr_FR\" \/>\n<meta property=\"og:type\" content=\"article\" \/>\n<meta property=\"og:title\" content=\"Acheter une maison au Canada | AAINB | L\u2019Association des agents immobiliers du Nouveau-Brunswick\" \/>\n<meta property=\"og:description\" content=\"Il n&#039;y a aucune restriction pour les non-r\u00e9sidents qui ach\u00e8tent des biens immobiliers au Canada, mais ils peuvent devenir assujettis aux lois fiscales canadiennes. Voici des ressources pour les non-r\u00e9sidents qui ach\u00e8tent un bien immobilier au Canada.\" \/>\n<meta property=\"og:url\" content=\"https:\/\/www.nbrea.ca\/fr\/buying-real-estate-in-canada\/\" \/>\n<meta property=\"og:site_name\" content=\"AAINB | L\u2019Association des agents immobiliers du Nouveau-Brunswick\" \/>\n<meta property=\"article:publisher\" content=\"https:\/\/www.facebook.com\/NBREALTORS\" \/>\n<meta property=\"article:modified_time\" content=\"2024-07-11T14:37:38+00:00\" \/>\n<meta property=\"og:image\" content=\"https:\/\/www.nbrea.ca\/wp-content\/uploads\/2020\/11\/NBREA-SocialGraphic.jpg\" \/>\n\t<meta property=\"og:image:width\" content=\"1200\" \/>\n\t<meta property=\"og:image:height\" content=\"928\" \/>\n\t<meta property=\"og:image:type\" content=\"image\/jpeg\" \/>\n<meta name=\"twitter:card\" content=\"summary_large_image\" \/>\n<meta name=\"twitter:site\" content=\"@NBREALTORS\" \/>\n<meta name=\"twitter:label1\" content=\"Dur\u00e9e de lecture estim\u00e9e\" \/>\n\t<meta name=\"twitter:data1\" content=\"1 minute\" \/>\n<script type=\"application\/ld+json\" class=\"yoast-schema-graph\">{\"@context\":\"https:\/\/schema.org\",\"@graph\":[{\"@type\":\"WebPage\",\"@id\":\"https:\/\/www.nbrea.ca\/fr\/buying-real-estate-in-canada\/\",\"url\":\"https:\/\/www.nbrea.ca\/fr\/buying-real-estate-in-canada\/\",\"name\":\"Acheter une maison au Canada | AAINB | L\u2019Association des agents immobiliers du Nouveau-Brunswick\",\"isPartOf\":{\"@id\":\"https:\/\/www.nbrea.ca\/fr\/#website\"},\"datePublished\":\"2020-08-17T06:43:40+00:00\",\"dateModified\":\"2024-07-11T14:37:38+00:00\",\"description\":\"Il n'y a aucune restriction pour les non-r\u00e9sidents qui ach\u00e8tent des biens immobiliers au Canada, mais ils peuvent devenir assujettis aux lois fiscales canadiennes. Voici des ressources pour les non-r\u00e9sidents qui ach\u00e8tent un bien immobilier au Canada.\",\"breadcrumb\":{\"@id\":\"https:\/\/www.nbrea.ca\/fr\/buying-real-estate-in-canada\/#breadcrumb\"},\"inLanguage\":\"fr-FR\",\"potentialAction\":[{\"@type\":\"ReadAction\",\"target\":[\"https:\/\/www.nbrea.ca\/fr\/buying-real-estate-in-canada\/\"]}]},{\"@type\":\"BreadcrumbList\",\"@id\":\"https:\/\/www.nbrea.ca\/fr\/buying-real-estate-in-canada\/#breadcrumb\",\"itemListElement\":[{\"@type\":\"ListItem\",\"position\":1,\"name\":\"Home\",\"item\":\"https:\/\/www.nbrea.ca\/fr\/\"},{\"@type\":\"ListItem\",\"position\":2,\"name\":\"Acheter une maison au Canada\"}]},{\"@type\":\"WebSite\",\"@id\":\"https:\/\/www.nbrea.ca\/fr\/#website\",\"url\":\"https:\/\/www.nbrea.ca\/fr\/\",\"name\":\"AAINB | L\u2019Association des agents immobiliers du Nouveau-Brunswick\",\"description\":\"\",\"publisher\":{\"@id\":\"https:\/\/www.nbrea.ca\/fr\/#organization\"},\"potentialAction\":[{\"@type\":\"SearchAction\",\"target\":{\"@type\":\"EntryPoint\",\"urlTemplate\":\"https:\/\/www.nbrea.ca\/fr\/?s={search_term_string}\"},\"query-input\":{\"@type\":\"PropertyValueSpecification\",\"valueRequired\":true,\"valueName\":\"search_term_string\"}}],\"inLanguage\":\"fr-FR\"},{\"@type\":\"Organization\",\"@id\":\"https:\/\/www.nbrea.ca\/fr\/#organization\",\"name\":\"NBREA - New Brunswick Real Estate Association\",\"url\":\"https:\/\/www.nbrea.ca\/fr\/\",\"logo\":{\"@type\":\"ImageObject\",\"inLanguage\":\"fr-FR\",\"@id\":\"https:\/\/www.nbrea.ca\/fr\/#\/schema\/logo\/image\/\",\"url\":\"https:\/\/www.nbrea.ca\/wp-content\/uploads\/2020\/10\/NBREA_logo_version1.png\",\"contentUrl\":\"https:\/\/www.nbrea.ca\/wp-content\/uploads\/2020\/10\/NBREA_logo_version1.png\",\"width\":2040,\"height\":657,\"caption\":\"NBREA - New Brunswick Real Estate Association\"},\"image\":{\"@id\":\"https:\/\/www.nbrea.ca\/fr\/#\/schema\/logo\/image\/\"},\"sameAs\":[\"https:\/\/www.facebook.com\/NBREALTORS\",\"https:\/\/x.com\/NBREALTORS\",\"https:\/\/www.instagram.com\/nbrea1\/\",\"https:\/\/www.youtube.com\/channel\/UCcYr6HJ8LADBhtE_O6pxEZQ\/\"]}]}<\/script>\n<!-- \/ Yoast SEO plugin. -->","yoast_head_json":{"title":"Acheter une maison au Canada | AAINB | L\u2019Association des agents immobiliers du Nouveau-Brunswick","description":"Il n'y a aucune restriction pour les non-r\u00e9sidents qui ach\u00e8tent des biens immobiliers au Canada, mais ils peuvent devenir assujettis aux lois fiscales canadiennes. Voici des ressources pour les non-r\u00e9sidents qui ach\u00e8tent un bien immobilier au Canada.","robots":{"index":"index","follow":"follow","max-snippet":"max-snippet:-1","max-image-preview":"max-image-preview:large","max-video-preview":"max-video-preview:-1"},"canonical":"https:\/\/www.nbrea.ca\/fr\/buying-real-estate-in-canada\/","og_locale":"fr_FR","og_type":"article","og_title":"Acheter une maison au Canada | AAINB | L\u2019Association des agents immobiliers du Nouveau-Brunswick","og_description":"Il n'y a aucune restriction pour les non-r\u00e9sidents qui ach\u00e8tent des biens immobiliers au Canada, mais ils peuvent devenir assujettis aux lois fiscales canadiennes. Voici des ressources pour les non-r\u00e9sidents qui ach\u00e8tent un bien immobilier au Canada.","og_url":"https:\/\/www.nbrea.ca\/fr\/buying-real-estate-in-canada\/","og_site_name":"AAINB | L\u2019Association des agents immobiliers du Nouveau-Brunswick","article_publisher":"https:\/\/www.facebook.com\/NBREALTORS","article_modified_time":"2024-07-11T14:37:38+00:00","og_image":[{"width":1200,"height":928,"url":"https:\/\/www.nbrea.ca\/wp-content\/uploads\/2020\/11\/NBREA-SocialGraphic.jpg","type":"image\/jpeg"}],"twitter_card":"summary_large_image","twitter_site":"@NBREALTORS","twitter_misc":{"Dur\u00e9e de lecture estim\u00e9e":"1 minute"},"schema":{"@context":"https:\/\/schema.org","@graph":[{"@type":"WebPage","@id":"https:\/\/www.nbrea.ca\/fr\/buying-real-estate-in-canada\/","url":"https:\/\/www.nbrea.ca\/fr\/buying-real-estate-in-canada\/","name":"Acheter une maison au Canada | AAINB | L\u2019Association des agents immobiliers du Nouveau-Brunswick","isPartOf":{"@id":"https:\/\/www.nbrea.ca\/fr\/#website"},"datePublished":"2020-08-17T06:43:40+00:00","dateModified":"2024-07-11T14:37:38+00:00","description":"Il n'y a aucune restriction pour les non-r\u00e9sidents qui ach\u00e8tent des biens immobiliers au Canada, mais ils peuvent devenir assujettis aux lois fiscales canadiennes. Voici des ressources pour les non-r\u00e9sidents qui ach\u00e8tent un bien immobilier au Canada.","breadcrumb":{"@id":"https:\/\/www.nbrea.ca\/fr\/buying-real-estate-in-canada\/#breadcrumb"},"inLanguage":"fr-FR","potentialAction":[{"@type":"ReadAction","target":["https:\/\/www.nbrea.ca\/fr\/buying-real-estate-in-canada\/"]}]},{"@type":"BreadcrumbList","@id":"https:\/\/www.nbrea.ca\/fr\/buying-real-estate-in-canada\/#breadcrumb","itemListElement":[{"@type":"ListItem","position":1,"name":"Home","item":"https:\/\/www.nbrea.ca\/fr\/"},{"@type":"ListItem","position":2,"name":"Acheter une maison au Canada"}]},{"@type":"WebSite","@id":"https:\/\/www.nbrea.ca\/fr\/#website","url":"https:\/\/www.nbrea.ca\/fr\/","name":"AAINB | L\u2019Association des agents immobiliers du Nouveau-Brunswick","description":"","publisher":{"@id":"https:\/\/www.nbrea.ca\/fr\/#organization"},"potentialAction":[{"@type":"SearchAction","target":{"@type":"EntryPoint","urlTemplate":"https:\/\/www.nbrea.ca\/fr\/?s={search_term_string}"},"query-input":{"@type":"PropertyValueSpecification","valueRequired":true,"valueName":"search_term_string"}}],"inLanguage":"fr-FR"},{"@type":"Organization","@id":"https:\/\/www.nbrea.ca\/fr\/#organization","name":"NBREA - New Brunswick Real Estate Association","url":"https:\/\/www.nbrea.ca\/fr\/","logo":{"@type":"ImageObject","inLanguage":"fr-FR","@id":"https:\/\/www.nbrea.ca\/fr\/#\/schema\/logo\/image\/","url":"https:\/\/www.nbrea.ca\/wp-content\/uploads\/2020\/10\/NBREA_logo_version1.png","contentUrl":"https:\/\/www.nbrea.ca\/wp-content\/uploads\/2020\/10\/NBREA_logo_version1.png","width":2040,"height":657,"caption":"NBREA - New Brunswick Real Estate Association"},"image":{"@id":"https:\/\/www.nbrea.ca\/fr\/#\/schema\/logo\/image\/"},"sameAs":["https:\/\/www.facebook.com\/NBREALTORS","https:\/\/x.com\/NBREALTORS","https:\/\/www.instagram.com\/nbrea1\/","https:\/\/www.youtube.com\/channel\/UCcYr6HJ8LADBhtE_O6pxEZQ\/"]}]}},"_links":{"self":[{"href":"https:\/\/www.nbrea.ca\/fr\/wp-json\/wp\/v2\/pages\/640","targetHints":{"allow":["GET"]}}],"collection":[{"href":"https:\/\/www.nbrea.ca\/fr\/wp-json\/wp\/v2\/pages"}],"about":[{"href":"https:\/\/www.nbrea.ca\/fr\/wp-json\/wp\/v2\/types\/page"}],"author":[{"embeddable":true,"href":"https:\/\/www.nbrea.ca\/fr\/wp-json\/wp\/v2\/users\/2"}],"replies":[{"embeddable":true,"href":"https:\/\/www.nbrea.ca\/fr\/wp-json\/wp\/v2\/comments?post=640"}],"version-history":[{"count":31,"href":"https:\/\/www.nbrea.ca\/fr\/wp-json\/wp\/v2\/pages\/640\/revisions"}],"predecessor-version":[{"id":6331,"href":"https:\/\/www.nbrea.ca\/fr\/wp-json\/wp\/v2\/pages\/640\/revisions\/6331"}],"wp:attachment":[{"href":"https:\/\/www.nbrea.ca\/fr\/wp-json\/wp\/v2\/media?parent=640"}],"curies":[{"name":"wp","href":"https:\/\/api.w.org\/{rel}","templated":true}]}}