{"id":644,"date":"2020-08-17T06:44:00","date_gmt":"2020-08-17T06:44:00","guid":{"rendered":"https:\/\/www.nbrea.ca\/?page_id=644"},"modified":"2020-11-03T10:43:34","modified_gmt":"2020-11-03T13:43:34","slug":"cmhc-mobile-apps","status":"publish","type":"page","link":"https:\/\/www.nbrea.ca\/fr\/cmhc-mobile-apps\/","title":{"rendered":"Application mobile hypoth\u00e9caire canadienne"},"content":{"rendered":"<div class=\"base-section\"><div class=\"container\">\n<h1 class=\"has-vivid-cyan-blue-color has-text-color wp-block-heading\">Application mobile hypoth\u00e9caire canadienne&nbsp;<br><\/h1>\n<\/div><\/div>\n\n<div class=\"base-section\"><div class=\"container\">\n<p>L&rsquo;application mobile hypoth\u00e9caire canadienne aide les acheteurs de maison \u00e0 prendre des d\u00e9cisions \u00e9clair\u00e9es lors de l&rsquo;achat d&rsquo;une maison. Il propose des outils pour vous guider et vous aider \u00e0 d\u00e9terminer combien vous pouvez vous permettre de d\u00e9penser pour une maison. L&rsquo;application mobile contient toutes sortes de calculatrices pour vous aider \u00e0 d\u00e9terminer vos co\u00fbts totaux d&rsquo;acc\u00e8s \u00e0 la propri\u00e9t\u00e9, votre abordabilit\u00e9 et comparer les tarifs et taux.<\/p>\n<\/div><\/div>\n\n<div class=\"base-section\"><div class=\"container\">\n<p>Voici quelques-unes des fonctionnalit\u00e9s de l&rsquo;application:<\/p>\n<\/div><\/div>\n\n<div class=\"base-section\"><div class=\"container\">\n<ul class=\"wp-block-list\"><li>Calculateur de paiement d&rsquo;acompte minimum<\/li><li>Test de r\u00e9sistance utilisant le taux de la Banque du Canada<\/li><li>Calculateur de co\u00fbts mensuels totaux pour propri\u00e9taire<\/li><li>Calculateur des co\u00fbts de cl\u00f4ture<\/li><li>Calculateur d&rsquo;accessibilit\u00e9<\/li><li>Calculateur de pr\u00eat maximum<\/li><li>Calculateur de prime de la SCHL<\/li><li>Taux hypoth\u00e9caires en temps r\u00e9el<\/li><li>Calendrier d&rsquo;amortissement et totaux<\/li><li>Autres caract\u00e9ristiques<\/li><\/ul>\n<\/div><\/div>\n\n<div class=\"base-section\"><div class=\"container\">\n<h3 class=\"wp-block-heading\"><br>T\u00e9l\u00e9chargez l&rsquo;application d\u00e8s maintenant &#8211; Disponible en anglais seulement<br><\/h3>\n<\/div><\/div>\n\n\n<div style=\"height:27px\" aria-hidden=\"true\" class=\"wp-block-spacer\"><\/div>\n\n\n\n<div class=\"wp-block-buttons is-layout-flex wp-block-buttons-is-layout-flex\"><div class=\"base-section\"><div class=\"container\">\n<div class=\"wp-block-button\"><a class=\"wp-block-button__link has-background\" href=\"https:\/\/play.google.com\/store\/apps\/details?id=com.bendigi.Mortgage\" style=\"background-color:#127ab3\" target=\"_blank\" rel=\"noreferrer noopener\">Google Play<\/a><\/div>\n<\/div><\/div>\n\n<div class=\"base-section\"><div class=\"container\">\n<div class=\"wp-block-button\"><a class=\"wp-block-button__link has-background\" href=\"https:\/\/apps.apple.com\/ca\/app\/canadian-mortgage-app\/id509978685\" style=\"background-color:#127ab3\" target=\"_blank\" rel=\"noreferrer noopener\">App Store<\/a><\/div>\n<\/div><\/div><\/div>\n\n\n<div class=\"base-section\"><div class=\"container\">\n<p><\/p>\n<\/div><\/div>","protected":false},"excerpt":{"rendered":"<p>Application mobile hypoth\u00e9caire canadienne&nbsp; L&rsquo;application mobile hypoth\u00e9caire canadienne aide les acheteurs de maison \u00e0 prendre des d\u00e9cisions \u00e9clair\u00e9es lors de l&rsquo;achat d&rsquo;une maison. Il propose des outils pour vous guider et vous aider \u00e0 d\u00e9terminer combien vous pouvez vous permettre de d\u00e9penser pour une maison. L&rsquo;application mobile contient toutes sortes de calculatrices pour vous aider [&hellip;]<\/p>\n","protected":false},"author":2,"featured_media":1984,"parent":0,"menu_order":0,"comment_status":"closed","ping_status":"closed","template":"","meta":{"_acf_changed":false,"inline_featured_image":false,"footnotes":""},"class_list":["post-644","page","type-page","status-publish","has-post-thumbnail","hentry"],"acf":[],"yoast_head":"<!-- This site is optimized with the Yoast SEO plugin v24.3 - https:\/\/yoast.com\/wordpress\/plugins\/seo\/ -->\n<title>Application mobile hypoth\u00e9caire canadienne | AAINB | L\u2019Association des agents immobiliers du Nouveau-Brunswick<\/title>\n<meta name=\"description\" content=\"L&#039;application mobile hypoth\u00e9caire canadienne aide les acheteurs de maison \u00e0 prendre des d\u00e9cisions \u00e9clair\u00e9es lors de l&#039;achat d&#039;une maison. Il propose des calculatrices et des outils pour vous aider \u00e0 d\u00e9terminer combien vous pouvez facilement vous permettre de d\u00e9penser pour une maison.\" \/>\n<meta name=\"robots\" content=\"index, follow, max-snippet:-1, max-image-preview:large, max-video-preview:-1\" \/>\n<link rel=\"canonical\" href=\"https:\/\/www.nbrea.ca\/fr\/cmhc-mobile-apps\/\" \/>\n<meta property=\"og:locale\" content=\"fr_FR\" \/>\n<meta property=\"og:type\" content=\"article\" \/>\n<meta property=\"og:title\" content=\"Application mobile hypoth\u00e9caire canadienne | AAINB | L\u2019Association des agents immobiliers du Nouveau-Brunswick\" \/>\n<meta property=\"og:description\" content=\"L&#039;application mobile hypoth\u00e9caire canadienne aide les acheteurs de maison \u00e0 prendre des d\u00e9cisions \u00e9clair\u00e9es lors de l&#039;achat d&#039;une maison. Il propose des calculatrices et des outils pour vous aider \u00e0 d\u00e9terminer combien vous pouvez facilement vous permettre de d\u00e9penser pour une maison.\" \/>\n<meta property=\"og:url\" content=\"https:\/\/www.nbrea.ca\/fr\/cmhc-mobile-apps\/\" \/>\n<meta property=\"og:site_name\" content=\"AAINB | L\u2019Association des agents immobiliers du Nouveau-Brunswick\" \/>\n<meta property=\"article:publisher\" content=\"https:\/\/www.facebook.com\/NBREALTORS\" \/>\n<meta property=\"article:modified_time\" content=\"2020-11-03T13:43:34+00:00\" \/>\n<meta property=\"og:image\" content=\"https:\/\/www.nbrea.ca\/wp-content\/uploads\/2020\/08\/img-3.jpg\" \/>\n\t<meta property=\"og:image:width\" content=\"1900\" \/>\n\t<meta property=\"og:image:height\" content=\"909\" \/>\n\t<meta property=\"og:image:type\" content=\"image\/jpeg\" \/>\n<meta name=\"twitter:card\" content=\"summary_large_image\" \/>\n<meta name=\"twitter:site\" content=\"@NBREALTORS\" \/>\n<meta name=\"twitter:label1\" content=\"Dur\u00e9e de lecture estim\u00e9e\" \/>\n\t<meta name=\"twitter:data1\" content=\"1 minute\" \/>\n<script type=\"application\/ld+json\" class=\"yoast-schema-graph\">{\"@context\":\"https:\/\/schema.org\",\"@graph\":[{\"@type\":\"WebPage\",\"@id\":\"https:\/\/www.nbrea.ca\/fr\/cmhc-mobile-apps\/\",\"url\":\"https:\/\/www.nbrea.ca\/fr\/cmhc-mobile-apps\/\",\"name\":\"Application mobile hypoth\u00e9caire canadienne | AAINB | L\u2019Association des agents immobiliers du Nouveau-Brunswick\",\"isPartOf\":{\"@id\":\"https:\/\/www.nbrea.ca\/fr\/#website\"},\"primaryImageOfPage\":{\"@id\":\"https:\/\/www.nbrea.ca\/fr\/cmhc-mobile-apps\/#primaryimage\"},\"image\":{\"@id\":\"https:\/\/www.nbrea.ca\/fr\/cmhc-mobile-apps\/#primaryimage\"},\"thumbnailUrl\":\"https:\/\/www.nbrea.ca\/wp-content\/uploads\/2020\/08\/img-3.jpg\",\"datePublished\":\"2020-08-17T06:44:00+00:00\",\"dateModified\":\"2020-11-03T13:43:34+00:00\",\"description\":\"L'application mobile hypoth\u00e9caire canadienne aide les acheteurs de maison \u00e0 prendre des d\u00e9cisions \u00e9clair\u00e9es lors de l'achat d'une maison. Il propose des calculatrices et des outils pour vous aider \u00e0 d\u00e9terminer combien vous pouvez facilement vous permettre de d\u00e9penser pour une maison.\",\"breadcrumb\":{\"@id\":\"https:\/\/www.nbrea.ca\/fr\/cmhc-mobile-apps\/#breadcrumb\"},\"inLanguage\":\"fr-FR\",\"potentialAction\":[{\"@type\":\"ReadAction\",\"target\":[\"https:\/\/www.nbrea.ca\/fr\/cmhc-mobile-apps\/\"]}]},{\"@type\":\"ImageObject\",\"inLanguage\":\"fr-FR\",\"@id\":\"https:\/\/www.nbrea.ca\/fr\/cmhc-mobile-apps\/#primaryimage\",\"url\":\"https:\/\/www.nbrea.ca\/wp-content\/uploads\/2020\/08\/img-3.jpg\",\"contentUrl\":\"https:\/\/www.nbrea.ca\/wp-content\/uploads\/2020\/08\/img-3.jpg\",\"width\":1900,\"height\":909},{\"@type\":\"BreadcrumbList\",\"@id\":\"https:\/\/www.nbrea.ca\/fr\/cmhc-mobile-apps\/#breadcrumb\",\"itemListElement\":[{\"@type\":\"ListItem\",\"position\":1,\"name\":\"Home\",\"item\":\"https:\/\/www.nbrea.ca\/fr\/\"},{\"@type\":\"ListItem\",\"position\":2,\"name\":\"Application mobile hypoth\u00e9caire canadienne\"}]},{\"@type\":\"WebSite\",\"@id\":\"https:\/\/www.nbrea.ca\/fr\/#website\",\"url\":\"https:\/\/www.nbrea.ca\/fr\/\",\"name\":\"AAINB | L\u2019Association des agents immobiliers du Nouveau-Brunswick\",\"description\":\"\",\"publisher\":{\"@id\":\"https:\/\/www.nbrea.ca\/fr\/#organization\"},\"potentialAction\":[{\"@type\":\"SearchAction\",\"target\":{\"@type\":\"EntryPoint\",\"urlTemplate\":\"https:\/\/www.nbrea.ca\/fr\/?s={search_term_string}\"},\"query-input\":{\"@type\":\"PropertyValueSpecification\",\"valueRequired\":true,\"valueName\":\"search_term_string\"}}],\"inLanguage\":\"fr-FR\"},{\"@type\":\"Organization\",\"@id\":\"https:\/\/www.nbrea.ca\/fr\/#organization\",\"name\":\"NBREA - New Brunswick Real Estate Association\",\"url\":\"https:\/\/www.nbrea.ca\/fr\/\",\"logo\":{\"@type\":\"ImageObject\",\"inLanguage\":\"fr-FR\",\"@id\":\"https:\/\/www.nbrea.ca\/fr\/#\/schema\/logo\/image\/\",\"url\":\"https:\/\/www.nbrea.ca\/wp-content\/uploads\/2020\/10\/NBREA_logo_version1.png\",\"contentUrl\":\"https:\/\/www.nbrea.ca\/wp-content\/uploads\/2020\/10\/NBREA_logo_version1.png\",\"width\":2040,\"height\":657,\"caption\":\"NBREA - New Brunswick Real Estate Association\"},\"image\":{\"@id\":\"https:\/\/www.nbrea.ca\/fr\/#\/schema\/logo\/image\/\"},\"sameAs\":[\"https:\/\/www.facebook.com\/NBREALTORS\",\"https:\/\/x.com\/NBREALTORS\",\"https:\/\/www.instagram.com\/nbrea1\/\",\"https:\/\/www.youtube.com\/channel\/UCcYr6HJ8LADBhtE_O6pxEZQ\/\"]}]}<\/script>\n<!-- \/ Yoast SEO plugin. -->","yoast_head_json":{"title":"Application mobile hypoth\u00e9caire canadienne | AAINB | L\u2019Association des agents immobiliers du Nouveau-Brunswick","description":"L'application mobile hypoth\u00e9caire canadienne aide les acheteurs de maison \u00e0 prendre des d\u00e9cisions \u00e9clair\u00e9es lors de l'achat d'une maison. Il propose des calculatrices et des outils pour vous aider \u00e0 d\u00e9terminer combien vous pouvez facilement vous permettre de d\u00e9penser pour une maison.","robots":{"index":"index","follow":"follow","max-snippet":"max-snippet:-1","max-image-preview":"max-image-preview:large","max-video-preview":"max-video-preview:-1"},"canonical":"https:\/\/www.nbrea.ca\/fr\/cmhc-mobile-apps\/","og_locale":"fr_FR","og_type":"article","og_title":"Application mobile hypoth\u00e9caire canadienne | AAINB | L\u2019Association des agents immobiliers du Nouveau-Brunswick","og_description":"L'application mobile hypoth\u00e9caire canadienne aide les acheteurs de maison \u00e0 prendre des d\u00e9cisions \u00e9clair\u00e9es lors de l'achat d'une maison. Il propose des calculatrices et des outils pour vous aider \u00e0 d\u00e9terminer combien vous pouvez facilement vous permettre de d\u00e9penser pour une maison.","og_url":"https:\/\/www.nbrea.ca\/fr\/cmhc-mobile-apps\/","og_site_name":"AAINB | L\u2019Association des agents immobiliers du Nouveau-Brunswick","article_publisher":"https:\/\/www.facebook.com\/NBREALTORS","article_modified_time":"2020-11-03T13:43:34+00:00","og_image":[{"width":1900,"height":909,"url":"https:\/\/www.nbrea.ca\/wp-content\/uploads\/2020\/08\/img-3.jpg","type":"image\/jpeg"}],"twitter_card":"summary_large_image","twitter_site":"@NBREALTORS","twitter_misc":{"Dur\u00e9e de lecture estim\u00e9e":"1 minute"},"schema":{"@context":"https:\/\/schema.org","@graph":[{"@type":"WebPage","@id":"https:\/\/www.nbrea.ca\/fr\/cmhc-mobile-apps\/","url":"https:\/\/www.nbrea.ca\/fr\/cmhc-mobile-apps\/","name":"Application mobile hypoth\u00e9caire canadienne | AAINB | L\u2019Association des agents immobiliers du Nouveau-Brunswick","isPartOf":{"@id":"https:\/\/www.nbrea.ca\/fr\/#website"},"primaryImageOfPage":{"@id":"https:\/\/www.nbrea.ca\/fr\/cmhc-mobile-apps\/#primaryimage"},"image":{"@id":"https:\/\/www.nbrea.ca\/fr\/cmhc-mobile-apps\/#primaryimage"},"thumbnailUrl":"https:\/\/www.nbrea.ca\/wp-content\/uploads\/2020\/08\/img-3.jpg","datePublished":"2020-08-17T06:44:00+00:00","dateModified":"2020-11-03T13:43:34+00:00","description":"L'application mobile hypoth\u00e9caire canadienne aide les acheteurs de maison \u00e0 prendre des d\u00e9cisions \u00e9clair\u00e9es lors de l'achat d'une maison. Il propose des calculatrices et des outils pour vous aider \u00e0 d\u00e9terminer combien vous pouvez facilement vous permettre de d\u00e9penser pour une maison.","breadcrumb":{"@id":"https:\/\/www.nbrea.ca\/fr\/cmhc-mobile-apps\/#breadcrumb"},"inLanguage":"fr-FR","potentialAction":[{"@type":"ReadAction","target":["https:\/\/www.nbrea.ca\/fr\/cmhc-mobile-apps\/"]}]},{"@type":"ImageObject","inLanguage":"fr-FR","@id":"https:\/\/www.nbrea.ca\/fr\/cmhc-mobile-apps\/#primaryimage","url":"https:\/\/www.nbrea.ca\/wp-content\/uploads\/2020\/08\/img-3.jpg","contentUrl":"https:\/\/www.nbrea.ca\/wp-content\/uploads\/2020\/08\/img-3.jpg","width":1900,"height":909},{"@type":"BreadcrumbList","@id":"https:\/\/www.nbrea.ca\/fr\/cmhc-mobile-apps\/#breadcrumb","itemListElement":[{"@type":"ListItem","position":1,"name":"Home","item":"https:\/\/www.nbrea.ca\/fr\/"},{"@type":"ListItem","position":2,"name":"Application mobile hypoth\u00e9caire canadienne"}]},{"@type":"WebSite","@id":"https:\/\/www.nbrea.ca\/fr\/#website","url":"https:\/\/www.nbrea.ca\/fr\/","name":"AAINB | L\u2019Association des agents immobiliers du Nouveau-Brunswick","description":"","publisher":{"@id":"https:\/\/www.nbrea.ca\/fr\/#organization"},"potentialAction":[{"@type":"SearchAction","target":{"@type":"EntryPoint","urlTemplate":"https:\/\/www.nbrea.ca\/fr\/?s={search_term_string}"},"query-input":{"@type":"PropertyValueSpecification","valueRequired":true,"valueName":"search_term_string"}}],"inLanguage":"fr-FR"},{"@type":"Organization","@id":"https:\/\/www.nbrea.ca\/fr\/#organization","name":"NBREA - New Brunswick Real Estate Association","url":"https:\/\/www.nbrea.ca\/fr\/","logo":{"@type":"ImageObject","inLanguage":"fr-FR","@id":"https:\/\/www.nbrea.ca\/fr\/#\/schema\/logo\/image\/","url":"https:\/\/www.nbrea.ca\/wp-content\/uploads\/2020\/10\/NBREA_logo_version1.png","contentUrl":"https:\/\/www.nbrea.ca\/wp-content\/uploads\/2020\/10\/NBREA_logo_version1.png","width":2040,"height":657,"caption":"NBREA - New Brunswick Real Estate Association"},"image":{"@id":"https:\/\/www.nbrea.ca\/fr\/#\/schema\/logo\/image\/"},"sameAs":["https:\/\/www.facebook.com\/NBREALTORS","https:\/\/x.com\/NBREALTORS","https:\/\/www.instagram.com\/nbrea1\/","https:\/\/www.youtube.com\/channel\/UCcYr6HJ8LADBhtE_O6pxEZQ\/"]}]}},"_links":{"self":[{"href":"https:\/\/www.nbrea.ca\/fr\/wp-json\/wp\/v2\/pages\/644","targetHints":{"allow":["GET"]}}],"collection":[{"href":"https:\/\/www.nbrea.ca\/fr\/wp-json\/wp\/v2\/pages"}],"about":[{"href":"https:\/\/www.nbrea.ca\/fr\/wp-json\/wp\/v2\/types\/page"}],"author":[{"embeddable":true,"href":"https:\/\/www.nbrea.ca\/fr\/wp-json\/wp\/v2\/users\/2"}],"replies":[{"embeddable":true,"href":"https:\/\/www.nbrea.ca\/fr\/wp-json\/wp\/v2\/comments?post=644"}],"version-history":[{"count":5,"href":"https:\/\/www.nbrea.ca\/fr\/wp-json\/wp\/v2\/pages\/644\/revisions"}],"predecessor-version":[{"id":2930,"href":"https:\/\/www.nbrea.ca\/fr\/wp-json\/wp\/v2\/pages\/644\/revisions\/2930"}],"wp:featuredmedia":[{"embeddable":true,"href":"https:\/\/www.nbrea.ca\/fr\/wp-json\/wp\/v2\/media\/1984"}],"wp:attachment":[{"href":"https:\/\/www.nbrea.ca\/fr\/wp-json\/wp\/v2\/media?parent=644"}],"curies":[{"name":"wp","href":"https:\/\/api.w.org\/{rel}","templated":true}]}}