{"id":658,"date":"2020-08-17T06:46:14","date_gmt":"2020-08-17T06:46:14","guid":{"rendered":"https:\/\/www.nbrea.ca\/?page_id=658"},"modified":"2025-01-13T16:49:56","modified_gmt":"2025-01-13T19:49:56","slug":"complaint-and-discipline-procedure","status":"publish","type":"page","link":"https:\/\/www.nbrea.ca\/fr\/complaint-and-discipline-procedure\/","title":{"rendered":"Proc\u00e9dure de plainte et de discipline"},"content":{"rendered":"<div class=\"base-section\"><div class=\"container\">\n<figure class=\"wp-block-image aligncenter size-large is-resized\"><img decoding=\"async\" width=\"1024\" height=\"296\" src=\"https:\/\/www.nbrea.ca\/wp-content\/uploads\/2020\/11\/Registraire-logo-1024x296.png\" alt=\"\" class=\"wp-image-3019\" style=\"width:459px;height:132px\" srcset=\"https:\/\/www.nbrea.ca\/wp-content\/uploads\/2020\/11\/Registraire-logo-1024x296.png 1024w, https:\/\/www.nbrea.ca\/wp-content\/uploads\/2020\/11\/Registraire-logo-300x87.png 300w, https:\/\/www.nbrea.ca\/wp-content\/uploads\/2020\/11\/Registraire-logo-768x222.png 768w, https:\/\/www.nbrea.ca\/wp-content\/uploads\/2020\/11\/Registraire-logo.png 1182w\" sizes=\"(max-width: 1024px) 100vw, 1024px\" \/><\/figure>\n<\/div><\/div>\n\n\n<div style=\"height:29px\" aria-hidden=\"true\" class=\"wp-block-spacer\"><\/div>\n\n\n<div class=\"base-section\"><div class=\"container\">\n<h1 class=\"wp-block-heading has-text-align-left has-text-color\" style=\"color:#770204\">Proc\u00e9dure de plainte et de discipline <\/h1>\n<\/div><\/div>\n\n\n<div style=\"height:20px\" aria-hidden=\"true\" class=\"wp-block-spacer\"><\/div>\n\n\n<div class=\"base-section\"><div class=\"container\">\n<p>L&rsquo;Association des agents immobiliers du Nouveau-Brunswick (\u00ab AAINB \u00bb) supervise un processus complet de plaintes et de discipline pour d\u00e9terminer si ses membres ont commis des actes de&nbsp;:<\/p>\n<\/div><\/div>\n\n<div class=\"base-section\"><div class=\"container\">\n<ul class=\"wp-block-list\">\n<li>Faute professionnelle, ou<\/li>\n\n\n\n<li>Incomp\u00e9tence<\/li>\n<\/ul>\n<\/div><\/div>\n\n<div class=\"base-section\"><div class=\"container\">\n<p>Le processus disciplinaire est administr\u00e9 par le bureau du registraire de l\u2019AAINB. Les statuts, r\u00e8glements administratifs et autres documents suivants sont pertinents pour le processus disciplinaire:<\/p>\n<\/div><\/div>\n\n<div class=\"base-section\"><div class=\"container\">\n<ul class=\"wp-block-list\">\n<li>La Loi sur les agents immobiliers du Nouveau-Brunswick (la \u00ab Loi sur les agents \u00bb);<\/li>\n\n\n\n<li>Loi constituant en corporation l&rsquo;Association des agents immobiliers du Nouveau-Brunswick (la \u00ab Loi \u00bb);<\/li>\n\n\n\n<li>R\u00e8glements administratifs de l\u2019AAINB;<\/li>\n\n\n\n<li>Manuel de proc\u00e9dure de l\u2019AAINB pour les questions disciplinaires; et<\/li>\n\n\n\n<li>Le code des agents immobiliers (REALTOR\u00ae)<\/li>\n<\/ul>\n<\/div><\/div>\n\n<div class=\"base-section\"><div class=\"container\">\n<p>Les all\u00e9gations de faute professionnelle ou d&rsquo;incomp\u00e9tence contre un membre de l\u2019AAINB doivent \u00eatre faites par \u00e9crit et d\u00e9pos\u00e9es aupr\u00e8s du registraire (la \u00ab plainte \u00bb).<\/p>\n<\/div><\/div>\n\n<div class=\"base-section\"><div class=\"container\">\n<h3 class=\"wp-block-heading has-text-color\" style=\"color:#770204\">\u00c9tape 1: Comit\u00e9 des plaintes<\/h3>\n<\/div><\/div>\n\n<div class=\"base-section\"><div class=\"container\">\n<p>Le registraire fournit une confirmation \u00e9crite au plaignant (la personne qui d\u00e9pose la plainte), au d\u00e9fendeur (le membre nomm\u00e9 dans la plainte), et au gestionnaire du d\u00e9fendant qu&rsquo;une plainte est examin\u00e9e par le comit\u00e9 des plaintes. Le d\u00e9fendant dispose de 2 semaines pour pr\u00e9senter un m\u00e9moire \u00e9crit au comit\u00e9 des plaintes (la \u00ab r\u00e9ponse \u00bb).&nbsp;&nbsp;&nbsp;&nbsp;&nbsp;&nbsp;&nbsp;&nbsp;&nbsp;&nbsp;&nbsp;<\/p>\n<\/div><\/div>\n\n<div class=\"base-section\"><div class=\"container\">\n<p>Le comit\u00e9 des plaintes examine la plainte et la r\u00e9ponse et d\u00e9termine si l&rsquo;affaire rel\u00e8ve de sa comp\u00e9tence et si des documents ou des informations suppl\u00e9mentaires sont n\u00e9cessaires.<\/p>\n<\/div><\/div>\n\n<div class=\"base-section\"><div class=\"container\">\n<h5 class=\"wp-block-heading has-text-color\" style=\"color:#770204\"><em>R\u00e9solution volontaire<\/em><\/h5>\n<\/div><\/div>\n\n<div class=\"base-section\"><div class=\"container\">\n<p>Le comit\u00e9 des plaintes a la fonction importante, lorsque cela est possible, de r\u00e9soudre les plaintes. Dans certaines circonstances, le comit\u00e9 des plaintes organisera une r\u00e9union avec le plaignant et le d\u00e9fendant, afin de d\u00e9terminer si une r\u00e9solution volontaire est possible. Il n&rsquo;y a aucune obligation pour le comit\u00e9 des plaintes de recommander une r\u00e9solution volontaire et il ne tentera de le faire qu&rsquo;\u00e0 sa discr\u00e9tion.<\/p>\n<\/div><\/div>\n\n<div class=\"base-section\"><div class=\"container\">\n<h5 class=\"wp-block-heading has-text-color\" style=\"color:#770204\"><em>Conclusion du processus du comit\u00e9 des plaintes<\/em><\/h5>\n<\/div><\/div>\n\n<div class=\"base-section\"><div class=\"container\">\n<p>Lorsque le comit\u00e9 des plaintes aura termin\u00e9 son enqu\u00eate et son examen de la plainte, y compris toute r\u00e9solution volontaire, il prendra l&rsquo;une des mesures suivantes (la \u00ab d\u00e9cision \u00bb):<\/p>\n<\/div><\/div>\n\n<div class=\"base-section\"><div class=\"container\">\n<ul class=\"wp-block-list\">\n<li>Ordonner que l&rsquo;affaire soit renvoy\u00e9e, en tout ou en partie, au comit\u00e9 disciplinaire;<\/li>\n\n\n\n<li>Ordonner que l&rsquo;affaire ne soit pas renvoy\u00e9e au comit\u00e9 disciplinaire;<\/li>\n\n\n\n<li>Ordonner que l&rsquo;affaire soit renvoy\u00e9e au ministre pour donner suite en vertu de la Loi sur les agents;<\/li>\n\n\n\n<li>Prendre les mesures qu&rsquo;il juge appropri\u00e9es, dans les circonstances, pour r\u00e9soudre la plainte ou la question faisant l&rsquo;objet de l&rsquo;enqu\u00eate, pourvu que cette action ne soit pas incompatible avec la Loi, les r\u00e8glements administratifs ou la Loi sur les agents.<\/li>\n<\/ul>\n<\/div><\/div>\n\n<div class=\"base-section\"><div class=\"container\">\n<p>La d\u00e9cision \u00e9crite et les motifs du comit\u00e9 des plaintes sont communiqu\u00e9s au plaignant, au d\u00e9fendant, au conseil d\u2019administration de l\u2019AAINB (le \u00ab conseil \u00bb) et au ministre de la Justice et procureur g\u00e9n\u00e9ral (le \u00ab ministre \u00bb).<\/p>\n<\/div><\/div>\n\n<div class=\"base-section\"><div class=\"container\">\n<p>Le plaignant ou le ministre peut demander au Conseil d\u2019administration une r\u00e9vision de la d\u00e9cision (la \u00ab r\u00e9vision \u00bb). La r\u00e9vision n&rsquo;est pas une nouvelle proc\u00e9dure et le Conseil n&rsquo;examine pas la plainte et ne substitue pas son jugement \u00e0 celui du comit\u00e9 des plaintes. Plus pr\u00e9cis\u00e9ment, le Conseil examine les all\u00e9gations de partialit\u00e9 ou de manquement \u00e0 l&rsquo;\u00e9quit\u00e9 proc\u00e9durale par le comit\u00e9 des plaintes et d\u00e9termine si la plainte doit \u00eatre transmise au comit\u00e9 disciplinaire.<\/p>\n<\/div><\/div>\n\n<div class=\"base-section\"><div class=\"container\">\n<h3 class=\"wp-block-heading has-text-color\" style=\"color:#770204\">\u00c9tape 2: Audience du comit\u00e9 disciplinaire (l \u2018 \u00ab audience \u00bb)<\/h3>\n<\/div><\/div>\n\n<div class=\"base-section\"><div class=\"container\">\n<p>Lorsque le comit\u00e9 des plaintes renvoie une question au comit\u00e9 disciplinaire, ce dernier doit tenir une audience. Les participants \u00e0 une audience, en plus du d\u00e9fendant, comprennent: le comit\u00e9 disciplinaire (5 personnes, dont 1 nomm\u00e9e par le ministre); le procureur de l\u2019AAINB (un professionnel du droit, responsable du port de la plainte au nom de l\u2019AAINB); le registraire (responsable de l&rsquo;administration de l&rsquo;audience); le st\u00e9nographe judiciaire (charg\u00e9 de produire un compte rendu \u00e9crit de la proc\u00e9dure); et tout t\u00e9moin requis par le Procureur ou le D\u00e9fendant pour fournir des \u00e9l\u00e9ments de preuve.<\/p>\n<\/div><\/div>\n\n<div class=\"base-section\"><div class=\"container\">\n<h5 class=\"wp-block-heading has-text-color\" style=\"color:#770204\"><em>Conf\u00e9rence pr\u00e9paratoire \u00e0 l&rsquo;audiencence<\/em><\/h5>\n<\/div><\/div>\n\n<div class=\"base-section\"><div class=\"container\">\n<p>Reconnaissant que les audiences n\u00e9cessitent des ressources importantes, financi\u00e8res et autres, l&rsquo;AAINB a formalis\u00e9 des proc\u00e9dures pour simplifier et \/ ou r\u00e9soudre les probl\u00e8mes sans qu&rsquo;il soit n\u00e9cessaire de tenir une audience compl\u00e8te (la \u00ab conf\u00e9rence pr\u00e9paratoire \u00e0 l&rsquo;audience \u00bb). Une conf\u00e9rence pr\u00e9paratoire \u00e0 l&rsquo;audience a lieu en personne ou par conf\u00e9rence t\u00e9l\u00e9phonique en l&rsquo;absence du comit\u00e9 disciplinaire et sans pr\u00e9judice. La conf\u00e9rence pr\u00e9paratoire \u00e0 l&rsquo;audience est un outil proc\u00e9dural important pour le Procureur et le D\u00e9fendant et son utilisation vise \u00e0 r\u00e9duire les co\u00fbts pour chaque partie \u00e0 l&rsquo;audience.<\/p>\n<\/div><\/div>\n\n<div class=\"base-section\"><div class=\"container\">\n<h5 class=\"wp-block-heading has-text-color\" style=\"color:#770204\">Proc\u00e9dure d&rsquo;audience<\/h5>\n<\/div><\/div>\n\n<div class=\"base-section\"><div class=\"container\">\n<p>Lorsque le comit\u00e9 disciplinaire doit tenir une audience pour trancher des questions de faute professionnelle ou d&rsquo;incomp\u00e9tence, ses proc\u00e9dures doivent se conformer aux \u00ab r\u00e8gles de justice naturelles \u00bb et \u00e0 \u00ab l&rsquo;\u00e9quit\u00e9 proc\u00e9durale \u00bb, qui comprennent le droit \u00e0 l&rsquo;assistance d&rsquo;un avocat, l&rsquo;avis d&rsquo;audience, et le respect des r\u00e8gles de preuve. Il englobe un certain nombre de principes fond\u00e9s sur le droit fondamental \u00e0:<\/p>\n<\/div><\/div>\n\n<div class=\"base-section\"><div class=\"container\">\n<ul class=\"wp-block-list\">\n<li>Une audience juste et impartiale;<\/li>\n\n\n\n<li>\u00catre inform\u00e9 de l&rsquo;acte r\u00e9pr\u00e9hensible all\u00e9gu\u00e9;<\/li>\n\n\n\n<li>Entendre la preuve \u00e0 l&rsquo;appui des all\u00e9gations;<\/li>\n\n\n\n<li>Avoir une occasion ad\u00e9quate de pr\u00e9parer et de pr\u00e9senter des preuves en d\u00e9fense; et<\/li>\n\n\n\n<li>Avoir une d\u00e9cision prise uniquement par ceux qui ont entendu la preuve.<\/li>\n<\/ul>\n<\/div><\/div>\n\n<div class=\"base-section\"><div class=\"container\">\n<h5 class=\"wp-block-heading has-text-color\" style=\"color:#770204\"><em>D\u00e9cisions disciplinaires<\/em><\/h5>\n<\/div><\/div>\n\n<div class=\"base-section\"><div class=\"container\">\n<p>Apr\u00e8s avoir entendu les preuves, le Comit\u00e9 de discipline d\u00e9termine s\u2019il y a faute professionnelle ou incomp\u00e9tence. La norme de preuve exig\u00e9e pour une audience devant le comit\u00e9 de discipline concerne le niveau de preuve qui doit \u00eatre atteint pour que ledit comit\u00e9 d\u00e9clare un membre coupable d\u2019une infraction all\u00e9gu\u00e9e. Ce niveau de preuve, ou seuil, est le crit\u00e8re civil de \u00ab <strong>pr\u00e9pond\u00e9rance des probabilit\u00e9s <\/strong>\u00bb, soit un pourcentage d\u2019au moins 51 % (c.-\u00e0-d. qu\u2019il est plus probable qu\u2019improbable que le d\u00e9fendeur soit coupable d\u2019une ou de plusieurs des infractions all\u00e9gu\u00e9es).<\/p>\n<\/div><\/div>\n\n<div class=\"base-section\"><div class=\"container\">\n<p>Si le comit\u00e9 disciplinaire d\u00e9termine qu&rsquo;il y a eu faute professionnelle ou incomp\u00e9tence, il a le pouvoir d&rsquo;imposer des mesures disciplinaires, y compris la suspension ou la r\u00e9vocation de l&rsquo;adh\u00e9sion \u00e0 l\u2019AAINB, des amendes jusqu&rsquo;\u00e0 5000 $ et le recouvrement des co\u00fbts associ\u00e9s \u00e0 l&rsquo;enqu\u00eate et \u00e0 la poursuite de la plainte.<\/p>\n<\/div><\/div>\n\n<div class=\"base-section\"><div class=\"container\">\n<p>Il n&rsquo;y a pas de limite fixe au montant des frais qui peuvent \u00eatre impos\u00e9s par le comit\u00e9 disciplinaire.<\/p>\n<\/div><\/div>\n\n<div class=\"base-section\"><div class=\"container\">\n<p>Tout appel d\u2019une d\u00e9cision du comit\u00e9 disciplinaire est interjet\u00e9 devant la Cour du Banc de la Reine du Nouveau-Brunswick conform\u00e9ment \u00e0 l\u2019article 25 de la Loi.<\/p>\n<\/div><\/div>","protected":false},"excerpt":{"rendered":"<p>Proc\u00e9dure de plainte et de discipline L&rsquo;Association des agents immobiliers du Nouveau-Brunswick (\u00ab AAINB \u00bb) supervise un processus complet de plaintes et de discipline pour d\u00e9terminer si ses membres ont commis des actes de&nbsp;: Le processus disciplinaire est administr\u00e9 par le bureau du registraire de l\u2019AAINB. Les statuts, r\u00e8glements administratifs et autres documents suivants sont [&hellip;]<\/p>\n","protected":false},"author":2,"featured_media":1346,"parent":0,"menu_order":0,"comment_status":"closed","ping_status":"closed","template":"","meta":{"_acf_changed":false,"inline_featured_image":false,"footnotes":""},"class_list":["post-658","page","type-page","status-publish","has-post-thumbnail","hentry"],"acf":[],"yoast_head":"<!-- This site is optimized with the Yoast SEO plugin v24.3 - https:\/\/yoast.com\/wordpress\/plugins\/seo\/ -->\n<title>Proc\u00e9dure de plainte et de discipline | AAINB | L\u2019Association des agents immobiliers du Nouveau-Brunswick<\/title>\n<meta name=\"description\" content=\"L\u2019AAINB supervise un processus complet de plaintes et de discipline pour d\u00e9terminer si ses membres ont commis des actes de faute professionnelle ou d&#039;incomp\u00e9tence.\" \/>\n<meta name=\"robots\" content=\"index, follow, max-snippet:-1, max-image-preview:large, max-video-preview:-1\" \/>\n<link rel=\"canonical\" href=\"https:\/\/www.nbrea.ca\/fr\/complaint-and-discipline-procedure\/\" \/>\n<meta property=\"og:locale\" content=\"fr_FR\" \/>\n<meta property=\"og:type\" content=\"article\" \/>\n<meta property=\"og:title\" content=\"Proc\u00e9dure de plainte et de discipline | AAINB | L\u2019Association des agents immobiliers du Nouveau-Brunswick\" \/>\n<meta property=\"og:description\" content=\"L\u2019AAINB supervise un processus complet de plaintes et de discipline pour d\u00e9terminer si ses membres ont commis des actes de faute professionnelle ou d&#039;incomp\u00e9tence.\" \/>\n<meta property=\"og:url\" content=\"https:\/\/www.nbrea.ca\/fr\/complaint-and-discipline-procedure\/\" \/>\n<meta property=\"og:site_name\" content=\"AAINB | L\u2019Association des agents immobiliers du Nouveau-Brunswick\" \/>\n<meta property=\"article:publisher\" content=\"https:\/\/www.facebook.com\/NBREALTORS\" \/>\n<meta property=\"article:modified_time\" content=\"2025-01-13T19:49:56+00:00\" \/>\n<meta property=\"og:image\" content=\"https:\/\/www.nbrea.ca\/wp-content\/uploads\/2020\/09\/ergita-sela-rjm78PEyYLc-unsplash.jpg\" \/>\n\t<meta property=\"og:image:width\" content=\"2048\" \/>\n\t<meta property=\"og:image:height\" content=\"1365\" \/>\n\t<meta property=\"og:image:type\" content=\"image\/jpeg\" \/>\n<meta name=\"twitter:card\" content=\"summary_large_image\" \/>\n<meta name=\"twitter:site\" content=\"@NBREALTORS\" \/>\n<meta name=\"twitter:label1\" content=\"Dur\u00e9e de lecture estim\u00e9e\" \/>\n\t<meta name=\"twitter:data1\" content=\"5 minutes\" \/>\n<script type=\"application\/ld+json\" class=\"yoast-schema-graph\">{\"@context\":\"https:\/\/schema.org\",\"@graph\":[{\"@type\":\"WebPage\",\"@id\":\"https:\/\/www.nbrea.ca\/fr\/complaint-and-discipline-procedure\/\",\"url\":\"https:\/\/www.nbrea.ca\/fr\/complaint-and-discipline-procedure\/\",\"name\":\"Proc\u00e9dure de plainte et de discipline | AAINB | L\u2019Association des agents immobiliers du Nouveau-Brunswick\",\"isPartOf\":{\"@id\":\"https:\/\/www.nbrea.ca\/fr\/#website\"},\"primaryImageOfPage\":{\"@id\":\"https:\/\/www.nbrea.ca\/fr\/complaint-and-discipline-procedure\/#primaryimage\"},\"image\":{\"@id\":\"https:\/\/www.nbrea.ca\/fr\/complaint-and-discipline-procedure\/#primaryimage\"},\"thumbnailUrl\":\"https:\/\/www.nbrea.ca\/wp-content\/uploads\/2020\/09\/ergita-sela-rjm78PEyYLc-unsplash.jpg\",\"datePublished\":\"2020-08-17T06:46:14+00:00\",\"dateModified\":\"2025-01-13T19:49:56+00:00\",\"description\":\"L\u2019AAINB supervise un processus complet de plaintes et de discipline pour d\u00e9terminer si ses membres ont commis des actes de faute professionnelle ou d'incomp\u00e9tence.\",\"breadcrumb\":{\"@id\":\"https:\/\/www.nbrea.ca\/fr\/complaint-and-discipline-procedure\/#breadcrumb\"},\"inLanguage\":\"fr-FR\",\"potentialAction\":[{\"@type\":\"ReadAction\",\"target\":[\"https:\/\/www.nbrea.ca\/fr\/complaint-and-discipline-procedure\/\"]}]},{\"@type\":\"ImageObject\",\"inLanguage\":\"fr-FR\",\"@id\":\"https:\/\/www.nbrea.ca\/fr\/complaint-and-discipline-procedure\/#primaryimage\",\"url\":\"https:\/\/www.nbrea.ca\/wp-content\/uploads\/2020\/09\/ergita-sela-rjm78PEyYLc-unsplash.jpg\",\"contentUrl\":\"https:\/\/www.nbrea.ca\/wp-content\/uploads\/2020\/09\/ergita-sela-rjm78PEyYLc-unsplash.jpg\",\"width\":2048,\"height\":1365},{\"@type\":\"BreadcrumbList\",\"@id\":\"https:\/\/www.nbrea.ca\/fr\/complaint-and-discipline-procedure\/#breadcrumb\",\"itemListElement\":[{\"@type\":\"ListItem\",\"position\":1,\"name\":\"Home\",\"item\":\"https:\/\/www.nbrea.ca\/fr\/\"},{\"@type\":\"ListItem\",\"position\":2,\"name\":\"Proc\u00e9dure de plainte et de discipline\"}]},{\"@type\":\"WebSite\",\"@id\":\"https:\/\/www.nbrea.ca\/fr\/#website\",\"url\":\"https:\/\/www.nbrea.ca\/fr\/\",\"name\":\"AAINB | L\u2019Association des agents immobiliers du Nouveau-Brunswick\",\"description\":\"\",\"publisher\":{\"@id\":\"https:\/\/www.nbrea.ca\/fr\/#organization\"},\"potentialAction\":[{\"@type\":\"SearchAction\",\"target\":{\"@type\":\"EntryPoint\",\"urlTemplate\":\"https:\/\/www.nbrea.ca\/fr\/?s={search_term_string}\"},\"query-input\":{\"@type\":\"PropertyValueSpecification\",\"valueRequired\":true,\"valueName\":\"search_term_string\"}}],\"inLanguage\":\"fr-FR\"},{\"@type\":\"Organization\",\"@id\":\"https:\/\/www.nbrea.ca\/fr\/#organization\",\"name\":\"NBREA - New Brunswick Real Estate Association\",\"url\":\"https:\/\/www.nbrea.ca\/fr\/\",\"logo\":{\"@type\":\"ImageObject\",\"inLanguage\":\"fr-FR\",\"@id\":\"https:\/\/www.nbrea.ca\/fr\/#\/schema\/logo\/image\/\",\"url\":\"https:\/\/www.nbrea.ca\/wp-content\/uploads\/2020\/10\/NBREA_logo_version1.png\",\"contentUrl\":\"https:\/\/www.nbrea.ca\/wp-content\/uploads\/2020\/10\/NBREA_logo_version1.png\",\"width\":2040,\"height\":657,\"caption\":\"NBREA - New Brunswick Real Estate Association\"},\"image\":{\"@id\":\"https:\/\/www.nbrea.ca\/fr\/#\/schema\/logo\/image\/\"},\"sameAs\":[\"https:\/\/www.facebook.com\/NBREALTORS\",\"https:\/\/x.com\/NBREALTORS\",\"https:\/\/www.instagram.com\/nbrea1\/\",\"https:\/\/www.youtube.com\/channel\/UCcYr6HJ8LADBhtE_O6pxEZQ\/\"]}]}<\/script>\n<!-- \/ Yoast SEO plugin. -->","yoast_head_json":{"title":"Proc\u00e9dure de plainte et de discipline | AAINB | L\u2019Association des agents immobiliers du Nouveau-Brunswick","description":"L\u2019AAINB supervise un processus complet de plaintes et de discipline pour d\u00e9terminer si ses membres ont commis des actes de faute professionnelle ou d'incomp\u00e9tence.","robots":{"index":"index","follow":"follow","max-snippet":"max-snippet:-1","max-image-preview":"max-image-preview:large","max-video-preview":"max-video-preview:-1"},"canonical":"https:\/\/www.nbrea.ca\/fr\/complaint-and-discipline-procedure\/","og_locale":"fr_FR","og_type":"article","og_title":"Proc\u00e9dure de plainte et de discipline | AAINB | L\u2019Association des agents immobiliers du Nouveau-Brunswick","og_description":"L\u2019AAINB supervise un processus complet de plaintes et de discipline pour d\u00e9terminer si ses membres ont commis des actes de faute professionnelle ou d'incomp\u00e9tence.","og_url":"https:\/\/www.nbrea.ca\/fr\/complaint-and-discipline-procedure\/","og_site_name":"AAINB | L\u2019Association des agents immobiliers du Nouveau-Brunswick","article_publisher":"https:\/\/www.facebook.com\/NBREALTORS","article_modified_time":"2025-01-13T19:49:56+00:00","og_image":[{"width":2048,"height":1365,"url":"https:\/\/www.nbrea.ca\/wp-content\/uploads\/2020\/09\/ergita-sela-rjm78PEyYLc-unsplash.jpg","type":"image\/jpeg"}],"twitter_card":"summary_large_image","twitter_site":"@NBREALTORS","twitter_misc":{"Dur\u00e9e de lecture estim\u00e9e":"5 minutes"},"schema":{"@context":"https:\/\/schema.org","@graph":[{"@type":"WebPage","@id":"https:\/\/www.nbrea.ca\/fr\/complaint-and-discipline-procedure\/","url":"https:\/\/www.nbrea.ca\/fr\/complaint-and-discipline-procedure\/","name":"Proc\u00e9dure de plainte et de discipline | AAINB | L\u2019Association des agents immobiliers du Nouveau-Brunswick","isPartOf":{"@id":"https:\/\/www.nbrea.ca\/fr\/#website"},"primaryImageOfPage":{"@id":"https:\/\/www.nbrea.ca\/fr\/complaint-and-discipline-procedure\/#primaryimage"},"image":{"@id":"https:\/\/www.nbrea.ca\/fr\/complaint-and-discipline-procedure\/#primaryimage"},"thumbnailUrl":"https:\/\/www.nbrea.ca\/wp-content\/uploads\/2020\/09\/ergita-sela-rjm78PEyYLc-unsplash.jpg","datePublished":"2020-08-17T06:46:14+00:00","dateModified":"2025-01-13T19:49:56+00:00","description":"L\u2019AAINB supervise un processus complet de plaintes et de discipline pour d\u00e9terminer si ses membres ont commis des actes de faute professionnelle ou d'incomp\u00e9tence.","breadcrumb":{"@id":"https:\/\/www.nbrea.ca\/fr\/complaint-and-discipline-procedure\/#breadcrumb"},"inLanguage":"fr-FR","potentialAction":[{"@type":"ReadAction","target":["https:\/\/www.nbrea.ca\/fr\/complaint-and-discipline-procedure\/"]}]},{"@type":"ImageObject","inLanguage":"fr-FR","@id":"https:\/\/www.nbrea.ca\/fr\/complaint-and-discipline-procedure\/#primaryimage","url":"https:\/\/www.nbrea.ca\/wp-content\/uploads\/2020\/09\/ergita-sela-rjm78PEyYLc-unsplash.jpg","contentUrl":"https:\/\/www.nbrea.ca\/wp-content\/uploads\/2020\/09\/ergita-sela-rjm78PEyYLc-unsplash.jpg","width":2048,"height":1365},{"@type":"BreadcrumbList","@id":"https:\/\/www.nbrea.ca\/fr\/complaint-and-discipline-procedure\/#breadcrumb","itemListElement":[{"@type":"ListItem","position":1,"name":"Home","item":"https:\/\/www.nbrea.ca\/fr\/"},{"@type":"ListItem","position":2,"name":"Proc\u00e9dure de plainte et de discipline"}]},{"@type":"WebSite","@id":"https:\/\/www.nbrea.ca\/fr\/#website","url":"https:\/\/www.nbrea.ca\/fr\/","name":"AAINB | L\u2019Association des agents immobiliers du Nouveau-Brunswick","description":"","publisher":{"@id":"https:\/\/www.nbrea.ca\/fr\/#organization"},"potentialAction":[{"@type":"SearchAction","target":{"@type":"EntryPoint","urlTemplate":"https:\/\/www.nbrea.ca\/fr\/?s={search_term_string}"},"query-input":{"@type":"PropertyValueSpecification","valueRequired":true,"valueName":"search_term_string"}}],"inLanguage":"fr-FR"},{"@type":"Organization","@id":"https:\/\/www.nbrea.ca\/fr\/#organization","name":"NBREA - New Brunswick Real Estate Association","url":"https:\/\/www.nbrea.ca\/fr\/","logo":{"@type":"ImageObject","inLanguage":"fr-FR","@id":"https:\/\/www.nbrea.ca\/fr\/#\/schema\/logo\/image\/","url":"https:\/\/www.nbrea.ca\/wp-content\/uploads\/2020\/10\/NBREA_logo_version1.png","contentUrl":"https:\/\/www.nbrea.ca\/wp-content\/uploads\/2020\/10\/NBREA_logo_version1.png","width":2040,"height":657,"caption":"NBREA - New Brunswick Real Estate Association"},"image":{"@id":"https:\/\/www.nbrea.ca\/fr\/#\/schema\/logo\/image\/"},"sameAs":["https:\/\/www.facebook.com\/NBREALTORS","https:\/\/x.com\/NBREALTORS","https:\/\/www.instagram.com\/nbrea1\/","https:\/\/www.youtube.com\/channel\/UCcYr6HJ8LADBhtE_O6pxEZQ\/"]}]}},"_links":{"self":[{"href":"https:\/\/www.nbrea.ca\/fr\/wp-json\/wp\/v2\/pages\/658","targetHints":{"allow":["GET"]}}],"collection":[{"href":"https:\/\/www.nbrea.ca\/fr\/wp-json\/wp\/v2\/pages"}],"about":[{"href":"https:\/\/www.nbrea.ca\/fr\/wp-json\/wp\/v2\/types\/page"}],"author":[{"embeddable":true,"href":"https:\/\/www.nbrea.ca\/fr\/wp-json\/wp\/v2\/users\/2"}],"replies":[{"embeddable":true,"href":"https:\/\/www.nbrea.ca\/fr\/wp-json\/wp\/v2\/comments?post=658"}],"version-history":[{"count":11,"href":"https:\/\/www.nbrea.ca\/fr\/wp-json\/wp\/v2\/pages\/658\/revisions"}],"predecessor-version":[{"id":6660,"href":"https:\/\/www.nbrea.ca\/fr\/wp-json\/wp\/v2\/pages\/658\/revisions\/6660"}],"wp:featuredmedia":[{"embeddable":true,"href":"https:\/\/www.nbrea.ca\/fr\/wp-json\/wp\/v2\/media\/1346"}],"wp:attachment":[{"href":"https:\/\/www.nbrea.ca\/fr\/wp-json\/wp\/v2\/media?parent=658"}],"curies":[{"name":"wp","href":"https:\/\/api.w.org\/{rel}","templated":true}]}}