{"id":659,"date":"2020-09-16T14:00:35","date_gmt":"2020-09-16T14:00:35","guid":{"rendered":"https:\/\/www.nbrea.ca\/?page_id=659"},"modified":"2025-01-13T16:36:15","modified_gmt":"2025-01-13T19:36:15","slug":"complaint-form-fr","status":"publish","type":"page","link":"https:\/\/www.nbrea.ca\/fr\/complaint-form-fr\/","title":{"rendered":"Traitement des plaintes"},"content":{"rendered":"<div class=\"base-section\"><div class=\"container\">\n<figure class=\"wp-block-image aligncenter size-large is-resized\"><img decoding=\"async\" width=\"1024\" height=\"296\" src=\"https:\/\/www.nbrea.ca\/wp-content\/uploads\/2020\/11\/Registraire-logo-2-1024x296.png\" alt=\"\" class=\"wp-image-3029\" style=\"width:394px;height:115px\" srcset=\"https:\/\/www.nbrea.ca\/wp-content\/uploads\/2020\/11\/Registraire-logo-2-1024x296.png 1024w, https:\/\/www.nbrea.ca\/wp-content\/uploads\/2020\/11\/Registraire-logo-2-300x87.png 300w, https:\/\/www.nbrea.ca\/wp-content\/uploads\/2020\/11\/Registraire-logo-2-768x222.png 768w, https:\/\/www.nbrea.ca\/wp-content\/uploads\/2020\/11\/Registraire-logo-2.png 1182w\" sizes=\"(max-width: 1024px) 100vw, 1024px\" \/><\/figure>\n<\/div><\/div>\n\n\n<div style=\"height:21px\" aria-hidden=\"true\" class=\"wp-block-spacer\"><\/div>\n\n\n<div class=\"base-section\"><div class=\"container\">\n<h2 class=\"wp-block-heading has-text-color\" style=\"color:#770204\">Traitement des plaintes<\/h2>\n<\/div><\/div>\n\n\n<div style=\"height:20px\" aria-hidden=\"true\" class=\"wp-block-spacer\"><\/div>\n\n\n<div class=\"base-section\"><div class=\"container\">\n<p><strong><span style=\"color:#770204\" class=\"has-inline-color\">\u00c9tape 1<br><\/span><\/strong>Le registraire re\u00e7oit la plainte \u00e9crite dont une copie est envoy\u00e9e au d\u00e9fendeur et au directeur du d\u00e9fendeur. Le d\u00e9fendeur a la possibilit\u00e9 de formuler une r\u00e9ponse \u00e9crite.<\/p>\n<\/div><\/div>\n\n<div class=\"base-section\"><div class=\"container\">\n<p><strong><span style=\"color:#770204\" class=\"has-inline-color\">\u00c9tape 2<\/span><\/strong><span class=\"has-inline-color has-vivid-cyan-blue-color\"><strong><br><\/strong><\/span>Le Comit\u00e9 des plaintes m\u00e8ne une enqu\u00eate et prend en compte \u00e0 la fois la plainte \u00e9crite et la r\u00e9ponse \u00e9crite.<\/p>\n<\/div><\/div>\n\n<div class=\"base-section\"><div class=\"container\">\n<p><strong><span style=\"color:#770204\" class=\"has-inline-color\">\u00c9tape 3<br><\/span><\/strong>Le Comit\u00e9 des plaintes: 1. rejette la plainte qui n\u2019est pas fond\u00e9e ou qui n\u2019entre pas dans ses comp\u00e9tences; OU 2. renvoie la plainte au Comit\u00e9 de discipline en vue de prendre des mesures suppl\u00e9mentaires; OU 3. renvoie la plainte au Directeur en vue de prendre des mesures suppl\u00e9mentaires; OU 4. tente de r\u00e9gler la plainte ou d\u2019en effectuer la m\u00e9diation.<\/p>\n<\/div><\/div>\n\n<div class=\"base-section\"><div class=\"container\">\n<p><strong><span style=\"color:#770204\" class=\"has-inline-color\">\u00c9tape 4<\/span><\/strong><\/p>\n<\/div><\/div>\n\n<div class=\"base-section\"><div class=\"container\">\n<ol class=\"wp-block-list\">\n<li>Si le Comit\u00e9 des plaintes rejette la plainte, l\u2019auteur de la plainte ou le ministre de la Justice et de la Consommation peut demander au Conseil d\u2019administration de l\u2019AAINB de r\u00e9examiner la fa\u00e7on dont la plainte a \u00e9t\u00e9 trait\u00e9e par le Comit\u00e9 des plaintes. Le Conseil d\u2019administration a, en vertu de la Loi, comp\u00e9tence pour r\u00e9examiner les proc\u00e9dures du Comit\u00e9 des plaintes mais ne peut pas r\u00e9examiner la d\u00e9cision du Comit\u00e9 des plaintes.<\/li>\n<\/ol>\n<\/div><\/div>\n\n<div class=\"base-section\"><div class=\"container\">\n<p>Si le Conseil d\u2019administration conclut que le traitement de la plainte par le Comit\u00e9 des plainte fait l\u2019objet de vices de forme, il doit alors renvoyer la plainte au Comit\u00e9 de discipline en vue de prendre des mesures suppl\u00e9mentaires.<\/p>\n<\/div><\/div>\n\n<div class=\"base-section\"><div class=\"container\">\n<ol start=\"2\" class=\"wp-block-list\">\n<li>Si le Comit\u00e9 des plaintes tente de r\u00e9gler la plainte ou d\u2019en effecteur la m\u00e9diation: a) la plainte est r\u00e9gl\u00e9e par les parties (sur une base volontaire); OU b) la plainte est renvoy\u00e9e au Comit\u00e9 de discipline en vue de prendre des mesures suppl\u00e9mentaires.<\/li>\n<\/ol>\n<\/div><\/div>\n\n<div class=\"base-section\"><div class=\"container\">\n<p><strong><span style=\"color:#770204\" class=\"has-inline-color\">\u00c9tape 5<\/span><\/strong><span class=\"has-inline-color has-vivid-cyan-blue-color\"><strong><br><\/strong><\/span>Si la plainte est renvoy\u00e9e au Comit\u00e9 de discipline en vue de prendre des mesures suppl\u00e9mentaires, les parties participeront: 1. \u00e0 une conf\u00e9rence pr\u00e9paratoire \u00e0 l\u2019audience facultative et \u00e0 une simplification ou \u00e0 un r\u00e8glement potentiel de la plainte; OU 2. \u00e0 audience ou \u00e0 une audience sur sanctions en bonne et due former et \u00e0 une d\u00e9cision subs\u00e9quente par \u00e9crit.<\/p>\n<\/div><\/div>\n\n<div class=\"base-section\"><div class=\"container\">\n<p><strong><span style=\"color:#770204\" class=\"has-inline-color\">\u00c9tape 6 (facultatif)<\/span><\/strong><span class=\"has-inline-color has-vivid-cyan-blue-color\"><strong><br><\/strong><\/span>Appel \u00e0 la Cour de Banc de la Reine du Nouveau-Brunswick en vertu de l\u2019article 25 de la Loi.<br>Traitement<\/p>\n<\/div><\/div>\n\n\n\t<div class=\"container\">\n\t\t<div class=\"cards-block\">\n\t\t\t\t\t\t\t<div class=\"card-item\">\n\t\t\t\t\t\t\t\t\t\t\t<img decoding=\"async\" src=\"https:\/\/www.nbrea.ca\/wp-content\/uploads\/2020\/10\/Row-of-Houses-550x550.jpg\" alt=\"\" >\n\t\t\t\t\t\t\t\t\t\t<div class=\"text-holder\">\n\t\t\t\t\t\t\t\t\t\t\t\t\t<h2>Formulaire pour une plainte<\/h2>\n\t\t\t\t\t\t\t\t\t\t\t<\/div>\n\t\t\t\t\t\t\t\t\t\t\t<a href=\"https:\/\/www.nbrea.ca\/wp-content\/uploads\/2024\/10\/Formulaire-de-Plainte-lAAINB.pdf\"><\/a>\n\t\t\t\t\t\t\t\t\t<\/div>\n\t\t\t\t\t<\/div>\n\t<\/div>\n","protected":false},"excerpt":{"rendered":"<p>Traitement des plaintes \u00c9tape 1Le registraire re\u00e7oit la plainte \u00e9crite dont une copie est envoy\u00e9e au d\u00e9fendeur et au directeur du d\u00e9fendeur. Le d\u00e9fendeur a la possibilit\u00e9 de formuler une r\u00e9ponse \u00e9crite. \u00c9tape 2Le Comit\u00e9 des plaintes m\u00e8ne une enqu\u00eate et prend en compte \u00e0 la fois la plainte \u00e9crite et la r\u00e9ponse \u00e9crite. \u00c9tape [&hellip;]<\/p>\n","protected":false},"author":2,"featured_media":2313,"parent":0,"menu_order":0,"comment_status":"closed","ping_status":"closed","template":"","meta":{"_acf_changed":false,"inline_featured_image":false,"footnotes":""},"class_list":["post-659","page","type-page","status-publish","has-post-thumbnail","hentry"],"acf":[],"yoast_head":"<!-- This site is optimized with the Yoast SEO plugin v24.3 - https:\/\/yoast.com\/wordpress\/plugins\/seo\/ -->\n<title>Traitement des plaintes | AAINB | L\u2019Association des agents immobiliers du Nouveau-Brunswick<\/title>\n<meta name=\"description\" content=\"Le bureau du registraire traite les formulaires de plainte \u00e9crits contre un membre de l\u2019AAINB. Trouvez le formulaire de plainte ici.\" \/>\n<meta name=\"robots\" content=\"index, follow, max-snippet:-1, max-image-preview:large, max-video-preview:-1\" \/>\n<link rel=\"canonical\" href=\"https:\/\/www.nbrea.ca\/fr\/complaint-form-fr\/\" \/>\n<meta property=\"og:locale\" content=\"fr_FR\" \/>\n<meta property=\"og:type\" content=\"article\" \/>\n<meta property=\"og:title\" content=\"Traitement des plaintes | AAINB | L\u2019Association des agents immobiliers du Nouveau-Brunswick\" \/>\n<meta property=\"og:description\" content=\"Le bureau du registraire traite les formulaires de plainte \u00e9crits contre un membre de l\u2019AAINB. Trouvez le formulaire de plainte ici.\" \/>\n<meta property=\"og:url\" content=\"https:\/\/www.nbrea.ca\/fr\/complaint-form-fr\/\" \/>\n<meta property=\"og:site_name\" content=\"AAINB | L\u2019Association des agents immobiliers du Nouveau-Brunswick\" \/>\n<meta property=\"article:publisher\" content=\"https:\/\/www.facebook.com\/NBREALTORS\" \/>\n<meta property=\"article:modified_time\" content=\"2025-01-13T19:36:15+00:00\" \/>\n<meta property=\"og:image\" content=\"https:\/\/www.nbrea.ca\/wp-content\/uploads\/2020\/10\/alvaro-serrano-hjwKMkehBco-unsplash.jpg\" \/>\n\t<meta property=\"og:image:width\" content=\"2048\" \/>\n\t<meta property=\"og:image:height\" content=\"1365\" \/>\n\t<meta property=\"og:image:type\" content=\"image\/jpeg\" \/>\n<meta name=\"twitter:card\" content=\"summary_large_image\" \/>\n<meta name=\"twitter:site\" content=\"@NBREALTORS\" \/>\n<meta name=\"twitter:label1\" content=\"Dur\u00e9e de lecture estim\u00e9e\" \/>\n\t<meta name=\"twitter:data1\" content=\"2 minutes\" \/>\n<script type=\"application\/ld+json\" class=\"yoast-schema-graph\">{\"@context\":\"https:\/\/schema.org\",\"@graph\":[{\"@type\":\"WebPage\",\"@id\":\"https:\/\/www.nbrea.ca\/fr\/complaint-form-fr\/\",\"url\":\"https:\/\/www.nbrea.ca\/fr\/complaint-form-fr\/\",\"name\":\"Traitement des plaintes | AAINB | L\u2019Association des agents immobiliers du Nouveau-Brunswick\",\"isPartOf\":{\"@id\":\"https:\/\/www.nbrea.ca\/fr\/#website\"},\"primaryImageOfPage\":{\"@id\":\"https:\/\/www.nbrea.ca\/fr\/complaint-form-fr\/#primaryimage\"},\"image\":{\"@id\":\"https:\/\/www.nbrea.ca\/fr\/complaint-form-fr\/#primaryimage\"},\"thumbnailUrl\":\"https:\/\/www.nbrea.ca\/wp-content\/uploads\/2020\/10\/alvaro-serrano-hjwKMkehBco-unsplash.jpg\",\"datePublished\":\"2020-09-16T14:00:35+00:00\",\"dateModified\":\"2025-01-13T19:36:15+00:00\",\"description\":\"Le bureau du registraire traite les formulaires de plainte \u00e9crits contre un membre de l\u2019AAINB. Trouvez le formulaire de plainte ici.\",\"breadcrumb\":{\"@id\":\"https:\/\/www.nbrea.ca\/fr\/complaint-form-fr\/#breadcrumb\"},\"inLanguage\":\"fr-FR\",\"potentialAction\":[{\"@type\":\"ReadAction\",\"target\":[\"https:\/\/www.nbrea.ca\/fr\/complaint-form-fr\/\"]}]},{\"@type\":\"ImageObject\",\"inLanguage\":\"fr-FR\",\"@id\":\"https:\/\/www.nbrea.ca\/fr\/complaint-form-fr\/#primaryimage\",\"url\":\"https:\/\/www.nbrea.ca\/wp-content\/uploads\/2020\/10\/alvaro-serrano-hjwKMkehBco-unsplash.jpg\",\"contentUrl\":\"https:\/\/www.nbrea.ca\/wp-content\/uploads\/2020\/10\/alvaro-serrano-hjwKMkehBco-unsplash.jpg\",\"width\":2048,\"height\":1365},{\"@type\":\"BreadcrumbList\",\"@id\":\"https:\/\/www.nbrea.ca\/fr\/complaint-form-fr\/#breadcrumb\",\"itemListElement\":[{\"@type\":\"ListItem\",\"position\":1,\"name\":\"Home\",\"item\":\"https:\/\/www.nbrea.ca\/fr\/\"},{\"@type\":\"ListItem\",\"position\":2,\"name\":\"Traitement des plaintes\"}]},{\"@type\":\"WebSite\",\"@id\":\"https:\/\/www.nbrea.ca\/fr\/#website\",\"url\":\"https:\/\/www.nbrea.ca\/fr\/\",\"name\":\"AAINB | L\u2019Association des agents immobiliers du Nouveau-Brunswick\",\"description\":\"\",\"publisher\":{\"@id\":\"https:\/\/www.nbrea.ca\/fr\/#organization\"},\"potentialAction\":[{\"@type\":\"SearchAction\",\"target\":{\"@type\":\"EntryPoint\",\"urlTemplate\":\"https:\/\/www.nbrea.ca\/fr\/?s={search_term_string}\"},\"query-input\":{\"@type\":\"PropertyValueSpecification\",\"valueRequired\":true,\"valueName\":\"search_term_string\"}}],\"inLanguage\":\"fr-FR\"},{\"@type\":\"Organization\",\"@id\":\"https:\/\/www.nbrea.ca\/fr\/#organization\",\"name\":\"NBREA - New Brunswick Real Estate Association\",\"url\":\"https:\/\/www.nbrea.ca\/fr\/\",\"logo\":{\"@type\":\"ImageObject\",\"inLanguage\":\"fr-FR\",\"@id\":\"https:\/\/www.nbrea.ca\/fr\/#\/schema\/logo\/image\/\",\"url\":\"https:\/\/www.nbrea.ca\/wp-content\/uploads\/2020\/10\/NBREA_logo_version1.png\",\"contentUrl\":\"https:\/\/www.nbrea.ca\/wp-content\/uploads\/2020\/10\/NBREA_logo_version1.png\",\"width\":2040,\"height\":657,\"caption\":\"NBREA - New Brunswick Real Estate Association\"},\"image\":{\"@id\":\"https:\/\/www.nbrea.ca\/fr\/#\/schema\/logo\/image\/\"},\"sameAs\":[\"https:\/\/www.facebook.com\/NBREALTORS\",\"https:\/\/x.com\/NBREALTORS\",\"https:\/\/www.instagram.com\/nbrea1\/\",\"https:\/\/www.youtube.com\/channel\/UCcYr6HJ8LADBhtE_O6pxEZQ\/\"]}]}<\/script>\n<!-- \/ Yoast SEO plugin. -->","yoast_head_json":{"title":"Traitement des plaintes | AAINB | L\u2019Association des agents immobiliers du Nouveau-Brunswick","description":"Le bureau du registraire traite les formulaires de plainte \u00e9crits contre un membre de l\u2019AAINB. Trouvez le formulaire de plainte ici.","robots":{"index":"index","follow":"follow","max-snippet":"max-snippet:-1","max-image-preview":"max-image-preview:large","max-video-preview":"max-video-preview:-1"},"canonical":"https:\/\/www.nbrea.ca\/fr\/complaint-form-fr\/","og_locale":"fr_FR","og_type":"article","og_title":"Traitement des plaintes | AAINB | L\u2019Association des agents immobiliers du Nouveau-Brunswick","og_description":"Le bureau du registraire traite les formulaires de plainte \u00e9crits contre un membre de l\u2019AAINB. Trouvez le formulaire de plainte ici.","og_url":"https:\/\/www.nbrea.ca\/fr\/complaint-form-fr\/","og_site_name":"AAINB | L\u2019Association des agents immobiliers du Nouveau-Brunswick","article_publisher":"https:\/\/www.facebook.com\/NBREALTORS","article_modified_time":"2025-01-13T19:36:15+00:00","og_image":[{"width":2048,"height":1365,"url":"https:\/\/www.nbrea.ca\/wp-content\/uploads\/2020\/10\/alvaro-serrano-hjwKMkehBco-unsplash.jpg","type":"image\/jpeg"}],"twitter_card":"summary_large_image","twitter_site":"@NBREALTORS","twitter_misc":{"Dur\u00e9e de lecture estim\u00e9e":"2 minutes"},"schema":{"@context":"https:\/\/schema.org","@graph":[{"@type":"WebPage","@id":"https:\/\/www.nbrea.ca\/fr\/complaint-form-fr\/","url":"https:\/\/www.nbrea.ca\/fr\/complaint-form-fr\/","name":"Traitement des plaintes | AAINB | L\u2019Association des agents immobiliers du Nouveau-Brunswick","isPartOf":{"@id":"https:\/\/www.nbrea.ca\/fr\/#website"},"primaryImageOfPage":{"@id":"https:\/\/www.nbrea.ca\/fr\/complaint-form-fr\/#primaryimage"},"image":{"@id":"https:\/\/www.nbrea.ca\/fr\/complaint-form-fr\/#primaryimage"},"thumbnailUrl":"https:\/\/www.nbrea.ca\/wp-content\/uploads\/2020\/10\/alvaro-serrano-hjwKMkehBco-unsplash.jpg","datePublished":"2020-09-16T14:00:35+00:00","dateModified":"2025-01-13T19:36:15+00:00","description":"Le bureau du registraire traite les formulaires de plainte \u00e9crits contre un membre de l\u2019AAINB. Trouvez le formulaire de plainte ici.","breadcrumb":{"@id":"https:\/\/www.nbrea.ca\/fr\/complaint-form-fr\/#breadcrumb"},"inLanguage":"fr-FR","potentialAction":[{"@type":"ReadAction","target":["https:\/\/www.nbrea.ca\/fr\/complaint-form-fr\/"]}]},{"@type":"ImageObject","inLanguage":"fr-FR","@id":"https:\/\/www.nbrea.ca\/fr\/complaint-form-fr\/#primaryimage","url":"https:\/\/www.nbrea.ca\/wp-content\/uploads\/2020\/10\/alvaro-serrano-hjwKMkehBco-unsplash.jpg","contentUrl":"https:\/\/www.nbrea.ca\/wp-content\/uploads\/2020\/10\/alvaro-serrano-hjwKMkehBco-unsplash.jpg","width":2048,"height":1365},{"@type":"BreadcrumbList","@id":"https:\/\/www.nbrea.ca\/fr\/complaint-form-fr\/#breadcrumb","itemListElement":[{"@type":"ListItem","position":1,"name":"Home","item":"https:\/\/www.nbrea.ca\/fr\/"},{"@type":"ListItem","position":2,"name":"Traitement des plaintes"}]},{"@type":"WebSite","@id":"https:\/\/www.nbrea.ca\/fr\/#website","url":"https:\/\/www.nbrea.ca\/fr\/","name":"AAINB | L\u2019Association des agents immobiliers du Nouveau-Brunswick","description":"","publisher":{"@id":"https:\/\/www.nbrea.ca\/fr\/#organization"},"potentialAction":[{"@type":"SearchAction","target":{"@type":"EntryPoint","urlTemplate":"https:\/\/www.nbrea.ca\/fr\/?s={search_term_string}"},"query-input":{"@type":"PropertyValueSpecification","valueRequired":true,"valueName":"search_term_string"}}],"inLanguage":"fr-FR"},{"@type":"Organization","@id":"https:\/\/www.nbrea.ca\/fr\/#organization","name":"NBREA - New Brunswick Real Estate Association","url":"https:\/\/www.nbrea.ca\/fr\/","logo":{"@type":"ImageObject","inLanguage":"fr-FR","@id":"https:\/\/www.nbrea.ca\/fr\/#\/schema\/logo\/image\/","url":"https:\/\/www.nbrea.ca\/wp-content\/uploads\/2020\/10\/NBREA_logo_version1.png","contentUrl":"https:\/\/www.nbrea.ca\/wp-content\/uploads\/2020\/10\/NBREA_logo_version1.png","width":2040,"height":657,"caption":"NBREA - New Brunswick Real Estate Association"},"image":{"@id":"https:\/\/www.nbrea.ca\/fr\/#\/schema\/logo\/image\/"},"sameAs":["https:\/\/www.facebook.com\/NBREALTORS","https:\/\/x.com\/NBREALTORS","https:\/\/www.instagram.com\/nbrea1\/","https:\/\/www.youtube.com\/channel\/UCcYr6HJ8LADBhtE_O6pxEZQ\/"]}]}},"_links":{"self":[{"href":"https:\/\/www.nbrea.ca\/fr\/wp-json\/wp\/v2\/pages\/659","targetHints":{"allow":["GET"]}}],"collection":[{"href":"https:\/\/www.nbrea.ca\/fr\/wp-json\/wp\/v2\/pages"}],"about":[{"href":"https:\/\/www.nbrea.ca\/fr\/wp-json\/wp\/v2\/types\/page"}],"author":[{"embeddable":true,"href":"https:\/\/www.nbrea.ca\/fr\/wp-json\/wp\/v2\/users\/2"}],"replies":[{"embeddable":true,"href":"https:\/\/www.nbrea.ca\/fr\/wp-json\/wp\/v2\/comments?post=659"}],"version-history":[{"count":14,"href":"https:\/\/www.nbrea.ca\/fr\/wp-json\/wp\/v2\/pages\/659\/revisions"}],"predecessor-version":[{"id":6655,"href":"https:\/\/www.nbrea.ca\/fr\/wp-json\/wp\/v2\/pages\/659\/revisions\/6655"}],"wp:featuredmedia":[{"embeddable":true,"href":"https:\/\/www.nbrea.ca\/fr\/wp-json\/wp\/v2\/media\/2313"}],"wp:attachment":[{"href":"https:\/\/www.nbrea.ca\/fr\/wp-json\/wp\/v2\/media?parent=659"}],"curies":[{"name":"wp","href":"https:\/\/api.w.org\/{rel}","templated":true}]}}