{"id":664,"date":"2020-08-17T06:46:53","date_gmt":"2020-08-17T06:46:53","guid":{"rendered":"https:\/\/www.nbrea.ca\/?page_id=664"},"modified":"2026-02-25T16:01:16","modified_gmt":"2026-02-25T19:01:16","slug":"scheduled-hearings","status":"publish","type":"page","link":"https:\/\/www.nbrea.ca\/fr\/scheduled-hearings\/","title":{"rendered":"Audiences Disciplinaires"},"content":{"rendered":"<div class=\"base-section\"><div class=\"container\">\n<figure class=\"wp-block-image aligncenter size-large is-resized\"><img decoding=\"async\" width=\"1024\" height=\"263\" src=\"https:\/\/www.nbrea.ca\/wp-content\/uploads\/2025\/02\/XS-CROP-NBREA-logosF_02-1024x263.jpg\" alt=\"\" class=\"wp-image-6775\" style=\"aspect-ratio:3.4594594594594597;width:381px;height:auto\" srcset=\"https:\/\/www.nbrea.ca\/wp-content\/uploads\/2025\/02\/XS-CROP-NBREA-logosF_02-1024x263.jpg 1024w, https:\/\/www.nbrea.ca\/wp-content\/uploads\/2025\/02\/XS-CROP-NBREA-logosF_02-300x77.jpg 300w, https:\/\/www.nbrea.ca\/wp-content\/uploads\/2025\/02\/XS-CROP-NBREA-logosF_02-768x197.jpg 768w, https:\/\/www.nbrea.ca\/wp-content\/uploads\/2025\/02\/XS-CROP-NBREA-logosF_02.jpg 1056w\" sizes=\"(max-width: 1024px) 100vw, 1024px\" \/><\/figure>\n<\/div><\/div>\n\n\n<div style=\"height:33px\" aria-hidden=\"true\" class=\"wp-block-spacer\"><\/div>\n\n\n<div class=\"base-section\"><div class=\"container\">\n<h1 class=\"wp-block-heading has-text-color\" style=\"color:#681411\">Audiences Disciplinaires<\/h1>\n<\/div><\/div>\n\n\n<div style=\"height:35px\" aria-hidden=\"true\" class=\"wp-block-spacer\"><\/div>\n\n\n<div class=\"base-section\"><div class=\"container\">\n<p><em><em>Sauf indication contraire, toutes les audiences commencent \u00e0 9h30.<\/em><\/em><\/p>\n<\/div><\/div>\n\n<div class=\"base-section\"><div class=\"container\">\n<figure class=\"wp-block-table is-style-stripes\"><table><tbody><tr><td>2025-029<\/td><td>Jason Munn<\/td><td>21-22 mai 2026<\/td><td>Bureaux de Stewart McKelvey, Fredericton, NB<\/td><\/tr><tr><td>2025-026<\/td><td>Kevin McKenzie<\/td><td>10-11 mars 2026<\/td><td>Virtuel<\/td><\/tr><tr><td>2025-032<\/td><td>Jacques LeBlanc<\/td><td>17-18 mars 2026<\/td><td>Virtuel<\/td><\/tr><tr><td>2024-030<\/td><td>Leanne Carter<\/td><td>\u00c0 d\u00e9terminer<\/td><td>\u00c0 d\u00e9terminer<\/td><\/tr><tr><td>2025-001<\/td><td>Jane McLaughlin<\/td><td>\u00c0 d\u00e9terminer<\/td><td>\u00c0 d\u00e9terminer<\/td><\/tr><tr><td>2025-002<\/td><td>Hayley Bettle<\/td><td>\u00c0 d\u00e9terminer<\/td><td>\u00c0 d\u00e9terminer<\/td><\/tr><tr><td>2022-070<\/td><td>John McAloney<\/td><td>\u00c0 d\u00e9terminer<\/td><td>\u00c0 d\u00e9terminer<\/td><\/tr><\/tbody><\/table><figcaption class=\"wp-element-caption\"><br><\/figcaption><\/figure>\n<\/div><\/div>\n\n\n\n<div class=\"base-section\"><div class=\"container\">\n<p>Pour plus d&rsquo;informations sur les audiences du comit\u00e9 de discipline \u00e0 venir, veuillez contacter notre registraire \u00e0 Registrar@nbrea.ca<\/p>\n<\/div><\/div>\n\n<div class=\"base-section\"><div class=\"container\">\n<p><\/p>\n<\/div><\/div>","protected":false},"excerpt":{"rendered":"<p>Audiences Disciplinaires Sauf indication contraire, toutes les audiences commencent \u00e0 9h30. 2025-029 Jason Munn 21-22 mai 2026 Bureaux de Stewart McKelvey, Fredericton, NB 2025-026 Kevin McKenzie 10-11 mars 2026 Virtuel 2025-032 Jacques LeBlanc 17-18 mars 2026 Virtuel 2024-030 Leanne Carter \u00c0 d\u00e9terminer \u00c0 d\u00e9terminer 2025-001 Jane McLaughlin \u00c0 d\u00e9terminer \u00c0 d\u00e9terminer 2025-002 Hayley Bettle \u00c0 [&hellip;]<\/p>\n","protected":false},"author":2,"featured_media":1073,"parent":0,"menu_order":0,"comment_status":"closed","ping_status":"closed","template":"","meta":{"_acf_changed":false,"inline_featured_image":false,"footnotes":""},"class_list":["post-664","page","type-page","status-publish","has-post-thumbnail","hentry"],"acf":[],"yoast_head":"<!-- This site is optimized with the Yoast SEO plugin v24.3 - https:\/\/yoast.com\/wordpress\/plugins\/seo\/ -->\n<title>Audiences Disciplinaires | AAINB | L\u2019Association des agents immobiliers du Nouveau-Brunswick<\/title>\n<meta name=\"description\" content=\"Les dates des prochaines audiences sont affich\u00e9es sur le site Web de l&#039;AAINB et les dates sont mises \u00e0 jour \u00e0 mesure que les audiences sont pr\u00e9vues.\" \/>\n<meta name=\"robots\" content=\"index, follow, max-snippet:-1, max-image-preview:large, max-video-preview:-1\" \/>\n<link rel=\"canonical\" href=\"https:\/\/www.nbrea.ca\/fr\/scheduled-hearings\/\" \/>\n<meta property=\"og:locale\" content=\"fr_FR\" \/>\n<meta property=\"og:type\" content=\"article\" \/>\n<meta property=\"og:title\" content=\"Audiences Disciplinaires | AAINB | L\u2019Association des agents immobiliers du Nouveau-Brunswick\" \/>\n<meta property=\"og:description\" content=\"Les dates des prochaines audiences sont affich\u00e9es sur le site Web de l&#039;AAINB et les dates sont mises \u00e0 jour \u00e0 mesure que les audiences sont pr\u00e9vues.\" \/>\n<meta property=\"og:url\" content=\"https:\/\/www.nbrea.ca\/fr\/scheduled-hearings\/\" \/>\n<meta property=\"og:site_name\" content=\"AAINB | L\u2019Association des agents immobiliers du Nouveau-Brunswick\" \/>\n<meta property=\"article:publisher\" content=\"https:\/\/www.facebook.com\/NBREALTORS\" \/>\n<meta property=\"article:modified_time\" content=\"2026-02-25T19:01:16+00:00\" \/>\n<meta property=\"og:image\" content=\"https:\/\/www.nbrea.ca\/wp-content\/uploads\/2020\/09\/scott-graham-OQMZwNd3ThU-unsplash-1024x683.jpg\" \/>\n\t<meta property=\"og:image:width\" content=\"1024\" \/>\n\t<meta property=\"og:image:height\" content=\"683\" \/>\n\t<meta property=\"og:image:type\" content=\"image\/jpeg\" \/>\n<meta name=\"twitter:card\" content=\"summary_large_image\" \/>\n<meta name=\"twitter:site\" content=\"@NBREALTORS\" \/>\n<meta name=\"twitter:label1\" content=\"Dur\u00e9e de lecture estim\u00e9e\" \/>\n\t<meta name=\"twitter:data1\" content=\"1 minute\" \/>\n<script type=\"application\/ld+json\" class=\"yoast-schema-graph\">{\"@context\":\"https:\/\/schema.org\",\"@graph\":[{\"@type\":\"WebPage\",\"@id\":\"https:\/\/www.nbrea.ca\/fr\/scheduled-hearings\/\",\"url\":\"https:\/\/www.nbrea.ca\/fr\/scheduled-hearings\/\",\"name\":\"Audiences Disciplinaires | AAINB | L\u2019Association des agents immobiliers du Nouveau-Brunswick\",\"isPartOf\":{\"@id\":\"https:\/\/www.nbrea.ca\/fr\/#website\"},\"primaryImageOfPage\":{\"@id\":\"https:\/\/www.nbrea.ca\/fr\/scheduled-hearings\/#primaryimage\"},\"image\":{\"@id\":\"https:\/\/www.nbrea.ca\/fr\/scheduled-hearings\/#primaryimage\"},\"thumbnailUrl\":\"https:\/\/www.nbrea.ca\/wp-content\/uploads\/2020\/09\/scott-graham-OQMZwNd3ThU-unsplash.jpg\",\"datePublished\":\"2020-08-17T06:46:53+00:00\",\"dateModified\":\"2026-02-25T19:01:16+00:00\",\"description\":\"Les dates des prochaines audiences sont affich\u00e9es sur le site Web de l'AAINB et les dates sont mises \u00e0 jour \u00e0 mesure que les audiences sont pr\u00e9vues.\",\"breadcrumb\":{\"@id\":\"https:\/\/www.nbrea.ca\/fr\/scheduled-hearings\/#breadcrumb\"},\"inLanguage\":\"fr-FR\",\"potentialAction\":[{\"@type\":\"ReadAction\",\"target\":[\"https:\/\/www.nbrea.ca\/fr\/scheduled-hearings\/\"]}]},{\"@type\":\"ImageObject\",\"inLanguage\":\"fr-FR\",\"@id\":\"https:\/\/www.nbrea.ca\/fr\/scheduled-hearings\/#primaryimage\",\"url\":\"https:\/\/www.nbrea.ca\/wp-content\/uploads\/2020\/09\/scott-graham-OQMZwNd3ThU-unsplash.jpg\",\"contentUrl\":\"https:\/\/www.nbrea.ca\/wp-content\/uploads\/2020\/09\/scott-graham-OQMZwNd3ThU-unsplash.jpg\",\"width\":2048,\"height\":1367},{\"@type\":\"BreadcrumbList\",\"@id\":\"https:\/\/www.nbrea.ca\/fr\/scheduled-hearings\/#breadcrumb\",\"itemListElement\":[{\"@type\":\"ListItem\",\"position\":1,\"name\":\"Home\",\"item\":\"https:\/\/www.nbrea.ca\/fr\/\"},{\"@type\":\"ListItem\",\"position\":2,\"name\":\"Audiences Disciplinaires\"}]},{\"@type\":\"WebSite\",\"@id\":\"https:\/\/www.nbrea.ca\/fr\/#website\",\"url\":\"https:\/\/www.nbrea.ca\/fr\/\",\"name\":\"AAINB | L\u2019Association des agents immobiliers du Nouveau-Brunswick\",\"description\":\"\",\"publisher\":{\"@id\":\"https:\/\/www.nbrea.ca\/fr\/#organization\"},\"potentialAction\":[{\"@type\":\"SearchAction\",\"target\":{\"@type\":\"EntryPoint\",\"urlTemplate\":\"https:\/\/www.nbrea.ca\/fr\/?s={search_term_string}\"},\"query-input\":{\"@type\":\"PropertyValueSpecification\",\"valueRequired\":true,\"valueName\":\"search_term_string\"}}],\"inLanguage\":\"fr-FR\"},{\"@type\":\"Organization\",\"@id\":\"https:\/\/www.nbrea.ca\/fr\/#organization\",\"name\":\"NBREA - New Brunswick Real Estate Association\",\"url\":\"https:\/\/www.nbrea.ca\/fr\/\",\"logo\":{\"@type\":\"ImageObject\",\"inLanguage\":\"fr-FR\",\"@id\":\"https:\/\/www.nbrea.ca\/fr\/#\/schema\/logo\/image\/\",\"url\":\"https:\/\/www.nbrea.ca\/wp-content\/uploads\/2020\/10\/NBREA_logo_version1.png\",\"contentUrl\":\"https:\/\/www.nbrea.ca\/wp-content\/uploads\/2020\/10\/NBREA_logo_version1.png\",\"width\":2040,\"height\":657,\"caption\":\"NBREA - New Brunswick Real Estate Association\"},\"image\":{\"@id\":\"https:\/\/www.nbrea.ca\/fr\/#\/schema\/logo\/image\/\"},\"sameAs\":[\"https:\/\/www.facebook.com\/NBREALTORS\",\"https:\/\/x.com\/NBREALTORS\",\"https:\/\/www.instagram.com\/nbrea1\/\",\"https:\/\/www.youtube.com\/channel\/UCcYr6HJ8LADBhtE_O6pxEZQ\/\"]}]}<\/script>\n<!-- \/ Yoast SEO plugin. -->","yoast_head_json":{"title":"Audiences Disciplinaires | AAINB | L\u2019Association des agents immobiliers du Nouveau-Brunswick","description":"Les dates des prochaines audiences sont affich\u00e9es sur le site Web de l'AAINB et les dates sont mises \u00e0 jour \u00e0 mesure que les audiences sont pr\u00e9vues.","robots":{"index":"index","follow":"follow","max-snippet":"max-snippet:-1","max-image-preview":"max-image-preview:large","max-video-preview":"max-video-preview:-1"},"canonical":"https:\/\/www.nbrea.ca\/fr\/scheduled-hearings\/","og_locale":"fr_FR","og_type":"article","og_title":"Audiences Disciplinaires | AAINB | L\u2019Association des agents immobiliers du Nouveau-Brunswick","og_description":"Les dates des prochaines audiences sont affich\u00e9es sur le site Web de l'AAINB et les dates sont mises \u00e0 jour \u00e0 mesure que les audiences sont pr\u00e9vues.","og_url":"https:\/\/www.nbrea.ca\/fr\/scheduled-hearings\/","og_site_name":"AAINB | L\u2019Association des agents immobiliers du Nouveau-Brunswick","article_publisher":"https:\/\/www.facebook.com\/NBREALTORS","article_modified_time":"2026-02-25T19:01:16+00:00","og_image":[{"width":1024,"height":683,"url":"https:\/\/www.nbrea.ca\/wp-content\/uploads\/2020\/09\/scott-graham-OQMZwNd3ThU-unsplash-1024x683.jpg","type":"image\/jpeg"}],"twitter_card":"summary_large_image","twitter_site":"@NBREALTORS","twitter_misc":{"Dur\u00e9e de lecture estim\u00e9e":"1 minute"},"schema":{"@context":"https:\/\/schema.org","@graph":[{"@type":"WebPage","@id":"https:\/\/www.nbrea.ca\/fr\/scheduled-hearings\/","url":"https:\/\/www.nbrea.ca\/fr\/scheduled-hearings\/","name":"Audiences Disciplinaires | AAINB | L\u2019Association des agents immobiliers du Nouveau-Brunswick","isPartOf":{"@id":"https:\/\/www.nbrea.ca\/fr\/#website"},"primaryImageOfPage":{"@id":"https:\/\/www.nbrea.ca\/fr\/scheduled-hearings\/#primaryimage"},"image":{"@id":"https:\/\/www.nbrea.ca\/fr\/scheduled-hearings\/#primaryimage"},"thumbnailUrl":"https:\/\/www.nbrea.ca\/wp-content\/uploads\/2020\/09\/scott-graham-OQMZwNd3ThU-unsplash.jpg","datePublished":"2020-08-17T06:46:53+00:00","dateModified":"2026-02-25T19:01:16+00:00","description":"Les dates des prochaines audiences sont affich\u00e9es sur le site Web de l'AAINB et les dates sont mises \u00e0 jour \u00e0 mesure que les audiences sont pr\u00e9vues.","breadcrumb":{"@id":"https:\/\/www.nbrea.ca\/fr\/scheduled-hearings\/#breadcrumb"},"inLanguage":"fr-FR","potentialAction":[{"@type":"ReadAction","target":["https:\/\/www.nbrea.ca\/fr\/scheduled-hearings\/"]}]},{"@type":"ImageObject","inLanguage":"fr-FR","@id":"https:\/\/www.nbrea.ca\/fr\/scheduled-hearings\/#primaryimage","url":"https:\/\/www.nbrea.ca\/wp-content\/uploads\/2020\/09\/scott-graham-OQMZwNd3ThU-unsplash.jpg","contentUrl":"https:\/\/www.nbrea.ca\/wp-content\/uploads\/2020\/09\/scott-graham-OQMZwNd3ThU-unsplash.jpg","width":2048,"height":1367},{"@type":"BreadcrumbList","@id":"https:\/\/www.nbrea.ca\/fr\/scheduled-hearings\/#breadcrumb","itemListElement":[{"@type":"ListItem","position":1,"name":"Home","item":"https:\/\/www.nbrea.ca\/fr\/"},{"@type":"ListItem","position":2,"name":"Audiences Disciplinaires"}]},{"@type":"WebSite","@id":"https:\/\/www.nbrea.ca\/fr\/#website","url":"https:\/\/www.nbrea.ca\/fr\/","name":"AAINB | L\u2019Association des agents immobiliers du Nouveau-Brunswick","description":"","publisher":{"@id":"https:\/\/www.nbrea.ca\/fr\/#organization"},"potentialAction":[{"@type":"SearchAction","target":{"@type":"EntryPoint","urlTemplate":"https:\/\/www.nbrea.ca\/fr\/?s={search_term_string}"},"query-input":{"@type":"PropertyValueSpecification","valueRequired":true,"valueName":"search_term_string"}}],"inLanguage":"fr-FR"},{"@type":"Organization","@id":"https:\/\/www.nbrea.ca\/fr\/#organization","name":"NBREA - New Brunswick Real Estate Association","url":"https:\/\/www.nbrea.ca\/fr\/","logo":{"@type":"ImageObject","inLanguage":"fr-FR","@id":"https:\/\/www.nbrea.ca\/fr\/#\/schema\/logo\/image\/","url":"https:\/\/www.nbrea.ca\/wp-content\/uploads\/2020\/10\/NBREA_logo_version1.png","contentUrl":"https:\/\/www.nbrea.ca\/wp-content\/uploads\/2020\/10\/NBREA_logo_version1.png","width":2040,"height":657,"caption":"NBREA - New Brunswick Real Estate Association"},"image":{"@id":"https:\/\/www.nbrea.ca\/fr\/#\/schema\/logo\/image\/"},"sameAs":["https:\/\/www.facebook.com\/NBREALTORS","https:\/\/x.com\/NBREALTORS","https:\/\/www.instagram.com\/nbrea1\/","https:\/\/www.youtube.com\/channel\/UCcYr6HJ8LADBhtE_O6pxEZQ\/"]}]}},"_links":{"self":[{"href":"https:\/\/www.nbrea.ca\/fr\/wp-json\/wp\/v2\/pages\/664","targetHints":{"allow":["GET"]}}],"collection":[{"href":"https:\/\/www.nbrea.ca\/fr\/wp-json\/wp\/v2\/pages"}],"about":[{"href":"https:\/\/www.nbrea.ca\/fr\/wp-json\/wp\/v2\/types\/page"}],"author":[{"embeddable":true,"href":"https:\/\/www.nbrea.ca\/fr\/wp-json\/wp\/v2\/users\/2"}],"replies":[{"embeddable":true,"href":"https:\/\/www.nbrea.ca\/fr\/wp-json\/wp\/v2\/comments?post=664"}],"version-history":[{"count":67,"href":"https:\/\/www.nbrea.ca\/fr\/wp-json\/wp\/v2\/pages\/664\/revisions"}],"predecessor-version":[{"id":7542,"href":"https:\/\/www.nbrea.ca\/fr\/wp-json\/wp\/v2\/pages\/664\/revisions\/7542"}],"wp:featuredmedia":[{"embeddable":true,"href":"https:\/\/www.nbrea.ca\/fr\/wp-json\/wp\/v2\/media\/1073"}],"wp:attachment":[{"href":"https:\/\/www.nbrea.ca\/fr\/wp-json\/wp\/v2\/media?parent=664"}],"curies":[{"name":"wp","href":"https:\/\/api.w.org\/{rel}","templated":true}]}}