{"id":665,"date":"2020-08-17T06:47:02","date_gmt":"2020-08-17T06:47:02","guid":{"rendered":"https:\/\/www.nbrea.ca\/?page_id=665"},"modified":"2026-02-05T12:28:09","modified_gmt":"2026-02-05T15:28:09","slug":"discipline-decisions","status":"publish","type":"page","link":"https:\/\/www.nbrea.ca\/fr\/discipline-decisions\/","title":{"rendered":"D\u00e9cisions en mati\u00e8re de discipline"},"content":{"rendered":"<div class=\"base-section\"><div class=\"container\">\n<figure class=\"wp-block-image aligncenter size-large is-resized\"><img decoding=\"async\" width=\"1024\" height=\"263\" src=\"https:\/\/www.nbrea.ca\/wp-content\/uploads\/2025\/02\/XS-CROP-NBREA-logosF_02-1024x263.jpg\" alt=\"\" class=\"wp-image-6775\" srcset=\"https:\/\/www.nbrea.ca\/wp-content\/uploads\/2025\/02\/XS-CROP-NBREA-logosF_02-1024x263.jpg 1024w, https:\/\/www.nbrea.ca\/wp-content\/uploads\/2025\/02\/XS-CROP-NBREA-logosF_02-300x77.jpg 300w, https:\/\/www.nbrea.ca\/wp-content\/uploads\/2025\/02\/XS-CROP-NBREA-logosF_02-768x197.jpg 768w, https:\/\/www.nbrea.ca\/wp-content\/uploads\/2025\/02\/XS-CROP-NBREA-logosF_02.jpg 1056w\" sizes=\"(max-width: 1024px) 100vw, 1024px\" \/><\/figure>\n<\/div><\/div>\n\n\n<div style=\"height:28px\" aria-hidden=\"true\" class=\"wp-block-spacer\"><\/div>\n\n\n<div class=\"base-section\"><div class=\"container\">\n<h1 class=\"wp-block-heading has-text-color\" style=\"color:#681411\">D\u00e9cisions en mati\u00e8re de discipline<\/h1>\n<\/div><\/div>\n\n<div class=\"base-section\"><div class=\"container\">\n<p>\u00c0 moins d&rsquo;une ordonnance contraire du comit\u00e9 de discipline de l&rsquo;AAINB, les d\u00e9cisions disciplinaires sont retir\u00e9es de cette page apr\u00e8s une p\u00e9riode de 5 ans. Les d\u00e9cisions disciplinaires qui datent de plus de cinq ans ou dont la dur\u00e9e de publication est expir\u00e9e peuvent \u00eatre consult\u00e9es sur CanLII en cliquant sur le lien suivant : <a href=\"https:\/\/www.canlii.org\/fr\/nb\/nbrea\/\">https:\/\/www.canlii.org\/fr\/nb\/nbrea\/<\/a><\/p>\n<\/div><\/div>\n\n\n<div style=\"height:23px\" aria-hidden=\"true\" class=\"wp-block-spacer\"><\/div>\n\n\n\n<div class=\"wp-block-group\"><div class=\"wp-block-group__inner-container is-layout-flow wp-block-group-is-layout-flow\"><div class=\"base-section\"><div class=\"container\">\n<figure class=\"wp-block-table is-style-stripes\"><table><tbody><tr><td><strong>Num\u00e9ro de dossier<\/strong>:<\/td><td class=\"has-text-align-right\" data-align=\"right\"><strong>Date de la d\u00e9cision<\/strong>:<\/td><\/tr><tr><td><a href=\"https:\/\/www.nbrea.ca\/wp-content\/uploads\/2026\/02\/57.-decision-aux-sanctions-2023-043-la-defendresse.pdf\" target=\"_blank\" rel=\"noreferrer noopener\">2023-043: D\u00e9cision disciplinaire: L&rsquo;intim\u00e9-e<\/a><\/td><td class=\"has-text-align-right\" data-align=\"right\">6 octobre 2025<\/td><\/tr><tr><td><a href=\"https:\/\/www.nbrea.ca\/wp-content\/uploads\/2026\/02\/55.-decision-merite-2023-043-la-defendresse.pdf\" target=\"_blank\" rel=\"noreferrer noopener\">2023-043: D\u00e9cision merite: L&rsquo;intim\u00e9-e<\/a><\/td><td class=\"has-text-align-right\" data-align=\"right\">8 avril 2025<\/td><\/tr><tr><td><a href=\"https:\/\/www.nbrea.ca\/wp-content\/uploads\/2025\/12\/19.-decision-disciplinaire-2024-012-H.-Sahni-siteweb.pdf\" target=\"_blank\" rel=\"noreferrer noopener\">2024-012: D\u00e9cision disciplinaire: Sahni<\/a><\/td><td class=\"has-text-align-right\" data-align=\"right\">4 decembre 2025<\/td><\/tr><tr><td><a href=\"https:\/\/www.nbrea.ca\/wp-content\/uploads\/2025\/12\/16.-decision-disciplinaire-2024-028-le-defendeur-FR.pdf\" target=\"_blank\" rel=\"noreferrer noopener\">2024-028: D\u00e9cision disciplinaire : L\u2019intim\u00e9\u00b7e<\/a><\/td><td class=\"has-text-align-right\" data-align=\"right\">20 novembre 2025<\/td><\/tr><tr><td><a href=\"https:\/\/www.nbrea.ca\/wp-content\/uploads\/2025\/10\/19.-decision-disciplinaire-2024-022-Ralph-Stephen-siteweb.pdf\" target=\"_blank\" rel=\"noreferrer noopener\">2024-022: D\u00e9cision disciplinaire: Stephen<\/a><\/td><td class=\"has-text-align-right\" data-align=\"right\">6 octobre 2025<\/td><\/tr><tr><td><a href=\"https:\/\/www.nbrea.ca\/wp-content\/uploads\/2025\/10\/57.-Discipline-Decision-2023-003-S.-Wilkins-website.pdf\" target=\"_blank\" rel=\"noreferrer noopener\">2023-003: D\u00e9cision disciplinaire: Wilkins<\/a><\/td><td class=\"has-text-align-right\" data-align=\"right\">3 juillet 2025<\/td><\/tr><tr><td><a href=\"https:\/\/www.nbrea.ca\/wp-content\/uploads\/2025\/09\/29.-Decision-Disciplinaire-2024-002-B.-Hardy-siteweb.pdf\" target=\"_blank\" rel=\"noreferrer noopener\">2024-002: D\u00e9cision disciplinaire: Hardy<\/a><\/td><td class=\"has-text-align-right\" data-align=\"right\">16 juillet 2025<\/td><\/tr><tr><td><a href=\"https:\/\/www.nbrea.ca\/wp-content\/uploads\/2025\/08\/35.-decision-disciplinaire-2023-030-E-Fearon-sitewebb.pdf\" target=\"_blank\" rel=\"noreferrer noopener\">2023-030: D\u00e9cision disciplinaire: Fearon<\/a><\/td><td class=\"has-text-align-right\" data-align=\"right\">25 avril 2025<\/td><\/tr><tr><td><a href=\"https:\/\/www.nbrea.ca\/wp-content\/uploads\/2025\/08\/28.-decision-disciplinaire-2023-011-J.-Nadeau-siteweb.pdf\" target=\"_blank\" rel=\"noreferrer noopener\">2023-011: D\u00e9cision disciplinaire: Nadeau<\/a><\/td><td class=\"has-text-align-right\" data-align=\"right\">5 mai 2025<\/td><\/tr><tr><td><a href=\"https:\/\/www.nbrea.ca\/wp-content\/uploads\/2025\/05\/41.-Decision-Disciplinaire-2022-083-siteweb.pdf\" target=\"_blank\" rel=\"noreferrer noopener\">2022-083: D\u00e9cision disciplinaire: Caron<\/a><\/td><td class=\"has-text-align-right\" data-align=\"right\">3 f\u00e9vrier 2025<\/td><\/tr><tr><td><a href=\"https:\/\/www.nbrea.ca\/wp-content\/uploads\/2025\/03\/39.-decision-disciplinaire-2023-058-siteweb.pdf\" target=\"_blank\" rel=\"noreferrer noopener\">2023-058: D\u00e9cision disciplinaire: Hach\u00e9<\/a><\/td><td class=\"has-text-align-right\" data-align=\"right\">7 mars 2025<\/td><\/tr><tr><td><a href=\"https:\/\/www.nbrea.ca\/wp-content\/uploads\/2025\/03\/29.-decision-disciplinaire-2023-055-Lintimee-siteweb.pdf\" target=\"_blank\" rel=\"noreferrer noopener\">2023-055: D\u00e9cision disciplinaire: L&rsquo;intim\u00e9-e<\/a><\/td><td class=\"has-text-align-right\" data-align=\"right\">12 f\u00e9vrier 2025<\/td><\/tr><tr><td><a href=\"https:\/\/www.nbrea.ca\/wp-content\/uploads\/2025\/02\/16.-decision-disciplinaire-2024-023-P-Burns-siteweb.pdf\" target=\"_blank\" rel=\"noreferrer noopener\">2024-023: D\u00e9cision disciplinaire: Burns<\/a><\/td><td class=\"has-text-align-right\" data-align=\"right\">3 f\u00e9vrier 2025<\/td><\/tr><tr><td><a href=\"https:\/\/www.nbrea.ca\/wp-content\/uploads\/2025\/02\/43.-decision-de-discipline-2023-034-FR-siteweb.pdf\" target=\"_blank\" rel=\"noreferrer noopener\">2023-034: D\u00e9cision disciplinaire: Blanchette<\/a><\/td><td class=\"has-text-align-right\" data-align=\"right\">28 janvier 2025<\/td><\/tr><tr><td><a href=\"https:\/\/www.nbrea.ca\/wp-content\/uploads\/2025\/01\/32.-decision-disciplinaire-Elizabeth-Fearon-FRE-WEB.pdf\" target=\"_blank\" rel=\"noreferrer noopener\">2023-040: D\u00e9cision disciplinaire: Fearon<\/a><\/td><td class=\"has-text-align-right\" data-align=\"right\">11 d\u00e9cembre 2024<\/td><\/tr><tr><td><a href=\"https:\/\/www.nbrea.ca\/wp-content\/uploads\/2024\/10\/37.-decision-disciplinaire-2023-048-Jeremie-Richard-siteweb.pdf\" target=\"_blank\" rel=\"noreferrer noopener\">2023-048: D\u00e9cision disciplinaire: Richard<\/a><\/td><td class=\"has-text-align-right\" data-align=\"right\">17 octobre 2024<\/td><\/tr><tr><td><a href=\"https:\/\/www.nbrea.ca\/wp-content\/uploads\/2024\/10\/35.-decision-disciplinaire-2023-016-A-Dadson-siteweb.pdf\" target=\"_blank\" rel=\"noreferrer noopener\">2023-016: D\u00e9cision disciplinaire: Dadson<\/a><\/td><td class=\"has-text-align-right\" data-align=\"right\">1 octobre 2024<\/td><\/tr><tr><td><a href=\"https:\/\/www.nbrea.ca\/wp-content\/uploads\/2024\/09\/33.-decision-de-discipline-2023-001-S-Tucker-siteweb-FR.pdf\" target=\"_blank\" rel=\"noreferrer noopener\">2023-001: D\u00e9cision disciplinaire: Tucker<\/a><\/td><td class=\"has-text-align-right\" data-align=\"right\">27 ao\u00fbt 2024<\/td><\/tr><tr><td><a href=\"https:\/\/www.nbrea.ca\/wp-content\/uploads\/2024\/07\/33.-decision-2022-042-Phyllis-Daigle-FRE-site-web.pdf\" target=\"_blank\" rel=\"noreferrer noopener\">2022-042: D\u00e9cision disciplinaire: Daigle<\/a><\/td><td class=\"has-text-align-right\" data-align=\"right\">18 juin 2024<\/td><\/tr><tr><td><a href=\"https:\/\/www.nbrea.ca\/wp-content\/uploads\/2024\/01\/24.-Discipline-Decision-2021-089-Brian-Belyea-website-FR.pdf\" target=\"_blank\" rel=\"noreferrer noopener\">2021-089: D\u00e9cision disciplinaire: Belyea<\/a><\/td><td class=\"has-text-align-right\" data-align=\"right\">12 d\u00e9cembre 2023<\/td><\/tr><tr><td><a href=\"https:\/\/www.nbrea.ca\/wp-content\/uploads\/2023\/10\/24.-Discipline-Decision-Tina-Lynch_FRE-Website.pdf\">2022-015: D\u00e9cision <\/a><a href=\"https:\/\/www.nbrea.ca\/wp-content\/uploads\/2023\/10\/24.-Discipline-Decision-Tina-Lynch_FRE-Website46.pdf\">disciplinaire<\/a><a href=\"https:\/\/www.nbrea.ca\/wp-content\/uploads\/2023\/10\/24.-Discipline-Decision-Tina-Lynch_FRE-Website.pdf\" target=\"_blank\" rel=\"noreferrer noopener\">: Lynch<\/a><\/td><td class=\"has-text-align-right\" data-align=\"right\">4 octobre 2023<\/td><\/tr><tr><td><a href=\"https:\/\/www.nbrea.ca\/wp-content\/uploads\/2023\/07\/28.-Discipline-Decision-Alexandra-Daigle-Website_FRE.pdf\" target=\"_blank\" rel=\"noreferrer noopener\">2022-024 D\u00e9cision disciplinaire: Daigle<\/a><\/td><td class=\"has-text-align-right\" data-align=\"right\">6 juillet 2023<\/td><\/tr><tr><td><a href=\"https:\/\/www.nbrea.ca\/wp-content\/uploads\/2023\/07\/23.-Discipline-Decision-Sandra-Trafton-Website_FRE.pdf\" target=\"_blank\" rel=\"noreferrer noopener\">2022-010 D\u00e9cision disciplinaire: Trafton<\/a><\/td><td class=\"has-text-align-right\" data-align=\"right\">6 juillet 2023<\/td><\/tr><tr><td><a href=\"https:\/\/www.nbrea.ca\/wp-content\/uploads\/2023\/07\/38.-Discipline-Decision-Haiming-Niu-website_FRE.pdf\">2022-001 <\/a><a href=\"https:\/\/www.nbrea.ca\/wp-content\/uploads\/2023\/07\/32.-Discipline-Decision-Fran-McLean-webste_FRE.pdf\" target=\"_blank\" rel=\"noreferrer noopener\">D\u00e9cision disciplinaire: McLean<\/a><\/td><td class=\"has-text-align-right\" data-align=\"right\">6 juillet 2023<\/td><\/tr><tr><td><a href=\"https:\/\/www.nbrea.ca\/wp-content\/uploads\/2023\/07\/38.-Discipline-Decision-Haiming-Niu-website_FRE.pdf\" target=\"_blank\" rel=\"noreferrer noopener\">2021-068 D\u00e9cision disciplinaire: Niu<\/a><\/td><td class=\"has-text-align-right\" data-align=\"right\">6 juillet 2023<\/td><\/tr><tr><td><a href=\"https:\/\/www.nbrea.ca\/wp-content\/uploads\/2023\/03\/38.-Website-Discipline-Decision-Johnathan-Drisdelle_FRE49.pdf\" target=\"_blank\" rel=\"noreferrer noopener\">2019-018 D\u00e9cision disciplinaire: Drisdelle<\/a><\/td><td class=\"has-text-align-right\" data-align=\"right\">22 mars 2023<\/td><\/tr><tr><td><a href=\"https:\/\/www.nbrea.ca\/wp-content\/uploads\/2023\/03\/37.-Draft-Discipline-Decision-Trent-Wilkins_FRE.pdf\" target=\"_blank\" rel=\"noreferrer noopener\">2021-042 D\u00e9cision disciplinaire: Wilkins<\/a><\/td><td class=\"has-text-align-right\" data-align=\"right\">7 mars 2023<\/td><\/tr><tr><td><a href=\"https:\/\/www.nbrea.ca\/wp-content\/uploads\/2023\/01\/26.-Discipline-Decision-Jonathon-Rasenberg_FRE-Website.pdf\" target=\"_blank\" rel=\"noreferrer noopener\">2021-060 D\u00e9cision disciplinaire: Rasenberg<\/a><\/td><td class=\"has-text-align-right\" data-align=\"right\">9 d\u00e9cembre 2022<\/td><\/tr><tr><td><a href=\"https:\/\/www.nbrea.ca\/wp-content\/uploads\/2022\/10\/31.-Discipline-Decision-Brad-Thomas_FRE-Website.pdf\" target=\"_blank\" rel=\"noreferrer noopener\">2021-075 D\u00e9cision disciplinaire: Thomas<\/a><\/td><td class=\"has-text-align-right\" data-align=\"right\">17 octobre 2022<\/td><\/tr><tr><td><a href=\"https:\/\/www.nbrea.ca\/wp-content\/uploads\/2022\/09\/23.-2021-070-071-Decision-Signed_FRE_Optimizer.pdf\" target=\"_blank\" rel=\"noreferrer noopener\">2021-070\/071 D\u00e9cision disciplinaire: Arbeau\/Poitras<\/a><\/td><td class=\"has-text-align-right\" data-align=\"right\">15 septembre 2022<\/td><\/tr><tr><td><a href=\"https:\/\/www.nbrea.ca\/wp-content\/uploads\/2022\/09\/32.-2021-085-Decision-Signed-FRE14.pdf\" target=\"_blank\" rel=\"noreferrer noopener\">2021-085 D\u00e9cision disciplinaire: Trask<\/a><\/td><td class=\"has-text-align-right\" data-align=\"right\">15 septembre 2022<\/td><\/tr><tr><td><a href=\"https:\/\/www.nbrea.ca\/wp-content\/uploads\/2022\/08\/41.-2019-011-Decision-Signed-FRE_Redacted.pdf\" target=\"_blank\" rel=\"noreferrer noopener\">2019-011 D\u00e9cision disciplinaire: Goguen-Doiron<\/a><\/td><td class=\"has-text-align-right\" data-align=\"right\">17 ao\u00fbt 2022<\/td><\/tr><tr><td><a href=\"https:\/\/www.nbrea.ca\/wp-content\/uploads\/2024\/02\/18.-Discipline-Committee-Decision-Fr_Redacted.pdf\" target=\"_blank\" rel=\"noreferrer noopener\">2020-004B D\u00e9cision disciplinaire: Young<\/a><\/td><td class=\"has-text-align-right\" data-align=\"right\">24 f\u00e9vrier 2022<\/td><\/tr><tr><td><a href=\"https:\/\/www.nbrea.ca\/wp-content\/uploads\/2024\/02\/37b.-French-2020-004A-Website-French_Redacted.pdf\" target=\"_blank\" rel=\"noreferrer noopener\">2020-004A D\u00e9cision disciplinaire: Somerville<\/a><\/td><td class=\"has-text-align-right\" data-align=\"right\">19 octobre 2021<\/td><\/tr><tr><td><a href=\"https:\/\/www.nbrea.ca\/wp-content\/uploads\/2024\/02\/2020-014-Ngoc-Nu-FRENCH.pdf\" target=\"_blank\" rel=\"noreferrer noopener\">2020-014 D\u00e9cision disciplinaire: Ngoc-Nu<\/a><\/td><td class=\"has-text-align-right\" data-align=\"right\">26 mars 2021<\/td><\/tr><tr><td><a href=\"https:\/\/www.nbrea.ca\/wp-content\/uploads\/2024\/02\/40.2019-004-Signed-DCD-FRE-Website.pdf\" target=\"_blank\" rel=\"noreferrer noopener\">2019-004 D\u00e9cision disciplinaire: Basque<\/a><\/td><td class=\"has-text-align-right\" data-align=\"right\">26 mars 2021<\/td><\/tr><tr><td><a href=\"https:\/\/www.nbrea.ca\/wp-content\/uploads\/2024\/02\/38.-2018-010-Yao-Decision-Website-FRE.pdf\" target=\"_blank\" rel=\"noreferrer noopener\">2018-010 D\u00e9cision disciplinaire: Yao<\/a><\/td><td class=\"has-text-align-right\" data-align=\"right\">4 mars 2021<\/td><\/tr><\/tbody><\/table><\/figure>\n<\/div><\/div><\/div><\/div>\n\n\n<div class=\"base-section\"><div class=\"container\">\n<p><\/p>\n<\/div><\/div>","protected":false},"excerpt":{"rendered":"<p>D\u00e9cisions en mati\u00e8re de discipline \u00c0 moins d&rsquo;une ordonnance contraire du comit\u00e9 de discipline de l&rsquo;AAINB, les d\u00e9cisions disciplinaires sont retir\u00e9es de cette page apr\u00e8s une p\u00e9riode de 5 ans. Les d\u00e9cisions disciplinaires qui datent de plus de cinq ans ou dont la dur\u00e9e de publication est expir\u00e9e peuvent \u00eatre consult\u00e9es sur CanLII en cliquant [&hellip;]<\/p>\n","protected":false},"author":2,"featured_media":1073,"parent":0,"menu_order":0,"comment_status":"closed","ping_status":"closed","template":"","meta":{"_acf_changed":false,"inline_featured_image":false,"footnotes":""},"class_list":["post-665","page","type-page","status-publish","has-post-thumbnail","hentry"],"acf":[],"yoast_head":"<!-- This site is optimized with the Yoast SEO plugin v24.3 - https:\/\/yoast.com\/wordpress\/plugins\/seo\/ -->\n<title>D\u00e9cisions en mati\u00e8re de discipline | AAINB | L\u2019Association des agents immobiliers du Nouveau-Brunswick<\/title>\n<meta name=\"description\" content=\"Les d\u00e9cisions du comit\u00e9 disciplinaire et les d\u00e9cisions relatives aux audiences sur les sanctions sont affich\u00e9es sur le site Web de l\u2019AAINB et sont mises \u00e0 jour apr\u00e8s qu&#039;une d\u00e9cision ait \u00e9t\u00e9 prise.\" \/>\n<meta name=\"robots\" content=\"index, follow, max-snippet:-1, max-image-preview:large, max-video-preview:-1\" \/>\n<link rel=\"canonical\" href=\"https:\/\/www.nbrea.ca\/fr\/discipline-decisions\/\" \/>\n<meta property=\"og:locale\" content=\"fr_FR\" \/>\n<meta property=\"og:type\" content=\"article\" \/>\n<meta property=\"og:title\" content=\"D\u00e9cisions en mati\u00e8re de discipline | AAINB | L\u2019Association des agents immobiliers du Nouveau-Brunswick\" \/>\n<meta property=\"og:description\" content=\"Les d\u00e9cisions du comit\u00e9 disciplinaire et les d\u00e9cisions relatives aux audiences sur les sanctions sont affich\u00e9es sur le site Web de l\u2019AAINB et sont mises \u00e0 jour apr\u00e8s qu&#039;une d\u00e9cision ait \u00e9t\u00e9 prise.\" \/>\n<meta property=\"og:url\" content=\"https:\/\/www.nbrea.ca\/fr\/discipline-decisions\/\" \/>\n<meta property=\"og:site_name\" content=\"AAINB | L\u2019Association des agents immobiliers du Nouveau-Brunswick\" \/>\n<meta property=\"article:publisher\" content=\"https:\/\/www.facebook.com\/NBREALTORS\" \/>\n<meta property=\"article:modified_time\" content=\"2026-02-05T15:28:09+00:00\" \/>\n<meta property=\"og:image\" content=\"https:\/\/www.nbrea.ca\/wp-content\/uploads\/2020\/09\/scott-graham-OQMZwNd3ThU-unsplash-1024x683.jpg\" \/>\n\t<meta property=\"og:image:width\" content=\"1024\" \/>\n\t<meta property=\"og:image:height\" content=\"683\" \/>\n\t<meta property=\"og:image:type\" content=\"image\/jpeg\" \/>\n<meta name=\"twitter:card\" content=\"summary_large_image\" \/>\n<meta name=\"twitter:site\" content=\"@NBREALTORS\" \/>\n<meta name=\"twitter:label1\" content=\"Dur\u00e9e de lecture estim\u00e9e\" \/>\n\t<meta name=\"twitter:data1\" content=\"2 minutes\" \/>\n<script type=\"application\/ld+json\" class=\"yoast-schema-graph\">{\"@context\":\"https:\/\/schema.org\",\"@graph\":[{\"@type\":\"WebPage\",\"@id\":\"https:\/\/www.nbrea.ca\/fr\/discipline-decisions\/\",\"url\":\"https:\/\/www.nbrea.ca\/fr\/discipline-decisions\/\",\"name\":\"D\u00e9cisions en mati\u00e8re de discipline | AAINB | L\u2019Association des agents immobiliers du Nouveau-Brunswick\",\"isPartOf\":{\"@id\":\"https:\/\/www.nbrea.ca\/fr\/#website\"},\"primaryImageOfPage\":{\"@id\":\"https:\/\/www.nbrea.ca\/fr\/discipline-decisions\/#primaryimage\"},\"image\":{\"@id\":\"https:\/\/www.nbrea.ca\/fr\/discipline-decisions\/#primaryimage\"},\"thumbnailUrl\":\"https:\/\/www.nbrea.ca\/wp-content\/uploads\/2020\/09\/scott-graham-OQMZwNd3ThU-unsplash.jpg\",\"datePublished\":\"2020-08-17T06:47:02+00:00\",\"dateModified\":\"2026-02-05T15:28:09+00:00\",\"description\":\"Les d\u00e9cisions du comit\u00e9 disciplinaire et les d\u00e9cisions relatives aux audiences sur les sanctions sont affich\u00e9es sur le site Web de l\u2019AAINB et sont mises \u00e0 jour apr\u00e8s qu'une d\u00e9cision ait \u00e9t\u00e9 prise.\",\"breadcrumb\":{\"@id\":\"https:\/\/www.nbrea.ca\/fr\/discipline-decisions\/#breadcrumb\"},\"inLanguage\":\"fr-FR\",\"potentialAction\":[{\"@type\":\"ReadAction\",\"target\":[\"https:\/\/www.nbrea.ca\/fr\/discipline-decisions\/\"]}]},{\"@type\":\"ImageObject\",\"inLanguage\":\"fr-FR\",\"@id\":\"https:\/\/www.nbrea.ca\/fr\/discipline-decisions\/#primaryimage\",\"url\":\"https:\/\/www.nbrea.ca\/wp-content\/uploads\/2020\/09\/scott-graham-OQMZwNd3ThU-unsplash.jpg\",\"contentUrl\":\"https:\/\/www.nbrea.ca\/wp-content\/uploads\/2020\/09\/scott-graham-OQMZwNd3ThU-unsplash.jpg\",\"width\":2048,\"height\":1367},{\"@type\":\"BreadcrumbList\",\"@id\":\"https:\/\/www.nbrea.ca\/fr\/discipline-decisions\/#breadcrumb\",\"itemListElement\":[{\"@type\":\"ListItem\",\"position\":1,\"name\":\"Home\",\"item\":\"https:\/\/www.nbrea.ca\/fr\/\"},{\"@type\":\"ListItem\",\"position\":2,\"name\":\"D\u00e9cisions en mati\u00e8re de discipline\"}]},{\"@type\":\"WebSite\",\"@id\":\"https:\/\/www.nbrea.ca\/fr\/#website\",\"url\":\"https:\/\/www.nbrea.ca\/fr\/\",\"name\":\"AAINB | L\u2019Association des agents immobiliers du Nouveau-Brunswick\",\"description\":\"\",\"publisher\":{\"@id\":\"https:\/\/www.nbrea.ca\/fr\/#organization\"},\"potentialAction\":[{\"@type\":\"SearchAction\",\"target\":{\"@type\":\"EntryPoint\",\"urlTemplate\":\"https:\/\/www.nbrea.ca\/fr\/?s={search_term_string}\"},\"query-input\":{\"@type\":\"PropertyValueSpecification\",\"valueRequired\":true,\"valueName\":\"search_term_string\"}}],\"inLanguage\":\"fr-FR\"},{\"@type\":\"Organization\",\"@id\":\"https:\/\/www.nbrea.ca\/fr\/#organization\",\"name\":\"NBREA - New Brunswick Real Estate Association\",\"url\":\"https:\/\/www.nbrea.ca\/fr\/\",\"logo\":{\"@type\":\"ImageObject\",\"inLanguage\":\"fr-FR\",\"@id\":\"https:\/\/www.nbrea.ca\/fr\/#\/schema\/logo\/image\/\",\"url\":\"https:\/\/www.nbrea.ca\/wp-content\/uploads\/2020\/10\/NBREA_logo_version1.png\",\"contentUrl\":\"https:\/\/www.nbrea.ca\/wp-content\/uploads\/2020\/10\/NBREA_logo_version1.png\",\"width\":2040,\"height\":657,\"caption\":\"NBREA - New Brunswick Real Estate Association\"},\"image\":{\"@id\":\"https:\/\/www.nbrea.ca\/fr\/#\/schema\/logo\/image\/\"},\"sameAs\":[\"https:\/\/www.facebook.com\/NBREALTORS\",\"https:\/\/x.com\/NBREALTORS\",\"https:\/\/www.instagram.com\/nbrea1\/\",\"https:\/\/www.youtube.com\/channel\/UCcYr6HJ8LADBhtE_O6pxEZQ\/\"]}]}<\/script>\n<!-- \/ Yoast SEO plugin. -->","yoast_head_json":{"title":"D\u00e9cisions en mati\u00e8re de discipline | AAINB | L\u2019Association des agents immobiliers du Nouveau-Brunswick","description":"Les d\u00e9cisions du comit\u00e9 disciplinaire et les d\u00e9cisions relatives aux audiences sur les sanctions sont affich\u00e9es sur le site Web de l\u2019AAINB et sont mises \u00e0 jour apr\u00e8s qu'une d\u00e9cision ait \u00e9t\u00e9 prise.","robots":{"index":"index","follow":"follow","max-snippet":"max-snippet:-1","max-image-preview":"max-image-preview:large","max-video-preview":"max-video-preview:-1"},"canonical":"https:\/\/www.nbrea.ca\/fr\/discipline-decisions\/","og_locale":"fr_FR","og_type":"article","og_title":"D\u00e9cisions en mati\u00e8re de discipline | AAINB | L\u2019Association des agents immobiliers du Nouveau-Brunswick","og_description":"Les d\u00e9cisions du comit\u00e9 disciplinaire et les d\u00e9cisions relatives aux audiences sur les sanctions sont affich\u00e9es sur le site Web de l\u2019AAINB et sont mises \u00e0 jour apr\u00e8s qu'une d\u00e9cision ait \u00e9t\u00e9 prise.","og_url":"https:\/\/www.nbrea.ca\/fr\/discipline-decisions\/","og_site_name":"AAINB | L\u2019Association des agents immobiliers du Nouveau-Brunswick","article_publisher":"https:\/\/www.facebook.com\/NBREALTORS","article_modified_time":"2026-02-05T15:28:09+00:00","og_image":[{"width":1024,"height":683,"url":"https:\/\/www.nbrea.ca\/wp-content\/uploads\/2020\/09\/scott-graham-OQMZwNd3ThU-unsplash-1024x683.jpg","type":"image\/jpeg"}],"twitter_card":"summary_large_image","twitter_site":"@NBREALTORS","twitter_misc":{"Dur\u00e9e de lecture estim\u00e9e":"2 minutes"},"schema":{"@context":"https:\/\/schema.org","@graph":[{"@type":"WebPage","@id":"https:\/\/www.nbrea.ca\/fr\/discipline-decisions\/","url":"https:\/\/www.nbrea.ca\/fr\/discipline-decisions\/","name":"D\u00e9cisions en mati\u00e8re de discipline | AAINB | L\u2019Association des agents immobiliers du Nouveau-Brunswick","isPartOf":{"@id":"https:\/\/www.nbrea.ca\/fr\/#website"},"primaryImageOfPage":{"@id":"https:\/\/www.nbrea.ca\/fr\/discipline-decisions\/#primaryimage"},"image":{"@id":"https:\/\/www.nbrea.ca\/fr\/discipline-decisions\/#primaryimage"},"thumbnailUrl":"https:\/\/www.nbrea.ca\/wp-content\/uploads\/2020\/09\/scott-graham-OQMZwNd3ThU-unsplash.jpg","datePublished":"2020-08-17T06:47:02+00:00","dateModified":"2026-02-05T15:28:09+00:00","description":"Les d\u00e9cisions du comit\u00e9 disciplinaire et les d\u00e9cisions relatives aux audiences sur les sanctions sont affich\u00e9es sur le site Web de l\u2019AAINB et sont mises \u00e0 jour apr\u00e8s qu'une d\u00e9cision ait \u00e9t\u00e9 prise.","breadcrumb":{"@id":"https:\/\/www.nbrea.ca\/fr\/discipline-decisions\/#breadcrumb"},"inLanguage":"fr-FR","potentialAction":[{"@type":"ReadAction","target":["https:\/\/www.nbrea.ca\/fr\/discipline-decisions\/"]}]},{"@type":"ImageObject","inLanguage":"fr-FR","@id":"https:\/\/www.nbrea.ca\/fr\/discipline-decisions\/#primaryimage","url":"https:\/\/www.nbrea.ca\/wp-content\/uploads\/2020\/09\/scott-graham-OQMZwNd3ThU-unsplash.jpg","contentUrl":"https:\/\/www.nbrea.ca\/wp-content\/uploads\/2020\/09\/scott-graham-OQMZwNd3ThU-unsplash.jpg","width":2048,"height":1367},{"@type":"BreadcrumbList","@id":"https:\/\/www.nbrea.ca\/fr\/discipline-decisions\/#breadcrumb","itemListElement":[{"@type":"ListItem","position":1,"name":"Home","item":"https:\/\/www.nbrea.ca\/fr\/"},{"@type":"ListItem","position":2,"name":"D\u00e9cisions en mati\u00e8re de discipline"}]},{"@type":"WebSite","@id":"https:\/\/www.nbrea.ca\/fr\/#website","url":"https:\/\/www.nbrea.ca\/fr\/","name":"AAINB | L\u2019Association des agents immobiliers du Nouveau-Brunswick","description":"","publisher":{"@id":"https:\/\/www.nbrea.ca\/fr\/#organization"},"potentialAction":[{"@type":"SearchAction","target":{"@type":"EntryPoint","urlTemplate":"https:\/\/www.nbrea.ca\/fr\/?s={search_term_string}"},"query-input":{"@type":"PropertyValueSpecification","valueRequired":true,"valueName":"search_term_string"}}],"inLanguage":"fr-FR"},{"@type":"Organization","@id":"https:\/\/www.nbrea.ca\/fr\/#organization","name":"NBREA - New Brunswick Real Estate Association","url":"https:\/\/www.nbrea.ca\/fr\/","logo":{"@type":"ImageObject","inLanguage":"fr-FR","@id":"https:\/\/www.nbrea.ca\/fr\/#\/schema\/logo\/image\/","url":"https:\/\/www.nbrea.ca\/wp-content\/uploads\/2020\/10\/NBREA_logo_version1.png","contentUrl":"https:\/\/www.nbrea.ca\/wp-content\/uploads\/2020\/10\/NBREA_logo_version1.png","width":2040,"height":657,"caption":"NBREA - New Brunswick Real Estate Association"},"image":{"@id":"https:\/\/www.nbrea.ca\/fr\/#\/schema\/logo\/image\/"},"sameAs":["https:\/\/www.facebook.com\/NBREALTORS","https:\/\/x.com\/NBREALTORS","https:\/\/www.instagram.com\/nbrea1\/","https:\/\/www.youtube.com\/channel\/UCcYr6HJ8LADBhtE_O6pxEZQ\/"]}]}},"_links":{"self":[{"href":"https:\/\/www.nbrea.ca\/fr\/wp-json\/wp\/v2\/pages\/665","targetHints":{"allow":["GET"]}}],"collection":[{"href":"https:\/\/www.nbrea.ca\/fr\/wp-json\/wp\/v2\/pages"}],"about":[{"href":"https:\/\/www.nbrea.ca\/fr\/wp-json\/wp\/v2\/types\/page"}],"author":[{"embeddable":true,"href":"https:\/\/www.nbrea.ca\/fr\/wp-json\/wp\/v2\/users\/2"}],"replies":[{"embeddable":true,"href":"https:\/\/www.nbrea.ca\/fr\/wp-json\/wp\/v2\/comments?post=665"}],"version-history":[{"count":82,"href":"https:\/\/www.nbrea.ca\/fr\/wp-json\/wp\/v2\/pages\/665\/revisions"}],"predecessor-version":[{"id":7527,"href":"https:\/\/www.nbrea.ca\/fr\/wp-json\/wp\/v2\/pages\/665\/revisions\/7527"}],"wp:featuredmedia":[{"embeddable":true,"href":"https:\/\/www.nbrea.ca\/fr\/wp-json\/wp\/v2\/media\/1073"}],"wp:attachment":[{"href":"https:\/\/www.nbrea.ca\/fr\/wp-json\/wp\/v2\/media?parent=665"}],"curies":[{"name":"wp","href":"https:\/\/api.w.org\/{rel}","templated":true}]}}