{"id":687,"date":"2020-09-16T14:16:31","date_gmt":"2020-09-16T14:16:31","guid":{"rendered":"https:\/\/www.nbrea.ca\/?page_id=687"},"modified":"2026-02-20T12:59:01","modified_gmt":"2026-02-20T15:59:01","slug":"contact-us-fr","status":"publish","type":"page","link":"https:\/\/www.nbrea.ca\/fr\/about-nbrea-fr\/contact-us-fr\/","title":{"rendered":"Contactez-Nous"},"content":{"rendered":"<div class=\"base-section\"><div class=\"container\">\n<h1 class=\"wp-block-heading\">Contactez-Nous<\/h1>\n<\/div><\/div>\n\n\n<div style=\"height:20px\" aria-hidden=\"true\" class=\"wp-block-spacer\"><\/div>\n\n\n<div class=\"base-section\"><div class=\"container\">\n<p><strong>Association des agents immobiliers du New Brunswick<\/strong><br>22 rue Durelle, unit\u00e9 #1<br>Fredericton, N-B E3C 0G2<br>T: 506-459-8055 \/ 1-800-762-1677<\/p>\n<\/div><\/div>\n\n<div class=\"base-section\"><div class=\"container\">\n<p><strong>Si nous pouvons vous \u00eatre utiles davantage, veuillez communiquer avec nous \u00e0 l\u2019adresse suivante :\u00a0<\/strong><a href=\"mailto:info@nbrea.ca\">info@nbrea.ca<\/a> <strong>ou cliquer sur l\u2019un des noms du personnel ci-dessous pour leur envoyer un courriel directement.<\/strong><\/p>\n<\/div><\/div>\n\n<div class=\"base-section\"><div class=\"container\">\n<h4 class=\"wp-block-heading\">Heures d\u2019overtures<\/h4>\n<\/div><\/div>\n\n\n<div style=\"height:20px\" aria-hidden=\"true\" class=\"wp-block-spacer\"><\/div>\n\n\n<div class=\"base-section\"><div class=\"container\">\n<p>Lundi \u00e0 vendredi, 8h30 \u00e0 16h45<\/p>\n<\/div><\/div>\n\n\n<div style=\"height:37px\" aria-hidden=\"true\" class=\"wp-block-spacer\"><\/div>\n\n\n<div class=\"base-section\"><div class=\"container\">\n<h1 class=\"wp-block-heading\">Liste des employ\u00e9s de l\u2019AAINB<\/h1>\n<\/div><\/div>\n\n\n<div style=\"height:22px\" aria-hidden=\"true\" class=\"wp-block-spacer\"><\/div>\n\n\n<div class=\"base-section\"><div class=\"container\">\n<h6 class=\"wp-block-heading\"><a href=\"mailto:jryan@nbrea.ca\" target=\"_blank\" rel=\"noreferrer noopener\">Jamie Ryan<\/a>, Pr\u00e9sident directeur g\u00e9n\u00e9ral (PDG)<\/h6>\n<\/div><\/div>\n\n<div class=\"base-section\"><div class=\"container\">\n<ul class=\"wp-block-list\">\n<li>Demandes du conseil d&rsquo;administration<\/li>\n\n\n\n<li>Op\u00e9rations g\u00e9n\u00e9rales de l&rsquo;association<\/li>\n<\/ul>\n<\/div><\/div>\n\n<div class=\"base-section\"><div class=\"container\">\n<h6 class=\"wp-block-heading\"><a rel=\"noreferrer noopener\" href=\"mailto:info@nbrea.ca\" target=\"_blank\">H\u00e9l\u00e8ne Leclerc<\/a>, Agente principal des services administratifs<\/h6>\n<\/div><\/div>\n\n<div class=\"base-section\"><div class=\"container\">\n<ul class=\"wp-block-list\">\n<li>Demandes g\u00e9n\u00e9rales (bilingue)<\/li>\n\n\n\n<li>Administratrice ex\u00e9cutive\/Soutien du personnel \/ Soutien du conseil d\u2019administration<\/li>\n\n\n\n<li>Demandes d&rsquo;adh\u00e9sion (transferts, nouveaux membres, r\u00e9int\u00e9grations, annulations)<\/li>\n<\/ul>\n<\/div><\/div>\n\n<div class=\"base-section\"><div class=\"container\">\n<h6 class=\"wp-block-heading\"><a href=\"mailto:jgirard@nbrea.ca\">Jane Girard<\/a>, Directrice des finances et des inscpections<\/h6>\n<\/div><\/div>\n\n<div class=\"base-section\"><div class=\"container\">\n<ul class=\"wp-block-list\">\n<li>Toutes les demandes financi\u00e8res<\/li>\n\n\n\n<li>Inspections \/ demandes de renseignements sur les comptes en fiducie<\/li>\n\n\n\n<li>Assurance erreurs et omissions<\/li>\n\n\n\n<li>Demandes d&rsquo;assurance obligatoires des membres (erreurs et omissions et responsabilit\u00e9 g\u00e9n\u00e9rale)<\/li>\n<\/ul>\n<\/div><\/div>\n\n<div class=\"base-section\"><div class=\"container\">\n<h6 class=\"wp-block-heading\"><a href=\"mailto:communications@nbrea.ca\">Leslie Knox<\/a>, Analyste des inspections<\/h6>\n<\/div><\/div>\n\n<div class=\"base-section\"><div class=\"container\">\n<ul class=\"wp-block-list\">\n<li>Inspections \/ demandes de renseignements sur les comptes en fiducie<\/li>\n<\/ul>\n<\/div><\/div>\n\n<div class=\"base-section\"><div class=\"container\">\n<h6 class=\"wp-block-heading\"><a href=\"mailto:accounting@nbrea.ca\">Bukola Talabi<\/a>, Associ\u00e9e \u00e0 la comptabilit\u00e9 <\/h6>\n<\/div><\/div>\n\n<div class=\"base-section\"><div class=\"container\">\n<ul id=\"block-0c7c8fc1-e210-446c-8937-f0a57d11ffa3\" class=\"wp-block-list\">\n<li>Soutien comptable et administratif aux finances et aux inspections<\/li>\n<\/ul>\n<\/div><\/div>\n\n<div class=\"base-section\"><div class=\"container\">\n<h6 class=\"wp-block-heading\"><a href=\"mailto:education@nbrea.ca\">Dwayne Hayes<\/a>, Directeur de l&rsquo;\u00e9ducation et des syst\u00e8mes d&rsquo;information<\/h6>\n<\/div><\/div>\n\n<div class=\"base-section\"><div class=\"container\">\n<ul class=\"wp-block-list\">\n<li>Formation sur les licences pour les vendeurs et les gestionnaires, y compris les examens<\/li>\n\n\n\n<li>D\u00e9veloppement professionnel continu obligatoire pour tous les membres<\/li>\n\n\n\n<li>Enqu\u00eates du Comit\u00e9 des examinateurs<\/li>\n\n\n\n<li>Demandes de renseignements sur les formulaires standardis\u00e9s<\/li>\n<\/ul>\n<\/div><\/div>\n\n<div class=\"base-section\"><div class=\"container\">\n<h6 class=\"wp-block-heading\"><a href=\"mailto:communications@nbrea.ca\">Angela Boudreau<\/a>, Directrice des communications<\/h6>\n<\/div><\/div>\n\n<div class=\"base-section\"><div class=\"container\">\n<ul class=\"wp-block-list\">\n<li>Demande de m\u00e9dias et communiqu\u00e9s de media<\/li>\n\n\n\n<li>Relations gouvernementales et publiques<\/li>\n\n\n\n<li>Gestions du site internet et des m\u00e9dia sociaux<\/li>\n\n\n\n<li>Gestions d&rsquo;\u00e9v\u00e9nements<\/li>\n<\/ul>\n<\/div><\/div>\n\n<div class=\"base-section\"><div class=\"container\">\n<h6 class=\"wp-block-heading\"><a href=\"mailto:registrar@nbrea.ca\" target=\"_blank\" rel=\"noreferrer noopener\">Mitch McLean<\/a>, Registraire<\/h6>\n<\/div><\/div>\n\n<div class=\"base-section\"><div class=\"container\">\n<ul class=\"wp-block-list\">\n<li>D\u00e9p\u00f4t de plaintes<\/li>\n\n\n\n<li>Questions disciplinaires<\/li>\n\n\n\n<li>Audiences<\/li>\n\n\n\n<li>Transferts de mobilit\u00e9 de la main-d&rsquo;\u0153uvre<\/li>\n<\/ul>\n<\/div><\/div>\n\n<div class=\"base-section\"><div class=\"container\">\n<h6 class=\"wp-block-heading\"><a href=\"mailto:compliance@nbrea.ca\">Emanuelle Picard<\/a>, Adjointe \u00e0 la conformit\u00e9<\/h6>\n<\/div><\/div>\n\n<div class=\"base-section\"><div class=\"container\">\n<ul class=\"wp-block-list\">\n<li>Aider avec les plaintes<\/li>\n\n\n\n<li>Les dossiers disciplinaires<\/li>\n\n\n\n<li>La r\u00e9vision de la base de donn\u00e9es<\/li>\n\n\n\n<li>Le soutien aux comit\u00e9s<\/li>\n<\/ul>\n<\/div><\/div>\n\n\n<div style=\"height:55px\" aria-hidden=\"true\" class=\"wp-block-spacer\"><\/div>\n\n\n<div class=\"base-section\"><div class=\"container\">\n<p><\/p>\n<\/div><\/div>\n\n<div class=\"base-section\"><div class=\"container\">\n<p><\/p>\n<\/div><\/div>","protected":false},"excerpt":{"rendered":"<p>Contactez-Nous Association des agents immobiliers du New Brunswick22 rue Durelle, unit\u00e9 #1Fredericton, N-B E3C 0G2T: 506-459-8055 \/ 1-800-762-1677 Si nous pouvons vous \u00eatre utiles davantage, veuillez communiquer avec nous \u00e0 l\u2019adresse suivante :\u00a0info@nbrea.ca ou cliquer sur l\u2019un des noms du personnel ci-dessous pour leur envoyer un courriel directement. Heures d\u2019overtures Lundi \u00e0 vendredi, 8h30 \u00e0 [&hellip;]<\/p>\n","protected":false},"author":2,"featured_media":855,"parent":728,"menu_order":0,"comment_status":"closed","ping_status":"closed","template":"","meta":{"_acf_changed":false,"inline_featured_image":false,"footnotes":""},"class_list":["post-687","page","type-page","status-publish","has-post-thumbnail","hentry"],"acf":[],"yoast_head":"<!-- This site is optimized with the Yoast SEO plugin v24.3 - https:\/\/yoast.com\/wordpress\/plugins\/seo\/ -->\n<title>Contactez-Nous | AAINB | L\u2019Association des agents immobiliers du Nouveau-Brunswick<\/title>\n<meta name=\"description\" content=\"L\u2019Association des agents immobiliers du Nouveau-Brunswick est situ\u00e9e au 22 Durelle Street #1 Fredericton, NB E3C 0G2 Tel: 506-459-8055 \/ 1-800-762-1677\" \/>\n<meta name=\"robots\" content=\"index, follow, max-snippet:-1, max-image-preview:large, max-video-preview:-1\" \/>\n<link rel=\"canonical\" href=\"https:\/\/www.nbrea.ca\/fr\/about-nbrea-fr\/contact-us-fr\/\" \/>\n<meta property=\"og:locale\" content=\"fr_FR\" \/>\n<meta property=\"og:type\" content=\"article\" \/>\n<meta property=\"og:title\" content=\"Contactez-Nous | AAINB | L\u2019Association des agents immobiliers du Nouveau-Brunswick\" \/>\n<meta property=\"og:description\" content=\"L\u2019Association des agents immobiliers du Nouveau-Brunswick est situ\u00e9e au 22 Durelle Street #1 Fredericton, NB E3C 0G2 Tel: 506-459-8055 \/ 1-800-762-1677\" \/>\n<meta property=\"og:url\" content=\"https:\/\/www.nbrea.ca\/fr\/about-nbrea-fr\/contact-us-fr\/\" \/>\n<meta property=\"og:site_name\" content=\"AAINB | L\u2019Association des agents immobiliers du Nouveau-Brunswick\" \/>\n<meta property=\"article:publisher\" content=\"https:\/\/www.facebook.com\/NBREALTORS\" \/>\n<meta property=\"article:modified_time\" content=\"2026-02-20T15:59:01+00:00\" \/>\n<meta property=\"og:image\" content=\"https:\/\/www.nbrea.ca\/wp-content\/uploads\/2020\/09\/john-schnobrich-yFbyvpEGHFQ-unsplash.jpg\" \/>\n\t<meta property=\"og:image:width\" content=\"2048\" \/>\n\t<meta property=\"og:image:height\" content=\"1290\" \/>\n\t<meta property=\"og:image:type\" content=\"image\/jpeg\" \/>\n<meta name=\"twitter:card\" content=\"summary_large_image\" \/>\n<meta name=\"twitter:site\" content=\"@NBREALTORS\" \/>\n<meta name=\"twitter:label1\" content=\"Dur\u00e9e de lecture estim\u00e9e\" \/>\n\t<meta name=\"twitter:data1\" content=\"2 minutes\" \/>\n<script type=\"application\/ld+json\" class=\"yoast-schema-graph\">{\"@context\":\"https:\/\/schema.org\",\"@graph\":[{\"@type\":\"WebPage\",\"@id\":\"https:\/\/www.nbrea.ca\/fr\/about-nbrea-fr\/contact-us-fr\/\",\"url\":\"https:\/\/www.nbrea.ca\/fr\/about-nbrea-fr\/contact-us-fr\/\",\"name\":\"Contactez-Nous | AAINB | L\u2019Association des agents immobiliers du Nouveau-Brunswick\",\"isPartOf\":{\"@id\":\"https:\/\/www.nbrea.ca\/fr\/#website\"},\"primaryImageOfPage\":{\"@id\":\"https:\/\/www.nbrea.ca\/fr\/about-nbrea-fr\/contact-us-fr\/#primaryimage\"},\"image\":{\"@id\":\"https:\/\/www.nbrea.ca\/fr\/about-nbrea-fr\/contact-us-fr\/#primaryimage\"},\"thumbnailUrl\":\"https:\/\/www.nbrea.ca\/wp-content\/uploads\/2020\/09\/john-schnobrich-yFbyvpEGHFQ-unsplash.jpg\",\"datePublished\":\"2020-09-16T14:16:31+00:00\",\"dateModified\":\"2026-02-20T15:59:01+00:00\",\"description\":\"L\u2019Association des agents immobiliers du Nouveau-Brunswick est situ\u00e9e au 22 Durelle Street #1 Fredericton, NB E3C 0G2 Tel: 506-459-8055 \/ 1-800-762-1677\",\"breadcrumb\":{\"@id\":\"https:\/\/www.nbrea.ca\/fr\/about-nbrea-fr\/contact-us-fr\/#breadcrumb\"},\"inLanguage\":\"fr-FR\",\"potentialAction\":[{\"@type\":\"ReadAction\",\"target\":[\"https:\/\/www.nbrea.ca\/fr\/about-nbrea-fr\/contact-us-fr\/\"]}]},{\"@type\":\"ImageObject\",\"inLanguage\":\"fr-FR\",\"@id\":\"https:\/\/www.nbrea.ca\/fr\/about-nbrea-fr\/contact-us-fr\/#primaryimage\",\"url\":\"https:\/\/www.nbrea.ca\/wp-content\/uploads\/2020\/09\/john-schnobrich-yFbyvpEGHFQ-unsplash.jpg\",\"contentUrl\":\"https:\/\/www.nbrea.ca\/wp-content\/uploads\/2020\/09\/john-schnobrich-yFbyvpEGHFQ-unsplash.jpg\",\"width\":2048,\"height\":1290},{\"@type\":\"BreadcrumbList\",\"@id\":\"https:\/\/www.nbrea.ca\/fr\/about-nbrea-fr\/contact-us-fr\/#breadcrumb\",\"itemListElement\":[{\"@type\":\"ListItem\",\"position\":1,\"name\":\"Home\",\"item\":\"https:\/\/www.nbrea.ca\/fr\/\"},{\"@type\":\"ListItem\",\"position\":2,\"name\":\"\u00c0 propos de l&rsquo;AAINB\",\"item\":\"https:\/\/www.nbrea.ca\/fr\/about-nbrea-fr\/\"},{\"@type\":\"ListItem\",\"position\":3,\"name\":\"Contactez-Nous\"}]},{\"@type\":\"WebSite\",\"@id\":\"https:\/\/www.nbrea.ca\/fr\/#website\",\"url\":\"https:\/\/www.nbrea.ca\/fr\/\",\"name\":\"AAINB | L\u2019Association des agents immobiliers du Nouveau-Brunswick\",\"description\":\"\",\"publisher\":{\"@id\":\"https:\/\/www.nbrea.ca\/fr\/#organization\"},\"potentialAction\":[{\"@type\":\"SearchAction\",\"target\":{\"@type\":\"EntryPoint\",\"urlTemplate\":\"https:\/\/www.nbrea.ca\/fr\/?s={search_term_string}\"},\"query-input\":{\"@type\":\"PropertyValueSpecification\",\"valueRequired\":true,\"valueName\":\"search_term_string\"}}],\"inLanguage\":\"fr-FR\"},{\"@type\":\"Organization\",\"@id\":\"https:\/\/www.nbrea.ca\/fr\/#organization\",\"name\":\"NBREA - New Brunswick Real Estate Association\",\"url\":\"https:\/\/www.nbrea.ca\/fr\/\",\"logo\":{\"@type\":\"ImageObject\",\"inLanguage\":\"fr-FR\",\"@id\":\"https:\/\/www.nbrea.ca\/fr\/#\/schema\/logo\/image\/\",\"url\":\"https:\/\/www.nbrea.ca\/wp-content\/uploads\/2020\/10\/NBREA_logo_version1.png\",\"contentUrl\":\"https:\/\/www.nbrea.ca\/wp-content\/uploads\/2020\/10\/NBREA_logo_version1.png\",\"width\":2040,\"height\":657,\"caption\":\"NBREA - New Brunswick Real Estate Association\"},\"image\":{\"@id\":\"https:\/\/www.nbrea.ca\/fr\/#\/schema\/logo\/image\/\"},\"sameAs\":[\"https:\/\/www.facebook.com\/NBREALTORS\",\"https:\/\/x.com\/NBREALTORS\",\"https:\/\/www.instagram.com\/nbrea1\/\",\"https:\/\/www.youtube.com\/channel\/UCcYr6HJ8LADBhtE_O6pxEZQ\/\"]}]}<\/script>\n<!-- \/ Yoast SEO plugin. -->","yoast_head_json":{"title":"Contactez-Nous | AAINB | L\u2019Association des agents immobiliers du Nouveau-Brunswick","description":"L\u2019Association des agents immobiliers du Nouveau-Brunswick est situ\u00e9e au 22 Durelle Street #1 Fredericton, NB E3C 0G2 Tel: 506-459-8055 \/ 1-800-762-1677","robots":{"index":"index","follow":"follow","max-snippet":"max-snippet:-1","max-image-preview":"max-image-preview:large","max-video-preview":"max-video-preview:-1"},"canonical":"https:\/\/www.nbrea.ca\/fr\/about-nbrea-fr\/contact-us-fr\/","og_locale":"fr_FR","og_type":"article","og_title":"Contactez-Nous | AAINB | L\u2019Association des agents immobiliers du Nouveau-Brunswick","og_description":"L\u2019Association des agents immobiliers du Nouveau-Brunswick est situ\u00e9e au 22 Durelle Street #1 Fredericton, NB E3C 0G2 Tel: 506-459-8055 \/ 1-800-762-1677","og_url":"https:\/\/www.nbrea.ca\/fr\/about-nbrea-fr\/contact-us-fr\/","og_site_name":"AAINB | L\u2019Association des agents immobiliers du Nouveau-Brunswick","article_publisher":"https:\/\/www.facebook.com\/NBREALTORS","article_modified_time":"2026-02-20T15:59:01+00:00","og_image":[{"width":2048,"height":1290,"url":"https:\/\/www.nbrea.ca\/wp-content\/uploads\/2020\/09\/john-schnobrich-yFbyvpEGHFQ-unsplash.jpg","type":"image\/jpeg"}],"twitter_card":"summary_large_image","twitter_site":"@NBREALTORS","twitter_misc":{"Dur\u00e9e de lecture estim\u00e9e":"2 minutes"},"schema":{"@context":"https:\/\/schema.org","@graph":[{"@type":"WebPage","@id":"https:\/\/www.nbrea.ca\/fr\/about-nbrea-fr\/contact-us-fr\/","url":"https:\/\/www.nbrea.ca\/fr\/about-nbrea-fr\/contact-us-fr\/","name":"Contactez-Nous | AAINB | L\u2019Association des agents immobiliers du Nouveau-Brunswick","isPartOf":{"@id":"https:\/\/www.nbrea.ca\/fr\/#website"},"primaryImageOfPage":{"@id":"https:\/\/www.nbrea.ca\/fr\/about-nbrea-fr\/contact-us-fr\/#primaryimage"},"image":{"@id":"https:\/\/www.nbrea.ca\/fr\/about-nbrea-fr\/contact-us-fr\/#primaryimage"},"thumbnailUrl":"https:\/\/www.nbrea.ca\/wp-content\/uploads\/2020\/09\/john-schnobrich-yFbyvpEGHFQ-unsplash.jpg","datePublished":"2020-09-16T14:16:31+00:00","dateModified":"2026-02-20T15:59:01+00:00","description":"L\u2019Association des agents immobiliers du Nouveau-Brunswick est situ\u00e9e au 22 Durelle Street #1 Fredericton, NB E3C 0G2 Tel: 506-459-8055 \/ 1-800-762-1677","breadcrumb":{"@id":"https:\/\/www.nbrea.ca\/fr\/about-nbrea-fr\/contact-us-fr\/#breadcrumb"},"inLanguage":"fr-FR","potentialAction":[{"@type":"ReadAction","target":["https:\/\/www.nbrea.ca\/fr\/about-nbrea-fr\/contact-us-fr\/"]}]},{"@type":"ImageObject","inLanguage":"fr-FR","@id":"https:\/\/www.nbrea.ca\/fr\/about-nbrea-fr\/contact-us-fr\/#primaryimage","url":"https:\/\/www.nbrea.ca\/wp-content\/uploads\/2020\/09\/john-schnobrich-yFbyvpEGHFQ-unsplash.jpg","contentUrl":"https:\/\/www.nbrea.ca\/wp-content\/uploads\/2020\/09\/john-schnobrich-yFbyvpEGHFQ-unsplash.jpg","width":2048,"height":1290},{"@type":"BreadcrumbList","@id":"https:\/\/www.nbrea.ca\/fr\/about-nbrea-fr\/contact-us-fr\/#breadcrumb","itemListElement":[{"@type":"ListItem","position":1,"name":"Home","item":"https:\/\/www.nbrea.ca\/fr\/"},{"@type":"ListItem","position":2,"name":"\u00c0 propos de l&rsquo;AAINB","item":"https:\/\/www.nbrea.ca\/fr\/about-nbrea-fr\/"},{"@type":"ListItem","position":3,"name":"Contactez-Nous"}]},{"@type":"WebSite","@id":"https:\/\/www.nbrea.ca\/fr\/#website","url":"https:\/\/www.nbrea.ca\/fr\/","name":"AAINB | L\u2019Association des agents immobiliers du Nouveau-Brunswick","description":"","publisher":{"@id":"https:\/\/www.nbrea.ca\/fr\/#organization"},"potentialAction":[{"@type":"SearchAction","target":{"@type":"EntryPoint","urlTemplate":"https:\/\/www.nbrea.ca\/fr\/?s={search_term_string}"},"query-input":{"@type":"PropertyValueSpecification","valueRequired":true,"valueName":"search_term_string"}}],"inLanguage":"fr-FR"},{"@type":"Organization","@id":"https:\/\/www.nbrea.ca\/fr\/#organization","name":"NBREA - New Brunswick Real Estate Association","url":"https:\/\/www.nbrea.ca\/fr\/","logo":{"@type":"ImageObject","inLanguage":"fr-FR","@id":"https:\/\/www.nbrea.ca\/fr\/#\/schema\/logo\/image\/","url":"https:\/\/www.nbrea.ca\/wp-content\/uploads\/2020\/10\/NBREA_logo_version1.png","contentUrl":"https:\/\/www.nbrea.ca\/wp-content\/uploads\/2020\/10\/NBREA_logo_version1.png","width":2040,"height":657,"caption":"NBREA - New Brunswick Real Estate Association"},"image":{"@id":"https:\/\/www.nbrea.ca\/fr\/#\/schema\/logo\/image\/"},"sameAs":["https:\/\/www.facebook.com\/NBREALTORS","https:\/\/x.com\/NBREALTORS","https:\/\/www.instagram.com\/nbrea1\/","https:\/\/www.youtube.com\/channel\/UCcYr6HJ8LADBhtE_O6pxEZQ\/"]}]}},"_links":{"self":[{"href":"https:\/\/www.nbrea.ca\/fr\/wp-json\/wp\/v2\/pages\/687","targetHints":{"allow":["GET"]}}],"collection":[{"href":"https:\/\/www.nbrea.ca\/fr\/wp-json\/wp\/v2\/pages"}],"about":[{"href":"https:\/\/www.nbrea.ca\/fr\/wp-json\/wp\/v2\/types\/page"}],"author":[{"embeddable":true,"href":"https:\/\/www.nbrea.ca\/fr\/wp-json\/wp\/v2\/users\/2"}],"replies":[{"embeddable":true,"href":"https:\/\/www.nbrea.ca\/fr\/wp-json\/wp\/v2\/comments?post=687"}],"version-history":[{"count":30,"href":"https:\/\/www.nbrea.ca\/fr\/wp-json\/wp\/v2\/pages\/687\/revisions"}],"predecessor-version":[{"id":7537,"href":"https:\/\/www.nbrea.ca\/fr\/wp-json\/wp\/v2\/pages\/687\/revisions\/7537"}],"up":[{"embeddable":true,"href":"https:\/\/www.nbrea.ca\/fr\/wp-json\/wp\/v2\/pages\/728"}],"wp:featuredmedia":[{"embeddable":true,"href":"https:\/\/www.nbrea.ca\/fr\/wp-json\/wp\/v2\/media\/855"}],"wp:attachment":[{"href":"https:\/\/www.nbrea.ca\/fr\/wp-json\/wp\/v2\/media?parent=687"}],"curies":[{"name":"wp","href":"https:\/\/api.w.org\/{rel}","templated":true}]}}