{"id":688,"date":"2020-09-16T14:16:39","date_gmt":"2020-09-16T14:16:39","guid":{"rendered":"https:\/\/www.nbrea.ca\/?page_id=688"},"modified":"2021-11-12T16:53:39","modified_gmt":"2021-11-12T19:53:39","slug":"realtorscare-fr","status":"publish","type":"page","link":"https:\/\/www.nbrea.ca\/fr\/about-nbrea-fr\/realtorscare-fr\/","title":{"rendered":"REALTORS Care\u00ae"},"content":{"rendered":"<div class=\"base-section\"><div class=\"container\">\n<h1 class=\"has-text-align-center wp-block-heading\">\u00c9v\u00e9nements de la semaine REALTORS <em>Care\u00ae<\/em>!!<\/h1>\n<\/div><\/div>\n\n<div class=\"base-section\"><div class=\"container\">\n<hr class=\"wp-block-separator\"\/>\n<\/div><\/div>\n\n\n<div style=\"height:34px\" aria-hidden=\"true\" class=\"wp-block-spacer\"><\/div>\n\n\n<div class=\"base-section\"><div class=\"container\">\n<h2 class=\"has-text-align-center wp-block-heading\" style=\"font-size:24px\"><a href=\"https:\/\/www.amazon.ca\/hz\/wishlist\/ls\/17MTGN6VREL49?ref_=wl_share\">Cliquez ici pour magasiner \u00e0 partir de notre liste de souhaits Amazon REALTORS Care\u00ae pour les refuges \u00e0 travers le Nouveau-Brunswick<\/a><\/h2>\n<\/div><\/div>\n\n\n<div style=\"height:20px\" aria-hidden=\"true\" class=\"wp-block-spacer\"><\/div>\n\n\n<div class=\"base-section\"><div class=\"container\">\n<p class=\"has-text-align-center has-normal-font-size\">** N&rsquo;oubliez pas de choisir l&rsquo;adresse d&rsquo;exp\u00e9dition de la liste de cadeaux de NBREA au moment de l&rsquo;achat. **<\/p>\n<\/div><\/div>\n\n\n<div style=\"height:23px\" aria-hidden=\"true\" class=\"wp-block-spacer\"><\/div>\n\n\n<div class=\"base-section\"><div class=\"container\">\n<figure class=\"wp-block-image size-large\"><img decoding=\"async\" width=\"1024\" height=\"1024\" src=\"https:\/\/www.nbrea.ca\/wp-content\/uploads\/2021\/10\/Lets-Empty-our-amazon-wishlist-for-the-shelters-accross-New-brunswick-1-1-1024x1024.png\" alt=\"\" class=\"wp-image-4279\" srcset=\"https:\/\/www.nbrea.ca\/wp-content\/uploads\/2021\/10\/Lets-Empty-our-amazon-wishlist-for-the-shelters-accross-New-brunswick-1-1-1024x1024.png 1024w, https:\/\/www.nbrea.ca\/wp-content\/uploads\/2021\/10\/Lets-Empty-our-amazon-wishlist-for-the-shelters-accross-New-brunswick-1-1-300x300.png 300w, https:\/\/www.nbrea.ca\/wp-content\/uploads\/2021\/10\/Lets-Empty-our-amazon-wishlist-for-the-shelters-accross-New-brunswick-1-1-150x150.png 150w, https:\/\/www.nbrea.ca\/wp-content\/uploads\/2021\/10\/Lets-Empty-our-amazon-wishlist-for-the-shelters-accross-New-brunswick-1-1-768x768.png 768w, https:\/\/www.nbrea.ca\/wp-content\/uploads\/2021\/10\/Lets-Empty-our-amazon-wishlist-for-the-shelters-accross-New-brunswick-1-1-50x50.png 50w, https:\/\/www.nbrea.ca\/wp-content\/uploads\/2021\/10\/Lets-Empty-our-amazon-wishlist-for-the-shelters-accross-New-brunswick-1-1-550x550.png 550w, https:\/\/www.nbrea.ca\/wp-content\/uploads\/2021\/10\/Lets-Empty-our-amazon-wishlist-for-the-shelters-accross-New-brunswick-1-1.png 1080w\" sizes=\"(max-width: 1024px) 100vw, 1024px\" \/><\/figure>\n<\/div><\/div>\n\n<div class=\"base-section\"><div class=\"container\">\n<p>NBREA fait de son mieux pour soutenir les entreprises locales, mais en raison de la COVID-19, nous avons choisi d&rsquo;utiliser Amazon comme plate-forme d&rsquo;\u00e9v\u00e9nements pour r\u00e9duire l&rsquo;exposition de nos membres.<\/p>\n<\/div><\/div>\n\n\n<div style=\"height:20px\" aria-hidden=\"true\" class=\"wp-block-spacer\"><\/div>\n\n\n<div class=\"base-section\"><div class=\"container\">\n<hr class=\"wp-block-separator\"\/>\n<\/div><\/div>\n\n\n<div style=\"height:57px\" aria-hidden=\"true\" class=\"wp-block-spacer\"><\/div>\n\n\n<div class=\"base-section\"><div class=\"container\">\n<div class=\"wp-block-image\"><figure class=\"aligncenter size-large is-resized\"><img decoding=\"async\" src=\"https:\/\/www.nbrea.ca\/wp-content\/uploads\/2020\/12\/129351849_3919139278137242_3066184129339198664_o-1-768x1024.jpg\" alt=\"\" class=\"wp-image-3470\" width=\"768\" height=\"1024\" srcset=\"https:\/\/www.nbrea.ca\/wp-content\/uploads\/2020\/12\/129351849_3919139278137242_3066184129339198664_o-1-768x1024.jpg 768w, https:\/\/www.nbrea.ca\/wp-content\/uploads\/2020\/12\/129351849_3919139278137242_3066184129339198664_o-1-225x300.jpg 225w, https:\/\/www.nbrea.ca\/wp-content\/uploads\/2020\/12\/129351849_3919139278137242_3066184129339198664_o-1-1152x1536.jpg 1152w, https:\/\/www.nbrea.ca\/wp-content\/uploads\/2020\/12\/129351849_3919139278137242_3066184129339198664_o-1.jpg 1536w\" sizes=\"(max-width: 768px) 100vw, 768px\" \/><figcaption>Nous sommes tr\u00e8s fiers de servir des membres commes les n\u00f4tres qui prennent soin et redonnent \u00e0 leur communait\u00e9s!<br><br><br><\/figcaption><\/figure><\/div>\n<\/div><\/div>","protected":false},"excerpt":{"rendered":"<p>\u00c9v\u00e9nements de la semaine REALTORS Care\u00ae!! Cliquez ici pour magasiner \u00e0 partir de notre liste de souhaits Amazon REALTORS Care\u00ae pour les refuges \u00e0 travers le Nouveau-Brunswick ** N&rsquo;oubliez pas de choisir l&rsquo;adresse d&rsquo;exp\u00e9dition de la liste de cadeaux de NBREA au moment de l&rsquo;achat. ** NBREA fait de son mieux pour soutenir les entreprises [&hellip;]<\/p>\n","protected":false},"author":2,"featured_media":4174,"parent":728,"menu_order":0,"comment_status":"closed","ping_status":"closed","template":"","meta":{"_acf_changed":false,"inline_featured_image":false,"footnotes":""},"class_list":["post-688","page","type-page","status-publish","has-post-thumbnail","hentry"],"acf":[],"yoast_head":"<!-- This site is optimized with the Yoast SEO plugin v24.3 - https:\/\/yoast.com\/wordpress\/plugins\/seo\/ -->\n<title>REALTORS Care\u00ae | AAINB | L\u2019Association des agents immobiliers du Nouveau-Brunswick<\/title>\n<meta name=\"description\" content=\"Les agents immobiliers se soucient des communaut\u00e9s dans lesquelles ils travaillent. Visitez cette page pour en savoir plus sur les initiatives des membres de l\u2019AAINB\" \/>\n<meta name=\"robots\" content=\"index, follow, max-snippet:-1, max-image-preview:large, max-video-preview:-1\" \/>\n<link rel=\"canonical\" href=\"https:\/\/www.nbrea.ca\/fr\/about-nbrea-fr\/realtorscare-fr\/\" \/>\n<meta property=\"og:locale\" content=\"fr_FR\" \/>\n<meta property=\"og:type\" content=\"article\" \/>\n<meta property=\"og:title\" content=\"REALTORS Care\u00ae | AAINB | L\u2019Association des agents immobiliers du Nouveau-Brunswick\" \/>\n<meta property=\"og:description\" content=\"Les agents immobiliers se soucient des communaut\u00e9s dans lesquelles ils travaillent. Visitez cette page pour en savoir plus sur les initiatives des membres de l\u2019AAINB\" \/>\n<meta property=\"og:url\" content=\"https:\/\/www.nbrea.ca\/fr\/about-nbrea-fr\/realtorscare-fr\/\" \/>\n<meta property=\"og:site_name\" content=\"AAINB | L\u2019Association des agents immobiliers du Nouveau-Brunswick\" \/>\n<meta property=\"article:publisher\" content=\"https:\/\/www.facebook.com\/NBREALTORS\" \/>\n<meta property=\"article:modified_time\" content=\"2021-11-12T19:53:39+00:00\" \/>\n<meta property=\"og:image\" content=\"https:\/\/www.nbrea.ca\/wp-content\/uploads\/2021\/10\/REALTORS-Care-Week-Banner-FR.png\" \/>\n\t<meta property=\"og:image:width\" content=\"1193\" \/>\n\t<meta property=\"og:image:height\" content=\"383\" \/>\n\t<meta property=\"og:image:type\" content=\"image\/png\" \/>\n<meta name=\"twitter:card\" content=\"summary_large_image\" \/>\n<meta name=\"twitter:site\" content=\"@NBREALTORS\" \/>\n<script type=\"application\/ld+json\" class=\"yoast-schema-graph\">{\"@context\":\"https:\/\/schema.org\",\"@graph\":[{\"@type\":\"WebPage\",\"@id\":\"https:\/\/www.nbrea.ca\/fr\/about-nbrea-fr\/realtorscare-fr\/\",\"url\":\"https:\/\/www.nbrea.ca\/fr\/about-nbrea-fr\/realtorscare-fr\/\",\"name\":\"REALTORS Care\u00ae | AAINB | L\u2019Association des agents immobiliers du Nouveau-Brunswick\",\"isPartOf\":{\"@id\":\"https:\/\/www.nbrea.ca\/fr\/#website\"},\"primaryImageOfPage\":{\"@id\":\"https:\/\/www.nbrea.ca\/fr\/about-nbrea-fr\/realtorscare-fr\/#primaryimage\"},\"image\":{\"@id\":\"https:\/\/www.nbrea.ca\/fr\/about-nbrea-fr\/realtorscare-fr\/#primaryimage\"},\"thumbnailUrl\":\"https:\/\/www.nbrea.ca\/wp-content\/uploads\/2021\/10\/REALTORS-Care-Week-Banner-FR.png\",\"datePublished\":\"2020-09-16T14:16:39+00:00\",\"dateModified\":\"2021-11-12T19:53:39+00:00\",\"description\":\"Les agents immobiliers se soucient des communaut\u00e9s dans lesquelles ils travaillent. Visitez cette page pour en savoir plus sur les initiatives des membres de l\u2019AAINB\",\"breadcrumb\":{\"@id\":\"https:\/\/www.nbrea.ca\/fr\/about-nbrea-fr\/realtorscare-fr\/#breadcrumb\"},\"inLanguage\":\"fr-FR\",\"potentialAction\":[{\"@type\":\"ReadAction\",\"target\":[\"https:\/\/www.nbrea.ca\/fr\/about-nbrea-fr\/realtorscare-fr\/\"]}]},{\"@type\":\"ImageObject\",\"inLanguage\":\"fr-FR\",\"@id\":\"https:\/\/www.nbrea.ca\/fr\/about-nbrea-fr\/realtorscare-fr\/#primaryimage\",\"url\":\"https:\/\/www.nbrea.ca\/wp-content\/uploads\/2021\/10\/REALTORS-Care-Week-Banner-FR.png\",\"contentUrl\":\"https:\/\/www.nbrea.ca\/wp-content\/uploads\/2021\/10\/REALTORS-Care-Week-Banner-FR.png\",\"width\":1193,\"height\":383},{\"@type\":\"BreadcrumbList\",\"@id\":\"https:\/\/www.nbrea.ca\/fr\/about-nbrea-fr\/realtorscare-fr\/#breadcrumb\",\"itemListElement\":[{\"@type\":\"ListItem\",\"position\":1,\"name\":\"Home\",\"item\":\"https:\/\/www.nbrea.ca\/fr\/\"},{\"@type\":\"ListItem\",\"position\":2,\"name\":\"\u00c0 propos de l&rsquo;AAINB\",\"item\":\"https:\/\/www.nbrea.ca\/fr\/about-nbrea-fr\/\"},{\"@type\":\"ListItem\",\"position\":3,\"name\":\"REALTORS Care\u00ae\"}]},{\"@type\":\"WebSite\",\"@id\":\"https:\/\/www.nbrea.ca\/fr\/#website\",\"url\":\"https:\/\/www.nbrea.ca\/fr\/\",\"name\":\"AAINB | L\u2019Association des agents immobiliers du Nouveau-Brunswick\",\"description\":\"\",\"publisher\":{\"@id\":\"https:\/\/www.nbrea.ca\/fr\/#organization\"},\"potentialAction\":[{\"@type\":\"SearchAction\",\"target\":{\"@type\":\"EntryPoint\",\"urlTemplate\":\"https:\/\/www.nbrea.ca\/fr\/?s={search_term_string}\"},\"query-input\":{\"@type\":\"PropertyValueSpecification\",\"valueRequired\":true,\"valueName\":\"search_term_string\"}}],\"inLanguage\":\"fr-FR\"},{\"@type\":\"Organization\",\"@id\":\"https:\/\/www.nbrea.ca\/fr\/#organization\",\"name\":\"NBREA - New Brunswick Real Estate Association\",\"url\":\"https:\/\/www.nbrea.ca\/fr\/\",\"logo\":{\"@type\":\"ImageObject\",\"inLanguage\":\"fr-FR\",\"@id\":\"https:\/\/www.nbrea.ca\/fr\/#\/schema\/logo\/image\/\",\"url\":\"https:\/\/www.nbrea.ca\/wp-content\/uploads\/2020\/10\/NBREA_logo_version1.png\",\"contentUrl\":\"https:\/\/www.nbrea.ca\/wp-content\/uploads\/2020\/10\/NBREA_logo_version1.png\",\"width\":2040,\"height\":657,\"caption\":\"NBREA - New Brunswick Real Estate Association\"},\"image\":{\"@id\":\"https:\/\/www.nbrea.ca\/fr\/#\/schema\/logo\/image\/\"},\"sameAs\":[\"https:\/\/www.facebook.com\/NBREALTORS\",\"https:\/\/x.com\/NBREALTORS\",\"https:\/\/www.instagram.com\/nbrea1\/\",\"https:\/\/www.youtube.com\/channel\/UCcYr6HJ8LADBhtE_O6pxEZQ\/\"]}]}<\/script>\n<!-- \/ Yoast SEO plugin. -->","yoast_head_json":{"title":"REALTORS Care\u00ae | AAINB | L\u2019Association des agents immobiliers du Nouveau-Brunswick","description":"Les agents immobiliers se soucient des communaut\u00e9s dans lesquelles ils travaillent. Visitez cette page pour en savoir plus sur les initiatives des membres de l\u2019AAINB","robots":{"index":"index","follow":"follow","max-snippet":"max-snippet:-1","max-image-preview":"max-image-preview:large","max-video-preview":"max-video-preview:-1"},"canonical":"https:\/\/www.nbrea.ca\/fr\/about-nbrea-fr\/realtorscare-fr\/","og_locale":"fr_FR","og_type":"article","og_title":"REALTORS Care\u00ae | AAINB | L\u2019Association des agents immobiliers du Nouveau-Brunswick","og_description":"Les agents immobiliers se soucient des communaut\u00e9s dans lesquelles ils travaillent. Visitez cette page pour en savoir plus sur les initiatives des membres de l\u2019AAINB","og_url":"https:\/\/www.nbrea.ca\/fr\/about-nbrea-fr\/realtorscare-fr\/","og_site_name":"AAINB | L\u2019Association des agents immobiliers du Nouveau-Brunswick","article_publisher":"https:\/\/www.facebook.com\/NBREALTORS","article_modified_time":"2021-11-12T19:53:39+00:00","og_image":[{"width":1193,"height":383,"url":"https:\/\/www.nbrea.ca\/wp-content\/uploads\/2021\/10\/REALTORS-Care-Week-Banner-FR.png","type":"image\/png"}],"twitter_card":"summary_large_image","twitter_site":"@NBREALTORS","schema":{"@context":"https:\/\/schema.org","@graph":[{"@type":"WebPage","@id":"https:\/\/www.nbrea.ca\/fr\/about-nbrea-fr\/realtorscare-fr\/","url":"https:\/\/www.nbrea.ca\/fr\/about-nbrea-fr\/realtorscare-fr\/","name":"REALTORS Care\u00ae | AAINB | L\u2019Association des agents immobiliers du Nouveau-Brunswick","isPartOf":{"@id":"https:\/\/www.nbrea.ca\/fr\/#website"},"primaryImageOfPage":{"@id":"https:\/\/www.nbrea.ca\/fr\/about-nbrea-fr\/realtorscare-fr\/#primaryimage"},"image":{"@id":"https:\/\/www.nbrea.ca\/fr\/about-nbrea-fr\/realtorscare-fr\/#primaryimage"},"thumbnailUrl":"https:\/\/www.nbrea.ca\/wp-content\/uploads\/2021\/10\/REALTORS-Care-Week-Banner-FR.png","datePublished":"2020-09-16T14:16:39+00:00","dateModified":"2021-11-12T19:53:39+00:00","description":"Les agents immobiliers se soucient des communaut\u00e9s dans lesquelles ils travaillent. Visitez cette page pour en savoir plus sur les initiatives des membres de l\u2019AAINB","breadcrumb":{"@id":"https:\/\/www.nbrea.ca\/fr\/about-nbrea-fr\/realtorscare-fr\/#breadcrumb"},"inLanguage":"fr-FR","potentialAction":[{"@type":"ReadAction","target":["https:\/\/www.nbrea.ca\/fr\/about-nbrea-fr\/realtorscare-fr\/"]}]},{"@type":"ImageObject","inLanguage":"fr-FR","@id":"https:\/\/www.nbrea.ca\/fr\/about-nbrea-fr\/realtorscare-fr\/#primaryimage","url":"https:\/\/www.nbrea.ca\/wp-content\/uploads\/2021\/10\/REALTORS-Care-Week-Banner-FR.png","contentUrl":"https:\/\/www.nbrea.ca\/wp-content\/uploads\/2021\/10\/REALTORS-Care-Week-Banner-FR.png","width":1193,"height":383},{"@type":"BreadcrumbList","@id":"https:\/\/www.nbrea.ca\/fr\/about-nbrea-fr\/realtorscare-fr\/#breadcrumb","itemListElement":[{"@type":"ListItem","position":1,"name":"Home","item":"https:\/\/www.nbrea.ca\/fr\/"},{"@type":"ListItem","position":2,"name":"\u00c0 propos de l&rsquo;AAINB","item":"https:\/\/www.nbrea.ca\/fr\/about-nbrea-fr\/"},{"@type":"ListItem","position":3,"name":"REALTORS Care\u00ae"}]},{"@type":"WebSite","@id":"https:\/\/www.nbrea.ca\/fr\/#website","url":"https:\/\/www.nbrea.ca\/fr\/","name":"AAINB | L\u2019Association des agents immobiliers du Nouveau-Brunswick","description":"","publisher":{"@id":"https:\/\/www.nbrea.ca\/fr\/#organization"},"potentialAction":[{"@type":"SearchAction","target":{"@type":"EntryPoint","urlTemplate":"https:\/\/www.nbrea.ca\/fr\/?s={search_term_string}"},"query-input":{"@type":"PropertyValueSpecification","valueRequired":true,"valueName":"search_term_string"}}],"inLanguage":"fr-FR"},{"@type":"Organization","@id":"https:\/\/www.nbrea.ca\/fr\/#organization","name":"NBREA - New Brunswick Real Estate Association","url":"https:\/\/www.nbrea.ca\/fr\/","logo":{"@type":"ImageObject","inLanguage":"fr-FR","@id":"https:\/\/www.nbrea.ca\/fr\/#\/schema\/logo\/image\/","url":"https:\/\/www.nbrea.ca\/wp-content\/uploads\/2020\/10\/NBREA_logo_version1.png","contentUrl":"https:\/\/www.nbrea.ca\/wp-content\/uploads\/2020\/10\/NBREA_logo_version1.png","width":2040,"height":657,"caption":"NBREA - New Brunswick Real Estate Association"},"image":{"@id":"https:\/\/www.nbrea.ca\/fr\/#\/schema\/logo\/image\/"},"sameAs":["https:\/\/www.facebook.com\/NBREALTORS","https:\/\/x.com\/NBREALTORS","https:\/\/www.instagram.com\/nbrea1\/","https:\/\/www.youtube.com\/channel\/UCcYr6HJ8LADBhtE_O6pxEZQ\/"]}]}},"_links":{"self":[{"href":"https:\/\/www.nbrea.ca\/fr\/wp-json\/wp\/v2\/pages\/688","targetHints":{"allow":["GET"]}}],"collection":[{"href":"https:\/\/www.nbrea.ca\/fr\/wp-json\/wp\/v2\/pages"}],"about":[{"href":"https:\/\/www.nbrea.ca\/fr\/wp-json\/wp\/v2\/types\/page"}],"author":[{"embeddable":true,"href":"https:\/\/www.nbrea.ca\/fr\/wp-json\/wp\/v2\/users\/2"}],"replies":[{"embeddable":true,"href":"https:\/\/www.nbrea.ca\/fr\/wp-json\/wp\/v2\/comments?post=688"}],"version-history":[{"count":26,"href":"https:\/\/www.nbrea.ca\/fr\/wp-json\/wp\/v2\/pages\/688\/revisions"}],"predecessor-version":[{"id":4299,"href":"https:\/\/www.nbrea.ca\/fr\/wp-json\/wp\/v2\/pages\/688\/revisions\/4299"}],"up":[{"embeddable":true,"href":"https:\/\/www.nbrea.ca\/fr\/wp-json\/wp\/v2\/pages\/728"}],"wp:featuredmedia":[{"embeddable":true,"href":"https:\/\/www.nbrea.ca\/fr\/wp-json\/wp\/v2\/media\/4174"}],"wp:attachment":[{"href":"https:\/\/www.nbrea.ca\/fr\/wp-json\/wp\/v2\/media?parent=688"}],"curies":[{"name":"wp","href":"https:\/\/api.w.org\/{rel}","templated":true}]}}