{"id":690,"date":"2020-08-17T06:54:10","date_gmt":"2020-08-17T06:54:10","guid":{"rendered":"https:\/\/www.nbrea.ca\/?page_id=690"},"modified":"2026-04-10T10:45:55","modified_gmt":"2026-04-10T13:45:55","slug":"agm-2026","status":"publish","type":"page","link":"https:\/\/www.nbrea.ca\/fr\/about-nbrea-fr\/agm-2026\/","title":{"rendered":"Assembl\u00e9e g\u00e9n\u00e9rale annuelle 2026"},"content":{"rendered":"<div class=\"base-section\"><div class=\"container\">\n<p class=\"has-text-color has-link-color has-x-large-font-size wp-elements-b902dee0628c08c7cf705815516b385f\" style=\"color:#204c8f\"><strong>Assembl\u00e9e g\u00e9n\u00e9rale annuelle et journ\u00e9es de formation 2026 de l\u2019AAINB<\/strong><\/p>\n<\/div><\/div>\n\n<div class=\"base-section\"><div class=\"container\">\n<p class=\"has-text-color has-link-color wp-elements-31588fe71cb387bdf99c5d49ccfe12a3\" style=\"color:#027fbb\"><strong>21 au 22 avril 2026<\/strong><\/p>\n<\/div><\/div>\n\n<div class=\"base-section\"><div class=\"container\">\n<p>Chaque ann\u00e9e, l&rsquo;Association des agents immobiliers du Nouveau-Brunswick (AAINB) organise une conf\u00e9rence comprenant des s\u00e9ances de formation et une assembl\u00e9e des membres. Cet \u00e9v\u00e9nement, ouvert \u00e0 tous les REALTORS\u24c7 du Nouveau-Brunswick, offre une excellente occasion de r\u00e9seauter, de suivre leur formation annuelle et de voter sur des enjeux importants pour renforcer le march\u00e9 du logement et la profession immobili\u00e8re.<\/p>\n<\/div><\/div>\n\n<div class=\"base-section\"><div class=\"container\">\n<p>Vous souhaitez en savoir plus? Consultez les liens ci-dessous pour obtenir tous les renseignements!<\/p>\n<\/div><\/div>\n\n<div class=\"base-section\"><div class=\"container\">\n<p><\/p>\n<\/div><\/div>\n\n\n\t<div class=\"container\">\n\t\t<div class=\"cards-block\">\n\t\t\t\t\t\t\t<div class=\"card-item\">\n\t\t\t\t\t\t\t\t\t\t\t<img decoding=\"async\" src=\"https:\/\/www.nbrea.ca\/wp-content\/uploads\/2023\/10\/shutterstock_1316359571-550x550.jpg\" alt=\"FAQ\" >\n\t\t\t\t\t\t\t\t\t\t<div class=\"text-holder\">\n\t\t\t\t\t\t\t\t\t\t\t\t\t<h2>Lien d&rsquo;inscription des membres<\/h2>\n\t\t\t\t\t\t\t\t\t\t\t<\/div>\n\t\t\t\t\t\t\t\t\t\t\t<a href=\"https:\/\/members.nbrea.ca\/mpower\/event\/loadevent.action?e=230\"><\/a>\n\t\t\t\t\t\t\t\t\t<\/div>\n\t\t\t\t\t\t\t<div class=\"card-item\">\n\t\t\t\t\t\t\t\t\t\t\t<img decoding=\"async\" src=\"https:\/\/www.nbrea.ca\/wp-content\/uploads\/2026\/02\/NBREA-DAY1-29-550x550.jpg\" alt=\"\" >\n\t\t\t\t\t\t\t\t\t\t<div class=\"text-holder\">\n\t\t\t\t\t\t\t\t\t\t\t\t\t<h2>Programme officiel du congr\u00e8s<\/h2>\n\t\t\t\t\t\t\t\t\t\t\t<\/div>\n\t\t\t\t\t\t\t\t\t\t\t<a href=\"https:\/\/www.nbrea.ca\/wp-content\/uploads\/2026\/04\/FR-FINAL-2026-NBREA-AGM-Conference-Full-Program.pdf\"><\/a>\n\t\t\t\t\t\t\t\t\t<\/div>\n\t\t\t\t\t\t\t<div class=\"card-item\">\n\t\t\t\t\t\t\t\t\t\t\t<img decoding=\"async\" src=\"https:\/\/www.nbrea.ca\/wp-content\/uploads\/2020\/09\/cytonn-photography-n95VMLxqM2I-unsplash-550x550.jpg\" alt=\"\" >\n\t\t\t\t\t\t\t\t\t\t<div class=\"text-holder\">\n\t\t\t\t\t\t\t\t\t\t\t\t\t<h2>En savoir plus sur le parrainage 2026<\/h2>\n\t\t\t\t\t\t\t\t\t\t\t<\/div>\n\t\t\t\t\t\t\t\t\t\t\t<a href=\"https:\/\/www.nbrea.ca\/wp-content\/uploads\/2025\/12\/2026-NBREA-Conference-AGM-Prospectus.pdf\"><\/a>\n\t\t\t\t\t\t\t\t\t<\/div>\n\t\t\t\t\t\t\t<div class=\"card-item\">\n\t\t\t\t\t\t\t\t\t\t\t<img decoding=\"async\" src=\"https:\/\/www.nbrea.ca\/wp-content\/uploads\/2022\/11\/crowd-pic.jpeg\" alt=\"\" >\n\t\t\t\t\t\t\t\t\t\t<div class=\"text-holder\">\n\t\t\t\t\t\t\t\t\t\t\t\t\t<h2>Demande de parrainage 2026<\/h2>\n\t\t\t\t\t\t\t\t\t\t\t<\/div>\n\t\t\t\t\t\t\t\t\t\t\t<a href=\"https:\/\/elmcityevents.regfox.com\/2026-nbrea-sponsorship-and-exhibitor-opportunities\"><\/a>\n\t\t\t\t\t\t\t\t\t<\/div>\n\t\t\t\t\t\t\t<div class=\"card-item\">\n\t\t\t\t\t\t\t\t\t\t\t<img decoding=\"async\" src=\"https:\/\/www.nbrea.ca\/wp-content\/uploads\/2025\/02\/PMB-NEW-2025-SQUARE-550x550.png\" alt=\"\" >\n\t\t\t\t\t\t\t\t\t\t<div class=\"text-holder\">\n\t\t\t\t\t\t\t\t\t\t\t\t\t<h2>Balado : EN SAVOIR PLUS sur l\u2019\u00e9v\u00e9nement!<\/h2>\n\t\t\t\t\t\t\t\t\t\t\t<\/div>\n\t\t\t\t\t\t\t\t\t\t\t<a href=\"https:\/\/www.nbrea.ca\/fr\/media-inquiries\/nbrea-news-podcast-fr\/\"><\/a>\n\t\t\t\t\t\t\t\t\t<\/div>\n\t\t\t\t\t<\/div>\n\t<\/div>\n\n\n<div class=\"base-section\"><div class=\"container\">\n<h2 class=\"wp-block-heading has-text-color has-link-color wp-elements-360176dddb39ccbc92f9858065e3824a\" style=\"color:#204c8f\">Rapport Annuel 2026<\/h2>\n<\/div><\/div>\n\n<div class=\"base-section\"><div class=\"container\">\n<div class=\"_df_book df-container df-loading \"  data-slug=\"2026-rapport-annuel\" data-_slug=\"2026-rapport-annuel\" _slug=\"2026-rapport-annuel\" data-title=\"2026-rapport-annuel\" id=\"df_7695\" data-df-option=\"df_option_7695\" ><\/div><script class=\"df-shortcode-script\" nowprocket type=\"application\/javascript\">window.df_option_7695 = {\"source\":\"https:\\\/\\\/www.nbrea.ca\\\/wp-content\\\/uploads\\\/2026\\\/04\\\/FR-ANNUAL-REPORT-FISCAL-2025-1-1.pdf\",\"outline\":[],\"overwritePDFOutline\":false,\"pageSize\":\"0\",\"slug\":\"2026-rapport-annuel\",\"wpOptions\":\"true\",\"id\":7695}; if(window.DFLIP && window.DFLIP.parseBooks){window.DFLIP.parseBooks();}<\/script>\n<\/div><\/div>","protected":false},"excerpt":{"rendered":"<p>Assembl\u00e9e g\u00e9n\u00e9rale annuelle et journ\u00e9es de formation 2026 de l\u2019AAINB 21 au 22 avril 2026 Chaque ann\u00e9e, l&rsquo;Association des agents immobiliers du Nouveau-Brunswick (AAINB) organise une conf\u00e9rence comprenant des s\u00e9ances de formation et une assembl\u00e9e des membres. Cet \u00e9v\u00e9nement, ouvert \u00e0 tous les REALTORS\u24c7 du Nouveau-Brunswick, offre une excellente occasion de r\u00e9seauter, de suivre leur [&hellip;]<\/p>\n","protected":false},"author":2,"featured_media":4786,"parent":728,"menu_order":0,"comment_status":"closed","ping_status":"closed","template":"","meta":{"_acf_changed":false,"inline_featured_image":false,"footnotes":""},"class_list":["post-690","page","type-page","status-publish","has-post-thumbnail","hentry"],"acf":[],"yoast_head":"<!-- This site is optimized with the Yoast SEO plugin v24.3 - https:\/\/yoast.com\/wordpress\/plugins\/seo\/ -->\n<title>Assembl\u00e9e g\u00e9n\u00e9rale annuelle 2026 | AAINB | L\u2019Association des agents immobiliers du Nouveau-Brunswick<\/title>\n<meta name=\"description\" content=\"Trouvez toute l\u2019information n\u00e9cessaire concernant l\u2019AGA de l\u2019AAINB 2026 ici.\" \/>\n<meta name=\"robots\" content=\"index, follow, max-snippet:-1, max-image-preview:large, max-video-preview:-1\" \/>\n<link rel=\"canonical\" href=\"https:\/\/www.nbrea.ca\/fr\/about-nbrea-fr\/agm-2026\/\" \/>\n<meta property=\"og:locale\" content=\"fr_FR\" \/>\n<meta property=\"og:type\" content=\"article\" \/>\n<meta property=\"og:title\" content=\"Assembl\u00e9e g\u00e9n\u00e9rale annuelle 2026 | AAINB | L\u2019Association des agents immobiliers du Nouveau-Brunswick\" \/>\n<meta property=\"og:description\" content=\"Trouvez toute l\u2019information n\u00e9cessaire concernant l\u2019AGA de l\u2019AAINB 2026 ici.\" \/>\n<meta property=\"og:url\" content=\"https:\/\/www.nbrea.ca\/fr\/about-nbrea-fr\/agm-2026\/\" \/>\n<meta property=\"og:site_name\" content=\"AAINB | L\u2019Association des agents immobiliers du Nouveau-Brunswick\" \/>\n<meta property=\"article:publisher\" content=\"https:\/\/www.facebook.com\/NBREALTORS\" \/>\n<meta property=\"article:modified_time\" content=\"2026-04-10T13:45:55+00:00\" \/>\n<meta property=\"og:image\" content=\"https:\/\/www.nbrea.ca\/wp-content\/uploads\/2020\/08\/shutterstock_358977299-scaled-e1597738112727.jpg\" \/>\n\t<meta property=\"og:image:width\" content=\"1000\" \/>\n\t<meta property=\"og:image:height\" content=\"462\" \/>\n\t<meta property=\"og:image:type\" content=\"image\/jpeg\" \/>\n<meta name=\"twitter:card\" content=\"summary_large_image\" \/>\n<meta name=\"twitter:site\" content=\"@NBREALTORS\" \/>\n<meta name=\"twitter:label1\" content=\"Dur\u00e9e de lecture estim\u00e9e\" \/>\n\t<meta name=\"twitter:data1\" content=\"1 minute\" \/>\n<script type=\"application\/ld+json\" class=\"yoast-schema-graph\">{\"@context\":\"https:\/\/schema.org\",\"@graph\":[{\"@type\":\"WebPage\",\"@id\":\"https:\/\/www.nbrea.ca\/fr\/about-nbrea-fr\/agm-2026\/\",\"url\":\"https:\/\/www.nbrea.ca\/fr\/about-nbrea-fr\/agm-2026\/\",\"name\":\"Assembl\u00e9e g\u00e9n\u00e9rale annuelle 2026 | AAINB | L\u2019Association des agents immobiliers du Nouveau-Brunswick\",\"isPartOf\":{\"@id\":\"https:\/\/www.nbrea.ca\/fr\/#website\"},\"primaryImageOfPage\":{\"@id\":\"https:\/\/www.nbrea.ca\/fr\/about-nbrea-fr\/agm-2026\/#primaryimage\"},\"image\":{\"@id\":\"https:\/\/www.nbrea.ca\/fr\/about-nbrea-fr\/agm-2026\/#primaryimage\"},\"thumbnailUrl\":\"https:\/\/www.nbrea.ca\/wp-content\/uploads\/2020\/08\/shutterstock_358977299-scaled-e1597738112727.jpg\",\"datePublished\":\"2020-08-17T06:54:10+00:00\",\"dateModified\":\"2026-04-10T13:45:55+00:00\",\"description\":\"Trouvez toute l\u2019information n\u00e9cessaire concernant l\u2019AGA de l\u2019AAINB 2026 ici.\",\"breadcrumb\":{\"@id\":\"https:\/\/www.nbrea.ca\/fr\/about-nbrea-fr\/agm-2026\/#breadcrumb\"},\"inLanguage\":\"fr-FR\",\"potentialAction\":[{\"@type\":\"ReadAction\",\"target\":[\"https:\/\/www.nbrea.ca\/fr\/about-nbrea-fr\/agm-2026\/\"]}]},{\"@type\":\"ImageObject\",\"inLanguage\":\"fr-FR\",\"@id\":\"https:\/\/www.nbrea.ca\/fr\/about-nbrea-fr\/agm-2026\/#primaryimage\",\"url\":\"https:\/\/www.nbrea.ca\/wp-content\/uploads\/2020\/08\/shutterstock_358977299-scaled-e1597738112727.jpg\",\"contentUrl\":\"https:\/\/www.nbrea.ca\/wp-content\/uploads\/2020\/08\/shutterstock_358977299-scaled-e1597738112727.jpg\",\"width\":1000,\"height\":462},{\"@type\":\"BreadcrumbList\",\"@id\":\"https:\/\/www.nbrea.ca\/fr\/about-nbrea-fr\/agm-2026\/#breadcrumb\",\"itemListElement\":[{\"@type\":\"ListItem\",\"position\":1,\"name\":\"Home\",\"item\":\"https:\/\/www.nbrea.ca\/fr\/\"},{\"@type\":\"ListItem\",\"position\":2,\"name\":\"\u00c0 propos de l&rsquo;AAINB\",\"item\":\"https:\/\/www.nbrea.ca\/fr\/about-nbrea-fr\/\"},{\"@type\":\"ListItem\",\"position\":3,\"name\":\"Assembl\u00e9e g\u00e9n\u00e9rale annuelle 2026\"}]},{\"@type\":\"WebSite\",\"@id\":\"https:\/\/www.nbrea.ca\/fr\/#website\",\"url\":\"https:\/\/www.nbrea.ca\/fr\/\",\"name\":\"AAINB | L\u2019Association des agents immobiliers du Nouveau-Brunswick\",\"description\":\"\",\"publisher\":{\"@id\":\"https:\/\/www.nbrea.ca\/fr\/#organization\"},\"potentialAction\":[{\"@type\":\"SearchAction\",\"target\":{\"@type\":\"EntryPoint\",\"urlTemplate\":\"https:\/\/www.nbrea.ca\/fr\/?s={search_term_string}\"},\"query-input\":{\"@type\":\"PropertyValueSpecification\",\"valueRequired\":true,\"valueName\":\"search_term_string\"}}],\"inLanguage\":\"fr-FR\"},{\"@type\":\"Organization\",\"@id\":\"https:\/\/www.nbrea.ca\/fr\/#organization\",\"name\":\"NBREA - New Brunswick Real Estate Association\",\"url\":\"https:\/\/www.nbrea.ca\/fr\/\",\"logo\":{\"@type\":\"ImageObject\",\"inLanguage\":\"fr-FR\",\"@id\":\"https:\/\/www.nbrea.ca\/fr\/#\/schema\/logo\/image\/\",\"url\":\"https:\/\/www.nbrea.ca\/wp-content\/uploads\/2020\/10\/NBREA_logo_version1.png\",\"contentUrl\":\"https:\/\/www.nbrea.ca\/wp-content\/uploads\/2020\/10\/NBREA_logo_version1.png\",\"width\":2040,\"height\":657,\"caption\":\"NBREA - New Brunswick Real Estate Association\"},\"image\":{\"@id\":\"https:\/\/www.nbrea.ca\/fr\/#\/schema\/logo\/image\/\"},\"sameAs\":[\"https:\/\/www.facebook.com\/NBREALTORS\",\"https:\/\/x.com\/NBREALTORS\",\"https:\/\/www.instagram.com\/nbrea1\/\",\"https:\/\/www.youtube.com\/channel\/UCcYr6HJ8LADBhtE_O6pxEZQ\/\"]}]}<\/script>\n<!-- \/ Yoast SEO plugin. -->","yoast_head_json":{"title":"Assembl\u00e9e g\u00e9n\u00e9rale annuelle 2026 | AAINB | L\u2019Association des agents immobiliers du Nouveau-Brunswick","description":"Trouvez toute l\u2019information n\u00e9cessaire concernant l\u2019AGA de l\u2019AAINB 2026 ici.","robots":{"index":"index","follow":"follow","max-snippet":"max-snippet:-1","max-image-preview":"max-image-preview:large","max-video-preview":"max-video-preview:-1"},"canonical":"https:\/\/www.nbrea.ca\/fr\/about-nbrea-fr\/agm-2026\/","og_locale":"fr_FR","og_type":"article","og_title":"Assembl\u00e9e g\u00e9n\u00e9rale annuelle 2026 | AAINB | L\u2019Association des agents immobiliers du Nouveau-Brunswick","og_description":"Trouvez toute l\u2019information n\u00e9cessaire concernant l\u2019AGA de l\u2019AAINB 2026 ici.","og_url":"https:\/\/www.nbrea.ca\/fr\/about-nbrea-fr\/agm-2026\/","og_site_name":"AAINB | L\u2019Association des agents immobiliers du Nouveau-Brunswick","article_publisher":"https:\/\/www.facebook.com\/NBREALTORS","article_modified_time":"2026-04-10T13:45:55+00:00","og_image":[{"width":1000,"height":462,"url":"https:\/\/www.nbrea.ca\/wp-content\/uploads\/2020\/08\/shutterstock_358977299-scaled-e1597738112727.jpg","type":"image\/jpeg"}],"twitter_card":"summary_large_image","twitter_site":"@NBREALTORS","twitter_misc":{"Dur\u00e9e de lecture estim\u00e9e":"1 minute"},"schema":{"@context":"https:\/\/schema.org","@graph":[{"@type":"WebPage","@id":"https:\/\/www.nbrea.ca\/fr\/about-nbrea-fr\/agm-2026\/","url":"https:\/\/www.nbrea.ca\/fr\/about-nbrea-fr\/agm-2026\/","name":"Assembl\u00e9e g\u00e9n\u00e9rale annuelle 2026 | AAINB | L\u2019Association des agents immobiliers du Nouveau-Brunswick","isPartOf":{"@id":"https:\/\/www.nbrea.ca\/fr\/#website"},"primaryImageOfPage":{"@id":"https:\/\/www.nbrea.ca\/fr\/about-nbrea-fr\/agm-2026\/#primaryimage"},"image":{"@id":"https:\/\/www.nbrea.ca\/fr\/about-nbrea-fr\/agm-2026\/#primaryimage"},"thumbnailUrl":"https:\/\/www.nbrea.ca\/wp-content\/uploads\/2020\/08\/shutterstock_358977299-scaled-e1597738112727.jpg","datePublished":"2020-08-17T06:54:10+00:00","dateModified":"2026-04-10T13:45:55+00:00","description":"Trouvez toute l\u2019information n\u00e9cessaire concernant l\u2019AGA de l\u2019AAINB 2026 ici.","breadcrumb":{"@id":"https:\/\/www.nbrea.ca\/fr\/about-nbrea-fr\/agm-2026\/#breadcrumb"},"inLanguage":"fr-FR","potentialAction":[{"@type":"ReadAction","target":["https:\/\/www.nbrea.ca\/fr\/about-nbrea-fr\/agm-2026\/"]}]},{"@type":"ImageObject","inLanguage":"fr-FR","@id":"https:\/\/www.nbrea.ca\/fr\/about-nbrea-fr\/agm-2026\/#primaryimage","url":"https:\/\/www.nbrea.ca\/wp-content\/uploads\/2020\/08\/shutterstock_358977299-scaled-e1597738112727.jpg","contentUrl":"https:\/\/www.nbrea.ca\/wp-content\/uploads\/2020\/08\/shutterstock_358977299-scaled-e1597738112727.jpg","width":1000,"height":462},{"@type":"BreadcrumbList","@id":"https:\/\/www.nbrea.ca\/fr\/about-nbrea-fr\/agm-2026\/#breadcrumb","itemListElement":[{"@type":"ListItem","position":1,"name":"Home","item":"https:\/\/www.nbrea.ca\/fr\/"},{"@type":"ListItem","position":2,"name":"\u00c0 propos de l&rsquo;AAINB","item":"https:\/\/www.nbrea.ca\/fr\/about-nbrea-fr\/"},{"@type":"ListItem","position":3,"name":"Assembl\u00e9e g\u00e9n\u00e9rale annuelle 2026"}]},{"@type":"WebSite","@id":"https:\/\/www.nbrea.ca\/fr\/#website","url":"https:\/\/www.nbrea.ca\/fr\/","name":"AAINB | L\u2019Association des agents immobiliers du Nouveau-Brunswick","description":"","publisher":{"@id":"https:\/\/www.nbrea.ca\/fr\/#organization"},"potentialAction":[{"@type":"SearchAction","target":{"@type":"EntryPoint","urlTemplate":"https:\/\/www.nbrea.ca\/fr\/?s={search_term_string}"},"query-input":{"@type":"PropertyValueSpecification","valueRequired":true,"valueName":"search_term_string"}}],"inLanguage":"fr-FR"},{"@type":"Organization","@id":"https:\/\/www.nbrea.ca\/fr\/#organization","name":"NBREA - New Brunswick Real Estate Association","url":"https:\/\/www.nbrea.ca\/fr\/","logo":{"@type":"ImageObject","inLanguage":"fr-FR","@id":"https:\/\/www.nbrea.ca\/fr\/#\/schema\/logo\/image\/","url":"https:\/\/www.nbrea.ca\/wp-content\/uploads\/2020\/10\/NBREA_logo_version1.png","contentUrl":"https:\/\/www.nbrea.ca\/wp-content\/uploads\/2020\/10\/NBREA_logo_version1.png","width":2040,"height":657,"caption":"NBREA - New Brunswick Real Estate Association"},"image":{"@id":"https:\/\/www.nbrea.ca\/fr\/#\/schema\/logo\/image\/"},"sameAs":["https:\/\/www.facebook.com\/NBREALTORS","https:\/\/x.com\/NBREALTORS","https:\/\/www.instagram.com\/nbrea1\/","https:\/\/www.youtube.com\/channel\/UCcYr6HJ8LADBhtE_O6pxEZQ\/"]}]}},"_links":{"self":[{"href":"https:\/\/www.nbrea.ca\/fr\/wp-json\/wp\/v2\/pages\/690","targetHints":{"allow":["GET"]}}],"collection":[{"href":"https:\/\/www.nbrea.ca\/fr\/wp-json\/wp\/v2\/pages"}],"about":[{"href":"https:\/\/www.nbrea.ca\/fr\/wp-json\/wp\/v2\/types\/page"}],"author":[{"embeddable":true,"href":"https:\/\/www.nbrea.ca\/fr\/wp-json\/wp\/v2\/users\/2"}],"replies":[{"embeddable":true,"href":"https:\/\/www.nbrea.ca\/fr\/wp-json\/wp\/v2\/comments?post=690"}],"version-history":[{"count":74,"href":"https:\/\/www.nbrea.ca\/fr\/wp-json\/wp\/v2\/pages\/690\/revisions"}],"predecessor-version":[{"id":7721,"href":"https:\/\/www.nbrea.ca\/fr\/wp-json\/wp\/v2\/pages\/690\/revisions\/7721"}],"up":[{"embeddable":true,"href":"https:\/\/www.nbrea.ca\/fr\/wp-json\/wp\/v2\/pages\/728"}],"wp:featuredmedia":[{"embeddable":true,"href":"https:\/\/www.nbrea.ca\/fr\/wp-json\/wp\/v2\/media\/4786"}],"wp:attachment":[{"href":"https:\/\/www.nbrea.ca\/fr\/wp-json\/wp\/v2\/media?parent=690"}],"curies":[{"name":"wp","href":"https:\/\/api.w.org\/{rel}","templated":true}]}}