{"id":728,"date":"2020-09-16T14:30:56","date_gmt":"2020-09-16T14:30:56","guid":{"rendered":"https:\/\/www.nbrea.ca\/?page_id=728"},"modified":"2023-07-27T09:26:22","modified_gmt":"2023-07-27T12:26:22","slug":"about-nbrea-fr","status":"publish","type":"page","link":"https:\/\/www.nbrea.ca\/fr\/about-nbrea-fr\/","title":{"rendered":"\u00c0 propos de l&rsquo;AAINB"},"content":{"rendered":"<div class=\"base-section\"><div class=\"container\">\n<h1 class=\"wp-block-heading has-vivid-cyan-blue-color has-text-color\">Qu\u2019est-ce que l\u2019AAINB?<\/h1>\n<\/div><\/div>\n\n<div class=\"base-section\"><div class=\"container\">\n<p>L\u2019Association des agents immobiliers du Nouveau-Brunswick (AAINB) est une association provinciale d\u2019AGENTS IMMOBILIERS qui, ensemble, travaillent au renforcement et \u00e0 la promotion des normes de leur profession. L\u2019AAINB a \u00e9t\u00e9 constitu\u00e9e en 1958 et repr\u00e9sente aujourd\u2019hui plus de 1400 agents, vendeurs, et membres affili\u00e9s partout dans la province.<\/p>\n<\/div><\/div>\n\n<div class=\"base-section\"><div class=\"container\">\n<h4 class=\"wp-block-heading\"><strong>MISSION<\/strong><\/h4>\n<\/div><\/div>\n\n<div class=\"base-section\"><div class=\"container\">\n<p>L\u2019Association r\u00e9glemente, d\u00e9fend et \u00e9duque ses membres \u00e0 faire progresser la profession et \u00e0 prot\u00e9ger l\u2019int\u00e9r\u00eat public.<\/p>\n<\/div><\/div>\n\n<div class=\"base-section\"><div class=\"container\">\n<h4 class=\"wp-block-heading\"><strong>VISION <\/strong><\/h4>\n<\/div><\/div>\n\n<div class=\"base-section\"><div class=\"container\">\n<p>Agent immobiliers b\u00e9n\u00e9\ufb01cient d!un niveau \u00e9lev\u00e9 de respect et de con\ufb01ance du public.<\/p>\n<\/div><\/div>\n\n<div class=\"base-section\"><div class=\"container\">\n<h4 class=\"wp-block-heading\"><strong>VALEURS<\/strong><\/h4>\n<\/div><\/div>\n\n<div class=\"base-section\"><div class=\"container\">\n<p>Notre vision est bas\u00e9e su les valeurs suivantes :<\/p>\n<\/div><\/div>\n\n<div class=\"base-section\"><div class=\"container\">\n<ul class=\"wp-block-list\">\n<li>Int\u00e9grit\u00e9<\/li>\n\n\n\n<li>Professionnalisme<\/li>\n\n\n\n<li>\u00c9thique<\/li>\n\n\n\n<li>Leadership<\/li>\n<\/ul>\n<\/div><\/div>\n\n<div class=\"base-section\"><div class=\"container\">\n<p><strong>L\u2019Association s\u2019engage \u00e0 prot\u00e9ger les int\u00e9r\u00eats des acheteurs et propri\u00e9taires-vendeurs de biens immobiliers au Nouveau-Brunswick en:<\/strong><\/p>\n<\/div><\/div>\n\n<div class=\"base-section\"><div class=\"container\">\n<ul class=\"wp-block-list\">\n<li>fixant et en tenant \u00e0 jour des normes de comp\u00e9tence \u00e0 l\u2019intention des agents immobiliers, g\u00e9rants et vendeurs;<\/li>\n\n\n\n<li>proposant \u00e0 ses membres des formations, notamment pour obtenir son permis d\u2019agent, ainsi que des formations continues;<\/li>\n\n\n\n<li>sensibilisant le public au r\u00f4le de l\u2019Association;<\/li>\n\n\n\n<li>veillant au respect des normes de conduite professionnelle, telles qu\u2019elles sont \u00e9nonc\u00e9es dans le Code du secteur immobilier de l\u2019ACI.<\/li>\n<\/ul>\n<\/div><\/div>\n\n<div class=\"base-section\"><div class=\"container\">\n<p><\/p>\n<\/div><\/div>\n\n<div class=\"base-section\"><div class=\"container\">\n<figure class=\"wp-block-image size-large\"><img decoding=\"async\" width=\"272\" height=\"82\" src=\"https:\/\/www.nbrea.ca\/wp-content\/uploads\/2020\/08\/FCC-Logo.png\" alt=\"\" class=\"wp-image-328\"\/><\/figure>\n<\/div><\/div>\n\n<div class=\"base-section\"><div class=\"container\">\n<p>Au Nouveau-Brunswick, le secteur de l\u2019immobilier est r\u00e9glement\u00e9 de mani\u00e8re conjointe par l\u2019AAINB et le gouvernement provincial, par l\u2019entremise de la Commission des services financiers et des services aux consommateurs. Ces deux organismes d\u00e9cident de l\u2019adh\u00e9sion des membres, du maintien de leur adh\u00e9sion ainsi que de leur conduite. Les responsabilit\u00e9s de la Commission des services financiers et des services aux consommateurs sont les suivantes:<\/p>\n<\/div><\/div>\n\n<div class=\"base-section\"><div class=\"container\">\n<ul class=\"wp-block-list\">\n<li>r\u00e9glementer le secteur en partenariat avec l\u2019AAINB;<\/li>\n\n\n\n<li>octroyer des permis aux agents, gestionnaires et vendeurs immobiliers;<\/li>\n\n\n\n<li>examiner et traiter les plaintes en vertu de la Loi sur les agents immobiliers;<\/li>\n\n\n\n<li>r\u00e9pondre aux demandes de renseignements et \u00e9duquer les consommateurs;<\/li>\n\n\n\n<li>administrer et faire appliquer la Loi sur les agents immobiliers;<\/li>\n\n\n\n<li>v\u00e9rifier le casier judiciaire de chaque demandeur de permis;<\/li>\n\n\n\n<li>fournir l\u2019approbation minist\u00e9rielle pour tous les cours de l\u2019AAINB li\u00e9s \u00e0 l\u2019obtention d\u2019un permis ainsi que les programmes obligatoires de formation permanente.<\/li>\n<\/ul>\n<\/div><\/div>\n\n\n\t<div class=\"container\">\n\t\t<div class=\"cards-block\">\n\t\t\t\t\t\t\t<div class=\"card-item\">\n\t\t\t\t\t\t\t\t\t\t\t<img decoding=\"async\" src=\"https:\/\/www.nbrea.ca\/wp-content\/uploads\/2020\/09\/john-schnobrich-yFbyvpEGHFQ-unsplash-1-550x550.jpg\" alt=\"\" >\n\t\t\t\t\t\t\t\t\t\t<div class=\"text-holder\">\n\t\t\t\t\t\t\t\t\t\t\t\t\t<h2>Liens associ\u00e9s<\/h2>\n\t\t\t\t\t\t\t\t\t\t\t<\/div>\n\t\t\t\t\t\t\t\t\t\t\t<a href=\"https:\/\/www.nbrea.ca\/fr\/liens-associes\/\"><\/a>\n\t\t\t\t\t\t\t\t\t<\/div>\n\t\t\t\t\t\t\t<div class=\"card-item\">\n\t\t\t\t\t\t\t\t\t\t\t<img decoding=\"async\" src=\"https:\/\/www.nbrea.ca\/wp-content\/uploads\/2020\/10\/Row-of-Houses-550x550.jpg\" alt=\"\" >\n\t\t\t\t\t\t\t\t\t\t<div class=\"text-holder\">\n\t\t\t\t\t\t\t\t\t\t\t\t\t<h2>Opportinit\u00e9s de carri\u00e8re avec l&rsquo;AAINB<\/h2>\n\t\t\t\t\t\t\t\t\t\t\t<\/div>\n\t\t\t\t\t\t\t\t\t\t\t<a href=\"https:\/\/www.nbrea.ca\/fr\/opportunites-de-carriere-avec-laainb\/\"><\/a>\n\t\t\t\t\t\t\t\t\t<\/div>\n\t\t\t\t\t<\/div>\n\t<\/div>\n","protected":false},"excerpt":{"rendered":"<p>Qu\u2019est-ce que l\u2019AAINB? L\u2019Association des agents immobiliers du Nouveau-Brunswick (AAINB) est une association provinciale d\u2019AGENTS IMMOBILIERS qui, ensemble, travaillent au renforcement et \u00e0 la promotion des normes de leur profession. L\u2019AAINB a \u00e9t\u00e9 constitu\u00e9e en 1958 et repr\u00e9sente aujourd\u2019hui plus de 1400 agents, vendeurs, et membres affili\u00e9s partout dans la province. MISSION L\u2019Association r\u00e9glemente, d\u00e9fend [&hellip;]<\/p>\n","protected":false},"author":2,"featured_media":333,"parent":0,"menu_order":0,"comment_status":"closed","ping_status":"closed","template":"","meta":{"_acf_changed":false,"inline_featured_image":false,"footnotes":""},"class_list":["post-728","page","type-page","status-publish","has-post-thumbnail","hentry"],"acf":[],"yoast_head":"<!-- This site is optimized with the Yoast SEO plugin v24.3 - https:\/\/yoast.com\/wordpress\/plugins\/seo\/ -->\n<title>\u00c0 propos de l&#039;AAINB | AAINB | L\u2019Association des agents immobiliers du Nouveau-Brunswick<\/title>\n<meta name=\"description\" content=\"The New Brunswick Real Estate Association (NBREA) is a provincial association for REALTORS\u00ae workingtogether to strengthen and promote standards of professionalism in the industry. We are also partners inprotecting the public\u2019s interest within Real Estate in cooperation with our co-regulating partners The Financialand Consumer Services Commission (FCNB)\" \/>\n<meta name=\"robots\" content=\"index, follow, max-snippet:-1, max-image-preview:large, max-video-preview:-1\" \/>\n<link rel=\"canonical\" href=\"https:\/\/www.nbrea.ca\/fr\/about-nbrea-fr\/\" \/>\n<meta property=\"og:locale\" content=\"fr_FR\" \/>\n<meta property=\"og:type\" content=\"article\" \/>\n<meta property=\"og:title\" content=\"\u00c0 propos de l&#039;AAINB | AAINB | L\u2019Association des agents immobiliers du Nouveau-Brunswick\" \/>\n<meta property=\"og:description\" content=\"The New Brunswick Real Estate Association (NBREA) is a provincial association for REALTORS\u00ae workingtogether to strengthen and promote standards of professionalism in the industry. We are also partners inprotecting the public\u2019s interest within Real Estate in cooperation with our co-regulating partners The Financialand Consumer Services Commission (FCNB)\" \/>\n<meta property=\"og:url\" content=\"https:\/\/www.nbrea.ca\/fr\/about-nbrea-fr\/\" \/>\n<meta property=\"og:site_name\" content=\"AAINB | L\u2019Association des agents immobiliers du Nouveau-Brunswick\" \/>\n<meta property=\"article:publisher\" content=\"https:\/\/www.facebook.com\/NBREALTORS\" \/>\n<meta property=\"article:modified_time\" content=\"2023-07-27T12:26:22+00:00\" \/>\n<meta property=\"og:image\" content=\"https:\/\/www.nbrea.ca\/wp-content\/uploads\/2020\/08\/shutterstock_162320426-1024x674.jpg\" \/>\n\t<meta property=\"og:image:width\" content=\"1024\" \/>\n\t<meta property=\"og:image:height\" content=\"674\" \/>\n\t<meta property=\"og:image:type\" content=\"image\/jpeg\" \/>\n<meta name=\"twitter:card\" content=\"summary_large_image\" \/>\n<meta name=\"twitter:site\" content=\"@NBREALTORS\" \/>\n<meta name=\"twitter:label1\" content=\"Dur\u00e9e de lecture estim\u00e9e\" \/>\n\t<meta name=\"twitter:data1\" content=\"2 minutes\" \/>\n<script type=\"application\/ld+json\" class=\"yoast-schema-graph\">{\"@context\":\"https:\/\/schema.org\",\"@graph\":[{\"@type\":\"WebPage\",\"@id\":\"https:\/\/www.nbrea.ca\/fr\/about-nbrea-fr\/\",\"url\":\"https:\/\/www.nbrea.ca\/fr\/about-nbrea-fr\/\",\"name\":\"\u00c0 propos de l'AAINB | AAINB | L\u2019Association des agents immobiliers du Nouveau-Brunswick\",\"isPartOf\":{\"@id\":\"https:\/\/www.nbrea.ca\/fr\/#website\"},\"primaryImageOfPage\":{\"@id\":\"https:\/\/www.nbrea.ca\/fr\/about-nbrea-fr\/#primaryimage\"},\"image\":{\"@id\":\"https:\/\/www.nbrea.ca\/fr\/about-nbrea-fr\/#primaryimage\"},\"thumbnailUrl\":\"https:\/\/www.nbrea.ca\/wp-content\/uploads\/2020\/08\/shutterstock_162320426.jpg\",\"datePublished\":\"2020-09-16T14:30:56+00:00\",\"dateModified\":\"2023-07-27T12:26:22+00:00\",\"description\":\"The New Brunswick Real Estate Association (NBREA) is a provincial association for REALTORS\u00ae workingtogether to strengthen and promote standards of professionalism in the industry. We are also partners inprotecting the public\u2019s interest within Real Estate in cooperation with our co-regulating partners The Financialand Consumer Services Commission (FCNB)\",\"breadcrumb\":{\"@id\":\"https:\/\/www.nbrea.ca\/fr\/about-nbrea-fr\/#breadcrumb\"},\"inLanguage\":\"fr-FR\",\"potentialAction\":[{\"@type\":\"ReadAction\",\"target\":[\"https:\/\/www.nbrea.ca\/fr\/about-nbrea-fr\/\"]}]},{\"@type\":\"ImageObject\",\"inLanguage\":\"fr-FR\",\"@id\":\"https:\/\/www.nbrea.ca\/fr\/about-nbrea-fr\/#primaryimage\",\"url\":\"https:\/\/www.nbrea.ca\/wp-content\/uploads\/2020\/08\/shutterstock_162320426.jpg\",\"contentUrl\":\"https:\/\/www.nbrea.ca\/wp-content\/uploads\/2020\/08\/shutterstock_162320426.jpg\",\"width\":2560,\"height\":1686},{\"@type\":\"BreadcrumbList\",\"@id\":\"https:\/\/www.nbrea.ca\/fr\/about-nbrea-fr\/#breadcrumb\",\"itemListElement\":[{\"@type\":\"ListItem\",\"position\":1,\"name\":\"Home\",\"item\":\"https:\/\/www.nbrea.ca\/fr\/\"},{\"@type\":\"ListItem\",\"position\":2,\"name\":\"\u00c0 propos de l&rsquo;AAINB\"}]},{\"@type\":\"WebSite\",\"@id\":\"https:\/\/www.nbrea.ca\/fr\/#website\",\"url\":\"https:\/\/www.nbrea.ca\/fr\/\",\"name\":\"AAINB | L\u2019Association des agents immobiliers du Nouveau-Brunswick\",\"description\":\"\",\"publisher\":{\"@id\":\"https:\/\/www.nbrea.ca\/fr\/#organization\"},\"potentialAction\":[{\"@type\":\"SearchAction\",\"target\":{\"@type\":\"EntryPoint\",\"urlTemplate\":\"https:\/\/www.nbrea.ca\/fr\/?s={search_term_string}\"},\"query-input\":{\"@type\":\"PropertyValueSpecification\",\"valueRequired\":true,\"valueName\":\"search_term_string\"}}],\"inLanguage\":\"fr-FR\"},{\"@type\":\"Organization\",\"@id\":\"https:\/\/www.nbrea.ca\/fr\/#organization\",\"name\":\"NBREA - New Brunswick Real Estate Association\",\"url\":\"https:\/\/www.nbrea.ca\/fr\/\",\"logo\":{\"@type\":\"ImageObject\",\"inLanguage\":\"fr-FR\",\"@id\":\"https:\/\/www.nbrea.ca\/fr\/#\/schema\/logo\/image\/\",\"url\":\"https:\/\/www.nbrea.ca\/wp-content\/uploads\/2020\/10\/NBREA_logo_version1.png\",\"contentUrl\":\"https:\/\/www.nbrea.ca\/wp-content\/uploads\/2020\/10\/NBREA_logo_version1.png\",\"width\":2040,\"height\":657,\"caption\":\"NBREA - New Brunswick Real Estate Association\"},\"image\":{\"@id\":\"https:\/\/www.nbrea.ca\/fr\/#\/schema\/logo\/image\/\"},\"sameAs\":[\"https:\/\/www.facebook.com\/NBREALTORS\",\"https:\/\/x.com\/NBREALTORS\",\"https:\/\/www.instagram.com\/nbrea1\/\",\"https:\/\/www.youtube.com\/channel\/UCcYr6HJ8LADBhtE_O6pxEZQ\/\"]}]}<\/script>\n<!-- \/ Yoast SEO plugin. -->","yoast_head_json":{"title":"\u00c0 propos de l'AAINB | AAINB | L\u2019Association des agents immobiliers du Nouveau-Brunswick","description":"The New Brunswick Real Estate Association (NBREA) is a provincial association for REALTORS\u00ae workingtogether to strengthen and promote standards of professionalism in the industry. We are also partners inprotecting the public\u2019s interest within Real Estate in cooperation with our co-regulating partners The Financialand Consumer Services Commission (FCNB)","robots":{"index":"index","follow":"follow","max-snippet":"max-snippet:-1","max-image-preview":"max-image-preview:large","max-video-preview":"max-video-preview:-1"},"canonical":"https:\/\/www.nbrea.ca\/fr\/about-nbrea-fr\/","og_locale":"fr_FR","og_type":"article","og_title":"\u00c0 propos de l'AAINB | AAINB | L\u2019Association des agents immobiliers du Nouveau-Brunswick","og_description":"The New Brunswick Real Estate Association (NBREA) is a provincial association for REALTORS\u00ae workingtogether to strengthen and promote standards of professionalism in the industry. We are also partners inprotecting the public\u2019s interest within Real Estate in cooperation with our co-regulating partners The Financialand Consumer Services Commission (FCNB)","og_url":"https:\/\/www.nbrea.ca\/fr\/about-nbrea-fr\/","og_site_name":"AAINB | L\u2019Association des agents immobiliers du Nouveau-Brunswick","article_publisher":"https:\/\/www.facebook.com\/NBREALTORS","article_modified_time":"2023-07-27T12:26:22+00:00","og_image":[{"width":1024,"height":674,"url":"https:\/\/www.nbrea.ca\/wp-content\/uploads\/2020\/08\/shutterstock_162320426-1024x674.jpg","type":"image\/jpeg"}],"twitter_card":"summary_large_image","twitter_site":"@NBREALTORS","twitter_misc":{"Dur\u00e9e de lecture estim\u00e9e":"2 minutes"},"schema":{"@context":"https:\/\/schema.org","@graph":[{"@type":"WebPage","@id":"https:\/\/www.nbrea.ca\/fr\/about-nbrea-fr\/","url":"https:\/\/www.nbrea.ca\/fr\/about-nbrea-fr\/","name":"\u00c0 propos de l'AAINB | AAINB | L\u2019Association des agents immobiliers du Nouveau-Brunswick","isPartOf":{"@id":"https:\/\/www.nbrea.ca\/fr\/#website"},"primaryImageOfPage":{"@id":"https:\/\/www.nbrea.ca\/fr\/about-nbrea-fr\/#primaryimage"},"image":{"@id":"https:\/\/www.nbrea.ca\/fr\/about-nbrea-fr\/#primaryimage"},"thumbnailUrl":"https:\/\/www.nbrea.ca\/wp-content\/uploads\/2020\/08\/shutterstock_162320426.jpg","datePublished":"2020-09-16T14:30:56+00:00","dateModified":"2023-07-27T12:26:22+00:00","description":"The New Brunswick Real Estate Association (NBREA) is a provincial association for REALTORS\u00ae workingtogether to strengthen and promote standards of professionalism in the industry. We are also partners inprotecting the public\u2019s interest within Real Estate in cooperation with our co-regulating partners The Financialand Consumer Services Commission (FCNB)","breadcrumb":{"@id":"https:\/\/www.nbrea.ca\/fr\/about-nbrea-fr\/#breadcrumb"},"inLanguage":"fr-FR","potentialAction":[{"@type":"ReadAction","target":["https:\/\/www.nbrea.ca\/fr\/about-nbrea-fr\/"]}]},{"@type":"ImageObject","inLanguage":"fr-FR","@id":"https:\/\/www.nbrea.ca\/fr\/about-nbrea-fr\/#primaryimage","url":"https:\/\/www.nbrea.ca\/wp-content\/uploads\/2020\/08\/shutterstock_162320426.jpg","contentUrl":"https:\/\/www.nbrea.ca\/wp-content\/uploads\/2020\/08\/shutterstock_162320426.jpg","width":2560,"height":1686},{"@type":"BreadcrumbList","@id":"https:\/\/www.nbrea.ca\/fr\/about-nbrea-fr\/#breadcrumb","itemListElement":[{"@type":"ListItem","position":1,"name":"Home","item":"https:\/\/www.nbrea.ca\/fr\/"},{"@type":"ListItem","position":2,"name":"\u00c0 propos de l&rsquo;AAINB"}]},{"@type":"WebSite","@id":"https:\/\/www.nbrea.ca\/fr\/#website","url":"https:\/\/www.nbrea.ca\/fr\/","name":"AAINB | L\u2019Association des agents immobiliers du Nouveau-Brunswick","description":"","publisher":{"@id":"https:\/\/www.nbrea.ca\/fr\/#organization"},"potentialAction":[{"@type":"SearchAction","target":{"@type":"EntryPoint","urlTemplate":"https:\/\/www.nbrea.ca\/fr\/?s={search_term_string}"},"query-input":{"@type":"PropertyValueSpecification","valueRequired":true,"valueName":"search_term_string"}}],"inLanguage":"fr-FR"},{"@type":"Organization","@id":"https:\/\/www.nbrea.ca\/fr\/#organization","name":"NBREA - New Brunswick Real Estate Association","url":"https:\/\/www.nbrea.ca\/fr\/","logo":{"@type":"ImageObject","inLanguage":"fr-FR","@id":"https:\/\/www.nbrea.ca\/fr\/#\/schema\/logo\/image\/","url":"https:\/\/www.nbrea.ca\/wp-content\/uploads\/2020\/10\/NBREA_logo_version1.png","contentUrl":"https:\/\/www.nbrea.ca\/wp-content\/uploads\/2020\/10\/NBREA_logo_version1.png","width":2040,"height":657,"caption":"NBREA - New Brunswick Real Estate Association"},"image":{"@id":"https:\/\/www.nbrea.ca\/fr\/#\/schema\/logo\/image\/"},"sameAs":["https:\/\/www.facebook.com\/NBREALTORS","https:\/\/x.com\/NBREALTORS","https:\/\/www.instagram.com\/nbrea1\/","https:\/\/www.youtube.com\/channel\/UCcYr6HJ8LADBhtE_O6pxEZQ\/"]}]}},"_links":{"self":[{"href":"https:\/\/www.nbrea.ca\/fr\/wp-json\/wp\/v2\/pages\/728","targetHints":{"allow":["GET"]}}],"collection":[{"href":"https:\/\/www.nbrea.ca\/fr\/wp-json\/wp\/v2\/pages"}],"about":[{"href":"https:\/\/www.nbrea.ca\/fr\/wp-json\/wp\/v2\/types\/page"}],"author":[{"embeddable":true,"href":"https:\/\/www.nbrea.ca\/fr\/wp-json\/wp\/v2\/users\/2"}],"replies":[{"embeddable":true,"href":"https:\/\/www.nbrea.ca\/fr\/wp-json\/wp\/v2\/comments?post=728"}],"version-history":[{"count":13,"href":"https:\/\/www.nbrea.ca\/fr\/wp-json\/wp\/v2\/pages\/728\/revisions"}],"predecessor-version":[{"id":5187,"href":"https:\/\/www.nbrea.ca\/fr\/wp-json\/wp\/v2\/pages\/728\/revisions\/5187"}],"wp:featuredmedia":[{"embeddable":true,"href":"https:\/\/www.nbrea.ca\/fr\/wp-json\/wp\/v2\/media\/333"}],"wp:attachment":[{"href":"https:\/\/www.nbrea.ca\/fr\/wp-json\/wp\/v2\/media?parent=728"}],"curies":[{"name":"wp","href":"https:\/\/api.w.org\/{rel}","templated":true}]}}