{"id":836,"date":"2020-09-24T09:45:15","date_gmt":"2020-09-24T12:45:15","guid":{"rendered":"https:\/\/www.nbrea.ca\/?page_id=836"},"modified":"2026-03-05T14:00:51","modified_gmt":"2026-03-05T17:00:51","slug":"2023-2024-board-of-directors-of-nbrea","status":"publish","type":"page","link":"https:\/\/www.nbrea.ca\/fr\/2023-2024-board-of-directors-of-nbrea\/","title":{"rendered":"Conseil d\u2019administration de l\u2019AAINB de 2025\/2026"},"content":{"rendered":"<div class=\"base-section\"><div class=\"container\">\n<h1 class=\"wp-block-heading has-text-color has-link-color wp-elements-a40055542ff39bb33c3bbdd2a4feb12c\" style=\"color:#204c8f\">Conseil d\u2019administration de l\u2019AAINB de 2025\/2026<\/h1>\n<\/div><\/div>\n\n\n<div class=\"wp-block-columns is-layout-flex wp-container-core-columns-is-layout-1 wp-block-columns-is-layout-flex\">\n<div class=\"wp-block-column is-layout-flow wp-block-column-is-layout-flow\">\n<div class=\"wp-block-media-text is-stacked-on-mobile is-image-fill-element\"><figure class=\"wp-block-media-text__media\"><img decoding=\"async\" width=\"1024\" height=\"1024\" src=\"https:\/\/www.nbrea.ca\/wp-content\/uploads\/2026\/03\/28A9CF40-5CD5-499C-823C-A54C5C94C897.png\" alt=\"\" class=\"wp-image-7572 size-full\" style=\"object-position:50% 50%\" srcset=\"https:\/\/www.nbrea.ca\/wp-content\/uploads\/2026\/03\/28A9CF40-5CD5-499C-823C-A54C5C94C897.png 1024w, https:\/\/www.nbrea.ca\/wp-content\/uploads\/2026\/03\/28A9CF40-5CD5-499C-823C-A54C5C94C897-300x300.png 300w, https:\/\/www.nbrea.ca\/wp-content\/uploads\/2026\/03\/28A9CF40-5CD5-499C-823C-A54C5C94C897-150x150.png 150w, https:\/\/www.nbrea.ca\/wp-content\/uploads\/2026\/03\/28A9CF40-5CD5-499C-823C-A54C5C94C897-768x768.png 768w, https:\/\/www.nbrea.ca\/wp-content\/uploads\/2026\/03\/28A9CF40-5CD5-499C-823C-A54C5C94C897-50x50.png 50w, https:\/\/www.nbrea.ca\/wp-content\/uploads\/2026\/03\/28A9CF40-5CD5-499C-823C-A54C5C94C897-550x550.png 550w\" sizes=\"(max-width: 1024px) 100vw, 1024px\" \/><\/figure><div class=\"wp-block-media-text__content\"><div class=\"base-section\"><div class=\"container\">\n<p><strong>RYAN DAVISON<br>Pr\u00e9sident<\/strong><\/p>\n<\/div><\/div><\/div><\/div>\n\n\n<div class=\"base-section\"><div class=\"container\">\n<p><\/p>\n<\/div><\/div>\n\n\n<div class=\"wp-block-group\"><div class=\"wp-block-group__inner-container is-layout-flow wp-block-group-is-layout-flow\">\n<div class=\"wp-block-group\"><div class=\"wp-block-group__inner-container is-layout-flow wp-block-group-is-layout-flow\">\n<div class=\"wp-block-group\"><div class=\"wp-block-group__inner-container is-layout-flow wp-block-group-is-layout-flow\">\n<div class=\"wp-block-group\"><div class=\"wp-block-group__inner-container is-layout-flow wp-block-group-is-layout-flow\">\n<div class=\"wp-block-media-text is-stacked-on-mobile is-image-fill-element\"><figure class=\"wp-block-media-text__media\"><img decoding=\"async\" width=\"225\" height=\"225\" src=\"https:\/\/www.nbrea.ca\/wp-content\/uploads\/2026\/03\/MROY.jpeg\" alt=\"\" class=\"wp-image-7585 size-full\" style=\"object-position:50% 50%\" srcset=\"https:\/\/www.nbrea.ca\/wp-content\/uploads\/2026\/03\/MROY.jpeg 225w, https:\/\/www.nbrea.ca\/wp-content\/uploads\/2026\/03\/MROY-150x150.jpeg 150w, https:\/\/www.nbrea.ca\/wp-content\/uploads\/2026\/03\/MROY-50x50.jpeg 50w\" sizes=\"(max-width: 225px) 100vw, 225px\" \/><\/figure><div class=\"wp-block-media-text__content\"><div class=\"base-section\"><div class=\"container\">\n<p><strong>MICHELLE ROY<br>Premier Vice <strong>Pr\u00e9sidente<\/strong><\/strong><\/p>\n<\/div><\/div><\/div><\/div>\n\n\n<div class=\"base-section\"><div class=\"container\">\n<p><\/p>\n<\/div><\/div>\n\n\n<div class=\"wp-block-media-text is-stacked-on-mobile is-image-fill-element\"><figure class=\"wp-block-media-text__media\"><img decoding=\"async\" width=\"560\" height=\"615\" src=\"https:\/\/www.nbrea.ca\/wp-content\/uploads\/2026\/03\/KDONOVAN.png\" alt=\"\" class=\"wp-image-7587 size-full\" style=\"object-position:50% 50%\" srcset=\"https:\/\/www.nbrea.ca\/wp-content\/uploads\/2026\/03\/KDONOVAN.png 560w, https:\/\/www.nbrea.ca\/wp-content\/uploads\/2026\/03\/KDONOVAN-273x300.png 273w\" sizes=\"(max-width: 560px) 100vw, 560px\" \/><\/figure><div class=\"wp-block-media-text__content\"><div class=\"base-section\"><div class=\"container\">\n<p><strong>KEVIN DONOVAN<\/strong><br><strong>Secr\u00e9taire-Tr\u00e9sorier<\/strong><\/p>\n<\/div><\/div><\/div><\/div>\n\n\n<div class=\"base-section\"><div class=\"container\">\n<p><\/p>\n<\/div><\/div>\n\n\n<div class=\"wp-block-media-text is-stacked-on-mobile is-image-fill-element\"><figure class=\"wp-block-media-text__media\"><img decoding=\"async\" width=\"731\" height=\"1024\" src=\"https:\/\/www.nbrea.ca\/wp-content\/uploads\/2024\/05\/MJOYC-1-731x1024.jpg\" alt=\"\" class=\"wp-image-6056 size-full\" style=\"object-position:37% 10%\" srcset=\"https:\/\/www.nbrea.ca\/wp-content\/uploads\/2024\/05\/MJOYC-1-731x1024.jpg 731w, https:\/\/www.nbrea.ca\/wp-content\/uploads\/2024\/05\/MJOYC-1-214x300.jpg 214w, https:\/\/www.nbrea.ca\/wp-content\/uploads\/2024\/05\/MJOYC-1-768x1075.jpg 768w, https:\/\/www.nbrea.ca\/wp-content\/uploads\/2024\/05\/MJOYC-1-1097x1536.jpg 1097w, https:\/\/www.nbrea.ca\/wp-content\/uploads\/2024\/05\/MJOYC-1-scaled.jpg 1463w\" sizes=\"(max-width: 731px) 100vw, 731px\" \/><\/figure><div class=\"wp-block-media-text__content\"><div class=\"base-section\"><div class=\"container\">\n<p><strong>MIKE JOYCE<br>Directeur<\/strong><\/p>\n<\/div><\/div><\/div><\/div>\n\n\n<div class=\"base-section\"><div class=\"container\">\n<p><\/p>\n<\/div><\/div>\n\n\n<div class=\"wp-block-media-text is-stacked-on-mobile is-image-fill-element\"><figure class=\"wp-block-media-text__media\"><img decoding=\"async\" width=\"296\" height=\"350\" src=\"https:\/\/www.nbrea.ca\/wp-content\/uploads\/2025\/05\/BRIAN.jpg\" alt=\"\" class=\"wp-image-6935 size-full\" style=\"object-position:50% 50%\" srcset=\"https:\/\/www.nbrea.ca\/wp-content\/uploads\/2025\/05\/BRIAN.jpg 296w, https:\/\/www.nbrea.ca\/wp-content\/uploads\/2025\/05\/BRIAN-254x300.jpg 254w\" sizes=\"(max-width: 296px) 100vw, 296px\" \/><\/figure><div class=\"wp-block-media-text__content\"><div class=\"base-section\"><div class=\"container\">\n<p><strong>BRIAN KEIRSTEAD<br>Directeur<\/strong><\/p>\n<\/div><\/div><\/div><\/div>\n\n\n<div class=\"base-section\"><div class=\"container\">\n<p><\/p>\n<\/div><\/div>\n\n\n<div class=\"wp-block-media-text is-stacked-on-mobile is-image-fill-element\"><figure class=\"wp-block-media-text__media\"><img decoding=\"async\" width=\"900\" height=\"1024\" src=\"https:\/\/www.nbrea.ca\/wp-content\/uploads\/2026\/03\/Miguel-LeBlanc-900x1024.jpg\" alt=\"\" class=\"wp-image-7614 size-full\" style=\"object-position:50% 50%\" srcset=\"https:\/\/www.nbrea.ca\/wp-content\/uploads\/2026\/03\/Miguel-LeBlanc-900x1024.jpg 900w, https:\/\/www.nbrea.ca\/wp-content\/uploads\/2026\/03\/Miguel-LeBlanc-264x300.jpg 264w, https:\/\/www.nbrea.ca\/wp-content\/uploads\/2026\/03\/Miguel-LeBlanc-768x874.jpg 768w, https:\/\/www.nbrea.ca\/wp-content\/uploads\/2026\/03\/Miguel-LeBlanc-1350x1536.jpg 1350w, https:\/\/www.nbrea.ca\/wp-content\/uploads\/2026\/03\/Miguel-LeBlanc-scaled.jpg 1800w\" sizes=\"(max-width: 900px) 100vw, 900px\" \/><\/figure><div class=\"wp-block-media-text__content\"><div class=\"base-section\"><div class=\"container\">\n<p><strong>MIGUEL LEBLANC<br>Membre du public nomm\u00e9 par le gouvernement<\/strong><\/p>\n<\/div><\/div><\/div><\/div>\n<\/div><\/div>\n<\/div><\/div>\n<\/div><\/div>\n<\/div><\/div>\n<\/div>\n\n\n\n<div class=\"wp-block-column is-layout-flow wp-block-column-is-layout-flow\">\n<div class=\"wp-block-media-text is-stacked-on-mobile is-image-fill-element\"><figure class=\"wp-block-media-text__media\"><img decoding=\"async\" width=\"997\" height=\"997\" src=\"https:\/\/www.nbrea.ca\/wp-content\/uploads\/2024\/05\/image-edited.png\" alt=\"\" class=\"wp-image-6026 size-full\" style=\"object-position:51% 91%\" srcset=\"https:\/\/www.nbrea.ca\/wp-content\/uploads\/2024\/05\/image-edited.png 997w, https:\/\/www.nbrea.ca\/wp-content\/uploads\/2024\/05\/image-edited-300x300.png 300w, https:\/\/www.nbrea.ca\/wp-content\/uploads\/2024\/05\/image-edited-150x150.png 150w, https:\/\/www.nbrea.ca\/wp-content\/uploads\/2024\/05\/image-edited-768x768.png 768w, https:\/\/www.nbrea.ca\/wp-content\/uploads\/2024\/05\/image-edited-50x50.png 50w, https:\/\/www.nbrea.ca\/wp-content\/uploads\/2024\/05\/image-edited-550x550.png 550w\" sizes=\"(max-width: 997px) 100vw, 997px\" \/><\/figure><div class=\"wp-block-media-text__content\"><div class=\"base-section\"><div class=\"container\">\n<p><strong>VICKI CARR<br>Ancien-Pr\u00e9sidente<\/strong><\/p>\n<\/div><\/div><\/div><\/div>\n\n\n<div class=\"base-section\"><div class=\"container\">\n<p><\/p>\n<\/div><\/div>\n\n\n<div class=\"wp-block-media-text is-stacked-on-mobile is-image-fill-element\"><figure class=\"wp-block-media-text__media\"><img decoding=\"async\" width=\"1024\" height=\"978\" src=\"https:\/\/www.nbrea.ca\/wp-content\/uploads\/2026\/03\/1-IMG_8073_pp-2-Edit-Edit-Edit-1-1024x978.jpg\" alt=\"\" class=\"wp-image-7579 size-full\" style=\"object-position:50% 50%\" srcset=\"https:\/\/www.nbrea.ca\/wp-content\/uploads\/2026\/03\/1-IMG_8073_pp-2-Edit-Edit-Edit-1-1024x978.jpg 1024w, https:\/\/www.nbrea.ca\/wp-content\/uploads\/2026\/03\/1-IMG_8073_pp-2-Edit-Edit-Edit-1-300x287.jpg 300w, https:\/\/www.nbrea.ca\/wp-content\/uploads\/2026\/03\/1-IMG_8073_pp-2-Edit-Edit-Edit-1-768x734.jpg 768w, https:\/\/www.nbrea.ca\/wp-content\/uploads\/2026\/03\/1-IMG_8073_pp-2-Edit-Edit-Edit-1-1536x1468.jpg 1536w, https:\/\/www.nbrea.ca\/wp-content\/uploads\/2026\/03\/1-IMG_8073_pp-2-Edit-Edit-Edit-1-scaled.jpg 2048w\" sizes=\"(max-width: 1024px) 100vw, 1024px\" \/><\/figure><div class=\"wp-block-media-text__content\"><div class=\"base-section\"><div class=\"container\">\n<p><strong>COREY BREAU<\/strong><br><strong>Deuxi\u00e8me Vice Pr\u00e9sident<\/strong><\/p>\n<\/div><\/div><\/div><\/div>\n\n\n<div class=\"base-section\"><div class=\"container\">\n<p><\/p>\n<\/div><\/div>\n\n\n<div class=\"wp-block-media-text is-stacked-on-mobile is-image-fill-element\"><figure class=\"wp-block-media-text__media\"><img decoding=\"async\" width=\"300\" height=\"400\" src=\"https:\/\/www.nbrea.ca\/wp-content\/uploads\/2025\/08\/1342781-1.jpg\" alt=\"\" class=\"wp-image-7077 size-full\" style=\"object-position:50% 50%\" srcset=\"https:\/\/www.nbrea.ca\/wp-content\/uploads\/2025\/08\/1342781-1.jpg 300w, https:\/\/www.nbrea.ca\/wp-content\/uploads\/2025\/08\/1342781-1-225x300.jpg 225w\" sizes=\"(max-width: 300px) 100vw, 300px\" \/><\/figure><div class=\"wp-block-media-text__content\"><div class=\"base-section\"><div class=\"container\">\n<p><strong>BETSY BOUDREAU<br>Directrice<\/strong><\/p>\n<\/div><\/div><\/div><\/div>\n\n\n<div class=\"base-section\"><div class=\"container\">\n<p><\/p>\n<\/div><\/div>\n\n\n<div class=\"wp-block-media-text is-stacked-on-mobile is-image-fill-element\"><figure class=\"wp-block-media-text__media\"><img decoding=\"async\" width=\"837\" height=\"1024\" src=\"https:\/\/www.nbrea.ca\/wp-content\/uploads\/2026\/03\/IMG_5870-Edited-Edited-837x1024.png\" alt=\"\" class=\"wp-image-7589 size-full\" style=\"object-position:50% 50%\" srcset=\"https:\/\/www.nbrea.ca\/wp-content\/uploads\/2026\/03\/IMG_5870-Edited-Edited-837x1024.png 837w, https:\/\/www.nbrea.ca\/wp-content\/uploads\/2026\/03\/IMG_5870-Edited-Edited-245x300.png 245w, https:\/\/www.nbrea.ca\/wp-content\/uploads\/2026\/03\/IMG_5870-Edited-Edited-768x940.png 768w, https:\/\/www.nbrea.ca\/wp-content\/uploads\/2026\/03\/IMG_5870-Edited-Edited-1256x1536.png 1256w, https:\/\/www.nbrea.ca\/wp-content\/uploads\/2026\/03\/IMG_5870-Edited-Edited-1674x2048.png 1674w, https:\/\/www.nbrea.ca\/wp-content\/uploads\/2026\/03\/IMG_5870-Edited-Edited.png 1768w\" sizes=\"(max-width: 837px) 100vw, 837px\" \/><\/figure><div class=\"wp-block-media-text__content\"><div class=\"base-section\"><div class=\"container\">\n<p><strong>ERICA LYNN SCOTT<br>Directrice<\/strong><\/p>\n<\/div><\/div><\/div><\/div>\n\n\n<div class=\"base-section\"><div class=\"container\">\n<p><\/p>\n<\/div><\/div>\n\n\n<div class=\"wp-block-media-text is-stacked-on-mobile is-image-fill-element\"><figure class=\"wp-block-media-text__media\"><img decoding=\"async\" width=\"819\" height=\"1024\" src=\"https:\/\/www.nbrea.ca\/wp-content\/uploads\/2024\/05\/LSONG-1-819x1024.jpg\" alt=\"\" class=\"wp-image-6054 size-full\" style=\"object-position:60% 0%\" srcset=\"https:\/\/www.nbrea.ca\/wp-content\/uploads\/2024\/05\/LSONG-1-819x1024.jpg 819w, https:\/\/www.nbrea.ca\/wp-content\/uploads\/2024\/05\/LSONG-1-240x300.jpg 240w, https:\/\/www.nbrea.ca\/wp-content\/uploads\/2024\/05\/LSONG-1-768x960.jpg 768w, https:\/\/www.nbrea.ca\/wp-content\/uploads\/2024\/05\/LSONG-1-1229x1536.jpg 1229w, https:\/\/www.nbrea.ca\/wp-content\/uploads\/2024\/05\/LSONG-1-scaled.jpg 1638w\" sizes=\"(max-width: 819px) 100vw, 819px\" \/><\/figure><div class=\"wp-block-media-text__content\"><div class=\"base-section\"><div class=\"container\">\n<p><strong>LI SONG<br>Directrice<\/strong><\/p>\n<\/div><\/div><\/div><\/div>\n\n\n<div class=\"base-section\"><div class=\"container\">\n<p><\/p>\n<\/div><\/div>\n\n\n<div class=\"wp-block-media-text is-stacked-on-mobile is-image-fill-element\"><figure class=\"wp-block-media-text__media\"><img decoding=\"async\" width=\"500\" height=\"500\" src=\"https:\/\/www.nbrea.ca\/wp-content\/uploads\/2026\/03\/NSTEWART.jpg\" alt=\"\" class=\"wp-image-7602 size-full\" style=\"object-position:50% 50%\" srcset=\"https:\/\/www.nbrea.ca\/wp-content\/uploads\/2026\/03\/NSTEWART.jpg 500w, https:\/\/www.nbrea.ca\/wp-content\/uploads\/2026\/03\/NSTEWART-300x300.jpg 300w, https:\/\/www.nbrea.ca\/wp-content\/uploads\/2026\/03\/NSTEWART-150x150.jpg 150w, https:\/\/www.nbrea.ca\/wp-content\/uploads\/2026\/03\/NSTEWART-50x50.jpg 50w\" sizes=\"(max-width: 500px) 100vw, 500px\" \/><\/figure><div class=\"wp-block-media-text__content\"><div class=\"base-section\"><div class=\"container\">\n<p><strong>NATALIE STEWART<br>Membre du public nomm\u00e9 par le gouvernement<\/strong><\/p>\n<\/div><\/div><\/div><\/div>\n<\/div>\n<\/div>\n\n\n\n<div class=\"wp-block-columns is-layout-flex wp-container-core-columns-is-layout-2 wp-block-columns-is-layout-flex\">\n<div class=\"wp-block-column is-layout-flow wp-block-column-is-layout-flow\"><\/div>\n<\/div>\n\n\n\n<div style=\"height:25px\" aria-hidden=\"true\" class=\"wp-block-spacer\"><\/div>\n","protected":false},"excerpt":{"rendered":"<p>Conseil d\u2019administration de l\u2019AAINB de 2025\/2026 RYAN DAVISONPr\u00e9sident MICHELLE ROYPremier Vice Pr\u00e9sidente KEVIN DONOVANSecr\u00e9taire-Tr\u00e9sorier MIKE JOYCEDirecteur BRIAN KEIRSTEADDirecteur MIGUEL LEBLANCMembre du public nomm\u00e9 par le gouvernement VICKI CARRAncien-Pr\u00e9sidente COREY BREAUDeuxi\u00e8me Vice Pr\u00e9sident BETSY BOUDREAUDirectrice ERICA LYNN SCOTTDirectrice LI SONGDirectrice NATALIE STEWARTMembre du public nomm\u00e9 par le gouvernement<\/p>\n","protected":false},"author":2,"featured_media":1310,"parent":0,"menu_order":0,"comment_status":"closed","ping_status":"closed","template":"","meta":{"_acf_changed":false,"inline_featured_image":false,"footnotes":""},"class_list":["post-836","page","type-page","status-publish","has-post-thumbnail","hentry"],"acf":[],"yoast_head":"<!-- This site is optimized with the Yoast SEO plugin v24.3 - https:\/\/yoast.com\/wordpress\/plugins\/seo\/ -->\n<title>Conseil d\u2019administration de l\u2019AAINB de 2025\/2026 | AAINB | L\u2019Association des agents immobiliers du Nouveau-Brunswick<\/title>\n<meta name=\"description\" content=\"The NBREA Board of Directors is comprised of elected and appointed members and government appointees. Their job is focused on policy and governance.\" \/>\n<meta name=\"robots\" content=\"index, follow, max-snippet:-1, max-image-preview:large, max-video-preview:-1\" \/>\n<link rel=\"canonical\" href=\"https:\/\/www.nbrea.ca\/fr\/2023-2024-board-of-directors-of-nbrea\/\" \/>\n<meta property=\"og:locale\" content=\"fr_FR\" \/>\n<meta property=\"og:type\" content=\"article\" \/>\n<meta property=\"og:title\" content=\"Conseil d\u2019administration de l\u2019AAINB de 2025\/2026 | AAINB | L\u2019Association des agents immobiliers du Nouveau-Brunswick\" \/>\n<meta property=\"og:description\" content=\"The NBREA Board of Directors is comprised of elected and appointed members and government appointees. Their job is focused on policy and governance.\" \/>\n<meta property=\"og:url\" content=\"https:\/\/www.nbrea.ca\/fr\/2023-2024-board-of-directors-of-nbrea\/\" \/>\n<meta property=\"og:site_name\" content=\"AAINB | L\u2019Association des agents immobiliers du Nouveau-Brunswick\" \/>\n<meta property=\"article:publisher\" content=\"https:\/\/www.facebook.com\/NBREALTORS\" \/>\n<meta property=\"article:modified_time\" content=\"2026-03-05T17:00:51+00:00\" \/>\n<meta property=\"og:image\" content=\"https:\/\/www.nbrea.ca\/wp-content\/uploads\/2020\/09\/benjamin-child-GWe0dlVD9e0-unsplash.jpg\" \/>\n\t<meta property=\"og:image:width\" content=\"2048\" \/>\n\t<meta property=\"og:image:height\" content=\"1365\" \/>\n\t<meta property=\"og:image:type\" content=\"image\/jpeg\" \/>\n<meta name=\"twitter:card\" content=\"summary_large_image\" \/>\n<meta name=\"twitter:site\" content=\"@NBREALTORS\" \/>\n<meta name=\"twitter:label1\" content=\"Dur\u00e9e de lecture estim\u00e9e\" \/>\n\t<meta name=\"twitter:data1\" content=\"3 minutes\" \/>\n<script type=\"application\/ld+json\" class=\"yoast-schema-graph\">{\"@context\":\"https:\/\/schema.org\",\"@graph\":[{\"@type\":\"WebPage\",\"@id\":\"https:\/\/www.nbrea.ca\/fr\/2023-2024-board-of-directors-of-nbrea\/\",\"url\":\"https:\/\/www.nbrea.ca\/fr\/2023-2024-board-of-directors-of-nbrea\/\",\"name\":\"Conseil d\u2019administration de l\u2019AAINB de 2025\/2026 | AAINB | L\u2019Association des agents immobiliers du Nouveau-Brunswick\",\"isPartOf\":{\"@id\":\"https:\/\/www.nbrea.ca\/fr\/#website\"},\"primaryImageOfPage\":{\"@id\":\"https:\/\/www.nbrea.ca\/fr\/2023-2024-board-of-directors-of-nbrea\/#primaryimage\"},\"image\":{\"@id\":\"https:\/\/www.nbrea.ca\/fr\/2023-2024-board-of-directors-of-nbrea\/#primaryimage\"},\"thumbnailUrl\":\"https:\/\/www.nbrea.ca\/wp-content\/uploads\/2020\/09\/benjamin-child-GWe0dlVD9e0-unsplash.jpg\",\"datePublished\":\"2020-09-24T12:45:15+00:00\",\"dateModified\":\"2026-03-05T17:00:51+00:00\",\"description\":\"The NBREA Board of Directors is comprised of elected and appointed members and government appointees. Their job is focused on policy and governance.\",\"breadcrumb\":{\"@id\":\"https:\/\/www.nbrea.ca\/fr\/2023-2024-board-of-directors-of-nbrea\/#breadcrumb\"},\"inLanguage\":\"fr-FR\",\"potentialAction\":[{\"@type\":\"ReadAction\",\"target\":[\"https:\/\/www.nbrea.ca\/fr\/2023-2024-board-of-directors-of-nbrea\/\"]}]},{\"@type\":\"ImageObject\",\"inLanguage\":\"fr-FR\",\"@id\":\"https:\/\/www.nbrea.ca\/fr\/2023-2024-board-of-directors-of-nbrea\/#primaryimage\",\"url\":\"https:\/\/www.nbrea.ca\/wp-content\/uploads\/2020\/09\/benjamin-child-GWe0dlVD9e0-unsplash.jpg\",\"contentUrl\":\"https:\/\/www.nbrea.ca\/wp-content\/uploads\/2020\/09\/benjamin-child-GWe0dlVD9e0-unsplash.jpg\",\"width\":2048,\"height\":1365},{\"@type\":\"BreadcrumbList\",\"@id\":\"https:\/\/www.nbrea.ca\/fr\/2023-2024-board-of-directors-of-nbrea\/#breadcrumb\",\"itemListElement\":[{\"@type\":\"ListItem\",\"position\":1,\"name\":\"Home\",\"item\":\"https:\/\/www.nbrea.ca\/fr\/\"},{\"@type\":\"ListItem\",\"position\":2,\"name\":\"Conseil d\u2019administration de l\u2019AAINB de 2025\/2026\"}]},{\"@type\":\"WebSite\",\"@id\":\"https:\/\/www.nbrea.ca\/fr\/#website\",\"url\":\"https:\/\/www.nbrea.ca\/fr\/\",\"name\":\"AAINB | L\u2019Association des agents immobiliers du Nouveau-Brunswick\",\"description\":\"\",\"publisher\":{\"@id\":\"https:\/\/www.nbrea.ca\/fr\/#organization\"},\"potentialAction\":[{\"@type\":\"SearchAction\",\"target\":{\"@type\":\"EntryPoint\",\"urlTemplate\":\"https:\/\/www.nbrea.ca\/fr\/?s={search_term_string}\"},\"query-input\":{\"@type\":\"PropertyValueSpecification\",\"valueRequired\":true,\"valueName\":\"search_term_string\"}}],\"inLanguage\":\"fr-FR\"},{\"@type\":\"Organization\",\"@id\":\"https:\/\/www.nbrea.ca\/fr\/#organization\",\"name\":\"NBREA - New Brunswick Real Estate Association\",\"url\":\"https:\/\/www.nbrea.ca\/fr\/\",\"logo\":{\"@type\":\"ImageObject\",\"inLanguage\":\"fr-FR\",\"@id\":\"https:\/\/www.nbrea.ca\/fr\/#\/schema\/logo\/image\/\",\"url\":\"https:\/\/www.nbrea.ca\/wp-content\/uploads\/2020\/10\/NBREA_logo_version1.png\",\"contentUrl\":\"https:\/\/www.nbrea.ca\/wp-content\/uploads\/2020\/10\/NBREA_logo_version1.png\",\"width\":2040,\"height\":657,\"caption\":\"NBREA - New Brunswick Real Estate Association\"},\"image\":{\"@id\":\"https:\/\/www.nbrea.ca\/fr\/#\/schema\/logo\/image\/\"},\"sameAs\":[\"https:\/\/www.facebook.com\/NBREALTORS\",\"https:\/\/x.com\/NBREALTORS\",\"https:\/\/www.instagram.com\/nbrea1\/\",\"https:\/\/www.youtube.com\/channel\/UCcYr6HJ8LADBhtE_O6pxEZQ\/\"]}]}<\/script>\n<!-- \/ Yoast SEO plugin. -->","yoast_head_json":{"title":"Conseil d\u2019administration de l\u2019AAINB de 2025\/2026 | AAINB | L\u2019Association des agents immobiliers du Nouveau-Brunswick","description":"The NBREA Board of Directors is comprised of elected and appointed members and government appointees. Their job is focused on policy and governance.","robots":{"index":"index","follow":"follow","max-snippet":"max-snippet:-1","max-image-preview":"max-image-preview:large","max-video-preview":"max-video-preview:-1"},"canonical":"https:\/\/www.nbrea.ca\/fr\/2023-2024-board-of-directors-of-nbrea\/","og_locale":"fr_FR","og_type":"article","og_title":"Conseil d\u2019administration de l\u2019AAINB de 2025\/2026 | AAINB | L\u2019Association des agents immobiliers du Nouveau-Brunswick","og_description":"The NBREA Board of Directors is comprised of elected and appointed members and government appointees. Their job is focused on policy and governance.","og_url":"https:\/\/www.nbrea.ca\/fr\/2023-2024-board-of-directors-of-nbrea\/","og_site_name":"AAINB | L\u2019Association des agents immobiliers du Nouveau-Brunswick","article_publisher":"https:\/\/www.facebook.com\/NBREALTORS","article_modified_time":"2026-03-05T17:00:51+00:00","og_image":[{"width":2048,"height":1365,"url":"https:\/\/www.nbrea.ca\/wp-content\/uploads\/2020\/09\/benjamin-child-GWe0dlVD9e0-unsplash.jpg","type":"image\/jpeg"}],"twitter_card":"summary_large_image","twitter_site":"@NBREALTORS","twitter_misc":{"Dur\u00e9e de lecture estim\u00e9e":"3 minutes"},"schema":{"@context":"https:\/\/schema.org","@graph":[{"@type":"WebPage","@id":"https:\/\/www.nbrea.ca\/fr\/2023-2024-board-of-directors-of-nbrea\/","url":"https:\/\/www.nbrea.ca\/fr\/2023-2024-board-of-directors-of-nbrea\/","name":"Conseil d\u2019administration de l\u2019AAINB de 2025\/2026 | AAINB | L\u2019Association des agents immobiliers du Nouveau-Brunswick","isPartOf":{"@id":"https:\/\/www.nbrea.ca\/fr\/#website"},"primaryImageOfPage":{"@id":"https:\/\/www.nbrea.ca\/fr\/2023-2024-board-of-directors-of-nbrea\/#primaryimage"},"image":{"@id":"https:\/\/www.nbrea.ca\/fr\/2023-2024-board-of-directors-of-nbrea\/#primaryimage"},"thumbnailUrl":"https:\/\/www.nbrea.ca\/wp-content\/uploads\/2020\/09\/benjamin-child-GWe0dlVD9e0-unsplash.jpg","datePublished":"2020-09-24T12:45:15+00:00","dateModified":"2026-03-05T17:00:51+00:00","description":"The NBREA Board of Directors is comprised of elected and appointed members and government appointees. Their job is focused on policy and governance.","breadcrumb":{"@id":"https:\/\/www.nbrea.ca\/fr\/2023-2024-board-of-directors-of-nbrea\/#breadcrumb"},"inLanguage":"fr-FR","potentialAction":[{"@type":"ReadAction","target":["https:\/\/www.nbrea.ca\/fr\/2023-2024-board-of-directors-of-nbrea\/"]}]},{"@type":"ImageObject","inLanguage":"fr-FR","@id":"https:\/\/www.nbrea.ca\/fr\/2023-2024-board-of-directors-of-nbrea\/#primaryimage","url":"https:\/\/www.nbrea.ca\/wp-content\/uploads\/2020\/09\/benjamin-child-GWe0dlVD9e0-unsplash.jpg","contentUrl":"https:\/\/www.nbrea.ca\/wp-content\/uploads\/2020\/09\/benjamin-child-GWe0dlVD9e0-unsplash.jpg","width":2048,"height":1365},{"@type":"BreadcrumbList","@id":"https:\/\/www.nbrea.ca\/fr\/2023-2024-board-of-directors-of-nbrea\/#breadcrumb","itemListElement":[{"@type":"ListItem","position":1,"name":"Home","item":"https:\/\/www.nbrea.ca\/fr\/"},{"@type":"ListItem","position":2,"name":"Conseil d\u2019administration de l\u2019AAINB de 2025\/2026"}]},{"@type":"WebSite","@id":"https:\/\/www.nbrea.ca\/fr\/#website","url":"https:\/\/www.nbrea.ca\/fr\/","name":"AAINB | L\u2019Association des agents immobiliers du Nouveau-Brunswick","description":"","publisher":{"@id":"https:\/\/www.nbrea.ca\/fr\/#organization"},"potentialAction":[{"@type":"SearchAction","target":{"@type":"EntryPoint","urlTemplate":"https:\/\/www.nbrea.ca\/fr\/?s={search_term_string}"},"query-input":{"@type":"PropertyValueSpecification","valueRequired":true,"valueName":"search_term_string"}}],"inLanguage":"fr-FR"},{"@type":"Organization","@id":"https:\/\/www.nbrea.ca\/fr\/#organization","name":"NBREA - New Brunswick Real Estate Association","url":"https:\/\/www.nbrea.ca\/fr\/","logo":{"@type":"ImageObject","inLanguage":"fr-FR","@id":"https:\/\/www.nbrea.ca\/fr\/#\/schema\/logo\/image\/","url":"https:\/\/www.nbrea.ca\/wp-content\/uploads\/2020\/10\/NBREA_logo_version1.png","contentUrl":"https:\/\/www.nbrea.ca\/wp-content\/uploads\/2020\/10\/NBREA_logo_version1.png","width":2040,"height":657,"caption":"NBREA - New Brunswick Real Estate Association"},"image":{"@id":"https:\/\/www.nbrea.ca\/fr\/#\/schema\/logo\/image\/"},"sameAs":["https:\/\/www.facebook.com\/NBREALTORS","https:\/\/x.com\/NBREALTORS","https:\/\/www.instagram.com\/nbrea1\/","https:\/\/www.youtube.com\/channel\/UCcYr6HJ8LADBhtE_O6pxEZQ\/"]}]}},"_links":{"self":[{"href":"https:\/\/www.nbrea.ca\/fr\/wp-json\/wp\/v2\/pages\/836","targetHints":{"allow":["GET"]}}],"collection":[{"href":"https:\/\/www.nbrea.ca\/fr\/wp-json\/wp\/v2\/pages"}],"about":[{"href":"https:\/\/www.nbrea.ca\/fr\/wp-json\/wp\/v2\/types\/page"}],"author":[{"embeddable":true,"href":"https:\/\/www.nbrea.ca\/fr\/wp-json\/wp\/v2\/users\/2"}],"replies":[{"embeddable":true,"href":"https:\/\/www.nbrea.ca\/fr\/wp-json\/wp\/v2\/comments?post=836"}],"version-history":[{"count":30,"href":"https:\/\/www.nbrea.ca\/fr\/wp-json\/wp\/v2\/pages\/836\/revisions"}],"predecessor-version":[{"id":7616,"href":"https:\/\/www.nbrea.ca\/fr\/wp-json\/wp\/v2\/pages\/836\/revisions\/7616"}],"wp:featuredmedia":[{"embeddable":true,"href":"https:\/\/www.nbrea.ca\/fr\/wp-json\/wp\/v2\/media\/1310"}],"wp:attachment":[{"href":"https:\/\/www.nbrea.ca\/fr\/wp-json\/wp\/v2\/media?parent=836"}],"curies":[{"name":"wp","href":"https:\/\/api.w.org\/{rel}","templated":true}]}}